{"id":3613,"date":"2025-11-04T08:40:39","date_gmt":"2025-11-04T08:40:39","guid":{"rendered":"https:\/\/www.stanleypackage.com\/?post_type=product&#038;p=3613"},"modified":"2025-11-04T08:40:45","modified_gmt":"2025-11-04T08:40:45","slug":"oem-food-package-bag","status":"publish","type":"product","link":"https:\/\/www.stanleypackage.com\/de\/product\/oem-food-package-bag\/","title":{"rendered":"OEM-Lebensmittel-Paket Tasche, benutzerdefinierte Druck Haferflocken Stand Up Pouch"},"content":{"rendered":"<div class=\"wp-block-columns is-layout-flex wp-container-core-columns-is-layout-9d6595d7 wp-block-columns-is-layout-flex\">\n<div class=\"wp-block-column is-layout-flow wp-block-column-is-layout-flow\">\n<h2 class=\"wp-block-heading\">Merkmale von OEM-Lebensmittelverpackungsbeuteln<\/h2>\n\n\n\n<ul class=\"wp-block-list\">\n<li><strong>Standbodenbeutel, leicht zu pr\u00e4sentieren und aufzubewahren:<\/strong> Diese OEM-Lebensmittelverpackungen f\u00fcr den Haferflocken-Gro\u00dfhandel haben eine haltbare Standbodenstruktur, die die Pr\u00e4sentation im Regal verbessert, Lagerplatz spart und den Endverkauf erleichtert.<\/li>\n\n\n\n<li><strong>Bef\u00fcllung von unten, geeignet f\u00fcr automatische Linie:\u00a0<\/strong>Das Bodenbef\u00fcllungsdesign unserer individuell bedruckten Standbeutel beschleunigt den automatisierten Verpackungsprozess, spart Arbeitskr\u00e4fte und verbessert die Effizienz.<\/li>\n\n\n\n<li><strong>Leicht abrei\u00dfbares Design: <\/strong>Unsere OEM-Lebensmittelverpackungsbeutel f\u00fcr Haferflocken haben einen leichten Aufrei\u00dfmechanismus, der einfach und nicht \u00f6ffentlich ist, so dass sie f\u00fcr die Kunden bequem zu \u00f6ffnen sind.<\/li>\n\n\n\n<li><strong>Reines Aluminiummaterial, gute Barriereeigenschaften: <\/strong>Unsere im Gro\u00dfhandel erh\u00e4ltlichen, individuell bedruckten Standbeutel bestehen aus reinem Aluminium, das eine ausgezeichnete Sauerstoffbarriere, feuchtigkeits- und lichtdichte Eigenschaften aufweist und somit die Haltbarkeit von Haferflocken effektiv verl\u00e4ngert.<\/li>\n\n\n\n<li><strong>Unterst\u00fctzung der Markenanpassung zur Erf\u00fcllung unterschiedlicher Verpackungsanforderungen: <\/strong>Unsere OEM-Lebensmittelverpackungsbeutel f\u00fcr Haferflocken unterst\u00fctzen Druck, Muster und Kapazit\u00e4t, um die einzigartigen Verpackungsanforderungen der Kunden zu erf\u00fcllen.<\/li>\n<\/ul>\n\n\n\n<div class=\"wp-block-columns is-layout-flex wp-container-core-columns-is-layout-9d6595d7 wp-block-columns-is-layout-flex\">\n<div class=\"wp-block-column is-layout-flow wp-block-column-is-layout-flow\">\n<figure class=\"wp-block-image size-full\"><img decoding=\"async\" width=\"750\" height=\"750\" src=\"https:\/\/www.stanleypackage.com\/wp-content\/uploads\/2025\/11\/Custom-Packaging-Bag-Of-Oatmeal-Wholesale-Stand-Up-Pouch-2.jpg\" alt=\"\" class=\"wp-image-3614\" srcset=\"https:\/\/www.stanleypackage.com\/wp-content\/uploads\/2025\/11\/Custom-Packaging-Bag-Of-Oatmeal-Wholesale-Stand-Up-Pouch-2.jpg 750w, https:\/\/www.stanleypackage.com\/wp-content\/uploads\/2025\/11\/Custom-Packaging-Bag-Of-Oatmeal-Wholesale-Stand-Up-Pouch-2-300x300.jpg 300w, https:\/\/www.stanleypackage.com\/wp-content\/uploads\/2025\/11\/Custom-Packaging-Bag-Of-Oatmeal-Wholesale-Stand-Up-Pouch-2-150x150.jpg 150w, https:\/\/www.stanleypackage.com\/wp-content\/uploads\/2025\/11\/Custom-Packaging-Bag-Of-Oatmeal-Wholesale-Stand-Up-Pouch-2-12x12.jpg 12w, https:\/\/www.stanleypackage.com\/wp-content\/uploads\/2025\/11\/Custom-Packaging-Bag-Of-Oatmeal-Wholesale-Stand-Up-Pouch-2-600x600.jpg 600w, https:\/\/www.stanleypackage.com\/wp-content\/uploads\/2025\/11\/Custom-Packaging-Bag-Of-Oatmeal-Wholesale-Stand-Up-Pouch-2-100x100.jpg 100w\" sizes=\"(max-width: 750px) 100vw, 750px\" \/><\/figure>\n<\/div>\n\n\n\n<div class=\"wp-block-column is-layout-flow wp-block-column-is-layout-flow\">\n<figure class=\"wp-block-image size-full\"><img decoding=\"async\" width=\"750\" height=\"750\" src=\"https:\/\/www.stanleypackage.com\/wp-content\/uploads\/2025\/11\/Custom-Packaging-Bag-Of-Oatmeal-Wholesale-Stand-Up-Pouch-7.jpg\" alt=\"\" class=\"wp-image-3615\" srcset=\"https:\/\/www.stanleypackage.com\/wp-content\/uploads\/2025\/11\/Custom-Packaging-Bag-Of-Oatmeal-Wholesale-Stand-Up-Pouch-7.jpg 750w, https:\/\/www.stanleypackage.com\/wp-content\/uploads\/2025\/11\/Custom-Packaging-Bag-Of-Oatmeal-Wholesale-Stand-Up-Pouch-7-300x300.jpg 300w, https:\/\/www.stanleypackage.com\/wp-content\/uploads\/2025\/11\/Custom-Packaging-Bag-Of-Oatmeal-Wholesale-Stand-Up-Pouch-7-150x150.jpg 150w, https:\/\/www.stanleypackage.com\/wp-content\/uploads\/2025\/11\/Custom-Packaging-Bag-Of-Oatmeal-Wholesale-Stand-Up-Pouch-7-12x12.jpg 12w, https:\/\/www.stanleypackage.com\/wp-content\/uploads\/2025\/11\/Custom-Packaging-Bag-Of-Oatmeal-Wholesale-Stand-Up-Pouch-7-600x600.jpg 600w, https:\/\/www.stanleypackage.com\/wp-content\/uploads\/2025\/11\/Custom-Packaging-Bag-Of-Oatmeal-Wholesale-Stand-Up-Pouch-7-100x100.jpg 100w\" sizes=\"(max-width: 750px) 100vw, 750px\" \/><\/figure>\n<\/div>\n<\/div>\n<\/div>\n<\/div>","protected":false},"excerpt":{"rendered":"<p>Willkommen zur Bestellung von OEM-Lebensmittelverpackungsbeuteln. Unsere gro\u00dfen, individuell bedruckten Standbeutel haben eine hervorragende Sauerstoffbarriere, feuchtigkeits- und lichtdichte Eigenschaften, die die Haltbarkeit von Haferflocken effektiv verl\u00e4ngern.<\/p>\n<table style=\"border-collapse: collapse; width: 327.77pt;\" border=\"0\" width=\"437\" cellspacing=\"0\" cellpadding=\"0\">\n<tbody>\n<tr style=\"height: 12.75pt;\">\n<td class=\"et2\" style=\"height: 12.75pt; width: 91.40pt;\" width=\"121\" height=\"17\">Hersteller<\/td>\n<td class=\"et2\" style=\"width: 237.00pt;\" width=\"316\">Stanley<\/td>\n<\/tr>\n<tr style=\"height: 12.75pt;\">\n<td class=\"et2\" style=\"height: 12.75pt; width: 91.40pt;\" width=\"121\" height=\"17\">Arten von Beuteln<\/td>\n<td class=\"et3\">Stand-up-Beutel<\/td>\n<\/tr>\n<tr style=\"height: 12.75pt;\">\n<td class=\"et2\" style=\"height: 12.75pt; width: 91.40pt;\" width=\"121\" height=\"17\">Material<\/td>\n<td class=\"et2\" style=\"width: 237.00pt;\" width=\"316\">BOPP28\/VMPET12\/PE88<\/td>\n<\/tr>\n<tr style=\"height: 12.75pt;\">\n<td class=\"et2\" style=\"height: 12.75pt; width: 91.40pt;\" width=\"121\" height=\"17\">Besonderes Merkmal<\/td>\n<td class=\"et2\" style=\"width: 237.00pt;\" width=\"316\">Stehende Unterseite, leichte Aufrei\u00dfkerbe<\/td>\n<\/tr>\n<tr style=\"height: 12.75pt;\">\n<td class=\"et2\" style=\"height: 12.75pt; width: 91.40pt;\" width=\"121\" height=\"17\">Handhabung der Oberfl\u00e4che<\/td>\n<td class=\"et2\" style=\"width: 237.00pt;\" width=\"316\">Tiefdruck<\/td>\n<\/tr>\n<tr style=\"height: 12.75pt;\">\n<td class=\"et2\" style=\"height: 12.75pt; width: 91.40pt;\" width=\"121\" height=\"17\">Farbe<\/td>\n<td class=\"et2\" style=\"width: 237.00pt;\" width=\"316\">Bis zu 10 Farben<\/td>\n<\/tr>\n<tr style=\"height: 12.75pt;\">\n<td class=\"et2\" style=\"height: 12.75pt; width: 91.40pt;\" width=\"121\" height=\"17\">Verwendung<\/td>\n<td class=\"et3\">S\u00fc\u00dfigkeiten, N\u00fcsse, Snacks, Gesalzene Produkte<\/td>\n<\/tr>\n<tr style=\"height: 12.75pt;\">\n<td class=\"et2\" style=\"height: 12.75pt; width: 91.40pt;\" width=\"121\" height=\"17\">MOQ<\/td>\n<td class=\"et2\" style=\"width: 237.00pt;\" width=\"316\">50.000 St\u00fcck<\/td>\n<\/tr>\n<tr style=\"height: 12.75pt;\">\n<td class=\"et2\" style=\"height: 12.75pt; width: 91.40pt;\" width=\"121\" height=\"17\">Individuelle Bestellung<\/td>\n<td class=\"et2\" style=\"width: 237.00pt;\" width=\"316\">Akzeptieren Sie OEM, unterst\u00fctzen Sie freie Probe<\/td>\n<\/tr>\n<\/tbody>\n<\/table>","protected":false},"featured_media":3616,"comment_status":"closed","ping_status":"closed","template":"","meta":{"_acf_changed":false},"product_brand":[],"product_cat":[30],"product_tag":[],"class_list":{"0":"post-3613","1":"product","2":"type-product","3":"status-publish","4":"has-post-thumbnail","6":"product_cat-stand-up-pouch-manufacturer","7":"pa_food-packaging-oatmeal-pouch","8":"pa_food-packaging-snack-food-pouch","10":"first","11":"instock","12":"shipping-taxable","13":"product-type-simple"},"acf":[],"_links":{"self":[{"href":"https:\/\/www.stanleypackage.com\/de\/wp-json\/wp\/v2\/product\/3613","targetHints":{"allow":["GET"]}}],"collection":[{"href":"https:\/\/www.stanleypackage.com\/de\/wp-json\/wp\/v2\/product"}],"about":[{"href":"https:\/\/www.stanleypackage.com\/de\/wp-json\/wp\/v2\/types\/product"}],"replies":[{"embeddable":true,"href":"https:\/\/www.stanleypackage.com\/de\/wp-json\/wp\/v2\/comments?post=3613"}],"wp:featuredmedia":[{"embeddable":true,"href":"https:\/\/www.stanleypackage.com\/de\/wp-json\/wp\/v2\/media\/3616"}],"wp:attachment":[{"href":"https:\/\/www.stanleypackage.com\/de\/wp-json\/wp\/v2\/media?parent=3613"}],"wp:term":[{"taxonomy":"product_brand","embeddable":true,"href":"https:\/\/www.stanleypackage.com\/de\/wp-json\/wp\/v2\/product_brand?post=3613"},{"taxonomy":"product_cat","embeddable":true,"href":"https:\/\/www.stanleypackage.com\/de\/wp-json\/wp\/v2\/product_cat?post=3613"},{"taxonomy":"product_tag","embeddable":true,"href":"https:\/\/www.stanleypackage.com\/de\/wp-json\/wp\/v2\/product_tag?post=3613"}],"curies":[{"name":"wp","href":"https:\/\/api.w.org\/{rel}","templated":true}]}}