{"id":3621,"date":"2025-11-04T08:54:03","date_gmt":"2025-11-04T08:54:03","guid":{"rendered":"https:\/\/www.stanleypackage.com\/?post_type=product&#038;p=3621"},"modified":"2025-11-04T08:54:10","modified_gmt":"2025-11-04T08:54:10","slug":"tea-pouches-wholesale","status":"publish","type":"product","link":"https:\/\/www.stanleypackage.com\/de\/product\/tea-pouches-wholesale\/","title":{"rendered":"Benutzerdefinierte Teebeutel Gro\u00dfhandel, einzelne Teebeutel Verpackung"},"content":{"rendered":"<div class=\"wp-block-columns is-layout-flex wp-container-core-columns-is-layout-9d6595d7 wp-block-columns-is-layout-flex\">\n<div class=\"wp-block-column is-layout-flow wp-block-column-is-layout-flow\">\n<h2 class=\"wp-block-heading\">Eigenschaften von Custom Tea Pouches Gro\u00dfhandel<\/h2>\n\n\n\n<ul class=\"wp-block-list\">\n<li><strong>Leicht abrei\u00dfbares Design: <\/strong>Unsere benutzerdefinierten Teebeutel Gro\u00dfhandel sind mit einem leicht zu rei\u00dfen Design, das Kunden helfen, das Produkt ohne die Notwendigkeit f\u00fcr alle Werkzeuge zu \u00f6ffnen, so dass es bequem zu bedienen ausgestattet.<\/li>\n\n\n\n<li><strong>Unterst\u00fctzt eine Vielzahl von Oberfl\u00e4chenprozessen:<\/strong> Unsere individuell bedruckten Teebeutelverpackungen k\u00f6nnen mit speziellen Druckverfahren wie Matt, Glanz, UV-Licht usw. bedruckt werden, um die Verpackungsschichtung und den Wiedererkennungswert der Marke zu verbessern.<\/li>\n\n\n\n<li><strong>Material mit hoher Barriere: <\/strong>Diese kundenspezifischen Teebeutel f\u00fcr den Gro\u00dfhandel bestehen aus einem dreischichtigen Verbundmaterial (MOPP\/VMPET\/PE), das f\u00fcr Z\u00e4higkeit und Rei\u00dffestigkeit sorgt, Licht, Sauerstoff und Feuchtigkeit abh\u00e4lt und die Haltbarkeit Ihres Produkts verl\u00e4ngert.<\/li>\n\n\n\n<li><strong>Kundenspezifischer Druck: <\/strong>Unsere Gro\u00dfhandelsverpackungen f\u00fcr Fr\u00fcchtetee unterst\u00fctzen die OEM-Kundenanpassung und erm\u00f6glichen eine flexible Gestaltung von Mustern und Logos, um den Wiedererkennungswert Ihrer Marke zu erh\u00f6hen und Ihr Produktmarketing zu differenzieren.<\/li>\n\n\n\n<li><strong>Unterst\u00fctzung f\u00fcr kostenlose Proben:<\/strong> Wir bieten kostenlose Testmuster f\u00fcr kundenspezifische Teebeutel im Gro\u00dfhandel an, um die Best\u00e4tigung des Materials und des Druckeffekts zu erleichtern, was den Kauf sicherer macht und Gro\u00dfbestellungen sicherer macht.<\/li>\n<\/ul>\n\n\n\n<div class=\"wp-block-columns is-layout-flex wp-container-core-columns-is-layout-9d6595d7 wp-block-columns-is-layout-flex\">\n<div class=\"wp-block-column is-layout-flow wp-block-column-is-layout-flow\">\n<figure class=\"wp-block-image size-full\"><img decoding=\"async\" width=\"750\" height=\"750\" src=\"https:\/\/www.stanleypackage.com\/wp-content\/uploads\/2025\/11\/Custom-Printed-Tea-Packaging-Fruit-Tea-Pouches-Bulk-3.jpg\" alt=\"\" class=\"wp-image-3622\" srcset=\"https:\/\/www.stanleypackage.com\/wp-content\/uploads\/2025\/11\/Custom-Printed-Tea-Packaging-Fruit-Tea-Pouches-Bulk-3.jpg 750w, https:\/\/www.stanleypackage.com\/wp-content\/uploads\/2025\/11\/Custom-Printed-Tea-Packaging-Fruit-Tea-Pouches-Bulk-3-300x300.jpg 300w, https:\/\/www.stanleypackage.com\/wp-content\/uploads\/2025\/11\/Custom-Printed-Tea-Packaging-Fruit-Tea-Pouches-Bulk-3-150x150.jpg 150w, https:\/\/www.stanleypackage.com\/wp-content\/uploads\/2025\/11\/Custom-Printed-Tea-Packaging-Fruit-Tea-Pouches-Bulk-3-12x12.jpg 12w, https:\/\/www.stanleypackage.com\/wp-content\/uploads\/2025\/11\/Custom-Printed-Tea-Packaging-Fruit-Tea-Pouches-Bulk-3-600x600.jpg 600w, https:\/\/www.stanleypackage.com\/wp-content\/uploads\/2025\/11\/Custom-Printed-Tea-Packaging-Fruit-Tea-Pouches-Bulk-3-100x100.jpg 100w\" sizes=\"(max-width: 750px) 100vw, 750px\" \/><\/figure>\n<\/div>\n\n\n\n<div class=\"wp-block-column is-layout-flow wp-block-column-is-layout-flow\">\n<figure class=\"wp-block-image size-full\"><img decoding=\"async\" width=\"750\" height=\"750\" src=\"https:\/\/www.stanleypackage.com\/wp-content\/uploads\/2025\/11\/Custom-Printed-Tea-Packaging-Fruit-Tea-Pouches-Bulk-6.jpg\" alt=\"\" class=\"wp-image-3623\" srcset=\"https:\/\/www.stanleypackage.com\/wp-content\/uploads\/2025\/11\/Custom-Printed-Tea-Packaging-Fruit-Tea-Pouches-Bulk-6.jpg 750w, https:\/\/www.stanleypackage.com\/wp-content\/uploads\/2025\/11\/Custom-Printed-Tea-Packaging-Fruit-Tea-Pouches-Bulk-6-300x300.jpg 300w, https:\/\/www.stanleypackage.com\/wp-content\/uploads\/2025\/11\/Custom-Printed-Tea-Packaging-Fruit-Tea-Pouches-Bulk-6-150x150.jpg 150w, https:\/\/www.stanleypackage.com\/wp-content\/uploads\/2025\/11\/Custom-Printed-Tea-Packaging-Fruit-Tea-Pouches-Bulk-6-12x12.jpg 12w, https:\/\/www.stanleypackage.com\/wp-content\/uploads\/2025\/11\/Custom-Printed-Tea-Packaging-Fruit-Tea-Pouches-Bulk-6-600x600.jpg 600w, https:\/\/www.stanleypackage.com\/wp-content\/uploads\/2025\/11\/Custom-Printed-Tea-Packaging-Fruit-Tea-Pouches-Bulk-6-100x100.jpg 100w\" sizes=\"(max-width: 750px) 100vw, 750px\" \/><\/figure>\n<\/div>\n<\/div>\n<\/div>\n<\/div>\n\n\n\n<p><\/p>","protected":false},"excerpt":{"rendered":"<p>Willkommen bei der Gro\u00dfbestellung von Teebeutelverpackungen. Unsere benutzerdefinierten Teebeutel Gro\u00dfhandel sind f\u00fcr die Erhaltung der Fr\u00fcchtetee, Kr\u00e4utertee und andere trockene Waren, bietet hervorragende Licht und Feuchtigkeit-dichten Eigenschaften konzipiert. Wir unterst\u00fctzen OEM benutzerdefinierte Druck, und kostenlose Proben zur Verf\u00fcgung stehen.<\/p>\n<table style=\"border-collapse: collapse; width: 365.02pt;\" border=\"0\" width=\"365\" cellspacing=\"0\" cellpadding=\"0\">\n<tbody>\n<tr style=\"height: 16.00pt;\">\n<td class=\"et2\" style=\"height: 16.00pt; width: 97.50pt;\" width=\"97\" height=\"16\">Hersteller<\/td>\n<td class=\"et2\" style=\"width: 267.50pt;\" width=\"267\">Stanley<\/td>\n<\/tr>\n<tr style=\"height: 16.00pt;\">\n<td class=\"et2\" style=\"height: 16.00pt; width: 97.50pt;\" width=\"97\" height=\"16\">Arten von Beuteln<\/td>\n<td class=\"et2\" style=\"width: 267.50pt;\" width=\"267\">Dreiseitige Siegelrandtasche<\/td>\n<\/tr>\n<tr style=\"height: 31.00pt;\">\n<td class=\"et2\" style=\"height: 31.00pt; width: 97.50pt;\" width=\"97\" height=\"31\">Material<\/td>\n<td class=\"et2\" style=\"width: 267.50pt;\" width=\"267\">MOPP25\/VMPET12\/PE60<\/td>\n<\/tr>\n<tr style=\"height: 16.00pt;\">\n<td class=\"et2\" style=\"height: 16.00pt; width: 97.50pt;\" width=\"97\" height=\"16\">Besonderes Merkmal<\/td>\n<td class=\"et2\" style=\"width: 267.50pt;\" width=\"267\">\u00a0Leicht abrei\u00dfbares Design<\/td>\n<\/tr>\n<tr style=\"height: 16.00pt;\">\n<td class=\"et2\" style=\"height: 16.00pt; width: 97.50pt;\" width=\"97\" height=\"16\">Handhabung der Oberfl\u00e4che<\/td>\n<td class=\"et2\" style=\"width: 267.50pt;\" width=\"267\">Tiefdruck<\/td>\n<\/tr>\n<tr style=\"height: 16.00pt;\">\n<td class=\"et2\" style=\"height: 16.00pt; width: 97.50pt;\" width=\"97\" height=\"16\">Farbe<\/td>\n<td class=\"et2\" style=\"width: 267.50pt;\" width=\"267\">Bis zu 10 Farben<\/td>\n<\/tr>\n<tr style=\"height: 16.00pt;\">\n<td class=\"et2\" style=\"height: 16.00pt; width: 97.50pt;\" width=\"97\" height=\"16\">Verwendung<\/td>\n<td class=\"et2\" style=\"width: 267.50pt;\" width=\"267\">Teebeutel, Snacks, N\u00fcsse, Trockenlebensmittel<\/td>\n<\/tr>\n<tr style=\"height: 16.00pt;\">\n<td class=\"et2\" style=\"height: 16.00pt; width: 97.50pt;\" width=\"97\" height=\"16\">MOQ<\/td>\n<td class=\"et2\" style=\"width: 267.50pt;\" width=\"267\">50.000 St\u00fcck<\/td>\n<\/tr>\n<tr style=\"height: 16.00pt;\">\n<td class=\"et2\" style=\"height: 16.00pt; width: 97.50pt;\" width=\"97\" height=\"16\">Individuelle Bestellung<\/td>\n<td class=\"et2\" style=\"width: 267.50pt;\" width=\"267\">OEM-Support akzeptieren Kostenloses Muster<\/td>\n<\/tr>\n<\/tbody>\n<\/table>","protected":false},"featured_media":3624,"comment_status":"closed","ping_status":"closed","template":"","meta":{"_acf_changed":false},"product_brand":[],"product_cat":[28,31],"product_tag":[],"class_list":{"0":"post-3621","1":"product","2":"type-product","3":"status-publish","4":"has-post-thumbnail","6":"product_cat-three-side-seal-pouch-manufacturer","7":"product_cat-lay-flat-pouch-manufacturer","8":"pa_food-packaging-tea-pouch-packaging","10":"first","11":"instock","12":"shipping-taxable","13":"product-type-simple"},"acf":[],"_links":{"self":[{"href":"https:\/\/www.stanleypackage.com\/de\/wp-json\/wp\/v2\/product\/3621","targetHints":{"allow":["GET"]}}],"collection":[{"href":"https:\/\/www.stanleypackage.com\/de\/wp-json\/wp\/v2\/product"}],"about":[{"href":"https:\/\/www.stanleypackage.com\/de\/wp-json\/wp\/v2\/types\/product"}],"replies":[{"embeddable":true,"href":"https:\/\/www.stanleypackage.com\/de\/wp-json\/wp\/v2\/comments?post=3621"}],"wp:featuredmedia":[{"embeddable":true,"href":"https:\/\/www.stanleypackage.com\/de\/wp-json\/wp\/v2\/media\/3624"}],"wp:attachment":[{"href":"https:\/\/www.stanleypackage.com\/de\/wp-json\/wp\/v2\/media?parent=3621"}],"wp:term":[{"taxonomy":"product_brand","embeddable":true,"href":"https:\/\/www.stanleypackage.com\/de\/wp-json\/wp\/v2\/product_brand?post=3621"},{"taxonomy":"product_cat","embeddable":true,"href":"https:\/\/www.stanleypackage.com\/de\/wp-json\/wp\/v2\/product_cat?post=3621"},{"taxonomy":"product_tag","embeddable":true,"href":"https:\/\/www.stanleypackage.com\/de\/wp-json\/wp\/v2\/product_tag?post=3621"}],"curies":[{"name":"wp","href":"https:\/\/api.w.org\/{rel}","templated":true}]}}