{"id":3630,"date":"2025-11-04T09:03:32","date_gmt":"2025-11-04T09:03:32","guid":{"rendered":"https:\/\/www.stanleypackage.com\/?post_type=product&#038;p=3630"},"modified":"2025-11-04T09:03:40","modified_gmt":"2025-11-04T09:03:40","slug":"food-packaging-bags-wholesale","status":"publish","type":"product","link":"https:\/\/www.stanleypackage.com\/de\/product\/food-packaging-bags-wholesale\/","title":{"rendered":"Flacher Boden Lebensmittelverpackungsbeutel Gro\u00dfhandel Wiederverschlie\u00dfbare Beutel"},"content":{"rendered":"<div class=\"wp-block-columns is-layout-flex wp-container-core-columns-is-layout-9d6595d7 wp-block-columns-is-layout-flex\">\n<div class=\"wp-block-column is-layout-flow wp-block-column-is-layout-flow\">\n<h2 class=\"wp-block-heading\">Merkmale von Lebensmittelverpackungsbeuteln im Gro\u00dfhandel<\/h2>\n\n\n\n<ul class=\"wp-block-list\">\n<li><strong>Hochbarrierefrei, lebensmittelecht und sicher: <\/strong>Unsere Lebensmittelverpackungsbeutel f\u00fcr den Gro\u00dfhandel bestehen aus einer mehrschichtigen Verbundstruktur aus PET12\/VMPET12\/PE88. Die Vorderseite, die R\u00fcckseite und die Seiten sind hinsichtlich Dicke und Flexibilit\u00e4t optimiert und bieten einen hervorragenden Schutz vor Feuchtigkeit, Oxidation und Licht.<\/li>\n\n\n\n<li><strong>Stabile 8-Seiten-Dichtung mit flachem Boden: <\/strong>Diese Lebensmittelbeutel mit flachem Boden sorgen f\u00fcr einen stabilen Stand im Regal oder auf der Theke und verbessern das Erscheinungsbild der Regale bei gleichzeitiger Maximierung der internen Kapazit\u00e4t.<\/li>\n\n\n\n<li><strong>Vielseitige und bequeme Konstruktion:<\/strong> Unsere Lebensmittelverpackungsbeutel im Gro\u00dfhandel sind mit einer leicht zu \u00f6ffnenden Kerbe versehen, die ein einfaches \u00d6ffnen durch den Verbraucher erm\u00f6glicht.<\/li>\n\n\n\n<li><strong>Effizientes F\u00fcllen und Versiegeln: <\/strong>Durch die Bodenbef\u00fcllung dieser Gro\u00dfhandels-Flachbodenbeutel wird der Verpackungsprozess effizienter und hygienischer, wodurch sie sich besonders f\u00fcr die Massenproduktion an Flie\u00dfb\u00e4ndern eignen.<\/li>\n\n\n\n<li><strong>Breite Anwendung: <\/strong>Diese Lebensmittelverpackungen im Gro\u00dfhandel eignen sich f\u00fcr die Verpackung einer Vielzahl von Lebensmitteln, darunter Bohnenkaffee, N\u00fcsse, Getreide, Snacks, Tee und Tiernahrung, so dass Marken den Marktbedarf mehrerer Produktkategorien mit einer einzigen Verpackung decken k\u00f6nnen.<\/li>\n<\/ul>\n\n\n\n<div class=\"wp-block-columns is-layout-flex wp-container-core-columns-is-layout-9d6595d7 wp-block-columns-is-layout-flex\">\n<div class=\"wp-block-column is-layout-flow wp-block-column-is-layout-flow\">\n<figure class=\"wp-block-image size-full\"><img decoding=\"async\" width=\"750\" height=\"750\" src=\"https:\/\/www.stanleypackage.com\/wp-content\/uploads\/2025\/11\/Custom-Flat-Bottom-Pouch-Bulk-8-Side-Seal-Bag-For-Food-2-6.jpg\" alt=\"\" class=\"wp-image-3631\" srcset=\"https:\/\/www.stanleypackage.com\/wp-content\/uploads\/2025\/11\/Custom-Flat-Bottom-Pouch-Bulk-8-Side-Seal-Bag-For-Food-2-6.jpg 750w, https:\/\/www.stanleypackage.com\/wp-content\/uploads\/2025\/11\/Custom-Flat-Bottom-Pouch-Bulk-8-Side-Seal-Bag-For-Food-2-6-300x300.jpg 300w, https:\/\/www.stanleypackage.com\/wp-content\/uploads\/2025\/11\/Custom-Flat-Bottom-Pouch-Bulk-8-Side-Seal-Bag-For-Food-2-6-150x150.jpg 150w, https:\/\/www.stanleypackage.com\/wp-content\/uploads\/2025\/11\/Custom-Flat-Bottom-Pouch-Bulk-8-Side-Seal-Bag-For-Food-2-6-12x12.jpg 12w, https:\/\/www.stanleypackage.com\/wp-content\/uploads\/2025\/11\/Custom-Flat-Bottom-Pouch-Bulk-8-Side-Seal-Bag-For-Food-2-6-600x600.jpg 600w, https:\/\/www.stanleypackage.com\/wp-content\/uploads\/2025\/11\/Custom-Flat-Bottom-Pouch-Bulk-8-Side-Seal-Bag-For-Food-2-6-100x100.jpg 100w\" sizes=\"(max-width: 750px) 100vw, 750px\" \/><\/figure>\n<\/div>\n\n\n\n<div class=\"wp-block-column is-layout-flow wp-block-column-is-layout-flow\">\n<figure class=\"wp-block-image size-full\"><img decoding=\"async\" width=\"750\" height=\"750\" src=\"https:\/\/www.stanleypackage.com\/wp-content\/uploads\/2025\/11\/Custom-Flat-Bottom-Pouch-Bulk-8-Side-Seal-Bag-For-Food-4.jpg\" alt=\"\" class=\"wp-image-3632\" srcset=\"https:\/\/www.stanleypackage.com\/wp-content\/uploads\/2025\/11\/Custom-Flat-Bottom-Pouch-Bulk-8-Side-Seal-Bag-For-Food-4.jpg 750w, https:\/\/www.stanleypackage.com\/wp-content\/uploads\/2025\/11\/Custom-Flat-Bottom-Pouch-Bulk-8-Side-Seal-Bag-For-Food-4-300x300.jpg 300w, https:\/\/www.stanleypackage.com\/wp-content\/uploads\/2025\/11\/Custom-Flat-Bottom-Pouch-Bulk-8-Side-Seal-Bag-For-Food-4-150x150.jpg 150w, https:\/\/www.stanleypackage.com\/wp-content\/uploads\/2025\/11\/Custom-Flat-Bottom-Pouch-Bulk-8-Side-Seal-Bag-For-Food-4-12x12.jpg 12w, https:\/\/www.stanleypackage.com\/wp-content\/uploads\/2025\/11\/Custom-Flat-Bottom-Pouch-Bulk-8-Side-Seal-Bag-For-Food-4-600x600.jpg 600w, https:\/\/www.stanleypackage.com\/wp-content\/uploads\/2025\/11\/Custom-Flat-Bottom-Pouch-Bulk-8-Side-Seal-Bag-For-Food-4-100x100.jpg 100w\" sizes=\"(max-width: 750px) 100vw, 750px\" \/><\/figure>\n<\/div>\n<\/div>\n<\/div>\n<\/div>\n\n\n\n<p><\/p>","protected":false},"excerpt":{"rendered":"<p>Finden Sie hochwertige Lebensmittelverpackungsbeutel im Gro\u00dfhandel bei Stanley. Unsere 8-seitig versiegelten Lebensmittelbeutel mit flachem Boden in loser Sch\u00fcttung kombinieren hohe Barriereeigenschaften mit Strapazierf\u00e4higkeit und verf\u00fcgen \u00fcber ein Aufh\u00e4ngeloch, eine leicht zu \u00f6ffnende Kerbe und eine untere Bef\u00fcllungs\u00f6ffnung, um eine Vielzahl von Lebensmittelverpackungs- und Displayanforderungen zu erf\u00fcllen.<\/p>\n<table style=\"border-collapse: collapse; width: 365.02pt;\" border=\"0\" width=\"365\" cellspacing=\"0\" cellpadding=\"0\">\n<tbody>\n<tr style=\"height: 16.00pt;\">\n<td class=\"et2\" style=\"height: 16.00pt; width: 97.50pt;\" width=\"97\" height=\"16\">Hersteller<\/td>\n<td class=\"et2\" style=\"width: 267.50pt;\" width=\"267\">Stanley<\/td>\n<\/tr>\n<tr style=\"height: 16.00pt;\">\n<td class=\"et2\" style=\"height: 16.00pt; width: 97.50pt;\" width=\"97\" height=\"16\">Arten von Beuteln<\/td>\n<td class=\"et2\" style=\"width: 267.50pt;\" width=\"267\">8 Seitenverschlussbeutel mit flachem Boden und Rei\u00dfverschluss<\/td>\n<\/tr>\n<tr style=\"height: 31.00pt;\">\n<td class=\"et2\" style=\"height: 31.00pt; width: 97.50pt;\" width=\"97\" height=\"31\">Material<\/td>\n<td class=\"et2\" style=\"width: 267.50pt;\" width=\"267\">PET12\/VMPET12\/PE88<\/td>\n<\/tr>\n<tr style=\"height: 16.00pt;\">\n<td class=\"et2\" style=\"height: 16.00pt; width: 97.50pt;\" width=\"97\" height=\"16\">Besonderes Merkmal<\/td>\n<td class=\"et2\" style=\"width: 267.50pt;\" width=\"267\">8 Seitliche Abdichtung, Aufrei\u00dfkerbe, untere F\u00fcllung<\/td>\n<\/tr>\n<tr style=\"height: 16.00pt;\">\n<td class=\"et2\" style=\"height: 16.00pt; width: 97.50pt;\" width=\"97\" height=\"16\">Handhabung der Oberfl\u00e4che<\/td>\n<td class=\"et2\" style=\"width: 267.50pt;\" width=\"267\">Tiefdruck<\/td>\n<\/tr>\n<tr style=\"height: 16.00pt;\">\n<td class=\"et2\" style=\"height: 16.00pt; width: 97.50pt;\" width=\"97\" height=\"16\">Farbe<\/td>\n<td class=\"et2\" style=\"width: 267.50pt;\" width=\"267\">Bis zu 10 Farben<\/td>\n<\/tr>\n<tr style=\"height: 16.00pt;\">\n<td class=\"et2\" style=\"height: 16.00pt; width: 97.50pt;\" width=\"97\" height=\"16\">Verwendung<\/td>\n<td class=\"et2\" style=\"width: 267.50pt;\" width=\"267\">Haferflocken, Kaffee, Snacks, N\u00fcsse, Trockenlebensmittel<\/td>\n<\/tr>\n<tr style=\"height: 16.00pt;\">\n<td class=\"et2\" style=\"height: 16.00pt; width: 97.50pt;\" width=\"97\" height=\"16\">MOQ<\/td>\n<td class=\"et2\" style=\"width: 267.50pt;\" width=\"267\">50.000 St\u00fcck<\/td>\n<\/tr>\n<tr style=\"height: 16.00pt;\">\n<td class=\"et2\" style=\"height: 16.00pt; width: 97.50pt;\" width=\"97\" height=\"16\">Individuelle Bestellung<\/td>\n<td class=\"et2\" style=\"width: 267.50pt;\" width=\"267\">OEM-Support akzeptieren Kostenloses Muster<\/td>\n<\/tr>\n<\/tbody>\n<\/table>","protected":false},"featured_media":3633,"comment_status":"closed","ping_status":"closed","template":"","meta":{"_acf_changed":false},"product_brand":[],"product_cat":[24,18],"product_tag":[],"class_list":{"0":"post-3630","1":"product","2":"type-product","3":"status-publish","4":"has-post-thumbnail","6":"product_cat-flat-bottom-pouch-manufacturer","7":"product_cat-zipper-pouch-manufacturer","8":"pa_food-packaging-food-powder-packaging","9":"pa_food-packaging-coffee-packaging-pouch","10":"pa_food-packaging-snack-food-pouch","11":"pa_food-packaging-pet-food-pouches","13":"first","14":"instock","15":"shipping-taxable","16":"product-type-simple"},"acf":[],"_links":{"self":[{"href":"https:\/\/www.stanleypackage.com\/de\/wp-json\/wp\/v2\/product\/3630","targetHints":{"allow":["GET"]}}],"collection":[{"href":"https:\/\/www.stanleypackage.com\/de\/wp-json\/wp\/v2\/product"}],"about":[{"href":"https:\/\/www.stanleypackage.com\/de\/wp-json\/wp\/v2\/types\/product"}],"replies":[{"embeddable":true,"href":"https:\/\/www.stanleypackage.com\/de\/wp-json\/wp\/v2\/comments?post=3630"}],"wp:featuredmedia":[{"embeddable":true,"href":"https:\/\/www.stanleypackage.com\/de\/wp-json\/wp\/v2\/media\/3633"}],"wp:attachment":[{"href":"https:\/\/www.stanleypackage.com\/de\/wp-json\/wp\/v2\/media?parent=3630"}],"wp:term":[{"taxonomy":"product_brand","embeddable":true,"href":"https:\/\/www.stanleypackage.com\/de\/wp-json\/wp\/v2\/product_brand?post=3630"},{"taxonomy":"product_cat","embeddable":true,"href":"https:\/\/www.stanleypackage.com\/de\/wp-json\/wp\/v2\/product_cat?post=3630"},{"taxonomy":"product_tag","embeddable":true,"href":"https:\/\/www.stanleypackage.com\/de\/wp-json\/wp\/v2\/product_tag?post=3630"}],"curies":[{"name":"wp","href":"https:\/\/api.w.org\/{rel}","templated":true}]}}