{"id":3645,"date":"2025-11-04T09:51:03","date_gmt":"2025-11-04T09:51:03","guid":{"rendered":"https:\/\/www.stanleypackage.com\/?post_type=product&#038;p=3645"},"modified":"2025-11-04T09:51:11","modified_gmt":"2025-11-04T09:51:11","slug":"embossed-vacuum-pouches-wholesale","status":"publish","type":"product","link":"https:\/\/www.stanleypackage.com\/de\/product\/embossed-vacuum-pouches-wholesale\/","title":{"rendered":"Gepr\u00e4gte Vakuum-Beutel Gro\u00dfhandel, Lebensmittelqualit\u00e4t Verpackung Beutel"},"content":{"rendered":"<div class=\"wp-block-columns is-layout-flex wp-container-core-columns-is-layout-9d6595d7 wp-block-columns-is-layout-flex\">\n<div class=\"wp-block-column is-layout-flow wp-block-column-is-layout-flow\">\n<h2 class=\"wp-block-heading\">Merkmale von gepr\u00e4gten Vakuumbeuteln im Gro\u00dfhandel<\/h2>\n\n\n\n<ul class=\"wp-block-list\">\n<li><strong>Pr\u00e4zises Kantenversiegelungsverfahren: <\/strong>Unsere gepr\u00e4gten Vakuumbeutel f\u00fcr den Gro\u00dfhandel haben einen pr\u00e4zisen Siegelrand, der stabil ist und nicht rei\u00dfen kann, wodurch die Qualit\u00e4t und Sicherheit der Lebensmittel gew\u00e4hrleistet wird.<\/li>\n\n\n\n<li><strong>Umweltfreundlich und recycelbar: <\/strong>Unsere Gro\u00dfhandel Lebensmittel Vakuumbeutel sind aus Anti-Oxidations-Materialien, die sicher, ungiftig, umweltfreundlich sind, und kann recycelt werden. Dies entspricht der Strategie der nachhaltigen Entwicklung.<\/li>\n\n\n\n<li><strong>Leicht abrei\u00dfbares Design:<\/strong> Diese gepr\u00e4gten Vakuumbeutel f\u00fcr den Gro\u00dfhandel verf\u00fcgen \u00fcber eine Aufrei\u00dfkerbe, die es den Verbrauchern erm\u00f6glicht, sie leicht und ohne Werkzeug zu \u00f6ffnen, und sind praktisch in der Handhabung.<\/li>\n\n\n\n<li><strong>Vakuum-Ausf\u00fchrung:<\/strong> Unsere Gro\u00dfhandel Lebensmittel Vakuumbeutel nehmen ein Vakuum-Design, das effektiv blockieren kann Luft, reduzieren Oxidation Zeit, verl\u00e4ngern die Haltbarkeit und Frische der Lebensmittel, und auch Platz sparen.<\/li>\n\n\n\n<li><strong>Ma\u00dfgeschneiderter Service erf\u00fcllt Bed\u00fcrfnisse:<\/strong>\u00a0Wir bieten eine Vielzahl von Anpassungsm\u00f6glichkeiten f\u00fcr gepr\u00e4gte Vakuumbeutel im Gro\u00dfhandel und k\u00f6nnen verschiedene Formen, Gr\u00f6\u00dfen und Druckmuster je nach Kundenwunsch entwerfen, um die Personalisierung der Marke und die Wettbewerbsf\u00e4higkeit auf dem Markt zu verbessern.<\/li>\n\n\n\n<li><strong>Rei\u00dfverschlu\u00dfdesign und Luftventil-Design:<\/strong> Unsere Gro\u00dfhandels-Lebensmittel-Vakuumbeutel sind mit doppelten Rei\u00dfverschl\u00fcssen und Luftventilen ausgestattet, die ein Auslaufen der Lebensmittel verhindern und es erm\u00f6glichen, dass die \u00fcbersch\u00fcssige Luft entweicht, wodurch die Frische der Lebensmittel erhalten bleibt.<\/li>\n<\/ul>\n\n\n\n<div class=\"wp-block-columns is-layout-flex wp-container-core-columns-is-layout-9d6595d7 wp-block-columns-is-layout-flex\">\n<div class=\"wp-block-column is-layout-flow wp-block-column-is-layout-flow\">\n<figure class=\"wp-block-image size-full\"><img decoding=\"async\" width=\"750\" height=\"750\" src=\"https:\/\/www.stanleypackage.com\/wp-content\/uploads\/2025\/11\/Vacuum-Pouches-Wholesale-Custom-Food-Grade-Plastic-Packaging-Bags.jpg\" alt=\"\" class=\"wp-image-3648\" srcset=\"https:\/\/www.stanleypackage.com\/wp-content\/uploads\/2025\/11\/Vacuum-Pouches-Wholesale-Custom-Food-Grade-Plastic-Packaging-Bags.jpg 750w, https:\/\/www.stanleypackage.com\/wp-content\/uploads\/2025\/11\/Vacuum-Pouches-Wholesale-Custom-Food-Grade-Plastic-Packaging-Bags-300x300.jpg 300w, https:\/\/www.stanleypackage.com\/wp-content\/uploads\/2025\/11\/Vacuum-Pouches-Wholesale-Custom-Food-Grade-Plastic-Packaging-Bags-150x150.jpg 150w, https:\/\/www.stanleypackage.com\/wp-content\/uploads\/2025\/11\/Vacuum-Pouches-Wholesale-Custom-Food-Grade-Plastic-Packaging-Bags-12x12.jpg 12w, https:\/\/www.stanleypackage.com\/wp-content\/uploads\/2025\/11\/Vacuum-Pouches-Wholesale-Custom-Food-Grade-Plastic-Packaging-Bags-600x600.jpg 600w, https:\/\/www.stanleypackage.com\/wp-content\/uploads\/2025\/11\/Vacuum-Pouches-Wholesale-Custom-Food-Grade-Plastic-Packaging-Bags-100x100.jpg 100w\" sizes=\"(max-width: 750px) 100vw, 750px\" \/><\/figure>\n<\/div>\n\n\n\n<div class=\"wp-block-column is-layout-flow wp-block-column-is-layout-flow\">\n<figure class=\"wp-block-image size-full\"><img decoding=\"async\" width=\"750\" height=\"750\" src=\"https:\/\/www.stanleypackage.com\/wp-content\/uploads\/2025\/11\/Vacuum-Pouches-Wholesale-Custom-Food-Grade-Plastic-Packaging-Bags-5.jpg\" alt=\"\" class=\"wp-image-3649\" srcset=\"https:\/\/www.stanleypackage.com\/wp-content\/uploads\/2025\/11\/Vacuum-Pouches-Wholesale-Custom-Food-Grade-Plastic-Packaging-Bags-5.jpg 750w, https:\/\/www.stanleypackage.com\/wp-content\/uploads\/2025\/11\/Vacuum-Pouches-Wholesale-Custom-Food-Grade-Plastic-Packaging-Bags-5-300x300.jpg 300w, https:\/\/www.stanleypackage.com\/wp-content\/uploads\/2025\/11\/Vacuum-Pouches-Wholesale-Custom-Food-Grade-Plastic-Packaging-Bags-5-150x150.jpg 150w, https:\/\/www.stanleypackage.com\/wp-content\/uploads\/2025\/11\/Vacuum-Pouches-Wholesale-Custom-Food-Grade-Plastic-Packaging-Bags-5-12x12.jpg 12w, https:\/\/www.stanleypackage.com\/wp-content\/uploads\/2025\/11\/Vacuum-Pouches-Wholesale-Custom-Food-Grade-Plastic-Packaging-Bags-5-600x600.jpg 600w, https:\/\/www.stanleypackage.com\/wp-content\/uploads\/2025\/11\/Vacuum-Pouches-Wholesale-Custom-Food-Grade-Plastic-Packaging-Bags-5-100x100.jpg 100w\" sizes=\"(max-width: 750px) 100vw, 750px\" \/><\/figure>\n<\/div>\n<\/div>\n<\/div>\n<\/div>\n\n\n\n<p><\/p>","protected":false},"excerpt":{"rendered":"<p>Willkommen bei der Gro\u00dfbestellung von gepr\u00e4gten Vakuumbeuteln im Gro\u00dfhandel. Unsere Lebensmittel-Vakuumbeutel sind mit einem Vakuum-Design, Doppel-Rei\u00dfverschluss-Design, Luft-Ventil-Design und ein leicht zu rei\u00dfen Design, das die Frische von Lebensmitteln verl\u00e4ngert und macht es bequem zu \u00f6ffnen und zu verwenden ausgestattet. Unterst\u00fctzen Sie volle Anpassung.<\/p>\n<table style=\"border-collapse: collapse; width: 365.02pt;\" border=\"0\" width=\"365\" cellspacing=\"0\" cellpadding=\"0\">\n<tbody>\n<tr style=\"height: 16.00pt;\">\n<td class=\"et2\" style=\"height: 16.00pt; width: 97.50pt;\" width=\"97\" height=\"16\">Hersteller<\/td>\n<td class=\"et2\" style=\"width: 267.50pt;\" width=\"267\">Stanley<\/td>\n<\/tr>\n<tr style=\"height: 16.00pt;\">\n<td class=\"et2\" style=\"height: 16.00pt; width: 97.50pt;\" width=\"97\" height=\"16\">Arten von Beuteln<\/td>\n<td class=\"et2\" style=\"width: 267.50pt;\" width=\"267\">Vakuumbeutel<\/td>\n<\/tr>\n<tr style=\"height: 16.00pt;\">\n<td class=\"et2\" style=\"height: 16.00pt; width: 97.50pt;\" width=\"97\" height=\"16\">Material<\/td>\n<td class=\"et2\" style=\"width: 267.50pt;\" width=\"267\">BOPA15\/PE90<\/td>\n<\/tr>\n<tr style=\"height: 16.00pt;\">\n<td class=\"et2\" style=\"height: 16.00pt; width: 97.50pt;\" width=\"97\" height=\"16\">Besonderes Merkmal<\/td>\n<td class=\"et2\" style=\"width: 267.50pt;\" width=\"267\">Rei\u00dfverschlussdesign, Luftventil, Aufrei\u00dfkerbe, Vakuumdesign<\/td>\n<\/tr>\n<tr style=\"height: 16.00pt;\">\n<td class=\"et2\" style=\"height: 16.00pt; width: 97.50pt;\" width=\"97\" height=\"16\">Handhabung der Oberfl\u00e4che<\/td>\n<td class=\"et2\" style=\"width: 267.50pt;\" width=\"267\">Tiefdruck<\/td>\n<\/tr>\n<tr style=\"height: 16.00pt;\">\n<td class=\"et2\" style=\"height: 16.00pt; width: 97.50pt;\" width=\"97\" height=\"16\">Farbe<\/td>\n<td class=\"et2\" style=\"width: 267.50pt;\" width=\"267\">Doppelseitiger Druck, bis zu 10 Farben<\/td>\n<\/tr>\n<tr style=\"height: 16.00pt;\">\n<td class=\"et2\" style=\"height: 16.00pt; width: 97.50pt;\" width=\"97\" height=\"16\">Verwendung<\/td>\n<td class=\"et2\" style=\"width: 267.50pt;\" width=\"267\">Nuss, Haferflocken, Snack, Tiefk\u00fchlkost, Fertiggerichte<\/td>\n<\/tr>\n<tr style=\"height: 16.00pt;\">\n<td class=\"et2\" style=\"height: 16.00pt; width: 97.50pt;\" width=\"97\" height=\"16\">MOQ<\/td>\n<td class=\"et2\" style=\"width: 267.50pt;\" width=\"267\">50.000 St\u00fcck<\/td>\n<\/tr>\n<tr style=\"height: 16.00pt;\">\n<td class=\"et2\" style=\"height: 16.00pt; width: 97.50pt;\" width=\"97\" height=\"16\">Individuelle Bestellung<\/td>\n<td class=\"et2\" style=\"width: 267.50pt;\" width=\"267\">Akzeptieren Sie OEM, unterst\u00fctzen Sie freie Probe<\/td>\n<\/tr>\n<\/tbody>\n<\/table>","protected":false},"featured_media":3650,"comment_status":"closed","ping_status":"closed","template":"","meta":{"_acf_changed":false},"product_brand":[],"product_cat":[68,31,28,18],"product_tag":[],"class_list":{"0":"post-3645","1":"product","2":"type-product","3":"status-publish","4":"has-post-thumbnail","6":"product_cat-vacuum-pouches-wholesale","7":"product_cat-lay-flat-pouch-manufacturer","8":"product_cat-three-side-seal-pouch-manufacturer","9":"product_cat-zipper-pouch-manufacturer","10":"pa_food-packaging-ready-meal-pouch","11":"pa_food-packaging-frozen-food-pouch","13":"first","14":"instock","15":"shipping-taxable","16":"product-type-simple"},"acf":[],"_links":{"self":[{"href":"https:\/\/www.stanleypackage.com\/de\/wp-json\/wp\/v2\/product\/3645","targetHints":{"allow":["GET"]}}],"collection":[{"href":"https:\/\/www.stanleypackage.com\/de\/wp-json\/wp\/v2\/product"}],"about":[{"href":"https:\/\/www.stanleypackage.com\/de\/wp-json\/wp\/v2\/types\/product"}],"replies":[{"embeddable":true,"href":"https:\/\/www.stanleypackage.com\/de\/wp-json\/wp\/v2\/comments?post=3645"}],"wp:featuredmedia":[{"embeddable":true,"href":"https:\/\/www.stanleypackage.com\/de\/wp-json\/wp\/v2\/media\/3650"}],"wp:attachment":[{"href":"https:\/\/www.stanleypackage.com\/de\/wp-json\/wp\/v2\/media?parent=3645"}],"wp:term":[{"taxonomy":"product_brand","embeddable":true,"href":"https:\/\/www.stanleypackage.com\/de\/wp-json\/wp\/v2\/product_brand?post=3645"},{"taxonomy":"product_cat","embeddable":true,"href":"https:\/\/www.stanleypackage.com\/de\/wp-json\/wp\/v2\/product_cat?post=3645"},{"taxonomy":"product_tag","embeddable":true,"href":"https:\/\/www.stanleypackage.com\/de\/wp-json\/wp\/v2\/product_tag?post=3645"}],"curies":[{"name":"wp","href":"https:\/\/api.w.org\/{rel}","templated":true}]}}