{"id":3660,"date":"2025-11-11T09:34:16","date_gmt":"2025-11-11T09:34:16","guid":{"rendered":"https:\/\/www.stanleypackage.com\/?post_type=product&#038;p=3660"},"modified":"2025-11-11T09:34:23","modified_gmt":"2025-11-11T09:34:23","slug":"factory-oem-mylar-pouch","status":"publish","type":"product","link":"https:\/\/www.stanleypackage.com\/de\/product\/factory-oem-mylar-pouch\/","title":{"rendered":"Fabrik OEM Mylar Pouch, benutzerdefinierte Lebensmittel Doypack Taschen Gro\u00dfhandel"},"content":{"rendered":"<div class=\"wp-block-columns is-layout-flex wp-container-core-columns-is-layout-9d6595d7 wp-block-columns-is-layout-flex\">\n<div class=\"wp-block-column is-layout-flow wp-block-column-is-layout-flow\">\n<h2 class=\"wp-block-heading\">Features of Factory OEM Mylar Pouch<\/h2>\n\n\n\n<ul class=\"wp-block-list\">\n<li><strong>Standbodenbeutel, leicht zu pr\u00e4sentieren und aufzubewahren: <\/strong>These factory OEM mylar pouches of oatmeal wholesale have a durable stand-up base structure, which improves shelf display, saves storage space and facilitates end sales.<\/li>\n\n\n\n<li><strong>TOP filling, suitable for automatic line:\u00a0<\/strong>The top filling design of our custom doypack bags wholesale uses a high-speed automated packaging process, saving manpower and improving efficiency.<\/li>\n\n\n\n<li><strong>Leicht abrei\u00dfbares Design: <\/strong>Our factory OEM mylar pouch for oatmeal adopts an easy tear, which is simple and not public, making it convenient for customers to open.<\/li>\n\n\n\n<li><strong>Aluminum foil material, good barrier property: <\/strong>Our custom doypack bags wholesale are made of aluminium foil material, which has excellent oxygen barrier, moisture-proof, and light-proof properties, and thus effectively extends the shelf life of oatmeal.<\/li>\n\n\n\n<li><strong>Unterst\u00fctzung der Markenanpassung zur Erf\u00fcllung unterschiedlicher Verpackungsanforderungen:<\/strong> Our factory OEM mylar pouch for oatmeal supports printing, patterns, and capacity to meet the unique packaging needs of customers.<\/li>\n<\/ul>\n\n\n\n<div class=\"wp-block-columns is-layout-flex wp-container-core-columns-is-layout-9d6595d7 wp-block-columns-is-layout-flex\">\n<div class=\"wp-block-column is-layout-flow wp-block-column-is-layout-flow\">\n<figure class=\"wp-block-image size-full\"><img decoding=\"async\" width=\"750\" height=\"750\" src=\"https:\/\/www.stanleypackage.com\/wp-content\/uploads\/2025\/11\/OEM-Food-Package-Bag-Custom-Oatmeal-Stand-Up-Pouch-Wholesale-5.jpg\" alt=\"\" class=\"wp-image-3661\" srcset=\"https:\/\/www.stanleypackage.com\/wp-content\/uploads\/2025\/11\/OEM-Food-Package-Bag-Custom-Oatmeal-Stand-Up-Pouch-Wholesale-5.jpg 750w, https:\/\/www.stanleypackage.com\/wp-content\/uploads\/2025\/11\/OEM-Food-Package-Bag-Custom-Oatmeal-Stand-Up-Pouch-Wholesale-5-300x300.jpg 300w, https:\/\/www.stanleypackage.com\/wp-content\/uploads\/2025\/11\/OEM-Food-Package-Bag-Custom-Oatmeal-Stand-Up-Pouch-Wholesale-5-150x150.jpg 150w, https:\/\/www.stanleypackage.com\/wp-content\/uploads\/2025\/11\/OEM-Food-Package-Bag-Custom-Oatmeal-Stand-Up-Pouch-Wholesale-5-12x12.jpg 12w, https:\/\/www.stanleypackage.com\/wp-content\/uploads\/2025\/11\/OEM-Food-Package-Bag-Custom-Oatmeal-Stand-Up-Pouch-Wholesale-5-600x600.jpg 600w, https:\/\/www.stanleypackage.com\/wp-content\/uploads\/2025\/11\/OEM-Food-Package-Bag-Custom-Oatmeal-Stand-Up-Pouch-Wholesale-5-100x100.jpg 100w\" sizes=\"(max-width: 750px) 100vw, 750px\" \/><\/figure>\n<\/div>\n\n\n\n<div class=\"wp-block-column is-layout-flow wp-block-column-is-layout-flow\">\n<figure class=\"wp-block-image size-full\"><img decoding=\"async\" width=\"750\" height=\"750\" src=\"https:\/\/www.stanleypackage.com\/wp-content\/uploads\/2025\/11\/OEM-Food-Package-Bag-Custom-Oatmeal-Stand-Up-Pouch-Wholesale-3.jpg\" alt=\"\" class=\"wp-image-3662\" srcset=\"https:\/\/www.stanleypackage.com\/wp-content\/uploads\/2025\/11\/OEM-Food-Package-Bag-Custom-Oatmeal-Stand-Up-Pouch-Wholesale-3.jpg 750w, https:\/\/www.stanleypackage.com\/wp-content\/uploads\/2025\/11\/OEM-Food-Package-Bag-Custom-Oatmeal-Stand-Up-Pouch-Wholesale-3-300x300.jpg 300w, https:\/\/www.stanleypackage.com\/wp-content\/uploads\/2025\/11\/OEM-Food-Package-Bag-Custom-Oatmeal-Stand-Up-Pouch-Wholesale-3-150x150.jpg 150w, https:\/\/www.stanleypackage.com\/wp-content\/uploads\/2025\/11\/OEM-Food-Package-Bag-Custom-Oatmeal-Stand-Up-Pouch-Wholesale-3-12x12.jpg 12w, https:\/\/www.stanleypackage.com\/wp-content\/uploads\/2025\/11\/OEM-Food-Package-Bag-Custom-Oatmeal-Stand-Up-Pouch-Wholesale-3-600x600.jpg 600w, https:\/\/www.stanleypackage.com\/wp-content\/uploads\/2025\/11\/OEM-Food-Package-Bag-Custom-Oatmeal-Stand-Up-Pouch-Wholesale-3-100x100.jpg 100w\" sizes=\"(max-width: 750px) 100vw, 750px\" \/><\/figure>\n<\/div>\n<\/div>\n<\/div>\n<\/div>","protected":false},"excerpt":{"rendered":"<p>Welcome to order factory OEM mylar pouch. Our custom doypack bags wholesale for food have excellent oxygen barrier, moisture-proof, and light-proof properties, effectively extending the shelf life of oatmeal.<\/p>\n<table style=\"border-collapse: collapse; width: 327.77pt;\" border=\"0\" width=\"437\" cellspacing=\"0\" cellpadding=\"0\">\n<tbody>\n<tr style=\"height: 12.75pt;\">\n<td class=\"et2\" style=\"height: 12.75pt; width: 91.40pt;\" width=\"121\" height=\"17\">Hersteller<\/td>\n<td class=\"et2\" style=\"width: 237.00pt;\" width=\"316\">Stanley<\/td>\n<\/tr>\n<tr style=\"height: 12.75pt;\">\n<td class=\"et2\" style=\"height: 12.75pt; width: 91.40pt;\" width=\"121\" height=\"17\">Arten von Beuteln<\/td>\n<td class=\"et3\">Stand-up-Beutel<\/td>\n<\/tr>\n<tr style=\"height: 12.75pt;\">\n<td class=\"et2\" style=\"height: 12.75pt; width: 91.40pt;\" width=\"121\" height=\"17\">Material<\/td>\n<td class=\"et2\" style=\"width: 237.00pt;\" width=\"316\">PET12\/VMPET12\/PE105<\/td>\n<\/tr>\n<tr style=\"height: 12.75pt;\">\n<td class=\"et2\" style=\"height: 12.75pt; width: 91.40pt;\" width=\"121\" height=\"17\">Besonderes Merkmal<\/td>\n<td class=\"et2\" style=\"width: 237.00pt;\" width=\"316\">Stehende Unterseite, leichte Aufrei\u00dfkerbe<\/td>\n<\/tr>\n<tr style=\"height: 12.75pt;\">\n<td class=\"et2\" style=\"height: 12.75pt; width: 91.40pt;\" width=\"121\" height=\"17\">Handhabung der Oberfl\u00e4che<\/td>\n<td class=\"et2\" style=\"width: 237.00pt;\" width=\"316\">Tiefdruck<\/td>\n<\/tr>\n<tr style=\"height: 12.75pt;\">\n<td class=\"et2\" style=\"height: 12.75pt; width: 91.40pt;\" width=\"121\" height=\"17\">Farbe<\/td>\n<td class=\"et2\" style=\"width: 237.00pt;\" width=\"316\">Bis zu 10 Farben<\/td>\n<\/tr>\n<tr style=\"height: 12.75pt;\">\n<td class=\"et2\" style=\"height: 12.75pt; width: 91.40pt;\" width=\"121\" height=\"17\">Verwendung<\/td>\n<td class=\"et3\">S\u00fc\u00dfigkeiten, N\u00fcsse, Snacks, Gesalzene Produkte<\/td>\n<\/tr>\n<tr style=\"height: 12.75pt;\">\n<td class=\"et2\" style=\"height: 12.75pt; width: 91.40pt;\" width=\"121\" height=\"17\">MOQ<\/td>\n<td class=\"et2\" style=\"width: 237.00pt;\" width=\"316\">50.000 St\u00fcck<\/td>\n<\/tr>\n<tr style=\"height: 12.75pt;\">\n<td class=\"et2\" style=\"height: 12.75pt; width: 91.40pt;\" width=\"121\" height=\"17\">Individuelle Bestellung<\/td>\n<td class=\"et2\" style=\"width: 237.00pt;\" width=\"316\">Akzeptieren Sie OEM, unterst\u00fctzen Sie freie Probe<\/td>\n<\/tr>\n<\/tbody>\n<\/table>","protected":false},"featured_media":3663,"comment_status":"closed","ping_status":"closed","template":"","meta":{"_acf_changed":false},"product_brand":[],"product_cat":[30],"product_tag":[],"class_list":{"0":"post-3660","1":"product","2":"type-product","3":"status-publish","4":"has-post-thumbnail","6":"product_cat-stand-up-pouch-manufacturer","7":"pa_food-packaging-oatmeal-pouch","8":"pa_food-packaging-snack-food-pouch","10":"first","11":"instock","12":"shipping-taxable","13":"product-type-simple"},"acf":[],"_links":{"self":[{"href":"https:\/\/www.stanleypackage.com\/de\/wp-json\/wp\/v2\/product\/3660","targetHints":{"allow":["GET"]}}],"collection":[{"href":"https:\/\/www.stanleypackage.com\/de\/wp-json\/wp\/v2\/product"}],"about":[{"href":"https:\/\/www.stanleypackage.com\/de\/wp-json\/wp\/v2\/types\/product"}],"replies":[{"embeddable":true,"href":"https:\/\/www.stanleypackage.com\/de\/wp-json\/wp\/v2\/comments?post=3660"}],"wp:featuredmedia":[{"embeddable":true,"href":"https:\/\/www.stanleypackage.com\/de\/wp-json\/wp\/v2\/media\/3663"}],"wp:attachment":[{"href":"https:\/\/www.stanleypackage.com\/de\/wp-json\/wp\/v2\/media?parent=3660"}],"wp:term":[{"taxonomy":"product_brand","embeddable":true,"href":"https:\/\/www.stanleypackage.com\/de\/wp-json\/wp\/v2\/product_brand?post=3660"},{"taxonomy":"product_cat","embeddable":true,"href":"https:\/\/www.stanleypackage.com\/de\/wp-json\/wp\/v2\/product_cat?post=3660"},{"taxonomy":"product_tag","embeddable":true,"href":"https:\/\/www.stanleypackage.com\/de\/wp-json\/wp\/v2\/product_tag?post=3660"}],"curies":[{"name":"wp","href":"https:\/\/api.w.org\/{rel}","templated":true}]}}