{"id":3666,"date":"2025-11-11T09:42:59","date_gmt":"2025-11-11T09:42:59","guid":{"rendered":"https:\/\/www.stanleypackage.com\/?post_type=product&#038;p=3666"},"modified":"2025-11-11T09:43:05","modified_gmt":"2025-11-11T09:43:05","slug":"custom-candy-bags","status":"publish","type":"product","link":"https:\/\/www.stanleypackage.com\/de\/product\/custom-candy-bags\/","title":{"rendered":"Benutzerdefinierte S\u00fc\u00dfigkeiten Taschen mit Rei\u00dfverschluss, Fabrik OEM Stand Up Pouches"},"content":{"rendered":"<div class=\"wp-block-columns is-layout-flex wp-container-core-columns-is-layout-9d6595d7 wp-block-columns-is-layout-flex\">\n<div class=\"wp-block-column is-layout-flow wp-block-column-is-layout-flow\">\n<h2 class=\"wp-block-heading\">Merkmale von individuellen Bonbont\u00fcten<\/h2>\n\n\n\n<ul class=\"wp-block-list\">\n<li><strong>Selbsttragende Bodenstruktur des Beutels: <\/strong>Diese individuell gestalteten Bonbont\u00fcten haben einen stabilen Stand, eignen sich f\u00fcr die Platzierung im Regal und verbessern die optische Wirkung von Snackprodukten.<\/li>\n\n\n\n<li><strong>Ausgestattet mit Aufh\u00e4ngeloch-Design: <\/strong>Diese OEM-Standbeutel sind mit Aufh\u00e4ngel\u00f6chern versehen, die sich f\u00fcr die h\u00e4ngende Pr\u00e4sentation eignen, die Verkaufsszenarien erweitern und die Bequemlichkeit im Einzelhandel verbessern.<\/li>\n\n\n\n<li><strong>Leicht abrei\u00dfbares Design: <\/strong>Diese benutzerdefinierten Bonbont\u00fcten im Gro\u00dfhandel haben Aufrei\u00dfkerben, die die Verpackung leicht aufrei\u00dfen k\u00f6nnen, das \u00d6ffnen erleichtern und die Benutzererfahrung verbessern.<\/li>\n\n\n\n<li><strong>Versiegelte Rei\u00dfverschlussstruktur:<\/strong> Unsere Fabrik OEM Stand-up-Beutel Gro\u00dfhandel mit Rei\u00dfverschl\u00fcssen unterst\u00fctzen mehrere \u00d6ffnungen und Verschl\u00fcsse, halten S\u00fc\u00dfigkeiten und Snacks frisch und hygienisch, und sind f\u00fcr den t\u00e4glichen tragbaren Verbrauch geeignet.<\/li>\n\n\n\n<li><strong>Hochwertige Verbundwerkstoffe PET\/VMPET\/PE: <\/strong>Unsere ma\u00dfgefertigten Bonbont\u00fcten haben gute Barriereeigenschaften, sind feuchtigkeits- und oxidationsbest\u00e4ndig und gew\u00e4hrleisten Lebensmittelqualit\u00e4t.<\/li>\n\n\n\n<li><strong>Geeignet f\u00fcr verschiedene Snacks:<\/strong> Diese OEM-Standbeutel mit Rei\u00dfverschl\u00fcssen eignen sich f\u00fcr verschiedene Lebensmittelverpackungen, wie z. B. Hart- und Weichkaramellen, Marshmallows, Obstkonserven, N\u00fcsse usw.<\/li>\n\n\n\n<li><strong>Bel\u00fcftungsl\u00f6cher Design:<\/strong> Unsere individuellen Bonbont\u00fcten sind mit Bel\u00fcftungsl\u00f6chern ausgestattet, durch die die Luft im Inneren entweichen kann. Dadurch wird verhindert, dass die Artikel oxidieren und feucht werden, wodurch die Haltbarkeit verl\u00e4ngert wird.<\/li>\n<\/ul>\n\n\n\n<div class=\"wp-block-columns is-layout-flex wp-container-core-columns-is-layout-9d6595d7 wp-block-columns-is-layout-flex\">\n<div class=\"wp-block-column is-layout-flow wp-block-column-is-layout-flow\">\n<figure class=\"wp-block-image size-full\"><img decoding=\"async\" width=\"750\" height=\"750\" src=\"https:\/\/www.stanleypackage.com\/wp-content\/uploads\/2025\/11\/Custom-Stand-Up-Pouches-Wholesale-Candy-Pouch-With-Zipper-2.jpg\" alt=\"\" class=\"wp-image-3667\" srcset=\"https:\/\/www.stanleypackage.com\/wp-content\/uploads\/2025\/11\/Custom-Stand-Up-Pouches-Wholesale-Candy-Pouch-With-Zipper-2.jpg 750w, https:\/\/www.stanleypackage.com\/wp-content\/uploads\/2025\/11\/Custom-Stand-Up-Pouches-Wholesale-Candy-Pouch-With-Zipper-2-300x300.jpg 300w, https:\/\/www.stanleypackage.com\/wp-content\/uploads\/2025\/11\/Custom-Stand-Up-Pouches-Wholesale-Candy-Pouch-With-Zipper-2-150x150.jpg 150w, https:\/\/www.stanleypackage.com\/wp-content\/uploads\/2025\/11\/Custom-Stand-Up-Pouches-Wholesale-Candy-Pouch-With-Zipper-2-12x12.jpg 12w, https:\/\/www.stanleypackage.com\/wp-content\/uploads\/2025\/11\/Custom-Stand-Up-Pouches-Wholesale-Candy-Pouch-With-Zipper-2-600x600.jpg 600w, https:\/\/www.stanleypackage.com\/wp-content\/uploads\/2025\/11\/Custom-Stand-Up-Pouches-Wholesale-Candy-Pouch-With-Zipper-2-100x100.jpg 100w\" sizes=\"(max-width: 750px) 100vw, 750px\" \/><\/figure>\n<\/div>\n\n\n\n<div class=\"wp-block-column is-layout-flow wp-block-column-is-layout-flow\">\n<figure class=\"wp-block-image size-full\"><img decoding=\"async\" width=\"750\" height=\"750\" src=\"https:\/\/www.stanleypackage.com\/wp-content\/uploads\/2025\/11\/Custom-Stand-Up-Pouches-Wholesale-Candy-Pouch-With-Zipper-4.jpg\" alt=\"\" class=\"wp-image-3668\" srcset=\"https:\/\/www.stanleypackage.com\/wp-content\/uploads\/2025\/11\/Custom-Stand-Up-Pouches-Wholesale-Candy-Pouch-With-Zipper-4.jpg 750w, https:\/\/www.stanleypackage.com\/wp-content\/uploads\/2025\/11\/Custom-Stand-Up-Pouches-Wholesale-Candy-Pouch-With-Zipper-4-300x300.jpg 300w, https:\/\/www.stanleypackage.com\/wp-content\/uploads\/2025\/11\/Custom-Stand-Up-Pouches-Wholesale-Candy-Pouch-With-Zipper-4-150x150.jpg 150w, https:\/\/www.stanleypackage.com\/wp-content\/uploads\/2025\/11\/Custom-Stand-Up-Pouches-Wholesale-Candy-Pouch-With-Zipper-4-12x12.jpg 12w, https:\/\/www.stanleypackage.com\/wp-content\/uploads\/2025\/11\/Custom-Stand-Up-Pouches-Wholesale-Candy-Pouch-With-Zipper-4-600x600.jpg 600w, https:\/\/www.stanleypackage.com\/wp-content\/uploads\/2025\/11\/Custom-Stand-Up-Pouches-Wholesale-Candy-Pouch-With-Zipper-4-100x100.jpg 100w\" sizes=\"(max-width: 750px) 100vw, 750px\" \/><\/figure>\n<\/div>\n<\/div>\n<\/div>\n<\/div>","protected":false},"excerpt":{"rendered":"<p>Willkommen in der Masse benutzerdefinierte S\u00fc\u00dfigkeiten Taschen. Unsere Fabrik OEM aufstehen Beutel verf\u00fcgen \u00fcber einen Rei\u00dfverschluss, Tr\u00e4ne Kerbe, und h\u00e4ngen Loch, das speziell f\u00fcr S\u00fc\u00dfigkeiten, getrocknete Fr\u00fcchte, Snacks und andere Snack-Lebensmittel, um die Regal-Display-Effekt des Produkts zu verbessern konzipiert ist.<\/p>\n<table width=\"365\">\n<tbody>\n<tr>\n<td width=\"97\">Hersteller<\/td>\n<td width=\"267\">Stanley<\/td>\n<\/tr>\n<tr>\n<td width=\"97\">Arten von Beuteln<\/td>\n<td width=\"267\">Stand Up Pouch, Zipper Pouch<\/td>\n<\/tr>\n<tr>\n<td width=\"97\">Material<\/td>\n<td width=\"267\">PET12\/1\/2VMPET12\/PE100<\/td>\n<\/tr>\n<tr>\n<td width=\"97\">Besonderes Merkmal<\/td>\n<td width=\"267\">Aufh\u00e4ngeloch, Rei\u00dfverschluss, Risskerbe, Bel\u00fcftungsloch<\/td>\n<\/tr>\n<tr>\n<td width=\"97\">Handhabung der Oberfl\u00e4che<\/td>\n<td width=\"267\">Tiefdruck<\/td>\n<\/tr>\n<tr>\n<td width=\"97\">Farbe<\/td>\n<td width=\"267\">Beidseitiger Druck, bis zu 10 Farben<\/td>\n<\/tr>\n<tr>\n<td width=\"97\">Verwendung<\/td>\n<td width=\"267\">S\u00fc\u00dfigkeiten, Gummib\u00e4rchen, N\u00fcsse, Trockenfr\u00fcchte, usw.<\/td>\n<\/tr>\n<tr>\n<td width=\"97\">MOQ<\/td>\n<td width=\"267\">50.000 St\u00fcck<\/td>\n<\/tr>\n<tr>\n<td width=\"97\">Individuelle Bestellung<\/td>\n<td width=\"267\">Akzeptieren Sie OEM, unterst\u00fctzen Sie die kostenlose Probe<\/td>\n<\/tr>\n<\/tbody>\n<\/table>","protected":false},"featured_media":3669,"comment_status":"closed","ping_status":"closed","template":"","meta":{"_acf_changed":false},"product_brand":[],"product_cat":[30,18],"product_tag":[],"class_list":{"0":"post-3666","1":"product","2":"type-product","3":"status-publish","4":"has-post-thumbnail","6":"product_cat-stand-up-pouch-manufacturer","7":"product_cat-zipper-pouch-manufacturer","8":"pa_food-packaging-snack-food-pouch","10":"first","11":"instock","12":"shipping-taxable","13":"product-type-simple"},"acf":[],"_links":{"self":[{"href":"https:\/\/www.stanleypackage.com\/de\/wp-json\/wp\/v2\/product\/3666","targetHints":{"allow":["GET"]}}],"collection":[{"href":"https:\/\/www.stanleypackage.com\/de\/wp-json\/wp\/v2\/product"}],"about":[{"href":"https:\/\/www.stanleypackage.com\/de\/wp-json\/wp\/v2\/types\/product"}],"replies":[{"embeddable":true,"href":"https:\/\/www.stanleypackage.com\/de\/wp-json\/wp\/v2\/comments?post=3666"}],"wp:featuredmedia":[{"embeddable":true,"href":"https:\/\/www.stanleypackage.com\/de\/wp-json\/wp\/v2\/media\/3669"}],"wp:attachment":[{"href":"https:\/\/www.stanleypackage.com\/de\/wp-json\/wp\/v2\/media?parent=3666"}],"wp:term":[{"taxonomy":"product_brand","embeddable":true,"href":"https:\/\/www.stanleypackage.com\/de\/wp-json\/wp\/v2\/product_brand?post=3666"},{"taxonomy":"product_cat","embeddable":true,"href":"https:\/\/www.stanleypackage.com\/de\/wp-json\/wp\/v2\/product_cat?post=3666"},{"taxonomy":"product_tag","embeddable":true,"href":"https:\/\/www.stanleypackage.com\/de\/wp-json\/wp\/v2\/product_tag?post=3666"}],"curies":[{"name":"wp","href":"https:\/\/api.w.org\/{rel}","templated":true}]}}