{"id":3687,"date":"2025-11-11T10:00:58","date_gmt":"2025-11-11T10:00:58","guid":{"rendered":"https:\/\/www.stanleypackage.com\/?post_type=product&#038;p=3687"},"modified":"2025-11-11T10:01:04","modified_gmt":"2025-11-11T10:01:04","slug":"dried-fruit-packaging-wholesale","status":"publish","type":"product","link":"https:\/\/www.stanleypackage.com\/de\/product\/dried-fruit-packaging-wholesale\/","title":{"rendered":"OEM getrocknete Fr\u00fcchte Verpackung Gro\u00dfhandel, benutzerdefinierte bedruckte Beutel"},"content":{"rendered":"<div class=\"wp-block-columns is-layout-flex wp-container-core-columns-is-layout-9d6595d7 wp-block-columns-is-layout-flex\">\n<div class=\"wp-block-column is-layout-flow wp-block-column-is-layout-flow\">\n<h2 class=\"wp-block-heading\">Merkmale von Trockenfruchtverpackungen im Gro\u00dfhandel<\/h2>\n\n\n\n<ul class=\"wp-block-list\">\n<li><strong>Stabiler selbststehender Boden:<\/strong>\u00a0Unsere Trockenfruchtverpackungen f\u00fcr den Gro\u00dfhandel haben einen Standboden und stehen stabil, wenn sie ausgestellt werden, was den Effekt der Regalauslage und die Produktqualit\u00e4t verbessert.<\/li>\n\n\n\n<li><strong>Humanisierte Design-Details:<\/strong> Unsere individuell bedruckten Standbeutel verf\u00fcgen \u00fcber einen wiederverwendbaren, abdichtenden Rei\u00dfverschluss f\u00fcr mehrfaches \u00d6ffnen und Verschlie\u00dfen. Und die leicht abrei\u00dfbare Kerbe erm\u00f6glicht ein einfaches \u00d6ffnen durch die Verbraucher. Au\u00dferdem sind unsere Lebensmittelbeutel auch mit Aufh\u00e4ngel\u00f6chern f\u00fcr bequeme Hakenanzeige ausgestattet<\/li>\n\n\n\n<li><strong>Effizientes F\u00fcllen und Versiegeln:<\/strong> Die Top-Filling-Konstruktion dieser Trockenfruchtverpackungen im Gro\u00dfhandel macht den Verpackungsprozess effizienter und hygienischer und eignet sich daher besonders f\u00fcr die Gro\u00dfserienproduktion an Flie\u00dfb\u00e4ndern.<\/li>\n\n\n\n<li><strong>Breite Anwendung: <\/strong>Diese individuell bedruckten Standbeutel f\u00fcr Snacks mit Rei\u00dfverschluss eignen sich f\u00fcr die Verpackung einer Vielzahl von Lebensmitteln, darunter Kaffeebohnen, N\u00fcsse, Getreide, Tee und Tiernahrung, so dass Marken die Marktanforderungen mehrerer Produktkategorien mit einer einzigen Verpackung erf\u00fcllen k\u00f6nnen.<\/li>\n\n\n\n<li><strong>Unterst\u00fctzt Gr\u00f6\u00dfe und Druckanpassung:\u00a0<\/strong>Unsere Trockenfruchtverpackungen f\u00fcr den Gro\u00dfhandel k\u00f6nnen in Gr\u00f6\u00dfe, Druckmuster und Beuteltyp je nach Produktanforderungen angepasst werden, um eine einzigartige Verpackungsl\u00f6sung f\u00fcr die Marke zu schaffen.<\/li>\n\n\n\n<li><strong>Klares Fensterdesign:<\/strong> Die R\u00fcckseite unserer Trockenfruchtverpackungen im Gro\u00dfhandel ist mit einem Fenster versehen, durch das der Kunde die Form und Farbe des Lebensmittels sehen kann und so leichter zum Kauf animiert wird.<\/li>\n<\/ul>\n\n\n\n<div class=\"wp-block-columns is-layout-flex wp-container-core-columns-is-layout-9d6595d7 wp-block-columns-is-layout-flex\">\n<div class=\"wp-block-column is-layout-flow wp-block-column-is-layout-flow\">\n<figure class=\"wp-block-image size-full\"><img decoding=\"async\" width=\"750\" height=\"750\" src=\"https:\/\/www.stanleypackage.com\/wp-content\/uploads\/2025\/11\/Dried-Fruit-Packaging-Bags-Wholesale-Custom-Snack-Pouches-2.jpg\" alt=\"\" class=\"wp-image-3688\" srcset=\"https:\/\/www.stanleypackage.com\/wp-content\/uploads\/2025\/11\/Dried-Fruit-Packaging-Bags-Wholesale-Custom-Snack-Pouches-2.jpg 750w, https:\/\/www.stanleypackage.com\/wp-content\/uploads\/2025\/11\/Dried-Fruit-Packaging-Bags-Wholesale-Custom-Snack-Pouches-2-300x300.jpg 300w, https:\/\/www.stanleypackage.com\/wp-content\/uploads\/2025\/11\/Dried-Fruit-Packaging-Bags-Wholesale-Custom-Snack-Pouches-2-150x150.jpg 150w, https:\/\/www.stanleypackage.com\/wp-content\/uploads\/2025\/11\/Dried-Fruit-Packaging-Bags-Wholesale-Custom-Snack-Pouches-2-12x12.jpg 12w, https:\/\/www.stanleypackage.com\/wp-content\/uploads\/2025\/11\/Dried-Fruit-Packaging-Bags-Wholesale-Custom-Snack-Pouches-2-600x600.jpg 600w, https:\/\/www.stanleypackage.com\/wp-content\/uploads\/2025\/11\/Dried-Fruit-Packaging-Bags-Wholesale-Custom-Snack-Pouches-2-100x100.jpg 100w\" sizes=\"(max-width: 750px) 100vw, 750px\" \/><\/figure>\n<\/div>\n\n\n\n<div class=\"wp-block-column is-layout-flow wp-block-column-is-layout-flow\">\n<figure class=\"wp-block-image size-full\"><img decoding=\"async\" width=\"750\" height=\"750\" src=\"https:\/\/www.stanleypackage.com\/wp-content\/uploads\/2025\/11\/Dried-Fruit-Packaging-Bags-Wholesale-Custom-Snack-Pouches-3.jpg\" alt=\"\" class=\"wp-image-3689\" srcset=\"https:\/\/www.stanleypackage.com\/wp-content\/uploads\/2025\/11\/Dried-Fruit-Packaging-Bags-Wholesale-Custom-Snack-Pouches-3.jpg 750w, https:\/\/www.stanleypackage.com\/wp-content\/uploads\/2025\/11\/Dried-Fruit-Packaging-Bags-Wholesale-Custom-Snack-Pouches-3-300x300.jpg 300w, https:\/\/www.stanleypackage.com\/wp-content\/uploads\/2025\/11\/Dried-Fruit-Packaging-Bags-Wholesale-Custom-Snack-Pouches-3-150x150.jpg 150w, https:\/\/www.stanleypackage.com\/wp-content\/uploads\/2025\/11\/Dried-Fruit-Packaging-Bags-Wholesale-Custom-Snack-Pouches-3-12x12.jpg 12w, https:\/\/www.stanleypackage.com\/wp-content\/uploads\/2025\/11\/Dried-Fruit-Packaging-Bags-Wholesale-Custom-Snack-Pouches-3-600x600.jpg 600w, https:\/\/www.stanleypackage.com\/wp-content\/uploads\/2025\/11\/Dried-Fruit-Packaging-Bags-Wholesale-Custom-Snack-Pouches-3-100x100.jpg 100w\" sizes=\"(max-width: 750px) 100vw, 750px\" \/><\/figure>\n<\/div>\n<\/div>\n<\/div>\n<\/div>\n\n\n\n<p><\/p>","protected":false},"excerpt":{"rendered":"<p>Willkommen zum Kauf von OEM-Verpackungen f\u00fcr Trockenfr\u00fcchte im Gro\u00dfhandel. Unsere individuell bedruckten Standbodenbeutel verf\u00fcgen \u00fcber einen wiederverwendbaren Rei\u00dfverschluss, ein Aufh\u00e4ngeloch, eine leicht zu \u00f6ffnende Kerbe und eine \u00d6ffnung zum Bef\u00fcllen von oben, um eine Vielzahl von Lebensmittelverpackungen und Displayanforderungen zu erf\u00fcllen.<\/p>\n<table style=\"border-collapse: collapse; width: 365.02pt;\" border=\"0\" width=\"365\" cellspacing=\"0\" cellpadding=\"0\">\n<tbody>\n<tr style=\"height: 16.00pt;\">\n<td class=\"et2\" style=\"height: 16.00pt; width: 97.50pt;\" width=\"97\" height=\"16\">Hersteller<\/td>\n<td class=\"et2\" style=\"width: 267.50pt;\" width=\"267\">Stanley<\/td>\n<\/tr>\n<tr style=\"height: 16.00pt;\">\n<td class=\"et2\" style=\"height: 16.00pt; width: 97.50pt;\" width=\"97\" height=\"16\">Arten von Beuteln<\/td>\n<td class=\"et2\" style=\"width: 267.50pt;\" width=\"267\">Stand Up Pouch, Rei\u00dfverschlusstasche<\/td>\n<\/tr>\n<tr style=\"height: 31.00pt;\">\n<td class=\"et2\" style=\"height: 31.00pt; width: 97.50pt;\" width=\"97\" height=\"31\">Material<\/td>\n<td class=\"et2\" style=\"width: 267.50pt;\" width=\"267\">PET12\/1\/2VMPET12\/PE82<\/td>\n<\/tr>\n<tr style=\"height: 16.00pt;\">\n<td class=\"et2\" style=\"height: 16.00pt; width: 97.50pt;\" width=\"97\" height=\"16\">Besonderes Merkmal<\/td>\n<td class=\"et2\" style=\"width: 267.50pt;\" width=\"267\">Risskerbe, F\u00fcllung oben, Rei\u00dfverschluss, Aufh\u00e4ngeloch<\/td>\n<\/tr>\n<tr style=\"height: 16.00pt;\">\n<td class=\"et2\" style=\"height: 16.00pt; width: 97.50pt;\" width=\"97\" height=\"16\">Handhabung der Oberfl\u00e4che<\/td>\n<td class=\"et2\" style=\"width: 267.50pt;\" width=\"267\">Tiefdruck<\/td>\n<\/tr>\n<tr style=\"height: 16.00pt;\">\n<td class=\"et2\" style=\"height: 16.00pt; width: 97.50pt;\" width=\"97\" height=\"16\">Farbe<\/td>\n<td class=\"et2\" style=\"width: 267.50pt;\" width=\"267\">Bis zu 10 Farben<\/td>\n<\/tr>\n<tr style=\"height: 16.00pt;\">\n<td class=\"et2\" style=\"height: 16.00pt; width: 97.50pt;\" width=\"97\" height=\"16\">Verwendung<\/td>\n<td class=\"et2\" style=\"width: 267.50pt;\" width=\"267\">Trockennahrung, Snacks, N\u00fcsse<\/td>\n<\/tr>\n<tr style=\"height: 16.00pt;\">\n<td class=\"et2\" style=\"height: 16.00pt; width: 97.50pt;\" width=\"97\" height=\"16\">MOQ<\/td>\n<td class=\"et2\" style=\"width: 267.50pt;\" width=\"267\">50.000 St\u00fcck<\/td>\n<\/tr>\n<tr style=\"height: 16.00pt;\">\n<td class=\"et2\" style=\"height: 16.00pt; width: 97.50pt;\" width=\"97\" height=\"16\">Individuelle Bestellung<\/td>\n<td class=\"et2\" style=\"width: 267.50pt;\" width=\"267\">OEM-Support akzeptieren Kostenloses Muster<\/td>\n<\/tr>\n<\/tbody>\n<\/table>","protected":false},"featured_media":3522,"comment_status":"closed","ping_status":"closed","template":"","meta":{"_acf_changed":false},"product_brand":[],"product_cat":[18,30],"product_tag":[],"class_list":{"0":"post-3687","1":"product","2":"type-product","3":"status-publish","4":"has-post-thumbnail","6":"product_cat-zipper-pouch-manufacturer","7":"product_cat-stand-up-pouch-manufacturer","8":"pa_food-packaging-snack-food-pouch","10":"first","11":"instock","12":"shipping-taxable","13":"product-type-simple"},"acf":[],"_links":{"self":[{"href":"https:\/\/www.stanleypackage.com\/de\/wp-json\/wp\/v2\/product\/3687","targetHints":{"allow":["GET"]}}],"collection":[{"href":"https:\/\/www.stanleypackage.com\/de\/wp-json\/wp\/v2\/product"}],"about":[{"href":"https:\/\/www.stanleypackage.com\/de\/wp-json\/wp\/v2\/types\/product"}],"replies":[{"embeddable":true,"href":"https:\/\/www.stanleypackage.com\/de\/wp-json\/wp\/v2\/comments?post=3687"}],"wp:featuredmedia":[{"embeddable":true,"href":"https:\/\/www.stanleypackage.com\/de\/wp-json\/wp\/v2\/media\/3522"}],"wp:attachment":[{"href":"https:\/\/www.stanleypackage.com\/de\/wp-json\/wp\/v2\/media?parent=3687"}],"wp:term":[{"taxonomy":"product_brand","embeddable":true,"href":"https:\/\/www.stanleypackage.com\/de\/wp-json\/wp\/v2\/product_brand?post=3687"},{"taxonomy":"product_cat","embeddable":true,"href":"https:\/\/www.stanleypackage.com\/de\/wp-json\/wp\/v2\/product_cat?post=3687"},{"taxonomy":"product_tag","embeddable":true,"href":"https:\/\/www.stanleypackage.com\/de\/wp-json\/wp\/v2\/product_tag?post=3687"}],"curies":[{"name":"wp","href":"https:\/\/api.w.org\/{rel}","templated":true}]}}