{"id":3711,"date":"2025-11-11T10:27:42","date_gmt":"2025-11-11T10:27:42","guid":{"rendered":"https:\/\/www.stanleypackage.com\/?post_type=product&#038;p=3711"},"modified":"2025-11-11T10:28:35","modified_gmt":"2025-11-11T10:28:35","slug":"custom-powder-packaging","status":"publish","type":"product","link":"https:\/\/www.stanleypackage.com\/de\/product\/custom-powder-packaging\/","title":{"rendered":"Kundenspezifischer Pulververpackungsbeutel, 8-Seiten-Siegel-Box-Bodenbeutel"},"content":{"rendered":"<div class=\"wp-block-columns is-layout-flex wp-container-core-columns-is-layout-9d6595d7 wp-block-columns-is-layout-flex\">\n<div class=\"wp-block-column is-layout-flow wp-block-column-is-layout-flow\">\n<h2 class=\"wp-block-heading\">Merkmale von kundenspezifischen Pulververpackungsbeuteln<\/h2>\n\n\n\n<ul class=\"wp-block-list\">\n<li><strong>Hochbarrierefrei, lebensmittelecht und sicher: <\/strong>Unsere kundenspezifischen Pulververpackungsbeutel bestehen aus einer mehrschichtigen Verbundstruktur aus PET\/VMPET\/PE. Die Vorderseite, die R\u00fcckseite und die Seiten sind hinsichtlich Dicke und Flexibilit\u00e4t optimiert und bieten einen hervorragenden Schutz vor Feuchtigkeit, Oxidation und Licht.<\/li>\n\n\n\n<li><strong>Stabile 8-seitige Dichtung mit flachem Boden: <\/strong>Diese Bodenbeutel f\u00fcr Getr\u00e4nkepulver im Gro\u00dfhandel sorgen f\u00fcr einen stabilen Stand im Regal oder auf der Ladentheke und verbessern das Erscheinungsbild des Regals bei gleichzeitiger Maximierung der internen Kapazit\u00e4t.<\/li>\n\n\n\n<li><strong>Vielseitige und bequeme Konstruktion: <\/strong>Unsere ma\u00dfgefertigten Pulververpackungsbeutel verf\u00fcgen \u00fcber einen wiederverwendbaren Dichtungsrei\u00dfverschluss f\u00fcr mehrfaches \u00d6ffnen und Verschlie\u00dfen. Die leicht aufrei\u00dfbare Kerbe erm\u00f6glicht ein einfaches \u00d6ffnen durch den Verbraucher.<\/li>\n\n\n\n<li><strong>Effizientes F\u00fcllen und Versiegeln: <\/strong>Die Bodenbef\u00fcllung dieser Gro\u00dfhandelspackungen f\u00fcr Getr\u00e4nkepulver macht den Verpackungsprozess effizienter und hygienischer, so dass sie sich besonders f\u00fcr die Produktion gro\u00dfer Mengen an Flie\u00dfb\u00e4ndern eignen.<\/li>\n\n\n\n<li><strong>Unterst\u00fctzt Gr\u00f6\u00dfe und Druckanpassung:\u00a0<\/strong>Unsere kundenspezifischen Pulververpackungsbeutel k\u00f6nnen in Gr\u00f6\u00dfe, Druckmuster und Beuteltyp-Details je nach Produktanforderungen angepasst werden, um eine einzigartige Verpackungsl\u00f6sung f\u00fcr die Marke zu schaffen.<\/li>\n<\/ul>\n\n\n\n<div class=\"wp-block-columns is-layout-flex wp-container-core-columns-is-layout-9d6595d7 wp-block-columns-is-layout-flex\">\n<div class=\"wp-block-column is-layout-flow wp-block-column-is-layout-flow\">\n<figure class=\"wp-block-image size-full\"><img decoding=\"async\" width=\"750\" height=\"750\" src=\"https:\/\/www.stanleypackage.com\/wp-content\/uploads\/2025\/11\/Custom-Stand-Up-Pouches-8-Side-Seal-Drink-Packaging-Bags-2.jpg\" alt=\"\" class=\"wp-image-3712\" srcset=\"https:\/\/www.stanleypackage.com\/wp-content\/uploads\/2025\/11\/Custom-Stand-Up-Pouches-8-Side-Seal-Drink-Packaging-Bags-2.jpg 750w, https:\/\/www.stanleypackage.com\/wp-content\/uploads\/2025\/11\/Custom-Stand-Up-Pouches-8-Side-Seal-Drink-Packaging-Bags-2-300x300.jpg 300w, https:\/\/www.stanleypackage.com\/wp-content\/uploads\/2025\/11\/Custom-Stand-Up-Pouches-8-Side-Seal-Drink-Packaging-Bags-2-150x150.jpg 150w, https:\/\/www.stanleypackage.com\/wp-content\/uploads\/2025\/11\/Custom-Stand-Up-Pouches-8-Side-Seal-Drink-Packaging-Bags-2-12x12.jpg 12w, https:\/\/www.stanleypackage.com\/wp-content\/uploads\/2025\/11\/Custom-Stand-Up-Pouches-8-Side-Seal-Drink-Packaging-Bags-2-600x600.jpg 600w, https:\/\/www.stanleypackage.com\/wp-content\/uploads\/2025\/11\/Custom-Stand-Up-Pouches-8-Side-Seal-Drink-Packaging-Bags-2-100x100.jpg 100w\" sizes=\"(max-width: 750px) 100vw, 750px\" \/><\/figure>\n<\/div>\n\n\n\n<div class=\"wp-block-column is-layout-flow wp-block-column-is-layout-flow\">\n<figure class=\"wp-block-image size-full\"><img decoding=\"async\" width=\"750\" height=\"750\" src=\"https:\/\/www.stanleypackage.com\/wp-content\/uploads\/2025\/11\/Custom-Stand-Up-Pouches-8-Side-Seal-Drink-Packaging-Bags.jpg\" alt=\"\" class=\"wp-image-3713\" srcset=\"https:\/\/www.stanleypackage.com\/wp-content\/uploads\/2025\/11\/Custom-Stand-Up-Pouches-8-Side-Seal-Drink-Packaging-Bags.jpg 750w, https:\/\/www.stanleypackage.com\/wp-content\/uploads\/2025\/11\/Custom-Stand-Up-Pouches-8-Side-Seal-Drink-Packaging-Bags-300x300.jpg 300w, https:\/\/www.stanleypackage.com\/wp-content\/uploads\/2025\/11\/Custom-Stand-Up-Pouches-8-Side-Seal-Drink-Packaging-Bags-150x150.jpg 150w, https:\/\/www.stanleypackage.com\/wp-content\/uploads\/2025\/11\/Custom-Stand-Up-Pouches-8-Side-Seal-Drink-Packaging-Bags-12x12.jpg 12w, https:\/\/www.stanleypackage.com\/wp-content\/uploads\/2025\/11\/Custom-Stand-Up-Pouches-8-Side-Seal-Drink-Packaging-Bags-600x600.jpg 600w, https:\/\/www.stanleypackage.com\/wp-content\/uploads\/2025\/11\/Custom-Stand-Up-Pouches-8-Side-Seal-Drink-Packaging-Bags-100x100.jpg 100w\" sizes=\"(max-width: 750px) 100vw, 750px\" \/><\/figure>\n<\/div>\n<\/div>\n<\/div>\n<\/div>","protected":false},"excerpt":{"rendered":"<p>Willkommen zum Kauf von kundenspezifischen Pulververpackungsbeuteln. Unsere Gro\u00dfhandelspulver-Getr\u00e4nkekartonbodenbeutel kombinieren hohe Barriereeigenschaften mit Langlebigkeit und verf\u00fcgen \u00fcber einen wiederverwendbaren Rei\u00dfverschluss, eine leicht einrei\u00dfbare Kerbe und eine Bodenbef\u00fcllungs\u00f6ffnung, um eine Vielzahl von Lebensmittelverpackungen und Displayanforderungen zu erf\u00fcllen.<\/p>\n<table style=\"border-collapse: collapse; width: 365.02pt;\" border=\"0\" width=\"365\" cellspacing=\"0\" cellpadding=\"0\">\n<tbody>\n<tr style=\"height: 16.00pt;\">\n<td class=\"et2\" style=\"height: 16.00pt; width: 97.50pt;\" width=\"97\" height=\"16\">Hersteller<\/td>\n<td class=\"et2\" style=\"width: 267.50pt;\" width=\"267\">Stanley<\/td>\n<\/tr>\n<tr style=\"height: 16.00pt;\">\n<td class=\"et2\" style=\"height: 16.00pt; width: 97.50pt;\" width=\"97\" height=\"16\">Arten von Beuteln<\/td>\n<td class=\"et2\" style=\"width: 267.50pt;\" width=\"267\">8 Seitenverschlussbeutel mit flachem Boden, Zipper-Beutel<\/td>\n<\/tr>\n<tr style=\"height: 31.00pt;\">\n<td class=\"et2\" style=\"height: 31.00pt; width: 97.50pt;\" width=\"97\" height=\"31\">Material<\/td>\n<td class=\"et2\" style=\"width: 267.50pt;\" width=\"267\">Vorder- und R\u00fcckseite: PET12\/VMPET12\/PE100 <br \/>Die Seiten: PET12\/PET12\/PE85<\/td>\n<\/tr>\n<tr style=\"height: 16.00pt;\">\n<td class=\"et2\" style=\"height: 16.00pt; width: 97.50pt;\" width=\"97\" height=\"16\">Besonderes Merkmal<\/td>\n<td class=\"et2\" style=\"width: 267.50pt;\" width=\"267\">Risskerbe, untere F\u00fcllung, Rei\u00dfverschluss<\/td>\n<\/tr>\n<tr style=\"height: 16.00pt;\">\n<td class=\"et2\" style=\"height: 16.00pt; width: 97.50pt;\" width=\"97\" height=\"16\">Handhabung der Oberfl\u00e4che<\/td>\n<td class=\"et2\" style=\"width: 267.50pt;\" width=\"267\">Tiefdruck<\/td>\n<\/tr>\n<tr style=\"height: 16.00pt;\">\n<td class=\"et2\" style=\"height: 16.00pt; width: 97.50pt;\" width=\"97\" height=\"16\">Farbe<\/td>\n<td class=\"et2\" style=\"width: 267.50pt;\" width=\"267\">Bis zu 10 Farben<\/td>\n<\/tr>\n<tr style=\"height: 16.00pt;\">\n<td class=\"et2\" style=\"height: 16.00pt; width: 97.50pt;\" width=\"97\" height=\"16\">Verwendung<\/td>\n<td class=\"et2\" style=\"width: 267.50pt;\" width=\"267\">Haferflocken, Kaffee, Snacks, N\u00fcsse, Trockenlebensmittel<\/td>\n<\/tr>\n<tr style=\"height: 16.00pt;\">\n<td class=\"et2\" style=\"height: 16.00pt; width: 97.50pt;\" width=\"97\" height=\"16\">MOQ<\/td>\n<td class=\"et2\" style=\"width: 267.50pt;\" width=\"267\">50.000 St\u00fcck<\/td>\n<\/tr>\n<tr style=\"height: 16.00pt;\">\n<td class=\"et2\" style=\"height: 16.00pt; width: 97.50pt;\" width=\"97\" height=\"16\">Individuelle Bestellung<\/td>\n<td class=\"et2\" style=\"width: 267.50pt;\" width=\"267\">OEM-Support akzeptieren Kostenloses Muster<\/td>\n<\/tr>\n<\/tbody>\n<\/table>","protected":false},"featured_media":3714,"comment_status":"closed","ping_status":"closed","template":"","meta":{"_acf_changed":false},"product_brand":[],"product_cat":[24,18],"product_tag":[],"class_list":{"0":"post-3711","1":"product","2":"type-product","3":"status-publish","4":"has-post-thumbnail","6":"product_cat-flat-bottom-pouch-manufacturer","7":"product_cat-zipper-pouch-manufacturer","8":"pa_food-packaging-food-powder-packaging","9":"pa_food-packaging-oatmeal-pouch","11":"first","12":"instock","13":"shipping-taxable","14":"product-type-simple"},"acf":[],"_links":{"self":[{"href":"https:\/\/www.stanleypackage.com\/de\/wp-json\/wp\/v2\/product\/3711","targetHints":{"allow":["GET"]}}],"collection":[{"href":"https:\/\/www.stanleypackage.com\/de\/wp-json\/wp\/v2\/product"}],"about":[{"href":"https:\/\/www.stanleypackage.com\/de\/wp-json\/wp\/v2\/types\/product"}],"replies":[{"embeddable":true,"href":"https:\/\/www.stanleypackage.com\/de\/wp-json\/wp\/v2\/comments?post=3711"}],"wp:featuredmedia":[{"embeddable":true,"href":"https:\/\/www.stanleypackage.com\/de\/wp-json\/wp\/v2\/media\/3714"}],"wp:attachment":[{"href":"https:\/\/www.stanleypackage.com\/de\/wp-json\/wp\/v2\/media?parent=3711"}],"wp:term":[{"taxonomy":"product_brand","embeddable":true,"href":"https:\/\/www.stanleypackage.com\/de\/wp-json\/wp\/v2\/product_brand?post=3711"},{"taxonomy":"product_cat","embeddable":true,"href":"https:\/\/www.stanleypackage.com\/de\/wp-json\/wp\/v2\/product_cat?post=3711"},{"taxonomy":"product_tag","embeddable":true,"href":"https:\/\/www.stanleypackage.com\/de\/wp-json\/wp\/v2\/product_tag?post=3711"}],"curies":[{"name":"wp","href":"https:\/\/api.w.org\/{rel}","templated":true}]}}