{"id":3719,"date":"2025-11-11T10:38:35","date_gmt":"2025-11-11T10:38:35","guid":{"rendered":"https:\/\/www.stanleypackage.com\/?post_type=product&#038;p=3719"},"modified":"2025-11-11T10:38:41","modified_gmt":"2025-11-11T10:38:41","slug":"custom-spouted-pouches","status":"publish","type":"product","link":"https:\/\/www.stanleypackage.com\/de\/product\/custom-spouted-pouches\/","title":{"rendered":"Kundenspezifische Spouted Pouches f\u00fcr Anti-Perspirant Deodorant (Bulk)"},"content":{"rendered":"<div class=\"wp-block-columns is-layout-flex wp-container-core-columns-is-layout-9d6595d7 wp-block-columns-is-layout-flex\">\n<div class=\"wp-block-column is-layout-flow wp-block-column-is-layout-flow\">\n<h2 class=\"wp-block-heading\">Merkmale der Custom Spouted Pouches<\/h2>\n\n\n\n<ul class=\"wp-block-list\">\n<li><strong>Mehrschichtiger, hochfester Aufbau f\u00fcr die sichere Verpackung von Fl\u00fcssigkeiten:<\/strong> Unsere ma\u00dfgefertigten Beutel mit Ausgie\u00dfer werden aus PET12\/AL7\/PE60-Verbundmaterial hergestellt, das dehnungsbest\u00e4ndig und auslaufsicher ist und sich f\u00fcr K\u00f6rperpflegeprodukte eignet.<\/li>\n\n\n\n<li><strong>D\u00fcse + Seitendichtung, gute Gebrauchserfahrung: <\/strong>Die Struktur dieses flexiblen OEM-Beutels f\u00fcr K\u00f6rperpflegeprodukte l\u00e4sst sich leicht auspressen und verwenden.<\/li>\n\n\n\n<li><strong>Kompakte Verpackung:<\/strong> Unsere ma\u00dfgefertigten Beutel mit Ausgie\u00dfer sind kompakt und stilvoll, so dass sie beim Ausgehen leicht zu tragen sind und nur wenig Platz ben\u00f6tigen. Sie sind perfekt f\u00fcr Reisen.<\/li>\n\n\n\n<li><strong>Unterst\u00fctzt kundenspezifische Druck- und Gr\u00f6\u00dfenangaben:<\/strong> Diese Fabrik OEM flexiblen Beutel f\u00fcr K\u00f6rperpflege Ausgie\u00dfer Beutel kann das Muster, Logo, Gr\u00f6\u00dfe und T\u00fclle Position nach Kundenwunsch anpassen, um OEM \/ ODM-Projekte zu erf\u00fcllen.<\/li>\n\n\n\n<li><strong>Geeignet f\u00fcr eine Vielzahl von K\u00f6rperpflegeprodukten: <\/strong>Unsere ma\u00dfgefertigten T\u00fcllenbeutel eignen sich f\u00fcr die Verpackung von K\u00f6rperpflegeprodukten wie Shampoo, Sp\u00fclung, Duschgel usw. und sind in Superm\u00e4rkten und Sch\u00f6nheitskan\u00e4len weit verbreitet.<\/li>\n<\/ul>\n\n\n\n<div class=\"wp-block-columns is-layout-flex wp-container-core-columns-is-layout-9d6595d7 wp-block-columns-is-layout-flex\">\n<div class=\"wp-block-column is-layout-flow wp-block-column-is-layout-flow\">\n<figure class=\"wp-block-image size-full\"><img decoding=\"async\" width=\"750\" height=\"750\" src=\"https:\/\/www.stanleypackage.com\/wp-content\/uploads\/2025\/11\/Custom-Spout-Pouch-Bags-Wholesale-Personal-Care-Spout-Pouch.webp\" alt=\"\" class=\"wp-image-3724\" srcset=\"https:\/\/www.stanleypackage.com\/wp-content\/uploads\/2025\/11\/Custom-Spout-Pouch-Bags-Wholesale-Personal-Care-Spout-Pouch.webp 750w, https:\/\/www.stanleypackage.com\/wp-content\/uploads\/2025\/11\/Custom-Spout-Pouch-Bags-Wholesale-Personal-Care-Spout-Pouch-300x300.webp 300w, https:\/\/www.stanleypackage.com\/wp-content\/uploads\/2025\/11\/Custom-Spout-Pouch-Bags-Wholesale-Personal-Care-Spout-Pouch-150x150.webp 150w, https:\/\/www.stanleypackage.com\/wp-content\/uploads\/2025\/11\/Custom-Spout-Pouch-Bags-Wholesale-Personal-Care-Spout-Pouch-12x12.webp 12w, https:\/\/www.stanleypackage.com\/wp-content\/uploads\/2025\/11\/Custom-Spout-Pouch-Bags-Wholesale-Personal-Care-Spout-Pouch-600x600.webp 600w, https:\/\/www.stanleypackage.com\/wp-content\/uploads\/2025\/11\/Custom-Spout-Pouch-Bags-Wholesale-Personal-Care-Spout-Pouch-100x100.webp 100w\" sizes=\"(max-width: 750px) 100vw, 750px\" \/><\/figure>\n<\/div>\n\n\n\n<div class=\"wp-block-column is-layout-flow wp-block-column-is-layout-flow\">\n<figure class=\"wp-block-image size-full\"><img decoding=\"async\" width=\"750\" height=\"750\" src=\"https:\/\/www.stanleypackage.com\/wp-content\/uploads\/2025\/11\/Custom-Spout-Pouch-Bags-Wholesale-Personal-Care-Spout-Pouch-6.webp\" alt=\"\" class=\"wp-image-3725\" srcset=\"https:\/\/www.stanleypackage.com\/wp-content\/uploads\/2025\/11\/Custom-Spout-Pouch-Bags-Wholesale-Personal-Care-Spout-Pouch-6.webp 750w, https:\/\/www.stanleypackage.com\/wp-content\/uploads\/2025\/11\/Custom-Spout-Pouch-Bags-Wholesale-Personal-Care-Spout-Pouch-6-300x300.webp 300w, https:\/\/www.stanleypackage.com\/wp-content\/uploads\/2025\/11\/Custom-Spout-Pouch-Bags-Wholesale-Personal-Care-Spout-Pouch-6-150x150.webp 150w, https:\/\/www.stanleypackage.com\/wp-content\/uploads\/2025\/11\/Custom-Spout-Pouch-Bags-Wholesale-Personal-Care-Spout-Pouch-6-12x12.webp 12w, https:\/\/www.stanleypackage.com\/wp-content\/uploads\/2025\/11\/Custom-Spout-Pouch-Bags-Wholesale-Personal-Care-Spout-Pouch-6-600x600.webp 600w, https:\/\/www.stanleypackage.com\/wp-content\/uploads\/2025\/11\/Custom-Spout-Pouch-Bags-Wholesale-Personal-Care-Spout-Pouch-6-100x100.webp 100w\" sizes=\"(max-width: 750px) 100vw, 750px\" \/><\/figure>\n<\/div>\n<\/div>\n<\/div>\n<\/div>\n\n\n\n<p><\/p>","protected":false},"excerpt":{"rendered":"<p>Willkommen zum Kauf von kundenspezifischen Beuteln mit Ausgie\u00dfer. Unsere Fabrik OEM flexible Beutel f\u00fcr Anti-Transpirant Deodorant unterst\u00fctzt eine Vielzahl von Drucktechniken, perfekt passend zu Ihrer Markenidentit\u00e4t.<\/p>\n<table style=\"border-collapse: collapse; width: 334.02pt;\" border=\"0\" width=\"334\" cellspacing=\"0\" cellpadding=\"0\">\n<tbody>\n<tr style=\"height: 16.00pt;\">\n<td class=\"et2\" style=\"height: 16.00pt; width: 97.50pt;\" width=\"97\" height=\"16\">Hersteller<\/td>\n<td class=\"et2\" style=\"width: 236.80pt;\" width=\"236\">Stanley<\/td>\n<\/tr>\n<tr style=\"height: 16.00pt;\">\n<td class=\"et2\" style=\"height: 16.00pt; width: 97.50pt;\" width=\"97\" height=\"16\">Arten von Beuteln<\/td>\n<td class=\"et3\">Ausgie\u00dferbeutel<\/td>\n<\/tr>\n<tr style=\"height: 16.00pt;\">\n<td class=\"et2\" style=\"height: 16.00pt; width: 97.50pt;\" width=\"97\" height=\"16\">Material<\/td>\n<td class=\"et2\" style=\"width: 236.80pt;\" width=\"236\">PET12\/AL7\/PE60<\/td>\n<\/tr>\n<tr style=\"height: 16.00pt;\">\n<td class=\"et2\" style=\"height: 16.00pt; width: 97.50pt;\" width=\"97\" height=\"16\">Besonderes Merkmal<\/td>\n<td class=\"et2\" style=\"width: 236.80pt;\" width=\"236\">Ausguss, Seitendichtung, selbststehender Boden<\/td>\n<\/tr>\n<tr style=\"height: 16.00pt;\">\n<td class=\"et2\" style=\"height: 16.00pt; width: 97.50pt;\" width=\"97\" height=\"16\">Handhabung der Oberfl\u00e4che<\/td>\n<td class=\"et2\" style=\"width: 236.80pt;\" width=\"236\">Tiefdruck<\/td>\n<\/tr>\n<tr style=\"height: 16.00pt;\">\n<td class=\"et2\" style=\"height: 16.00pt; width: 97.50pt;\" width=\"97\" height=\"16\">Farbe<\/td>\n<td class=\"et2\" style=\"width: 236.80pt;\" width=\"236\">Bis zu 10 Farben<\/td>\n<\/tr>\n<tr style=\"height: 16.00pt;\">\n<td class=\"et2\" style=\"height: 16.00pt; width: 97.50pt;\" width=\"97\" height=\"16\">Verwendung<\/td>\n<td>Shampoo, Duschgel, Creme, Lotion<\/td>\n<\/tr>\n<tr style=\"height: 16.00pt;\">\n<td class=\"et2\" style=\"height: 16.00pt; width: 97.50pt;\" width=\"97\" height=\"16\">MOQ<\/td>\n<td class=\"et2\" style=\"width: 236.80pt;\" width=\"236\">50.000 St\u00fcck<\/td>\n<\/tr>\n<tr style=\"height: 16.00pt;\">\n<td class=\"et2\" style=\"height: 16.00pt; width: 97.50pt;\" width=\"97\" height=\"16\">Individuelle Bestellung<\/td>\n<td class=\"et2\" style=\"width: 236.80pt;\" width=\"236\">Akzeptieren Sie OEM &amp; ODM, unterst\u00fctzen Sie freie Probe<\/td>\n<\/tr>\n<\/tbody>\n<\/table>","protected":false},"featured_media":3726,"comment_status":"closed","ping_status":"closed","template":"","meta":{"_acf_changed":false},"product_brand":[],"product_cat":[32],"product_tag":[],"class_list":{"0":"post-3719","1":"product","2":"type-product","3":"status-publish","4":"has-post-thumbnail","6":"product_cat-spout-pouch-manufacturer","7":"pa_non-food-packaging-cosmetic-packaging-pouches","9":"first","10":"instock","11":"shipping-taxable","12":"product-type-simple"},"acf":[],"_links":{"self":[{"href":"https:\/\/www.stanleypackage.com\/de\/wp-json\/wp\/v2\/product\/3719","targetHints":{"allow":["GET"]}}],"collection":[{"href":"https:\/\/www.stanleypackage.com\/de\/wp-json\/wp\/v2\/product"}],"about":[{"href":"https:\/\/www.stanleypackage.com\/de\/wp-json\/wp\/v2\/types\/product"}],"replies":[{"embeddable":true,"href":"https:\/\/www.stanleypackage.com\/de\/wp-json\/wp\/v2\/comments?post=3719"}],"wp:featuredmedia":[{"embeddable":true,"href":"https:\/\/www.stanleypackage.com\/de\/wp-json\/wp\/v2\/media\/3726"}],"wp:attachment":[{"href":"https:\/\/www.stanleypackage.com\/de\/wp-json\/wp\/v2\/media?parent=3719"}],"wp:term":[{"taxonomy":"product_brand","embeddable":true,"href":"https:\/\/www.stanleypackage.com\/de\/wp-json\/wp\/v2\/product_brand?post=3719"},{"taxonomy":"product_cat","embeddable":true,"href":"https:\/\/www.stanleypackage.com\/de\/wp-json\/wp\/v2\/product_cat?post=3719"},{"taxonomy":"product_tag","embeddable":true,"href":"https:\/\/www.stanleypackage.com\/de\/wp-json\/wp\/v2\/product_tag?post=3719"}],"curies":[{"name":"wp","href":"https:\/\/api.w.org\/{rel}","templated":true}]}}