{"id":3731,"date":"2025-11-15T01:08:49","date_gmt":"2025-11-15T01:08:49","guid":{"rendered":"https:\/\/www.stanleypackage.com\/?post_type=product&#038;p=3731"},"modified":"2025-11-15T01:08:56","modified_gmt":"2025-11-15T01:08:56","slug":"custom-print-coffee-bags","status":"publish","type":"product","link":"https:\/\/www.stanleypackage.com\/de\/product\/custom-print-coffee-bags\/","title":{"rendered":"Individuell bedruckte Kaffees\u00e4cke, Flachbodenbeutel f\u00fcr Instantkaffee"},"content":{"rendered":"<div class=\"wp-block-columns is-layout-flex wp-container-core-columns-is-layout-9d6595d7 wp-block-columns-is-layout-flex\">\n<div class=\"wp-block-column is-layout-flow wp-block-column-is-layout-flow\">\n<h2 class=\"wp-block-heading\">Merkmale von individuell bedruckten Kaffeebeuteln<\/h2>\n\n\n\n<ul class=\"wp-block-list\">\n<li><strong>3D-Seitenkantengestaltung: <\/strong>Die Seite unserer individuell bedruckten Kaffees\u00e4cke hat ein 3D-Design, wodurch unsere Verpackungen dreidimensionaler und sch\u00f6ner aussehen und so die Aufmerksamkeit der Kunden auf sich ziehen.<\/li>\n\n\n\n<li><strong>Stabiles Bodendesign:<\/strong> Diese Gro\u00dfhandels-Flachbodenbeutel sorgen f\u00fcr einen stabilen Stand in Regalen oder auf Theken und verbessern das Erscheinungsbild der Regale bei gleichzeitiger Maximierung der internen Kapazit\u00e4t.<\/li>\n\n\n\n<li><strong>Leicht abrei\u00dfbares Design:<\/strong> Unsere individuell bedruckten Kaffees\u00e4cke sind mit einer leicht zu \u00f6ffnenden Kerbe versehen, die das \u00d6ffnen durch den Verbraucher erleichtert.<\/li>\n\n\n\n<li><strong>Unterst\u00fctzung der Gr\u00f6\u00dfen- und Markenanpassung:\u00a0<\/strong>Unsere Gro\u00dfhandels-Flachbodenbeutel k\u00f6nnen in Gr\u00f6\u00dfe, Druckmuster und Beuteltyp-Details je nach Produktanforderungen angepasst werden, um eine einzigartige Verpackungsl\u00f6sung f\u00fcr die Marke zu schaffen.<\/li>\n\n\n\n<li><strong>Besondere Form und besondere Wirkung: <\/strong>Unsere individuell bedruckten Kaffees\u00e4cke im Gro\u00dfhandel bieten die M\u00f6glichkeit, die Form der S\u00e4cke sowie die Druckeffekte, wie UV, matt, gl\u00e4nzend, etc. anzupassen.<\/li>\n<\/ul>\n\n\n\n<div class=\"wp-block-columns is-layout-flex wp-container-core-columns-is-layout-9d6595d7 wp-block-columns-is-layout-flex\">\n<div class=\"wp-block-column is-layout-flow wp-block-column-is-layout-flow\">\n<figure class=\"wp-block-image size-full\"><img decoding=\"async\" width=\"750\" height=\"750\" src=\"https:\/\/www.stanleypackage.com\/wp-content\/uploads\/2025\/11\/Custom-Instant-Coffee-Packaging-Pouch-Wholesale-8-Side-Seal-Box-Bottom-Pouch-7.webp\" alt=\"Individuell bedruckte Kaffees\u00e4cke, Flachbodenbeutel f\u00fcr Instantkaffee\" class=\"wp-image-3734\" srcset=\"https:\/\/www.stanleypackage.com\/wp-content\/uploads\/2025\/11\/Custom-Instant-Coffee-Packaging-Pouch-Wholesale-8-Side-Seal-Box-Bottom-Pouch-7.webp 750w, https:\/\/www.stanleypackage.com\/wp-content\/uploads\/2025\/11\/Custom-Instant-Coffee-Packaging-Pouch-Wholesale-8-Side-Seal-Box-Bottom-Pouch-7-300x300.webp 300w, https:\/\/www.stanleypackage.com\/wp-content\/uploads\/2025\/11\/Custom-Instant-Coffee-Packaging-Pouch-Wholesale-8-Side-Seal-Box-Bottom-Pouch-7-150x150.webp 150w, https:\/\/www.stanleypackage.com\/wp-content\/uploads\/2025\/11\/Custom-Instant-Coffee-Packaging-Pouch-Wholesale-8-Side-Seal-Box-Bottom-Pouch-7-12x12.webp 12w, https:\/\/www.stanleypackage.com\/wp-content\/uploads\/2025\/11\/Custom-Instant-Coffee-Packaging-Pouch-Wholesale-8-Side-Seal-Box-Bottom-Pouch-7-600x600.webp 600w, https:\/\/www.stanleypackage.com\/wp-content\/uploads\/2025\/11\/Custom-Instant-Coffee-Packaging-Pouch-Wholesale-8-Side-Seal-Box-Bottom-Pouch-7-100x100.webp 100w\" sizes=\"(max-width: 750px) 100vw, 750px\" \/><\/figure>\n<\/div>\n\n\n\n<div class=\"wp-block-column is-layout-flow wp-block-column-is-layout-flow\">\n<figure class=\"wp-block-image size-full\"><img decoding=\"async\" width=\"750\" height=\"750\" src=\"https:\/\/www.stanleypackage.com\/wp-content\/uploads\/2025\/11\/Custom-Instant-Coffee-Packaging-Pouch-Wholesale-8-Side-Seal-Box-Bottom-Pouch.webp\" alt=\"\" class=\"wp-image-3733\" srcset=\"https:\/\/www.stanleypackage.com\/wp-content\/uploads\/2025\/11\/Custom-Instant-Coffee-Packaging-Pouch-Wholesale-8-Side-Seal-Box-Bottom-Pouch.webp 750w, https:\/\/www.stanleypackage.com\/wp-content\/uploads\/2025\/11\/Custom-Instant-Coffee-Packaging-Pouch-Wholesale-8-Side-Seal-Box-Bottom-Pouch-300x300.webp 300w, https:\/\/www.stanleypackage.com\/wp-content\/uploads\/2025\/11\/Custom-Instant-Coffee-Packaging-Pouch-Wholesale-8-Side-Seal-Box-Bottom-Pouch-150x150.webp 150w, https:\/\/www.stanleypackage.com\/wp-content\/uploads\/2025\/11\/Custom-Instant-Coffee-Packaging-Pouch-Wholesale-8-Side-Seal-Box-Bottom-Pouch-12x12.webp 12w, https:\/\/www.stanleypackage.com\/wp-content\/uploads\/2025\/11\/Custom-Instant-Coffee-Packaging-Pouch-Wholesale-8-Side-Seal-Box-Bottom-Pouch-600x600.webp 600w, https:\/\/www.stanleypackage.com\/wp-content\/uploads\/2025\/11\/Custom-Instant-Coffee-Packaging-Pouch-Wholesale-8-Side-Seal-Box-Bottom-Pouch-100x100.webp 100w\" sizes=\"(max-width: 750px) 100vw, 750px\" \/><\/figure>\n<\/div>\n<\/div>\n<\/div>\n<\/div>","protected":false},"excerpt":{"rendered":"<p>Willkommen zu bestellen benutzerdefinierte Druck Kaffeetaschen. Unsere Gro\u00dfhandel flachen Boden Beutel f\u00fcr Instant-Kaffee verf\u00fcgen \u00fcber eine leicht zu rei\u00dfen Kerbe, unterst\u00fctzen besondere Form und Marke Anpassung.<\/p>\n<table style=\"border-collapse: collapse; width: 365.02pt;\" border=\"0\" width=\"365\" cellspacing=\"0\" cellpadding=\"0\">\n<tbody>\n<tr style=\"height: 16.00pt;\">\n<td class=\"et2\" style=\"height: 16.00pt; width: 97.50pt;\" width=\"97\" height=\"16\">Hersteller<\/td>\n<td class=\"et2\" style=\"width: 267.50pt;\" width=\"267\">Stanley<\/td>\n<\/tr>\n<tr style=\"height: 16.00pt;\">\n<td class=\"et2\" style=\"height: 16.00pt; width: 97.50pt;\" width=\"97\" height=\"16\">Arten von Beuteln<\/td>\n<td class=\"et2\" style=\"width: 267.50pt;\" width=\"267\">8 Flache Bodentasche mit Seitensiegel<\/td>\n<\/tr>\n<tr style=\"height: 31.00pt;\">\n<td class=\"et2\" style=\"height: 31.00pt; width: 97.50pt;\" width=\"97\" height=\"31\">Material<\/td>\n<td class=\"et2\" style=\"width: 267.50pt;\" width=\"267\">PET12\/wei\u00dfes Kraftpapier 50g\/PE60 Ultra-Niedrigtemperatur<\/td>\n<\/tr>\n<tr style=\"height: 16.00pt;\">\n<td class=\"et2\" style=\"height: 16.00pt; width: 97.50pt;\" width=\"97\" height=\"16\">Besonderes Merkmal<\/td>\n<td class=\"et2\" style=\"width: 267.50pt;\" width=\"267\">8 Seitendichtung, Aufrei\u00dfkerbe,\u00a0<\/td>\n<\/tr>\n<tr style=\"height: 16.00pt;\">\n<td class=\"et2\" style=\"height: 16.00pt; width: 97.50pt;\" width=\"97\" height=\"16\">Handhabung der Oberfl\u00e4che<\/td>\n<td class=\"et2\" style=\"width: 267.50pt;\" width=\"267\">Tiefdruck<\/td>\n<\/tr>\n<tr style=\"height: 16.00pt;\">\n<td class=\"et2\" style=\"height: 16.00pt; width: 97.50pt;\" width=\"97\" height=\"16\">Farbe<\/td>\n<td class=\"et2\" style=\"width: 267.50pt;\" width=\"267\">Bis zu 10 Farben<\/td>\n<\/tr>\n<tr style=\"height: 16.00pt;\">\n<td class=\"et2\" style=\"height: 16.00pt; width: 97.50pt;\" width=\"97\" height=\"16\">Verwendung<\/td>\n<td class=\"et2\" style=\"width: 267.50pt;\" width=\"267\">Kaffee\u3001Snack\u3001Brot<\/td>\n<\/tr>\n<tr style=\"height: 16.00pt;\">\n<td class=\"et2\" style=\"height: 16.00pt; width: 97.50pt;\" width=\"97\" height=\"16\">MOQ<\/td>\n<td class=\"et2\" style=\"width: 267.50pt;\" width=\"267\">50.000 St\u00fcck<\/td>\n<\/tr>\n<tr style=\"height: 16.00pt;\">\n<td class=\"et2\" style=\"height: 16.00pt; width: 97.50pt;\" width=\"97\" height=\"16\">Individuelle Bestellung<\/td>\n<td class=\"et2\" style=\"width: 267.50pt;\" width=\"267\">OEM-Support akzeptieren Kostenloses Muster<\/td>\n<\/tr>\n<\/tbody>\n<\/table>","protected":false},"featured_media":3732,"comment_status":"closed","ping_status":"closed","template":"","meta":{"_acf_changed":false},"product_brand":[],"product_cat":[24],"product_tag":[],"class_list":{"0":"post-3731","1":"product","2":"type-product","3":"status-publish","4":"has-post-thumbnail","6":"product_cat-flat-bottom-pouch-manufacturer","7":"pa_food-packaging-coffee-packaging-pouch","9":"first","10":"instock","11":"shipping-taxable","12":"product-type-simple"},"acf":[],"_links":{"self":[{"href":"https:\/\/www.stanleypackage.com\/de\/wp-json\/wp\/v2\/product\/3731","targetHints":{"allow":["GET"]}}],"collection":[{"href":"https:\/\/www.stanleypackage.com\/de\/wp-json\/wp\/v2\/product"}],"about":[{"href":"https:\/\/www.stanleypackage.com\/de\/wp-json\/wp\/v2\/types\/product"}],"replies":[{"embeddable":true,"href":"https:\/\/www.stanleypackage.com\/de\/wp-json\/wp\/v2\/comments?post=3731"}],"wp:featuredmedia":[{"embeddable":true,"href":"https:\/\/www.stanleypackage.com\/de\/wp-json\/wp\/v2\/media\/3732"}],"wp:attachment":[{"href":"https:\/\/www.stanleypackage.com\/de\/wp-json\/wp\/v2\/media?parent=3731"}],"wp:term":[{"taxonomy":"product_brand","embeddable":true,"href":"https:\/\/www.stanleypackage.com\/de\/wp-json\/wp\/v2\/product_brand?post=3731"},{"taxonomy":"product_cat","embeddable":true,"href":"https:\/\/www.stanleypackage.com\/de\/wp-json\/wp\/v2\/product_cat?post=3731"},{"taxonomy":"product_tag","embeddable":true,"href":"https:\/\/www.stanleypackage.com\/de\/wp-json\/wp\/v2\/product_tag?post=3731"}],"curies":[{"name":"wp","href":"https:\/\/api.w.org\/{rel}","templated":true}]}}