{"id":3771,"date":"2025-11-15T01:27:02","date_gmt":"2025-11-15T01:27:02","guid":{"rendered":"https:\/\/www.stanleypackage.com\/?post_type=product&#038;p=3771"},"modified":"2025-11-15T01:27:10","modified_gmt":"2025-11-15T01:27:10","slug":"three-side-seal-pouches-with-zipper","status":"publish","type":"product","link":"https:\/\/www.stanleypackage.com\/de\/product\/three-side-seal-pouches-with-zipper\/","title":{"rendered":"Benutzerdefinierte Drei-Seiten-Siegel-Beutel mit Rei\u00dfverschluss Gro\u00dfhandel Versorgung"},"content":{"rendered":"<div class=\"wp-block-columns is-layout-flex wp-container-core-columns-is-layout-9d6595d7 wp-block-columns-is-layout-flex\">\n<div class=\"wp-block-column is-layout-flow wp-block-column-is-layout-flow\">\n<h2 class=\"wp-block-heading\">Merkmale der Custom Three Side Seal Pouches mit Rei\u00dfverschluss<\/h2>\n\n\n\n<ul class=\"wp-block-list\">\n<li><strong>Dicht versiegelte Kanten:<\/strong>\u00a0Die Kanten unserer kundenspezifischen Dreiseitensiegelbeutel mit Rei\u00dfverschluss sind dicht, glatt und attraktiv, und sie neigen nicht zu Rissen.<\/li>\n\n\n\n<li><strong>Flexible Anpassung:<\/strong> Unsere Gro\u00dfhandels-OEM-Flachbeutel bieten umfassende Anpassungsm\u00f6glichkeiten in Bezug auf Beutelgr\u00f6\u00dfe, Fassungsverm\u00f6gen, Grafik und Aufdruck und erf\u00fcllen die Verpackungsanforderungen verschiedener Marken und Produkte.<\/li>\n\n\n\n<li><strong>Leicht abrei\u00dfbares Design:<\/strong> Diese benutzerdefinierten Dreiseitensiegelbeutel mit Rei\u00dfverschluss f\u00fcr den t\u00e4glichen Gebrauch haben Aufrei\u00dfkerben, die die Verpackung leicht aufrei\u00dfen k\u00f6nnen, das \u00d6ffnen erleichtern und die Benutzererfahrung verbessern.<\/li>\n\n\n\n<li><strong>Versiegelte Rei\u00dfverschlussstruktur:<\/strong> Unsere OEM-Gro\u00dfhandels-Lay-Flat-Beutel mit Rei\u00dfverschl\u00fcssen unterst\u00fctzen mehrere \u00d6ffnungen und Verschl\u00fcsse und sind f\u00fcr den t\u00e4glichen tragbaren Verbrauch geeignet.<\/li>\n\n\n\n<li><strong>Geeignet f\u00fcr verschiedene Snacks:<\/strong> Diese kundenspezifischen Dreiseiten-Verschlussbeutel mit Rei\u00dfverschluss eignen sich hervorragend f\u00fcr verschiedene chemische Verpackungen des t\u00e4glichen Bedarfs wie Gesichtsmasken, Hautpflege, Fl\u00fcssigseife, Shampoo usw.<\/li>\n<\/ul>\n\n\n\n<div class=\"wp-block-columns is-layout-flex wp-container-core-columns-is-layout-9d6595d7 wp-block-columns-is-layout-flex\">\n<div class=\"wp-block-column is-layout-flow wp-block-column-is-layout-flow\">\n<figure class=\"wp-block-image size-full\"><img decoding=\"async\" width=\"750\" height=\"750\" src=\"https:\/\/www.stanleypackage.com\/wp-content\/uploads\/2025\/11\/Custom-Daily-Chemical-Bags-With-Zipper-Wholesale-OEM-3-Side-Seal-Pouches-5.webp\" alt=\"\" class=\"wp-image-3772\" srcset=\"https:\/\/www.stanleypackage.com\/wp-content\/uploads\/2025\/11\/Custom-Daily-Chemical-Bags-With-Zipper-Wholesale-OEM-3-Side-Seal-Pouches-5.webp 750w, https:\/\/www.stanleypackage.com\/wp-content\/uploads\/2025\/11\/Custom-Daily-Chemical-Bags-With-Zipper-Wholesale-OEM-3-Side-Seal-Pouches-5-300x300.webp 300w, https:\/\/www.stanleypackage.com\/wp-content\/uploads\/2025\/11\/Custom-Daily-Chemical-Bags-With-Zipper-Wholesale-OEM-3-Side-Seal-Pouches-5-150x150.webp 150w, https:\/\/www.stanleypackage.com\/wp-content\/uploads\/2025\/11\/Custom-Daily-Chemical-Bags-With-Zipper-Wholesale-OEM-3-Side-Seal-Pouches-5-12x12.webp 12w, https:\/\/www.stanleypackage.com\/wp-content\/uploads\/2025\/11\/Custom-Daily-Chemical-Bags-With-Zipper-Wholesale-OEM-3-Side-Seal-Pouches-5-600x600.webp 600w, https:\/\/www.stanleypackage.com\/wp-content\/uploads\/2025\/11\/Custom-Daily-Chemical-Bags-With-Zipper-Wholesale-OEM-3-Side-Seal-Pouches-5-100x100.webp 100w\" sizes=\"(max-width: 750px) 100vw, 750px\" \/><\/figure>\n<\/div>\n\n\n\n<div class=\"wp-block-column is-layout-flow wp-block-column-is-layout-flow\">\n<figure class=\"wp-block-image size-full\"><img decoding=\"async\" width=\"750\" height=\"750\" src=\"https:\/\/www.stanleypackage.com\/wp-content\/uploads\/2025\/11\/Custom-Daily-Chemical-Bags-With-Zipper-Wholesale-OEM-3-Side-Seal-Pouches-6.webp\" alt=\"\" class=\"wp-image-3773\" srcset=\"https:\/\/www.stanleypackage.com\/wp-content\/uploads\/2025\/11\/Custom-Daily-Chemical-Bags-With-Zipper-Wholesale-OEM-3-Side-Seal-Pouches-6.webp 750w, https:\/\/www.stanleypackage.com\/wp-content\/uploads\/2025\/11\/Custom-Daily-Chemical-Bags-With-Zipper-Wholesale-OEM-3-Side-Seal-Pouches-6-300x300.webp 300w, https:\/\/www.stanleypackage.com\/wp-content\/uploads\/2025\/11\/Custom-Daily-Chemical-Bags-With-Zipper-Wholesale-OEM-3-Side-Seal-Pouches-6-150x150.webp 150w, https:\/\/www.stanleypackage.com\/wp-content\/uploads\/2025\/11\/Custom-Daily-Chemical-Bags-With-Zipper-Wholesale-OEM-3-Side-Seal-Pouches-6-12x12.webp 12w, https:\/\/www.stanleypackage.com\/wp-content\/uploads\/2025\/11\/Custom-Daily-Chemical-Bags-With-Zipper-Wholesale-OEM-3-Side-Seal-Pouches-6-600x600.webp 600w, https:\/\/www.stanleypackage.com\/wp-content\/uploads\/2025\/11\/Custom-Daily-Chemical-Bags-With-Zipper-Wholesale-OEM-3-Side-Seal-Pouches-6-100x100.webp 100w\" sizes=\"(max-width: 750px) 100vw, 750px\" \/><\/figure>\n<\/div>\n<\/div>\n<\/div>\n<\/div>","protected":false},"excerpt":{"rendered":"<p>Willkommen zu bestellen benutzerdefinierte drei Seite Dichtung Beutel mit Rei\u00dfverschluss. Unsere Gro\u00dfhandel OEM legen flache Beutel verf\u00fcgen \u00fcber einen Rei\u00dfverschluss und rei\u00dfen Kerbe, die speziell f\u00fcr Gesichtsmaske, Hautpflege, Fl\u00fcssigseife und andere t\u00e4gliche chemische Produkte entwickelt, um das Regal Display-Effekt des Produkts zu verbessern.<\/p>\n<table width=\"365\">\n<tbody>\n<tr>\n<td width=\"97\">Hersteller<\/td>\n<td width=\"267\">Stanley<\/td>\n<\/tr>\n<tr>\n<td width=\"97\">Arten von Beuteln<\/td>\n<td width=\"267\">3-seitiger Siegelbeutel, Zipper Pouch<\/td>\n<\/tr>\n<tr>\n<td width=\"97\">Material<\/td>\n<td width=\"267\">MOPP25\/PET12\/PE80<\/td>\n<\/tr>\n<tr>\n<td width=\"97\">Besonderes Merkmal<\/td>\n<td width=\"267\">\u00a0Rei\u00dfverschluss, Risskerbe<\/td>\n<\/tr>\n<tr>\n<td width=\"97\">Handhabung der Oberfl\u00e4che<\/td>\n<td width=\"267\">Tiefdruck<\/td>\n<\/tr>\n<tr>\n<td width=\"97\">Farbe<\/td>\n<td width=\"267\">Beidseitiger Druck, bis zu 10 Farben<\/td>\n<\/tr>\n<tr>\n<td width=\"97\">Verwendung<\/td>\n<td width=\"267\">Gesichtsmaske, Hautpflege, Fl\u00fcssigseife usw.<\/td>\n<\/tr>\n<tr>\n<td width=\"97\">MOQ<\/td>\n<td width=\"267\">50.000 St\u00fcck<\/td>\n<\/tr>\n<tr>\n<td width=\"97\">Individuelle Bestellung<\/td>\n<td width=\"267\">Akzeptieren Sie OEM, unterst\u00fctzen Sie die kostenlose Probe<\/td>\n<\/tr>\n<\/tbody>\n<\/table>","protected":false},"featured_media":3774,"comment_status":"closed","ping_status":"closed","template":"","meta":{"_acf_changed":false},"product_brand":[],"product_cat":[18,31,28],"product_tag":[],"class_list":{"0":"post-3771","1":"product","2":"type-product","3":"status-publish","4":"has-post-thumbnail","6":"product_cat-zipper-pouch-manufacturer","7":"product_cat-lay-flat-pouch-manufacturer","8":"product_cat-three-side-seal-pouch-manufacturer","9":"pa_non-food-packaging-cosmetic-packaging-pouches","10":"pa_non-food-packaging-soap-detergent-pouches","12":"first","13":"instock","14":"shipping-taxable","15":"product-type-simple"},"acf":[],"_links":{"self":[{"href":"https:\/\/www.stanleypackage.com\/de\/wp-json\/wp\/v2\/product\/3771","targetHints":{"allow":["GET"]}}],"collection":[{"href":"https:\/\/www.stanleypackage.com\/de\/wp-json\/wp\/v2\/product"}],"about":[{"href":"https:\/\/www.stanleypackage.com\/de\/wp-json\/wp\/v2\/types\/product"}],"replies":[{"embeddable":true,"href":"https:\/\/www.stanleypackage.com\/de\/wp-json\/wp\/v2\/comments?post=3771"}],"wp:featuredmedia":[{"embeddable":true,"href":"https:\/\/www.stanleypackage.com\/de\/wp-json\/wp\/v2\/media\/3774"}],"wp:attachment":[{"href":"https:\/\/www.stanleypackage.com\/de\/wp-json\/wp\/v2\/media?parent=3771"}],"wp:term":[{"taxonomy":"product_brand","embeddable":true,"href":"https:\/\/www.stanleypackage.com\/de\/wp-json\/wp\/v2\/product_brand?post=3771"},{"taxonomy":"product_cat","embeddable":true,"href":"https:\/\/www.stanleypackage.com\/de\/wp-json\/wp\/v2\/product_cat?post=3771"},{"taxonomy":"product_tag","embeddable":true,"href":"https:\/\/www.stanleypackage.com\/de\/wp-json\/wp\/v2\/product_tag?post=3771"}],"curies":[{"name":"wp","href":"https:\/\/api.w.org\/{rel}","templated":true}]}}