{"id":3794,"date":"2025-11-20T06:09:40","date_gmt":"2025-11-20T06:09:40","guid":{"rendered":"https:\/\/www.stanleypackage.com\/?post_type=product&#038;p=3794"},"modified":"2025-11-20T06:30:38","modified_gmt":"2025-11-20T06:30:38","slug":"custom-printed-doypack","status":"publish","type":"product","link":"https:\/\/www.stanleypackage.com\/de\/product\/custom-printed-doypack\/","title":{"rendered":"Individuell bedruckte Doypack mit Rei\u00dfverschluss, OEM-Getreide-Stand Beutel"},"content":{"rendered":"<div class=\"wp-block-columns is-layout-flex wp-container-core-columns-is-layout-9d6595d7 wp-block-columns-is-layout-flex\">\n<div class=\"wp-block-column is-layout-flow wp-block-column-is-layout-flow\">\n<h2 class=\"wp-block-heading\">Features of Custom Printed Doypack<\/h2>\n\n\n\n<ul class=\"wp-block-list\">\n<li><strong>Ultimative Frischekonservierung: <\/strong>This custom printed doypack is made with a PET\/AL\/PE composite material structure. The aluminum foil (AL) layer is in the middle and provides the best moisture, oxygen and light barrier protection, keeping cereals and snacks from softening or oxidizing, and maintaining their crisp texture and fresh flavor for quite some time.<\/li>\n\n\n\n<li><strong>Bequemes Wiederverschlie\u00dfen:<\/strong> Dieser OEM-Standbeutel mit Rei\u00dfverschluss l\u00e4sst sich leicht \u00f6ffnen und schlie\u00dfen und ist gut verschlie\u00dfbar. Die Verbraucher k\u00f6nnen ihn nach dem \u00d6ffnen jederzeit wieder verschlie\u00dfen, wodurch das Dilemma des Herausschleppens von Resten sofort gel\u00f6st wird, w\u00e4hrend er gleichzeitig Komfort bietet und Abfall reduziert.<\/li>\n\n\n\n<li><strong>Hervorragende Leistung im Regal: <\/strong>This unique custom printed doypack stands stably without support, offering a large display area. Supporting full-range custom printing in high-definition color, it fully showcases brand logos and product information, making it stand out on retail shelves and attracting consumer attention.<\/li>\n\n\n\n<li><strong>Stabil, stark und funktionell: <\/strong>Our OEM stand-up zipper pouches are made using a strong material that offers puncture and abrasion resistance. Reliability is guaranteed throughout filling and shipping, and ultimately through consumer use.<\/li>\n\n\n\n<li><strong>Benutzerfreundliches Design: <\/strong>Our custom printed doypack combines self-standing stability with an easy-tear opening for effortless and convenient pouring and unpacking, significantly enhancing the user experience and increasing product satisfaction.<\/li>\n<\/ul>\n\n\n\n<div class=\"wp-block-columns is-layout-flex wp-container-core-columns-is-layout-9d6595d7 wp-block-columns-is-layout-flex\">\n<div class=\"wp-block-column is-layout-flow wp-block-column-is-layout-flow\">\n<figure class=\"wp-block-image size-full\"><img decoding=\"async\" width=\"750\" height=\"750\" src=\"https:\/\/www.stanleypackage.com\/wp-content\/uploads\/2025\/11\/Moisture-Proof-Stand-Up-Zipper-Pouches-Wholesale-Packaging-Bag-for-Cereal-2.jpg\" alt=\"\" class=\"wp-image-3798\" srcset=\"https:\/\/www.stanleypackage.com\/wp-content\/uploads\/2025\/11\/Moisture-Proof-Stand-Up-Zipper-Pouches-Wholesale-Packaging-Bag-for-Cereal-2.jpg 750w, https:\/\/www.stanleypackage.com\/wp-content\/uploads\/2025\/11\/Moisture-Proof-Stand-Up-Zipper-Pouches-Wholesale-Packaging-Bag-for-Cereal-2-300x300.jpg 300w, https:\/\/www.stanleypackage.com\/wp-content\/uploads\/2025\/11\/Moisture-Proof-Stand-Up-Zipper-Pouches-Wholesale-Packaging-Bag-for-Cereal-2-150x150.jpg 150w, https:\/\/www.stanleypackage.com\/wp-content\/uploads\/2025\/11\/Moisture-Proof-Stand-Up-Zipper-Pouches-Wholesale-Packaging-Bag-for-Cereal-2-12x12.jpg 12w, https:\/\/www.stanleypackage.com\/wp-content\/uploads\/2025\/11\/Moisture-Proof-Stand-Up-Zipper-Pouches-Wholesale-Packaging-Bag-for-Cereal-2-600x600.jpg 600w, https:\/\/www.stanleypackage.com\/wp-content\/uploads\/2025\/11\/Moisture-Proof-Stand-Up-Zipper-Pouches-Wholesale-Packaging-Bag-for-Cereal-2-100x100.jpg 100w\" sizes=\"(max-width: 750px) 100vw, 750px\" \/><\/figure>\n<\/div>\n\n\n\n<div class=\"wp-block-column is-layout-flow wp-block-column-is-layout-flow\">\n<figure class=\"wp-block-image size-full\"><img decoding=\"async\" width=\"750\" height=\"750\" src=\"https:\/\/www.stanleypackage.com\/wp-content\/uploads\/2025\/11\/Moisture-Proof-Stand-Up-Zipper-Pouches-Wholesale-Packaging-Bag-for-Cereal-6.jpg\" alt=\"\" class=\"wp-image-3799\" srcset=\"https:\/\/www.stanleypackage.com\/wp-content\/uploads\/2025\/11\/Moisture-Proof-Stand-Up-Zipper-Pouches-Wholesale-Packaging-Bag-for-Cereal-6.jpg 750w, https:\/\/www.stanleypackage.com\/wp-content\/uploads\/2025\/11\/Moisture-Proof-Stand-Up-Zipper-Pouches-Wholesale-Packaging-Bag-for-Cereal-6-300x300.jpg 300w, https:\/\/www.stanleypackage.com\/wp-content\/uploads\/2025\/11\/Moisture-Proof-Stand-Up-Zipper-Pouches-Wholesale-Packaging-Bag-for-Cereal-6-150x150.jpg 150w, https:\/\/www.stanleypackage.com\/wp-content\/uploads\/2025\/11\/Moisture-Proof-Stand-Up-Zipper-Pouches-Wholesale-Packaging-Bag-for-Cereal-6-12x12.jpg 12w, https:\/\/www.stanleypackage.com\/wp-content\/uploads\/2025\/11\/Moisture-Proof-Stand-Up-Zipper-Pouches-Wholesale-Packaging-Bag-for-Cereal-6-600x600.jpg 600w, https:\/\/www.stanleypackage.com\/wp-content\/uploads\/2025\/11\/Moisture-Proof-Stand-Up-Zipper-Pouches-Wholesale-Packaging-Bag-for-Cereal-6-100x100.jpg 100w\" sizes=\"(max-width: 750px) 100vw, 750px\" \/><\/figure>\n<\/div>\n<\/div>\n<\/div>\n<\/div>\n\n\n\n<p><\/p>","protected":false},"excerpt":{"rendered":"<p>Welcome to order our custom printed doypack. This OEM stand-up zipper pouch is made specifically for dry foods like cereal and snacks. It is made from high-barrier materials so it offers great protection against moisture, oxygen and light.<\/p>\n<table width=\"365\">\n<tbody>\n<tr>\n<td width=\"97\">Hersteller<\/td>\n<td width=\"267\">Stanley<\/td>\n<\/tr>\n<tr>\n<td width=\"97\">Arten von Beuteln<\/td>\n<td width=\"267\">Stand Up Pouch, Zipper Pouch<\/td>\n<\/tr>\n<tr>\n<td width=\"97\">Material<\/td>\n<td width=\"267\">PET12\/AL7\/PE85<\/td>\n<\/tr>\n<tr>\n<td width=\"97\">Besonderes Merkmal<\/td>\n<td width=\"267\">Rei\u00dfverschluss, Risskerbe<\/td>\n<\/tr>\n<tr>\n<td width=\"97\">Handhabung der Oberfl\u00e4che<\/td>\n<td width=\"267\">Tiefdruck<\/td>\n<\/tr>\n<tr>\n<td width=\"97\">Farbe<\/td>\n<td width=\"267\">Beidseitiger Druck, bis zu 10 Farben<\/td>\n<\/tr>\n<tr>\n<td width=\"97\">Verwendung<\/td>\n<td width=\"267\">\u00a0candy, tea, nuts, jelly, etc.<\/td>\n<\/tr>\n<tr>\n<td width=\"97\">MOQ<\/td>\n<td width=\"267\">50.000 St\u00fcck<\/td>\n<\/tr>\n<tr>\n<td width=\"97\">Individuelle Bestellung<\/td>\n<td width=\"267\">Akzeptieren Sie OEM, unterst\u00fctzen Sie die kostenlose Probe<\/td>\n<\/tr>\n<\/tbody>\n<\/table>","protected":false},"featured_media":3800,"comment_status":"closed","ping_status":"closed","template":"","meta":{"_acf_changed":false},"product_brand":[],"product_cat":[30,18],"product_tag":[],"class_list":{"0":"post-3794","1":"product","2":"type-product","3":"status-publish","4":"has-post-thumbnail","6":"product_cat-stand-up-pouch-manufacturer","7":"product_cat-zipper-pouch-manufacturer","8":"pa_food-packaging-oatmeal-pouch","9":"pa_food-packaging-snack-food-pouch","11":"first","12":"instock","13":"shipping-taxable","14":"product-type-simple"},"acf":[],"_links":{"self":[{"href":"https:\/\/www.stanleypackage.com\/de\/wp-json\/wp\/v2\/product\/3794","targetHints":{"allow":["GET"]}}],"collection":[{"href":"https:\/\/www.stanleypackage.com\/de\/wp-json\/wp\/v2\/product"}],"about":[{"href":"https:\/\/www.stanleypackage.com\/de\/wp-json\/wp\/v2\/types\/product"}],"replies":[{"embeddable":true,"href":"https:\/\/www.stanleypackage.com\/de\/wp-json\/wp\/v2\/comments?post=3794"}],"wp:featuredmedia":[{"embeddable":true,"href":"https:\/\/www.stanleypackage.com\/de\/wp-json\/wp\/v2\/media\/3800"}],"wp:attachment":[{"href":"https:\/\/www.stanleypackage.com\/de\/wp-json\/wp\/v2\/media?parent=3794"}],"wp:term":[{"taxonomy":"product_brand","embeddable":true,"href":"https:\/\/www.stanleypackage.com\/de\/wp-json\/wp\/v2\/product_brand?post=3794"},{"taxonomy":"product_cat","embeddable":true,"href":"https:\/\/www.stanleypackage.com\/de\/wp-json\/wp\/v2\/product_cat?post=3794"},{"taxonomy":"product_tag","embeddable":true,"href":"https:\/\/www.stanleypackage.com\/de\/wp-json\/wp\/v2\/product_tag?post=3794"}],"curies":[{"name":"wp","href":"https:\/\/api.w.org\/{rel}","templated":true}]}}