{"id":3805,"date":"2025-11-20T06:38:43","date_gmt":"2025-11-20T06:38:43","guid":{"rendered":"https:\/\/www.stanleypackage.com\/?post_type=product&#038;p=3805"},"modified":"2025-11-20T06:38:49","modified_gmt":"2025-11-20T06:38:49","slug":"foil-pouches-wholesale","status":"publish","type":"product","link":"https:\/\/www.stanleypackage.com\/de\/product\/foil-pouches-wholesale\/","title":{"rendered":"Flachboden-Folienbeutel Gro\u00dfhandel, Getr\u00e4nke-Pulver-Verpackungen"},"content":{"rendered":"<div class=\"wp-block-columns is-layout-flex wp-container-core-columns-is-layout-9d6595d7 wp-block-columns-is-layout-flex\">\n<div class=\"wp-block-column is-layout-flow wp-block-column-is-layout-flow\">\n<h2 class=\"wp-block-heading\">Merkmale von Flachboden-Folienbeuteln Gro\u00dfhandel<\/h2>\n\n\n\n<ul class=\"wp-block-list\">\n<li><strong>Hervorragender Feuchtigkeits- und Frische-Schutz: <\/strong>Unsere kundenspezifischen Folienbeutel f\u00fcr den Gro\u00dfhandel verwenden mehrschichtige Verbundsubstrate und Aluminiumfolienschichten, um eine hervorragende Feuchtigkeits- und Sauerstoffbarriere zu gew\u00e4hrleisten. Dies verhindert, dass pulverf\u00f6rmige Produkte verklumpen oder oxidieren, so dass ihre Wirkstoffe und ihr frischer Geschmack bei langfristiger Verwendung intakt bleiben.<\/li>\n\n\n\n<li><strong>Stabile Flachboden-Standverpackung: <\/strong>Dank des einzigartigen Flachboden-Designs dieser OEM-Getr\u00e4nkepulver-Verpackungsbeutel stehen sie stabil aufrecht, sparen Platz im Regal und sind f\u00fcr die Verbraucher einfacher zu lagern und zug\u00e4nglich. Das Ausgie\u00dfen des Pulvers ist reibungslos und bequem, was die Benutzererfahrung erheblich verbessert.<\/li>\n\n\n\n<li><strong>Herausragende visuelle High-End-Pr\u00e4sentation: <\/strong>Unsere kundenspezifischen Folienbeutel f\u00fcr den Gro\u00dfhandel bieten einen atemberaubenden wei\u00df-gr\u00fcnen Farbverlauf und einen Digitaldruck, der Ihrer Verpackung ein frisches, professionelles und hochwertiges Aussehen verleiht, das die Aufmerksamkeit der Verbraucher auf sich zieht und Ihre Marke von der Konkurrenz abhebt.<\/li>\n\n\n\n<li><strong>Robust und pannensicher:<\/strong> Unsere OEM-Getr\u00e4nkepulververpackungen bestehen aus robustem Material mit guter Durchsto\u00df- und Abriebfestigkeit, um den Inhalt vom Transport \u00fcber die Lagerung bis zum Gebrauch zu sch\u00fctzen.<\/li>\n\n\n\n<li><strong>Hochwertige Wahl f\u00fcr den Gro\u00dfhandel:<\/strong> Diese kundenspezifischen Folienbeutel f\u00fcr den Gro\u00dfhandel bieten einen hohen Schutz durch Aluminiumfolie und ein verbessertes Aussehen zu einem g\u00fcnstigen Preis, was eine ausgezeichnete Wahl f\u00fcr Markeninhaber ist, die zu Gro\u00dfhandelsmengen und -preisen einkaufen m\u00fcssen.<\/li>\n<\/ul>\n\n\n\n<div class=\"wp-block-columns is-layout-flex wp-container-core-columns-is-layout-9d6595d7 wp-block-columns-is-layout-flex\">\n<div class=\"wp-block-column is-layout-flow wp-block-column-is-layout-flow\">\n<figure class=\"wp-block-image size-full\"><img decoding=\"async\" width=\"750\" height=\"750\" src=\"https:\/\/www.stanleypackage.com\/wp-content\/uploads\/2025\/11\/Food-Grade-Stand-Up-Pouch-With-Zipper-Wholesale-Custom-Drinks-Packaging-3.jpg\" alt=\"\" class=\"wp-image-3807\" srcset=\"https:\/\/www.stanleypackage.com\/wp-content\/uploads\/2025\/11\/Food-Grade-Stand-Up-Pouch-With-Zipper-Wholesale-Custom-Drinks-Packaging-3.jpg 750w, https:\/\/www.stanleypackage.com\/wp-content\/uploads\/2025\/11\/Food-Grade-Stand-Up-Pouch-With-Zipper-Wholesale-Custom-Drinks-Packaging-3-300x300.jpg 300w, https:\/\/www.stanleypackage.com\/wp-content\/uploads\/2025\/11\/Food-Grade-Stand-Up-Pouch-With-Zipper-Wholesale-Custom-Drinks-Packaging-3-150x150.jpg 150w, https:\/\/www.stanleypackage.com\/wp-content\/uploads\/2025\/11\/Food-Grade-Stand-Up-Pouch-With-Zipper-Wholesale-Custom-Drinks-Packaging-3-12x12.jpg 12w, https:\/\/www.stanleypackage.com\/wp-content\/uploads\/2025\/11\/Food-Grade-Stand-Up-Pouch-With-Zipper-Wholesale-Custom-Drinks-Packaging-3-600x600.jpg 600w, https:\/\/www.stanleypackage.com\/wp-content\/uploads\/2025\/11\/Food-Grade-Stand-Up-Pouch-With-Zipper-Wholesale-Custom-Drinks-Packaging-3-100x100.jpg 100w\" sizes=\"(max-width: 750px) 100vw, 750px\" \/><\/figure>\n<\/div>\n\n\n\n<div class=\"wp-block-column is-layout-flow wp-block-column-is-layout-flow\">\n<figure class=\"wp-block-image size-full\"><img decoding=\"async\" width=\"750\" height=\"750\" src=\"https:\/\/www.stanleypackage.com\/wp-content\/uploads\/2025\/11\/Food-Grade-Stand-Up-Pouch-With-Zipper-Wholesale-Custom-Drinks-Packaging-4.jpg\" alt=\"\" class=\"wp-image-3808\" srcset=\"https:\/\/www.stanleypackage.com\/wp-content\/uploads\/2025\/11\/Food-Grade-Stand-Up-Pouch-With-Zipper-Wholesale-Custom-Drinks-Packaging-4.jpg 750w, https:\/\/www.stanleypackage.com\/wp-content\/uploads\/2025\/11\/Food-Grade-Stand-Up-Pouch-With-Zipper-Wholesale-Custom-Drinks-Packaging-4-300x300.jpg 300w, https:\/\/www.stanleypackage.com\/wp-content\/uploads\/2025\/11\/Food-Grade-Stand-Up-Pouch-With-Zipper-Wholesale-Custom-Drinks-Packaging-4-150x150.jpg 150w, https:\/\/www.stanleypackage.com\/wp-content\/uploads\/2025\/11\/Food-Grade-Stand-Up-Pouch-With-Zipper-Wholesale-Custom-Drinks-Packaging-4-12x12.jpg 12w, https:\/\/www.stanleypackage.com\/wp-content\/uploads\/2025\/11\/Food-Grade-Stand-Up-Pouch-With-Zipper-Wholesale-Custom-Drinks-Packaging-4-600x600.jpg 600w, https:\/\/www.stanleypackage.com\/wp-content\/uploads\/2025\/11\/Food-Grade-Stand-Up-Pouch-With-Zipper-Wholesale-Custom-Drinks-Packaging-4-100x100.jpg 100w\" sizes=\"(max-width: 750px) 100vw, 750px\" \/><\/figure>\n<\/div>\n<\/div>\n<\/div>\n<\/div>\n\n\n\n<p><\/p>","protected":false},"excerpt":{"rendered":"<p>Willkommen bei OEM Getr\u00e4nkepulver Verpackungsbeutel zu bestellen. Diese benutzerdefinierten Folienbeutel Gro\u00dfhandel sind speziell f\u00fcr pulverf\u00f6rmige Erg\u00e4nzungen wie feste Getr\u00e4nkepulver und Proteinpulver konzipiert. Hergestellt mit einer hohen Barriere Verbundwerkstoff, bieten sie hervorragende Feuchtigkeit und Sauerstoff Schutz.<\/p>\n<table style=\"border-collapse: collapse; width: 365.02pt;\" border=\"0\" width=\"365\" cellspacing=\"0\" cellpadding=\"0\">\n<tbody>\n<tr style=\"height: 16.00pt;\">\n<td class=\"et2\" style=\"height: 16.00pt; width: 97.50pt;\" width=\"97\" height=\"16\">Hersteller<\/td>\n<td class=\"et2\" style=\"width: 267.50pt;\" width=\"267\">Stanley<\/td>\n<\/tr>\n<tr style=\"height: 16.00pt;\">\n<td class=\"et2\" style=\"height: 16.00pt; width: 97.50pt;\" width=\"97\" height=\"16\">Arten von Beuteln<\/td>\n<td class=\"et2\" style=\"width: 267.50pt;\" width=\"267\">8-Seiten-Siegel-Flachbodenbeutel, Zipper-Beutel<\/td>\n<\/tr>\n<tr style=\"height: 31.00pt;\">\n<td class=\"et2\" style=\"height: 31.00pt; width: 97.50pt;\" width=\"97\" height=\"31\">Material<\/td>\n<td class=\"et2\" style=\"width: 267.50pt;\" width=\"267\">Vorder- und R\u00fcckseite: MOPP25\/VMPET12\/PE105<br \/>Die Seiten: PET12\/VMPET12\/PE105<\/td>\n<\/tr>\n<tr style=\"height: 16.00pt;\">\n<td class=\"et2\" style=\"height: 16.00pt; width: 97.50pt;\" width=\"97\" height=\"16\">Besonderes Merkmal<\/td>\n<td class=\"et2\" style=\"width: 267.50pt;\" width=\"267\">Risskerbe, untere F\u00fcllung, Rei\u00dfverschluss<\/td>\n<\/tr>\n<tr style=\"height: 16.00pt;\">\n<td class=\"et2\" style=\"height: 16.00pt; width: 97.50pt;\" width=\"97\" height=\"16\">Handhabung der Oberfl\u00e4che<\/td>\n<td class=\"et2\" style=\"width: 267.50pt;\" width=\"267\">Tiefdruck<\/td>\n<\/tr>\n<tr style=\"height: 16.00pt;\">\n<td class=\"et2\" style=\"height: 16.00pt; width: 97.50pt;\" width=\"97\" height=\"16\">Farbe<\/td>\n<td class=\"et2\" style=\"width: 267.50pt;\" width=\"267\">Bis zu 10 Farben<\/td>\n<\/tr>\n<tr style=\"height: 16.00pt;\">\n<td class=\"et2\" style=\"height: 16.00pt; width: 97.50pt;\" width=\"97\" height=\"16\">Verwendung<\/td>\n<td class=\"et2\" style=\"width: 267.50pt;\" width=\"267\">Feste Getr\u00e4nke, Nahrungserg\u00e4nzungsmittel in Pulverform, Trockennahrungsmittel<\/td>\n<\/tr>\n<tr style=\"height: 16.00pt;\">\n<td class=\"et2\" style=\"height: 16.00pt; width: 97.50pt;\" width=\"97\" height=\"16\">MOQ<\/td>\n<td class=\"et2\" style=\"width: 267.50pt;\" width=\"267\">50.000 St\u00fcck<\/td>\n<\/tr>\n<tr style=\"height: 16.00pt;\">\n<td class=\"et2\" style=\"height: 16.00pt; width: 97.50pt;\" width=\"97\" height=\"16\">Individuelle Bestellung<\/td>\n<td class=\"et2\" style=\"width: 267.50pt;\" width=\"267\">OEM-Support akzeptieren Kostenloses Muster<\/td>\n<\/tr>\n<\/tbody>\n<\/table>","protected":false},"featured_media":3809,"comment_status":"closed","ping_status":"closed","template":"","meta":{"_acf_changed":false},"product_brand":[],"product_cat":[24,18],"product_tag":[],"class_list":{"0":"post-3805","1":"product","2":"type-product","3":"status-publish","4":"has-post-thumbnail","6":"product_cat-flat-bottom-pouch-manufacturer","7":"product_cat-zipper-pouch-manufacturer","8":"pa_food-packaging-food-powder-packaging","9":"pa_food-packaging-drink-beverage-pouch","11":"first","12":"instock","13":"shipping-taxable","14":"product-type-simple"},"acf":[],"_links":{"self":[{"href":"https:\/\/www.stanleypackage.com\/de\/wp-json\/wp\/v2\/product\/3805","targetHints":{"allow":["GET"]}}],"collection":[{"href":"https:\/\/www.stanleypackage.com\/de\/wp-json\/wp\/v2\/product"}],"about":[{"href":"https:\/\/www.stanleypackage.com\/de\/wp-json\/wp\/v2\/types\/product"}],"replies":[{"embeddable":true,"href":"https:\/\/www.stanleypackage.com\/de\/wp-json\/wp\/v2\/comments?post=3805"}],"wp:featuredmedia":[{"embeddable":true,"href":"https:\/\/www.stanleypackage.com\/de\/wp-json\/wp\/v2\/media\/3809"}],"wp:attachment":[{"href":"https:\/\/www.stanleypackage.com\/de\/wp-json\/wp\/v2\/media?parent=3805"}],"wp:term":[{"taxonomy":"product_brand","embeddable":true,"href":"https:\/\/www.stanleypackage.com\/de\/wp-json\/wp\/v2\/product_brand?post=3805"},{"taxonomy":"product_cat","embeddable":true,"href":"https:\/\/www.stanleypackage.com\/de\/wp-json\/wp\/v2\/product_cat?post=3805"},{"taxonomy":"product_tag","embeddable":true,"href":"https:\/\/www.stanleypackage.com\/de\/wp-json\/wp\/v2\/product_tag?post=3805"}],"curies":[{"name":"wp","href":"https:\/\/api.w.org\/{rel}","templated":true}]}}