{"id":3817,"date":"2025-11-20T06:52:29","date_gmt":"2025-11-20T06:52:29","guid":{"rendered":"https:\/\/www.stanleypackage.com\/?post_type=product&#038;p=3817"},"modified":"2025-11-20T06:52:36","modified_gmt":"2025-11-20T06:52:36","slug":"oem-snack-pouches","status":"publish","type":"product","link":"https:\/\/www.stanleypackage.com\/de\/product\/oem-snack-pouches\/","title":{"rendered":"Fabrik OEM Snack Beutel, benutzerdefinierte S\u00fc\u00dfigkeiten Verpackung Beutel"},"content":{"rendered":"<div class=\"wp-block-columns is-layout-flex wp-container-core-columns-is-layout-9d6595d7 wp-block-columns-is-layout-flex\">\n<div class=\"wp-block-column is-layout-flow wp-block-column-is-layout-flow\">\n<h2 class=\"wp-block-heading\">Merkmale von OEM-Snack-Beuteln<\/h2>\n\n\n\n<ul class=\"wp-block-list\">\n<li><strong>Transparente Anzeige zur Anregung des Konsums:<\/strong> Das durchsichtige Fenster dieser OEM-Snackbeutel erm\u00f6glicht es den Verbrauchern, das tats\u00e4chliche Aussehen der S\u00fc\u00dfigkeit oder des Snacks im Inneren zu sehen, ohne die Verpackung \u00f6ffnen zu m\u00fcssen, was Vertrauen schafft, den Kaufwunsch stimuliert und die Entscheidungszeit verk\u00fcrzt.<\/li>\n\n\n\n<li><strong>Ultimative Bequemlichkeit Benutzererfahrung: <\/strong>Unsere ma\u00dfgefertigten Verpackungsbeutel f\u00fcr S\u00fc\u00dfigkeiten kombinieren die Stabilit\u00e4t eines Standbodenbeutels mit dem einfachen \u00d6ffnen einer Aufrei\u00df\u00f6ffnung, was die Pr\u00e4sentation im Regal und den Zugang der Verbraucher erleichtert und die Benutzerfreundlichkeit erh\u00f6ht.<\/li>\n\n\n\n<li><strong>Starke Anziehungskraft im Regal: <\/strong>Unsere OEM-Snackbeutel unterst\u00fctzen den hochaufl\u00f6senden Druck mit bis zu 10 Farben, mit lebendigen und satten Farben, und das Aufh\u00e4ngeloch im Supermarkt sorgt daf\u00fcr, dass die Verpackung die Aufmerksamkeit der Verbraucher in einem \u00fcberf\u00fcllten Regal sicher auf sich zieht.<\/li>\n\n\n\n<li><strong>Zuverl\u00e4ssiger Materialschutz: <\/strong>Unsere ma\u00dfgefertigten Verpackungsbeutel f\u00fcr S\u00fc\u00dfigkeiten bestehen aus einem BOPP\/PET\/PE-Verbundmaterial, das einen hervorragenden Schutz vor Feuchtigkeit und eine lange Lebensdauer bietet. Diese Beutel eignen sich hervorragend, um den Inhalt vor den sch\u00e4dlichen Auswirkungen von Feuchtigkeit und unvorhersehbaren Umwelteinfl\u00fcssen zu sch\u00fctzen, damit die Knusprigkeit und Frische des Snacks erhalten bleibt.<\/li>\n\n\n\n<li><strong>Direkte Kosten-Wirksamkeit im Werk: <\/strong>Wir bieten einen One-Stop-Service vom Design bis zur Produktion von OEM-Snackbeuteln, damit Sie hochwertige, multifunktionale Verpackungen zu wettbewerbsf\u00e4higen Gro\u00dfhandelspreisen erhalten.<\/li>\n<\/ul>\n\n\n\n<div class=\"wp-block-columns is-layout-flex wp-container-core-columns-is-layout-9d6595d7 wp-block-columns-is-layout-flex\">\n<div class=\"wp-block-column is-layout-flow wp-block-column-is-layout-flow\">\n<figure class=\"wp-block-image size-full\"><img decoding=\"async\" width=\"750\" height=\"750\" src=\"https:\/\/www.stanleypackage.com\/wp-content\/uploads\/2025\/11\/Custom-Candy-Packaging-Bags-Wholesale-Stand-Up-Pouch-Of-Snack.jpg\" alt=\"\" class=\"wp-image-3818\" srcset=\"https:\/\/www.stanleypackage.com\/wp-content\/uploads\/2025\/11\/Custom-Candy-Packaging-Bags-Wholesale-Stand-Up-Pouch-Of-Snack.jpg 750w, https:\/\/www.stanleypackage.com\/wp-content\/uploads\/2025\/11\/Custom-Candy-Packaging-Bags-Wholesale-Stand-Up-Pouch-Of-Snack-300x300.jpg 300w, https:\/\/www.stanleypackage.com\/wp-content\/uploads\/2025\/11\/Custom-Candy-Packaging-Bags-Wholesale-Stand-Up-Pouch-Of-Snack-150x150.jpg 150w, https:\/\/www.stanleypackage.com\/wp-content\/uploads\/2025\/11\/Custom-Candy-Packaging-Bags-Wholesale-Stand-Up-Pouch-Of-Snack-12x12.jpg 12w, https:\/\/www.stanleypackage.com\/wp-content\/uploads\/2025\/11\/Custom-Candy-Packaging-Bags-Wholesale-Stand-Up-Pouch-Of-Snack-600x600.jpg 600w, https:\/\/www.stanleypackage.com\/wp-content\/uploads\/2025\/11\/Custom-Candy-Packaging-Bags-Wholesale-Stand-Up-Pouch-Of-Snack-100x100.jpg 100w\" sizes=\"(max-width: 750px) 100vw, 750px\" \/><\/figure>\n<\/div>\n\n\n\n<div class=\"wp-block-column is-layout-flow wp-block-column-is-layout-flow\">\n<figure class=\"wp-block-image size-full\"><img decoding=\"async\" width=\"750\" height=\"750\" src=\"https:\/\/www.stanleypackage.com\/wp-content\/uploads\/2025\/11\/Custom-Candy-Packaging-Bags-Wholesale-Stand-Up-Pouch-Of-Snack-7.jpg\" alt=\"\" class=\"wp-image-3819\" srcset=\"https:\/\/www.stanleypackage.com\/wp-content\/uploads\/2025\/11\/Custom-Candy-Packaging-Bags-Wholesale-Stand-Up-Pouch-Of-Snack-7.jpg 750w, https:\/\/www.stanleypackage.com\/wp-content\/uploads\/2025\/11\/Custom-Candy-Packaging-Bags-Wholesale-Stand-Up-Pouch-Of-Snack-7-300x300.jpg 300w, https:\/\/www.stanleypackage.com\/wp-content\/uploads\/2025\/11\/Custom-Candy-Packaging-Bags-Wholesale-Stand-Up-Pouch-Of-Snack-7-150x150.jpg 150w, https:\/\/www.stanleypackage.com\/wp-content\/uploads\/2025\/11\/Custom-Candy-Packaging-Bags-Wholesale-Stand-Up-Pouch-Of-Snack-7-12x12.jpg 12w, https:\/\/www.stanleypackage.com\/wp-content\/uploads\/2025\/11\/Custom-Candy-Packaging-Bags-Wholesale-Stand-Up-Pouch-Of-Snack-7-600x600.jpg 600w, https:\/\/www.stanleypackage.com\/wp-content\/uploads\/2025\/11\/Custom-Candy-Packaging-Bags-Wholesale-Stand-Up-Pouch-Of-Snack-7-100x100.jpg 100w\" sizes=\"(max-width: 750px) 100vw, 750px\" \/><\/figure>\n<\/div>\n<\/div>\n<\/div>\n<\/div>","protected":false},"excerpt":{"rendered":"<p>Willkommen zur Bestellung von OEM-Snackbeuteln. Unsere kundenspezifischen Verpackungsbeutel f\u00fcr S\u00fc\u00dfigkeiten kombinieren einen Standboden, ein Klarsichtfenster und ein Aufh\u00e4ngeloch f\u00fcr den Supermarkt und unterst\u00fctzen einen hochaufl\u00f6senden kundenspezifischen Druck mit bis zu 10 Farben, um das Produkt und das Markenimage perfekt zu pr\u00e4sentieren.<\/p>\n<table style=\"border-collapse: collapse; width: 327.77pt;\" border=\"0\" width=\"437\" cellspacing=\"0\" cellpadding=\"0\">\n<tbody>\n<tr style=\"height: 12.75pt;\">\n<td class=\"et2\" style=\"height: 12.75pt; width: 91.40pt;\" width=\"121\" height=\"17\">Hersteller<\/td>\n<td class=\"et2\" style=\"width: 237.00pt;\" width=\"316\">Stanley<\/td>\n<\/tr>\n<tr style=\"height: 12.75pt;\">\n<td class=\"et2\" style=\"height: 12.75pt; width: 91.40pt;\" width=\"121\" height=\"17\">Arten von Beuteln<\/td>\n<td class=\"et3\">Standbodenbeutel<\/td>\n<\/tr>\n<tr style=\"height: 12.75pt;\">\n<td class=\"et2\" style=\"height: 12.75pt; width: 91.40pt;\" width=\"121\" height=\"17\">Material<\/td>\n<td class=\"et2\" style=\"width: 237.00pt;\" width=\"316\">BOPP38\/PET12\/PE60<\/td>\n<\/tr>\n<tr style=\"height: 12.75pt;\">\n<td class=\"et2\" style=\"height: 12.75pt; width: 91.40pt;\" width=\"121\" height=\"17\">Besonderes Merkmal<\/td>\n<td class=\"et2\" style=\"width: 237.00pt;\" width=\"316\">Stehboden, Klarsichtfenster, Supermarktloch<\/td>\n<\/tr>\n<tr style=\"height: 12.75pt;\">\n<td class=\"et2\" style=\"height: 12.75pt; width: 91.40pt;\" width=\"121\" height=\"17\">Handhabung der Oberfl\u00e4che<\/td>\n<td class=\"et2\" style=\"width: 237.00pt;\" width=\"316\">Tiefdruck<\/td>\n<\/tr>\n<tr style=\"height: 12.75pt;\">\n<td class=\"et2\" style=\"height: 12.75pt; width: 91.40pt;\" width=\"121\" height=\"17\">Farbe<\/td>\n<td class=\"et2\" style=\"width: 237.00pt;\" width=\"316\">Bis zu 10 Farben<\/td>\n<\/tr>\n<tr style=\"height: 12.75pt;\">\n<td class=\"et2\" style=\"height: 12.75pt; width: 91.40pt;\" width=\"121\" height=\"17\">Verwendung<\/td>\n<td class=\"et3\">S\u00fc\u00dfigkeiten, N\u00fcsse, Snacks<\/td>\n<\/tr>\n<tr style=\"height: 12.75pt;\">\n<td class=\"et2\" style=\"height: 12.75pt; width: 91.40pt;\" width=\"121\" height=\"17\">MOQ<\/td>\n<td class=\"et2\" style=\"width: 237.00pt;\" width=\"316\">50.000 St\u00fcck<\/td>\n<\/tr>\n<tr style=\"height: 12.75pt;\">\n<td class=\"et2\" style=\"height: 12.75pt; width: 91.40pt;\" width=\"121\" height=\"17\">Individuelle Bestellung<\/td>\n<td class=\"et2\" style=\"width: 237.00pt;\" width=\"316\">Akzeptieren Sie OEM, unterst\u00fctzen Sie freie Probe<\/td>\n<\/tr>\n<\/tbody>\n<\/table>","protected":false},"featured_media":3820,"comment_status":"closed","ping_status":"closed","template":"","meta":{"_acf_changed":false},"product_brand":[],"product_cat":[30],"product_tag":[],"class_list":{"0":"post-3817","1":"product","2":"type-product","3":"status-publish","4":"has-post-thumbnail","6":"product_cat-stand-up-pouch-manufacturer","7":"pa_food-packaging-snack-food-pouch","9":"first","10":"instock","11":"shipping-taxable","12":"product-type-simple"},"acf":[],"_links":{"self":[{"href":"https:\/\/www.stanleypackage.com\/de\/wp-json\/wp\/v2\/product\/3817","targetHints":{"allow":["GET"]}}],"collection":[{"href":"https:\/\/www.stanleypackage.com\/de\/wp-json\/wp\/v2\/product"}],"about":[{"href":"https:\/\/www.stanleypackage.com\/de\/wp-json\/wp\/v2\/types\/product"}],"replies":[{"embeddable":true,"href":"https:\/\/www.stanleypackage.com\/de\/wp-json\/wp\/v2\/comments?post=3817"}],"wp:featuredmedia":[{"embeddable":true,"href":"https:\/\/www.stanleypackage.com\/de\/wp-json\/wp\/v2\/media\/3820"}],"wp:attachment":[{"href":"https:\/\/www.stanleypackage.com\/de\/wp-json\/wp\/v2\/media?parent=3817"}],"wp:term":[{"taxonomy":"product_brand","embeddable":true,"href":"https:\/\/www.stanleypackage.com\/de\/wp-json\/wp\/v2\/product_brand?post=3817"},{"taxonomy":"product_cat","embeddable":true,"href":"https:\/\/www.stanleypackage.com\/de\/wp-json\/wp\/v2\/product_cat?post=3817"},{"taxonomy":"product_tag","embeddable":true,"href":"https:\/\/www.stanleypackage.com\/de\/wp-json\/wp\/v2\/product_tag?post=3817"}],"curies":[{"name":"wp","href":"https:\/\/api.w.org\/{rel}","templated":true}]}}