{"id":3849,"date":"2025-11-26T04:02:57","date_gmt":"2025-11-26T04:02:57","guid":{"rendered":"https:\/\/www.stanleypackage.com\/?post_type=product&#038;p=3849"},"modified":"2025-11-26T04:03:04","modified_gmt":"2025-11-26T04:03:04","slug":"face-sheet-mask-packaging","status":"publish","type":"product","link":"https:\/\/www.stanleypackage.com\/de\/product\/face-sheet-mask-packaging\/","title":{"rendered":"Gesichtsmasken-Verpackung, benutzerdefinierte 3-Seiten-Siegel-Folien-Beutel"},"content":{"rendered":"<div class=\"wp-block-columns is-layout-flex wp-container-core-columns-is-layout-9d6595d7 wp-block-columns-is-layout-flex\">\n<div class=\"wp-block-column is-layout-flow wp-block-column-is-layout-flow\">\n<h2 class=\"wp-block-heading\">Merkmale von kundenspezifischen Gesichtsmaskenverpackungen<\/h2>\n\n\n\n<ul class=\"wp-block-list\">\n<li><strong>Premium-Aluminiumfolie mit hoher Barriere: <\/strong>Unsere kundenspezifischen Gesichtsmaskenverpackungen verwenden eine Aluminiumfolie (AL7) als Kernsperrschicht, die Licht, Sauerstoff und Feuchtigkeit perfekt abschirmt. Dies stellt sicher, dass die aktiven Inhaltsstoffe in der Maske frisch bleiben, bis sie verwendet werden k\u00f6nnen, und bietet Ihnen eine effektive Hautpflege, wenn Sie die Maske verwenden.<\/li>\n\n\n\n<li><strong>Beidseitiger hochaufl\u00f6sender Druck:<\/strong> Unser kundenspezifischer Dreiseiten-Siegelfolienbeutel unterst\u00fctzt den exquisiten doppelseitigen Druck mit bis zu 10 Farben, wodurch umfassende Markeninformationen und ein hochwertiges Erscheinungsbild erreicht werden.<\/li>\n\n\n\n<li><strong>Benutzerfreundliches Design, bequem und praktisch: <\/strong>Das Aufh\u00e4ngeloch an der Oberseite dieser individuellen Gesichtsmaskenverpackung erleichtert die h\u00e4ngende Pr\u00e4sentation in Supermarktregalen und erh\u00f6ht die Wirksamkeit der Pr\u00e4sentation. Die leicht zu \u00f6ffnende \u00d6ffnung macht das \u00d6ffnen reibungslos und m\u00fchelos und optimiert so das Kundenerlebnis.<\/li>\n\n\n\n<li><strong>Langlebiges und auslaufsicheres Material: <\/strong>Dieser ma\u00dfgeschneiderte Dreiseiten-Siegelfolienbeutel kombiniert eine PET-Au\u00dfenschicht mit einer hochdichten PE-Innenschicht, was dem Verpackungsbeutel eine ausgezeichnete Zug- und Durchsto\u00dffestigkeit verleiht.<\/li>\n\n\n\n<li><strong>Flexible Anpassung und Musterunterst\u00fctzung: <\/strong>Wir bieten umfassende OEM-Anpassungsdienste f\u00fcr kundenspezifische Gesichtsmaskenverpackungen. Gr\u00f6\u00dfen, Formen und Muster k\u00f6nnen nach Ihren W\u00fcnschen gestaltet werden, und es sind kostenlose Muster erh\u00e4ltlich.<\/li>\n<\/ul>\n\n\n\n<div class=\"wp-block-columns is-layout-flex wp-container-core-columns-is-layout-9d6595d7 wp-block-columns-is-layout-flex\">\n<div class=\"wp-block-column is-layout-flow wp-block-column-is-layout-flow\">\n<figure class=\"wp-block-image size-full\"><img decoding=\"async\" width=\"750\" height=\"750\" src=\"https:\/\/www.stanleypackage.com\/wp-content\/uploads\/2025\/11\/Custom-Packaging-Bag-Of-Face-Mask-Factory-OEM-3-Side-Seal-Pouch-3.webp\" alt=\"\" class=\"wp-image-3850\" srcset=\"https:\/\/www.stanleypackage.com\/wp-content\/uploads\/2025\/11\/Custom-Packaging-Bag-Of-Face-Mask-Factory-OEM-3-Side-Seal-Pouch-3.webp 750w, https:\/\/www.stanleypackage.com\/wp-content\/uploads\/2025\/11\/Custom-Packaging-Bag-Of-Face-Mask-Factory-OEM-3-Side-Seal-Pouch-3-300x300.webp 300w, https:\/\/www.stanleypackage.com\/wp-content\/uploads\/2025\/11\/Custom-Packaging-Bag-Of-Face-Mask-Factory-OEM-3-Side-Seal-Pouch-3-150x150.webp 150w, https:\/\/www.stanleypackage.com\/wp-content\/uploads\/2025\/11\/Custom-Packaging-Bag-Of-Face-Mask-Factory-OEM-3-Side-Seal-Pouch-3-12x12.webp 12w, https:\/\/www.stanleypackage.com\/wp-content\/uploads\/2025\/11\/Custom-Packaging-Bag-Of-Face-Mask-Factory-OEM-3-Side-Seal-Pouch-3-600x600.webp 600w, https:\/\/www.stanleypackage.com\/wp-content\/uploads\/2025\/11\/Custom-Packaging-Bag-Of-Face-Mask-Factory-OEM-3-Side-Seal-Pouch-3-100x100.webp 100w\" sizes=\"(max-width: 750px) 100vw, 750px\" \/><\/figure>\n<\/div>\n\n\n\n<div class=\"wp-block-column is-layout-flow wp-block-column-is-layout-flow\">\n<figure class=\"wp-block-image size-full\"><img decoding=\"async\" width=\"750\" height=\"750\" src=\"https:\/\/www.stanleypackage.com\/wp-content\/uploads\/2025\/11\/Custom-Packaging-Bag-Of-Face-Mask-Factory-OEM-3-Side-Seal-Pouch-7.webp\" alt=\"\" class=\"wp-image-3851\" srcset=\"https:\/\/www.stanleypackage.com\/wp-content\/uploads\/2025\/11\/Custom-Packaging-Bag-Of-Face-Mask-Factory-OEM-3-Side-Seal-Pouch-7.webp 750w, https:\/\/www.stanleypackage.com\/wp-content\/uploads\/2025\/11\/Custom-Packaging-Bag-Of-Face-Mask-Factory-OEM-3-Side-Seal-Pouch-7-300x300.webp 300w, https:\/\/www.stanleypackage.com\/wp-content\/uploads\/2025\/11\/Custom-Packaging-Bag-Of-Face-Mask-Factory-OEM-3-Side-Seal-Pouch-7-150x150.webp 150w, https:\/\/www.stanleypackage.com\/wp-content\/uploads\/2025\/11\/Custom-Packaging-Bag-Of-Face-Mask-Factory-OEM-3-Side-Seal-Pouch-7-12x12.webp 12w, https:\/\/www.stanleypackage.com\/wp-content\/uploads\/2025\/11\/Custom-Packaging-Bag-Of-Face-Mask-Factory-OEM-3-Side-Seal-Pouch-7-600x600.webp 600w, https:\/\/www.stanleypackage.com\/wp-content\/uploads\/2025\/11\/Custom-Packaging-Bag-Of-Face-Mask-Factory-OEM-3-Side-Seal-Pouch-7-100x100.webp 100w\" sizes=\"(max-width: 750px) 100vw, 750px\" \/><\/figure>\n<\/div>\n<\/div>\n<\/div>\n<\/div>","protected":false},"excerpt":{"rendered":"<p>Willkommen bei der Bestellung einer individuellen Verpackung f\u00fcr Gesichtsmasken. Dieser kundenspezifische Folienbeutel mit dreiseitiger Versiegelung blockiert effektiv Licht, Sauerstoff und Feuchtigkeit. Der Beutel verf\u00fcgt \u00fcber ein Aufh\u00e4ngeloch und eine leicht zu \u00f6ffnende \u00d6ffnung f\u00fcr die bequeme Pr\u00e4sentation im Einzelhandel und die Verwendung durch den Verbraucher.<\/p>\n<table width=\"365\">\n<tbody>\n<tr>\n<td width=\"97\">Hersteller<\/td>\n<td width=\"267\">Stanley<\/td>\n<\/tr>\n<tr>\n<td width=\"97\">Arten von Beuteln<\/td>\n<td width=\"267\">3-seitige Siegelrandtasche<\/td>\n<\/tr>\n<tr>\n<td width=\"97\">Material<\/td>\n<td width=\"267\">PET12\/AL7\/PE105<\/td>\n<\/tr>\n<tr>\n<td width=\"97\">Besonderes Merkmal<\/td>\n<td width=\"267\">Aufh\u00e4ngeloch, Risskerbe\u00a0<\/td>\n<\/tr>\n<tr>\n<td width=\"97\">Handhabung der Oberfl\u00e4che<\/td>\n<td width=\"267\">Tiefdruck<\/td>\n<\/tr>\n<tr>\n<td width=\"97\">Farbe<\/td>\n<td width=\"267\">Doppelseitiger Druck, bis zu 10 Farben<\/td>\n<\/tr>\n<tr>\n<td width=\"97\">Verwendung<\/td>\n<td width=\"267\">Gesichtsmaske, Augencreme, Lotion<\/td>\n<\/tr>\n<tr>\n<td width=\"97\">MOQ<\/td>\n<td width=\"267\">50.000 St\u00fcck<\/td>\n<\/tr>\n<tr>\n<td width=\"97\">Individuelle Bestellung<\/td>\n<td width=\"267\">Akzeptieren Sie OEM, unterst\u00fctzen Sie freie Probe<\/td>\n<\/tr>\n<\/tbody>\n<\/table>","protected":false},"featured_media":3852,"comment_status":"closed","ping_status":"closed","template":"","meta":{"_acf_changed":false},"product_brand":[],"product_cat":[28,31],"product_tag":[],"class_list":{"0":"post-3849","1":"product","2":"type-product","3":"status-publish","4":"has-post-thumbnail","6":"product_cat-three-side-seal-pouch-manufacturer","7":"product_cat-lay-flat-pouch-manufacturer","8":"pa_non-food-packaging-cosmetic-packaging-pouches","10":"first","11":"instock","12":"shipping-taxable","13":"product-type-simple"},"acf":[],"_links":{"self":[{"href":"https:\/\/www.stanleypackage.com\/de\/wp-json\/wp\/v2\/product\/3849","targetHints":{"allow":["GET"]}}],"collection":[{"href":"https:\/\/www.stanleypackage.com\/de\/wp-json\/wp\/v2\/product"}],"about":[{"href":"https:\/\/www.stanleypackage.com\/de\/wp-json\/wp\/v2\/types\/product"}],"replies":[{"embeddable":true,"href":"https:\/\/www.stanleypackage.com\/de\/wp-json\/wp\/v2\/comments?post=3849"}],"wp:featuredmedia":[{"embeddable":true,"href":"https:\/\/www.stanleypackage.com\/de\/wp-json\/wp\/v2\/media\/3852"}],"wp:attachment":[{"href":"https:\/\/www.stanleypackage.com\/de\/wp-json\/wp\/v2\/media?parent=3849"}],"wp:term":[{"taxonomy":"product_brand","embeddable":true,"href":"https:\/\/www.stanleypackage.com\/de\/wp-json\/wp\/v2\/product_brand?post=3849"},{"taxonomy":"product_cat","embeddable":true,"href":"https:\/\/www.stanleypackage.com\/de\/wp-json\/wp\/v2\/product_cat?post=3849"},{"taxonomy":"product_tag","embeddable":true,"href":"https:\/\/www.stanleypackage.com\/de\/wp-json\/wp\/v2\/product_tag?post=3849"}],"curies":[{"name":"wp","href":"https:\/\/api.w.org\/{rel}","templated":true}]}}