{"id":3858,"date":"2025-11-26T03:43:36","date_gmt":"2025-11-26T03:43:36","guid":{"rendered":"https:\/\/www.stanleypackage.com\/?post_type=product&#038;p=3858"},"modified":"2025-11-26T03:43:43","modified_gmt":"2025-11-26T03:43:43","slug":"custom-puree-food-pouches","status":"publish","type":"product","link":"https:\/\/www.stanleypackage.com\/de\/product\/custom-puree-food-pouches\/","title":{"rendered":"Benutzerdefinierte Form P\u00fcree Lebensmittelbeutel, Gro\u00dfhandel Squeeze Pouch"},"content":{"rendered":"<div class=\"wp-block-columns is-layout-flex wp-container-core-columns-is-layout-9d6595d7 wp-block-columns-is-layout-flex\">\n<div class=\"wp-block-column is-layout-flow wp-block-column-is-layout-flow\">\n<h2 class=\"wp-block-heading\">Merkmale der Custom Shape Puree Food Pouches<\/h2>\n\n\n\n<ul class=\"wp-block-list\">\n<li><strong>\u00dcberlegene Barriere: <\/strong>Diese kundenspezifischen P\u00fcreebeutel bestehen aus einem vierschichtigen Verbundmaterial, das Aluminiumfolie (AL7) enth\u00e4lt und einen hervorragenden Schutz gegen Oxidation, Feuchtigkeit und Licht bietet.<\/li>\n\n\n\n<li><strong>Anti-Schluck-Design: <\/strong>Unsere Quetschbeutel f\u00fcr den Gro\u00dfhandel haben einen integrierten Schraubverschluss. Der speziell entwickelte Anti-Schluck-Verschluss verhindert effektiv, dass Kinder sie verschlucken.<\/li>\n\n\n\n<li><strong>Individuelle Formen f\u00fcr einen pers\u00f6nlichen Look:<\/strong> Unsere ma\u00dfgeschneiderten P\u00fcreebeutel k\u00f6nnen in verschiedenen Formen mit neuartigen und niedlichen Designs gestaltet werden, die im Regal auffallen und die Aufmerksamkeit der Verbraucher auf sich ziehen.<\/li>\n\n\n\n<li><strong>Upright Squeeze Verpackung:<\/strong> Unsere Quetschbeutel f\u00fcr den Gro\u00dfhandel stehen stabil und lassen sich leicht aufbewahren. Das Squeeze-to-Food-Design macht das F\u00fcttern einfach und pr\u00e4zise, besonders geeignet f\u00fcr die Ern\u00e4hrung von S\u00e4uglingen und den Transport im Freien.<\/li>\n\n\n\n<li><strong>Langlebige Materialien: <\/strong>Die \u00e4u\u00dferen PET- und BOPA-Nylonschichten dieser kundenspezifischen P\u00fcreebeutel bieten eine hervorragende mechanische Festigkeit und Durchsto\u00dffestigkeit. In Kombination mit einer robusten Versiegelung sorgen sie daf\u00fcr, dass selbst partikelhaltige So\u00dfen nicht so leicht brechen oder auslaufen, was sie sicher und zuverl\u00e4ssig macht.<\/li>\n<\/ul>\n\n\n\n<div class=\"wp-block-columns is-layout-flex wp-container-core-columns-is-layout-9d6595d7 wp-block-columns-is-layout-flex\">\n<div class=\"wp-block-column is-layout-flow wp-block-column-is-layout-flow\">\n<figure class=\"wp-block-image size-full\"><img decoding=\"async\" width=\"750\" height=\"750\" src=\"https:\/\/www.stanleypackage.com\/wp-content\/uploads\/2025\/11\/Custom-Children-Food-Pouch-With-Spout-Irregular-Shape-Stand-Up-Pouch-2.webp\" alt=\"\" class=\"wp-image-3859\" srcset=\"https:\/\/www.stanleypackage.com\/wp-content\/uploads\/2025\/11\/Custom-Children-Food-Pouch-With-Spout-Irregular-Shape-Stand-Up-Pouch-2.webp 750w, https:\/\/www.stanleypackage.com\/wp-content\/uploads\/2025\/11\/Custom-Children-Food-Pouch-With-Spout-Irregular-Shape-Stand-Up-Pouch-2-300x300.webp 300w, https:\/\/www.stanleypackage.com\/wp-content\/uploads\/2025\/11\/Custom-Children-Food-Pouch-With-Spout-Irregular-Shape-Stand-Up-Pouch-2-150x150.webp 150w, https:\/\/www.stanleypackage.com\/wp-content\/uploads\/2025\/11\/Custom-Children-Food-Pouch-With-Spout-Irregular-Shape-Stand-Up-Pouch-2-12x12.webp 12w, https:\/\/www.stanleypackage.com\/wp-content\/uploads\/2025\/11\/Custom-Children-Food-Pouch-With-Spout-Irregular-Shape-Stand-Up-Pouch-2-600x600.webp 600w, https:\/\/www.stanleypackage.com\/wp-content\/uploads\/2025\/11\/Custom-Children-Food-Pouch-With-Spout-Irregular-Shape-Stand-Up-Pouch-2-100x100.webp 100w\" sizes=\"(max-width: 750px) 100vw, 750px\" \/><\/figure>\n<\/div>\n\n\n\n<div class=\"wp-block-column is-layout-flow wp-block-column-is-layout-flow\">\n<figure class=\"wp-block-image size-full\"><img decoding=\"async\" width=\"750\" height=\"750\" src=\"https:\/\/www.stanleypackage.com\/wp-content\/uploads\/2025\/11\/Custom-Children-Food-Pouch-With-Spout-Irregular-Shape-Stand-Up-Pouch-5.webp\" alt=\"\" class=\"wp-image-3860\" srcset=\"https:\/\/www.stanleypackage.com\/wp-content\/uploads\/2025\/11\/Custom-Children-Food-Pouch-With-Spout-Irregular-Shape-Stand-Up-Pouch-5.webp 750w, https:\/\/www.stanleypackage.com\/wp-content\/uploads\/2025\/11\/Custom-Children-Food-Pouch-With-Spout-Irregular-Shape-Stand-Up-Pouch-5-300x300.webp 300w, https:\/\/www.stanleypackage.com\/wp-content\/uploads\/2025\/11\/Custom-Children-Food-Pouch-With-Spout-Irregular-Shape-Stand-Up-Pouch-5-150x150.webp 150w, https:\/\/www.stanleypackage.com\/wp-content\/uploads\/2025\/11\/Custom-Children-Food-Pouch-With-Spout-Irregular-Shape-Stand-Up-Pouch-5-12x12.webp 12w, https:\/\/www.stanleypackage.com\/wp-content\/uploads\/2025\/11\/Custom-Children-Food-Pouch-With-Spout-Irregular-Shape-Stand-Up-Pouch-5-600x600.webp 600w, https:\/\/www.stanleypackage.com\/wp-content\/uploads\/2025\/11\/Custom-Children-Food-Pouch-With-Spout-Irregular-Shape-Stand-Up-Pouch-5-100x100.webp 100w\" sizes=\"(max-width: 750px) 100vw, 750px\" \/><\/figure>\n<\/div>\n<\/div>\n<\/div>\n<\/div>","protected":false},"excerpt":{"rendered":"<p>Willkommen bei der Bestellung von kundenspezifischen P\u00fcreebeuteln f\u00fcr Lebensmittel. Diese unregelm\u00e4\u00dfig geformten Gro\u00dfhandels-Quetschbeutel sind f\u00fcr fl\u00fcssige und halbfl\u00fcssige Lebensmittel wie Babyp\u00fcree und So\u00dfen geeignet. Sie verf\u00fcgen \u00fcber eine vierschichtige Verbundstruktur mit hoher Barriere und einen Anti-Schluck-Verschluss.<\/p>\n<table style=\"border-collapse: collapse; width: 365.02pt;\" border=\"0\" width=\"365\" cellspacing=\"0\" cellpadding=\"0\">\n<tbody>\n<tr style=\"height: 16.00pt;\">\n<td class=\"et2\" style=\"height: 16.00pt; width: 97.50pt;\" width=\"97\" height=\"16\">Hersteller<\/td>\n<td class=\"et2\" style=\"width: 267.50pt;\" width=\"267\">Stanley<\/td>\n<\/tr>\n<tr style=\"height: 16.00pt;\">\n<td class=\"et2\" style=\"height: 16.00pt; width: 97.50pt;\" width=\"97\" height=\"16\">Arten von Beuteln<\/td>\n<td class=\"et2\" style=\"width: 267.50pt;\" width=\"267\">Ausgie\u00dferbeutel, Stand-up-Beutel, unregelm\u00e4\u00dfiger Beutel<\/td>\n<\/tr>\n<tr style=\"height: 16.00pt;\">\n<td class=\"et2\" style=\"height: 16.00pt; width: 97.50pt;\" width=\"97\" height=\"16\">Material<\/td>\n<td class=\"et2\" style=\"width: 267.50pt;\" width=\"267\">PET12\/AL7\/BOPA15\/PE85<\/td>\n<\/tr>\n<tr style=\"height: 16.00pt;\">\n<td class=\"et2\" style=\"height: 16.00pt; width: 97.50pt;\" width=\"97\" height=\"16\">Besonderes Merkmal<\/td>\n<td class=\"et2\" style=\"width: 267.50pt;\" width=\"267\">Ausguss, Stehbeutel, unregelm\u00e4\u00dfiger Beutel<\/td>\n<\/tr>\n<tr style=\"height: 16.00pt;\">\n<td class=\"et2\" style=\"height: 16.00pt; width: 97.50pt;\" width=\"97\" height=\"16\">Handhabung der Oberfl\u00e4che<\/td>\n<td class=\"et2\" style=\"width: 267.50pt;\" width=\"267\">Tiefdruck<\/td>\n<\/tr>\n<tr style=\"height: 16.00pt;\">\n<td class=\"et2\" style=\"height: 16.00pt; width: 97.50pt;\" width=\"97\" height=\"16\">Farbe<\/td>\n<td class=\"et2\" style=\"width: 267.50pt;\" width=\"267\">Doppelseitiger Druck, bis zu 10 Farben<\/td>\n<\/tr>\n<tr style=\"height: 16.00pt;\">\n<td class=\"et2\" style=\"height: 16.00pt; width: 97.50pt;\" width=\"97\" height=\"16\">Verwendung<\/td>\n<td class=\"et2\" style=\"width: 267.50pt;\" width=\"267\">Ketchup, Senf, Barbecue-Sauce, Gelee<\/td>\n<\/tr>\n<tr style=\"height: 16.00pt;\">\n<td class=\"et2\" style=\"height: 16.00pt; width: 97.50pt;\" width=\"97\" height=\"16\">MOQ<\/td>\n<td class=\"et2\" style=\"width: 267.50pt;\" width=\"267\">50.000 St\u00fcck<\/td>\n<\/tr>\n<tr style=\"height: 16.00pt;\">\n<td class=\"et2\" style=\"height: 16.00pt; width: 97.50pt;\" width=\"97\" height=\"16\">Individuelle Bestellung<\/td>\n<td class=\"et2\" style=\"width: 267.50pt;\" width=\"267\">Akzeptieren Sie OEM, unterst\u00fctzen Sie freie Probe<\/td>\n<\/tr>\n<\/tbody>\n<\/table>","protected":false},"featured_media":3861,"comment_status":"closed","ping_status":"closed","template":"","meta":{"_acf_changed":false},"product_brand":[],"product_cat":[32,61,30,22],"product_tag":[],"class_list":{"0":"post-3858","1":"product","2":"type-product","3":"status-publish","4":"has-post-thumbnail","6":"product_cat-spout-pouch-manufacturer","7":"product_cat-squeeze-pouch-manufacturer","8":"product_cat-stand-up-pouch-manufacturer","9":"product_cat-shaped-pouches-factory","10":"pa_food-packaging-baby-food-packaging","11":"pa_food-packaging-drink-beverage-pouch","13":"first","14":"instock","15":"shipping-taxable","16":"product-type-simple"},"acf":[],"_links":{"self":[{"href":"https:\/\/www.stanleypackage.com\/de\/wp-json\/wp\/v2\/product\/3858","targetHints":{"allow":["GET"]}}],"collection":[{"href":"https:\/\/www.stanleypackage.com\/de\/wp-json\/wp\/v2\/product"}],"about":[{"href":"https:\/\/www.stanleypackage.com\/de\/wp-json\/wp\/v2\/types\/product"}],"replies":[{"embeddable":true,"href":"https:\/\/www.stanleypackage.com\/de\/wp-json\/wp\/v2\/comments?post=3858"}],"wp:featuredmedia":[{"embeddable":true,"href":"https:\/\/www.stanleypackage.com\/de\/wp-json\/wp\/v2\/media\/3861"}],"wp:attachment":[{"href":"https:\/\/www.stanleypackage.com\/de\/wp-json\/wp\/v2\/media?parent=3858"}],"wp:term":[{"taxonomy":"product_brand","embeddable":true,"href":"https:\/\/www.stanleypackage.com\/de\/wp-json\/wp\/v2\/product_brand?post=3858"},{"taxonomy":"product_cat","embeddable":true,"href":"https:\/\/www.stanleypackage.com\/de\/wp-json\/wp\/v2\/product_cat?post=3858"},{"taxonomy":"product_tag","embeddable":true,"href":"https:\/\/www.stanleypackage.com\/de\/wp-json\/wp\/v2\/product_tag?post=3858"}],"curies":[{"name":"wp","href":"https:\/\/api.w.org\/{rel}","templated":true}]}}