{"id":3866,"date":"2025-11-26T03:27:03","date_gmt":"2025-11-26T03:27:03","guid":{"rendered":"https:\/\/www.stanleypackage.com\/?post_type=product&#038;p=3866"},"modified":"2025-11-26T03:27:09","modified_gmt":"2025-11-26T03:27:09","slug":"custom-candy-packaging","status":"publish","type":"product","link":"https:\/\/www.stanleypackage.com\/de\/product\/custom-candy-packaging\/","title":{"rendered":"Benutzerdefinierte S\u00fc\u00dfigkeiten Verpackung Beutel, Unterst\u00fctzung 10 Farben Druck"},"content":{"rendered":"<div class=\"wp-block-columns is-layout-flex wp-container-core-columns-is-layout-9d6595d7 wp-block-columns-is-layout-flex\">\n<div class=\"wp-block-column is-layout-flow wp-block-column-is-layout-flow\">\n<h2 class=\"wp-block-heading\">Merkmale von kundenspezifischen S\u00fc\u00dfigkeiten-Verpackungstaschen<\/h2>\n\n\n\n<ul class=\"wp-block-list\">\n<li><strong>Transparentes Fenster f\u00fcr klare Sicht:<\/strong> Diese benutzerdefinierte S\u00fc\u00dfigkeiten Verpackung Beutel verf\u00fcgt \u00fcber ein klares Fenster f\u00fcr Kunden zu sehen, was drin ist, sowie eine verlockende M\u00f6glichkeit, Produkte zu kaufen.<\/li>\n\n\n\n<li><strong>10-Farben-Tiefdruck f\u00fcr leuchtende Farben: <\/strong>Unsere kundenspezifischen S\u00fc\u00dfigkeiten-Standbeutel k\u00f6nnen mit bis zu 10 Farben im hochwertigen Tiefdruckverfahren bedruckt werden, was zu satten Farben, exquisiten Mustern und realistischen Details f\u00fchrt, die das Markendesign perfekt wiedergeben und ein hochwertiges, schillerndes visuelles Erlebnis schaffen.<\/li>\n\n\n\n<li><strong>Hochwertiges Verbundmaterial f\u00fcr Frische und Feuchtigkeitsschutz:<\/strong> Dieser kundenspezifische S\u00fc\u00dfwarenverpackungsbeutel besteht aus einem BOPP\/PET\/PE-Verbundstoff, der die Beutel haltbar und verformungsbest\u00e4ndig macht und hervorragende Barriereeigenschaften f\u00fcr Feuchtigkeit und Sauerstoff aufweist.<\/li>\n\n\n\n<li><strong>Aufrechtes Design f\u00fcr stabiles Display: <\/strong>Dieser individuelle S\u00fc\u00dfigkeiten-Standbeutel steht fest im Regal, sorgt f\u00fcr eine ordentliche und attraktive Auslage, maximiert die Auslagefl\u00e4che und verbessert das Markenimage und den Einzelhandelsumsatz.<\/li>\n\n\n\n<li><strong>Flexible Anpassung: <\/strong>Wir bieten umfassende OEM-Anpassungsdienste f\u00fcr kundenspezifische S\u00fc\u00dfwarenverpackungsbeutel. Von der Gr\u00f6\u00dfe und Form bis hin zu den Druckmustern kann alles so gestaltet werden, dass es Ihre spezifischen Anforderungen an die Markendifferenzierung erf\u00fcllt und die Markenwiedererkennung st\u00e4rkt.<\/li>\n<\/ul>\n\n\n\n<div class=\"wp-block-columns is-layout-flex wp-container-core-columns-is-layout-9d6595d7 wp-block-columns-is-layout-flex\">\n<div class=\"wp-block-column is-layout-flow wp-block-column-is-layout-flow\">\n<figure class=\"wp-block-image size-full\"><img decoding=\"async\" width=\"750\" height=\"750\" src=\"https:\/\/www.stanleypackage.com\/wp-content\/uploads\/2025\/11\/Custom-Candy-Packaging-BagsWholesale-Snack-Stand-Up-Pouch-3.webp\" alt=\"\" class=\"wp-image-3867\" srcset=\"https:\/\/www.stanleypackage.com\/wp-content\/uploads\/2025\/11\/Custom-Candy-Packaging-BagsWholesale-Snack-Stand-Up-Pouch-3.webp 750w, https:\/\/www.stanleypackage.com\/wp-content\/uploads\/2025\/11\/Custom-Candy-Packaging-BagsWholesale-Snack-Stand-Up-Pouch-3-300x300.webp 300w, https:\/\/www.stanleypackage.com\/wp-content\/uploads\/2025\/11\/Custom-Candy-Packaging-BagsWholesale-Snack-Stand-Up-Pouch-3-150x150.webp 150w, https:\/\/www.stanleypackage.com\/wp-content\/uploads\/2025\/11\/Custom-Candy-Packaging-BagsWholesale-Snack-Stand-Up-Pouch-3-12x12.webp 12w, https:\/\/www.stanleypackage.com\/wp-content\/uploads\/2025\/11\/Custom-Candy-Packaging-BagsWholesale-Snack-Stand-Up-Pouch-3-600x600.webp 600w, https:\/\/www.stanleypackage.com\/wp-content\/uploads\/2025\/11\/Custom-Candy-Packaging-BagsWholesale-Snack-Stand-Up-Pouch-3-100x100.webp 100w\" sizes=\"(max-width: 750px) 100vw, 750px\" \/><\/figure>\n<\/div>\n\n\n\n<div class=\"wp-block-column is-layout-flow wp-block-column-is-layout-flow\">\n<figure class=\"wp-block-image size-full\"><img decoding=\"async\" width=\"750\" height=\"750\" src=\"https:\/\/www.stanleypackage.com\/wp-content\/uploads\/2025\/11\/Custom-Candy-Packaging-BagsWholesale-Snack-Stand-Up-Pouch-5.webp\" alt=\"\" class=\"wp-image-3868\" srcset=\"https:\/\/www.stanleypackage.com\/wp-content\/uploads\/2025\/11\/Custom-Candy-Packaging-BagsWholesale-Snack-Stand-Up-Pouch-5.webp 750w, https:\/\/www.stanleypackage.com\/wp-content\/uploads\/2025\/11\/Custom-Candy-Packaging-BagsWholesale-Snack-Stand-Up-Pouch-5-300x300.webp 300w, https:\/\/www.stanleypackage.com\/wp-content\/uploads\/2025\/11\/Custom-Candy-Packaging-BagsWholesale-Snack-Stand-Up-Pouch-5-150x150.webp 150w, https:\/\/www.stanleypackage.com\/wp-content\/uploads\/2025\/11\/Custom-Candy-Packaging-BagsWholesale-Snack-Stand-Up-Pouch-5-12x12.webp 12w, https:\/\/www.stanleypackage.com\/wp-content\/uploads\/2025\/11\/Custom-Candy-Packaging-BagsWholesale-Snack-Stand-Up-Pouch-5-600x600.webp 600w, https:\/\/www.stanleypackage.com\/wp-content\/uploads\/2025\/11\/Custom-Candy-Packaging-BagsWholesale-Snack-Stand-Up-Pouch-5-100x100.webp 100w\" sizes=\"(max-width: 750px) 100vw, 750px\" \/><\/figure>\n<\/div>\n<\/div>\n<\/div>\n<\/div>","protected":false},"excerpt":{"rendered":"<p>Willkommen bei der Bestellung eines individuellen Verpackungsbeutels f\u00fcr S\u00fc\u00dfigkeiten. Dieser kundenspezifische Standbeutel f\u00fcr S\u00fc\u00dfigkeiten wird aus einem hochtransparenten Verbundmaterial hergestellt, das ausgezeichnete Stabilit\u00e4t und Frischeerhaltung kombiniert. Der Beutel verf\u00fcgt \u00fcber ein auff\u00e4lliges transparentes Fenster und kann mit bis zu 10 Farben im Tiefdruckverfahren bedruckt werden.<\/p>\n<table style=\"border-collapse: collapse; width: 327.77pt;\" border=\"0\" width=\"437\" cellspacing=\"0\" cellpadding=\"0\">\n<tbody>\n<tr style=\"height: 12.75pt;\">\n<td class=\"et2\" style=\"height: 12.75pt; width: 91.40pt;\" width=\"121\" height=\"17\">Hersteller<\/td>\n<td class=\"et2\" style=\"width: 237.00pt;\" width=\"316\">Stanley<\/td>\n<\/tr>\n<tr style=\"height: 12.75pt;\">\n<td class=\"et2\" style=\"height: 12.75pt; width: 91.40pt;\" width=\"121\" height=\"17\">Arten von Beuteln<\/td>\n<td class=\"et3\">Standbodenbeutel<\/td>\n<\/tr>\n<tr style=\"height: 12.75pt;\">\n<td class=\"et2\" style=\"height: 12.75pt; width: 91.40pt;\" width=\"121\" height=\"17\">Material<\/td>\n<td class=\"et2\" style=\"width: 237.00pt;\" width=\"316\">BOPP38\/PET12\/PE60<\/td>\n<\/tr>\n<tr style=\"height: 12.75pt;\">\n<td class=\"et2\" style=\"height: 12.75pt; width: 91.40pt;\" width=\"121\" height=\"17\">Besonderes Merkmal<\/td>\n<td class=\"et2\" style=\"width: 237.00pt;\" width=\"316\">Stehboden, leichte Aufrei\u00dfkerbe, Klarsichtfenster<\/td>\n<\/tr>\n<tr style=\"height: 12.75pt;\">\n<td class=\"et2\" style=\"height: 12.75pt; width: 91.40pt;\" width=\"121\" height=\"17\">Handhabung der Oberfl\u00e4che<\/td>\n<td class=\"et2\" style=\"width: 237.00pt;\" width=\"316\">Tiefdruck<\/td>\n<\/tr>\n<tr style=\"height: 12.75pt;\">\n<td class=\"et2\" style=\"height: 12.75pt; width: 91.40pt;\" width=\"121\" height=\"17\">Farbe<\/td>\n<td class=\"et2\" style=\"width: 237.00pt;\" width=\"316\">Bis zu 10 Farben<\/td>\n<\/tr>\n<tr style=\"height: 12.75pt;\">\n<td class=\"et2\" style=\"height: 12.75pt; width: 91.40pt;\" width=\"121\" height=\"17\">Verwendung<\/td>\n<td class=\"et3\">S\u00fc\u00dfigkeiten, N\u00fcsse, Snacks<\/td>\n<\/tr>\n<tr style=\"height: 12.75pt;\">\n<td class=\"et2\" style=\"height: 12.75pt; width: 91.40pt;\" width=\"121\" height=\"17\">MOQ<\/td>\n<td class=\"et2\" style=\"width: 237.00pt;\" width=\"316\">50.000 St\u00fcck<\/td>\n<\/tr>\n<tr style=\"height: 12.75pt;\">\n<td class=\"et2\" style=\"height: 12.75pt; width: 91.40pt;\" width=\"121\" height=\"17\">Individuelle Bestellung<\/td>\n<td class=\"et2\" style=\"width: 237.00pt;\" width=\"316\">Akzeptieren Sie OEM, unterst\u00fctzen Sie freie Probe<\/td>\n<\/tr>\n<\/tbody>\n<\/table>","protected":false},"featured_media":3869,"comment_status":"closed","ping_status":"closed","template":"","meta":{"_acf_changed":false},"product_brand":[],"product_cat":[30],"product_tag":[],"class_list":{"0":"post-3866","1":"product","2":"type-product","3":"status-publish","4":"has-post-thumbnail","6":"product_cat-stand-up-pouch-manufacturer","7":"pa_food-packaging-snack-food-pouch","9":"first","10":"instock","11":"shipping-taxable","12":"product-type-simple"},"acf":[],"_links":{"self":[{"href":"https:\/\/www.stanleypackage.com\/de\/wp-json\/wp\/v2\/product\/3866","targetHints":{"allow":["GET"]}}],"collection":[{"href":"https:\/\/www.stanleypackage.com\/de\/wp-json\/wp\/v2\/product"}],"about":[{"href":"https:\/\/www.stanleypackage.com\/de\/wp-json\/wp\/v2\/types\/product"}],"replies":[{"embeddable":true,"href":"https:\/\/www.stanleypackage.com\/de\/wp-json\/wp\/v2\/comments?post=3866"}],"wp:featuredmedia":[{"embeddable":true,"href":"https:\/\/www.stanleypackage.com\/de\/wp-json\/wp\/v2\/media\/3869"}],"wp:attachment":[{"href":"https:\/\/www.stanleypackage.com\/de\/wp-json\/wp\/v2\/media?parent=3866"}],"wp:term":[{"taxonomy":"product_brand","embeddable":true,"href":"https:\/\/www.stanleypackage.com\/de\/wp-json\/wp\/v2\/product_brand?post=3866"},{"taxonomy":"product_cat","embeddable":true,"href":"https:\/\/www.stanleypackage.com\/de\/wp-json\/wp\/v2\/product_cat?post=3866"},{"taxonomy":"product_tag","embeddable":true,"href":"https:\/\/www.stanleypackage.com\/de\/wp-json\/wp\/v2\/product_tag?post=3866"}],"curies":[{"name":"wp","href":"https:\/\/api.w.org\/{rel}","templated":true}]}}