{"id":3894,"date":"2025-11-26T06:51:26","date_gmt":"2025-11-26T06:51:26","guid":{"rendered":"https:\/\/www.stanleypackage.com\/?post_type=product&#038;p=3894"},"modified":"2025-11-26T06:51:32","modified_gmt":"2025-11-26T06:51:32","slug":"custom-gummy-packaging","status":"publish","type":"product","link":"https:\/\/www.stanleypackage.com\/de\/product\/custom-gummy-packaging\/","title":{"rendered":"Benutzerdefinierte Gummiverpackungen, OEM Standbodenbeutel"},"content":{"rendered":"<div class=\"wp-block-columns is-layout-flex wp-container-core-columns-is-layout-9d6595d7 wp-block-columns-is-layout-flex\">\n<div class=\"wp-block-column is-layout-flow wp-block-column-is-layout-flow\">\n<h2 class=\"wp-block-heading\">Merkmale von kundenspezifischen Gummiverpackungen<\/h2>\n\n\n\n<ul class=\"wp-block-list\">\n<li><strong>Auff\u00e4lliges Display: <\/strong>Diese kundenspezifische Gummiverpackung hat ein einzigartiges Design mit flachem Boden, das es dem Beutel erm\u00f6glicht, im Regal stabil zu bleiben und gleichzeitig die maximale Auslageh\u00f6he zu nutzen. So entsteht ein attraktiver, vollst\u00e4ndiger Produktlook, der das Image Ihres Produkts und die Attraktivit\u00e4t am Verkaufsort effektiv verbessert.<\/li>\n\n\n\n<li><strong>Material mit hoher Barriere: <\/strong>Die VMPET-Mittelschicht dieses OEM-Beutels blockiert effektiv Licht und Sauerstoff und verhindert in Kombination mit der luftdichten PE-Innenschicht, dass das Gummi feucht wird und aush\u00e4rtet, so dass der frische Geschmack erhalten bleibt.<\/li>\n\n\n\n<li><strong>Pr\u00e4ziser Aufrei\u00dfschnitt f\u00fcr leichtes \u00d6ffnen und Schlie\u00dfen:<\/strong> Der sorgf\u00e4ltig entworfene, leicht zu \u00f6ffnende Schnitt an dieser individuellen Gummiverpackung erm\u00f6glicht es den Verbrauchern, den Beutel ohne Anstrengung zu \u00f6ffnen, und verhindert, dass der Gummi durch \u00fcberm\u00e4\u00dfige Kraftanstrengung verstreut wird.<\/li>\n\n\n\n<li><strong>Ausgezeichnete Komposit-Festigkeit:<\/strong> Diese OEM-Beutel werden aus einem robusten Material mit hervorragender Durchsto\u00df- und Abriebfestigkeit hergestellt, so dass die Verpackung w\u00e4hrend des gesamten Prozesses von der Produktion \u00fcber den Transport bis hin zur Auslage im Regal nicht leicht besch\u00e4digt wird oder ausl\u00e4uft.<\/li>\n\n\n\n<li><strong>Flexibler individueller Druck:<\/strong> Unsere kundenspezifischen Gummiverpackungsbeutel k\u00f6nnen mit verschiedenen Mustern und Logos bedruckt werden, die sich durch einen starken Farbausdruck auszeichnen. So k\u00f6nnen Sie einen einzigartigen Markenauftritt schaffen und Ihr Produkt von der Konkurrenz abheben.<\/li>\n<\/ul>\n\n\n\n<div class=\"wp-block-columns is-layout-flex wp-container-core-columns-is-layout-9d6595d7 wp-block-columns-is-layout-flex\">\n<div class=\"wp-block-column is-layout-flow wp-block-column-is-layout-flow\">\n<figure class=\"wp-block-image size-full\"><img decoding=\"async\" width=\"4032\" height=\"3024\" src=\"https:\/\/www.stanleypackage.com\/wp-content\/uploads\/2025\/11\/Custom-Standing-Pouch-Wholesale-Candy-Packaging-Pouch-2.webp\" alt=\"\" class=\"wp-image-3900\" srcset=\"https:\/\/www.stanleypackage.com\/wp-content\/uploads\/2025\/11\/Custom-Standing-Pouch-Wholesale-Candy-Packaging-Pouch-2.webp 4032w, https:\/\/www.stanleypackage.com\/wp-content\/uploads\/2025\/11\/Custom-Standing-Pouch-Wholesale-Candy-Packaging-Pouch-2-300x225.webp 300w, https:\/\/www.stanleypackage.com\/wp-content\/uploads\/2025\/11\/Custom-Standing-Pouch-Wholesale-Candy-Packaging-Pouch-2-768x576.webp 768w, https:\/\/www.stanleypackage.com\/wp-content\/uploads\/2025\/11\/Custom-Standing-Pouch-Wholesale-Candy-Packaging-Pouch-2-16x12.webp 16w, https:\/\/www.stanleypackage.com\/wp-content\/uploads\/2025\/11\/Custom-Standing-Pouch-Wholesale-Candy-Packaging-Pouch-2-1200x900.webp 1200w, https:\/\/www.stanleypackage.com\/wp-content\/uploads\/2025\/11\/Custom-Standing-Pouch-Wholesale-Candy-Packaging-Pouch-2-600x450.webp 600w\" sizes=\"(max-width: 4032px) 100vw, 4032px\" \/><\/figure>\n<\/div>\n\n\n\n<div class=\"wp-block-column is-layout-flow wp-block-column-is-layout-flow\">\n<figure class=\"wp-block-image size-full\"><img decoding=\"async\" width=\"4032\" height=\"3024\" src=\"https:\/\/www.stanleypackage.com\/wp-content\/uploads\/2025\/11\/Custom-Standing-Pouch-Wholesale-Candy-Packaging-Pouch-3.jpg\" alt=\"\" class=\"wp-image-3898\" srcset=\"https:\/\/www.stanleypackage.com\/wp-content\/uploads\/2025\/11\/Custom-Standing-Pouch-Wholesale-Candy-Packaging-Pouch-3.jpg 4032w, https:\/\/www.stanleypackage.com\/wp-content\/uploads\/2025\/11\/Custom-Standing-Pouch-Wholesale-Candy-Packaging-Pouch-3-300x225.jpg 300w, https:\/\/www.stanleypackage.com\/wp-content\/uploads\/2025\/11\/Custom-Standing-Pouch-Wholesale-Candy-Packaging-Pouch-3-768x576.jpg 768w, https:\/\/www.stanleypackage.com\/wp-content\/uploads\/2025\/11\/Custom-Standing-Pouch-Wholesale-Candy-Packaging-Pouch-3-16x12.jpg 16w, https:\/\/www.stanleypackage.com\/wp-content\/uploads\/2025\/11\/Custom-Standing-Pouch-Wholesale-Candy-Packaging-Pouch-3-1200x900.jpg 1200w, https:\/\/www.stanleypackage.com\/wp-content\/uploads\/2025\/11\/Custom-Standing-Pouch-Wholesale-Candy-Packaging-Pouch-3-600x450.jpg 600w\" sizes=\"(max-width: 4032px) 100vw, 4032px\" \/><\/figure>\n<\/div>\n<\/div>\n<\/div>\n<\/div>","protected":false},"excerpt":{"rendered":"<p>Willkommen bei der Bestellung von kundenspezifischen Gummiverpackungsbeuteln. Unsere OEM-Sachet-Beutel blockieren effektiv Licht und Sauerstoff und erf\u00fcllen perfekt die hohen Anforderungen an Frische, \u00c4sthetik und Komfort, die f\u00fcr Gummiprodukte erforderlich sind. Das einzigartige Design mit flachem Boden sorgt daf\u00fcr, dass der Beutel fest aufrecht steht und optimal pr\u00e4sentiert werden kann.<\/p>\n<table style=\"border-collapse: collapse; width: 327.77pt;\" border=\"0\" width=\"437\" cellspacing=\"0\" cellpadding=\"0\">\n<tbody>\n<tr style=\"height: 12.75pt;\">\n<td class=\"et2\" style=\"height: 12.75pt; width: 91.40pt;\" width=\"121\" height=\"17\">Hersteller<\/td>\n<td class=\"et2\" style=\"width: 237.00pt;\" width=\"316\">Stanley<\/td>\n<\/tr>\n<tr style=\"height: 12.75pt;\">\n<td class=\"et2\" style=\"height: 12.75pt; width: 91.40pt;\" width=\"121\" height=\"17\">Arten von Beuteln<\/td>\n<td class=\"et3\">Stand-up-Beutel<\/td>\n<\/tr>\n<tr style=\"height: 12.75pt;\">\n<td class=\"et2\" style=\"height: 12.75pt; width: 91.40pt;\" width=\"121\" height=\"17\">Material<\/td>\n<td class=\"et2\" style=\"width: 237.00pt;\" width=\"316\">PET12\/VMPET12\/PE80<\/td>\n<\/tr>\n<tr style=\"height: 12.75pt;\">\n<td class=\"et2\" style=\"height: 12.75pt; width: 91.40pt;\" width=\"121\" height=\"17\">Besonderes Merkmal<\/td>\n<td class=\"et2\" style=\"width: 237.00pt;\" width=\"316\">Stehende Unterseite, leichte Aufrei\u00dfkerbe<\/td>\n<\/tr>\n<tr style=\"height: 12.75pt;\">\n<td class=\"et2\" style=\"height: 12.75pt; width: 91.40pt;\" width=\"121\" height=\"17\">Handhabung der Oberfl\u00e4che<\/td>\n<td class=\"et2\" style=\"width: 237.00pt;\" width=\"316\">Tiefdruck<\/td>\n<\/tr>\n<tr style=\"height: 12.75pt;\">\n<td class=\"et2\" style=\"height: 12.75pt; width: 91.40pt;\" width=\"121\" height=\"17\">Farbe<\/td>\n<td class=\"et2\" style=\"width: 237.00pt;\" width=\"316\">Bis zu 10 Farben<\/td>\n<\/tr>\n<tr style=\"height: 12.75pt;\">\n<td class=\"et2\" style=\"height: 12.75pt; width: 91.40pt;\" width=\"121\" height=\"17\">Verwendung<\/td>\n<td class=\"et3\">Gummibonbons, S\u00fc\u00dfigkeiten, N\u00fcsse, Snacks, gesalzene Produkte<\/td>\n<\/tr>\n<tr style=\"height: 12.75pt;\">\n<td class=\"et2\" style=\"height: 12.75pt; width: 91.40pt;\" width=\"121\" height=\"17\">MOQ<\/td>\n<td class=\"et2\" style=\"width: 237.00pt;\" width=\"316\">50.000 St\u00fcck<\/td>\n<\/tr>\n<tr style=\"height: 12.75pt;\">\n<td class=\"et2\" style=\"height: 12.75pt; width: 91.40pt;\" width=\"121\" height=\"17\">Individuelle Bestellung<\/td>\n<td class=\"et2\" style=\"width: 237.00pt;\" width=\"316\">Akzeptieren Sie OEM, unterst\u00fctzen Sie freie Probe<\/td>\n<\/tr>\n<\/tbody>\n<\/table>","protected":false},"featured_media":3899,"comment_status":"closed","ping_status":"closed","template":"","meta":{"_acf_changed":false},"product_brand":[],"product_cat":[30],"product_tag":[],"class_list":{"0":"post-3894","1":"product","2":"type-product","3":"status-publish","4":"has-post-thumbnail","6":"product_cat-stand-up-pouch-manufacturer","7":"pa_food-packaging-snack-food-pouch","9":"first","10":"instock","11":"shipping-taxable","12":"product-type-simple"},"acf":[],"_links":{"self":[{"href":"https:\/\/www.stanleypackage.com\/de\/wp-json\/wp\/v2\/product\/3894","targetHints":{"allow":["GET"]}}],"collection":[{"href":"https:\/\/www.stanleypackage.com\/de\/wp-json\/wp\/v2\/product"}],"about":[{"href":"https:\/\/www.stanleypackage.com\/de\/wp-json\/wp\/v2\/types\/product"}],"replies":[{"embeddable":true,"href":"https:\/\/www.stanleypackage.com\/de\/wp-json\/wp\/v2\/comments?post=3894"}],"wp:featuredmedia":[{"embeddable":true,"href":"https:\/\/www.stanleypackage.com\/de\/wp-json\/wp\/v2\/media\/3899"}],"wp:attachment":[{"href":"https:\/\/www.stanleypackage.com\/de\/wp-json\/wp\/v2\/media?parent=3894"}],"wp:term":[{"taxonomy":"product_brand","embeddable":true,"href":"https:\/\/www.stanleypackage.com\/de\/wp-json\/wp\/v2\/product_brand?post=3894"},{"taxonomy":"product_cat","embeddable":true,"href":"https:\/\/www.stanleypackage.com\/de\/wp-json\/wp\/v2\/product_cat?post=3894"},{"taxonomy":"product_tag","embeddable":true,"href":"https:\/\/www.stanleypackage.com\/de\/wp-json\/wp\/v2\/product_tag?post=3894"}],"curies":[{"name":"wp","href":"https:\/\/api.w.org\/{rel}","templated":true}]}}