{"id":3909,"date":"2025-11-28T08:04:56","date_gmt":"2025-11-28T08:04:56","guid":{"rendered":"https:\/\/www.stanleypackage.com\/?post_type=product&#038;p=3909"},"modified":"2025-11-28T08:05:09","modified_gmt":"2025-11-28T08:05:09","slug":"custom-flat-pouch-packaging","status":"publish","type":"product","link":"https:\/\/www.stanleypackage.com\/de\/product\/custom-flat-pouch-packaging\/","title":{"rendered":"Kundenspezifische flache Beutelverpackung, 3-Seiten-Siegel-Blatt-Maske-Beutel"},"content":{"rendered":"<div class=\"wp-block-columns is-layout-flex wp-container-core-columns-is-layout-9d6595d7 wp-block-columns-is-layout-flex\">\n<div class=\"wp-block-column is-layout-flow wp-block-column-is-layout-flow\">\n<h2 class=\"wp-block-heading\">Merkmale von kundenspezifischen Flachbeutelverpackungen<\/h2>\n\n\n\n<ul class=\"wp-block-list\">\n<li><strong>Aluminium Folienmaterial: <\/strong>Unsere kundenspezifischen Flachbeutelverpackungen bestehen aus Aluminiumfolie, die das Eindringen von Luft und Feuchtigkeit besser verhindern kann.<\/li>\n\n\n\n<li><strong>Abgerundetes Vier-Ecken-Design: <\/strong>Unsere 3-seitigen Gro\u00dfhandelssiegelbeutel f\u00fcr Lakenmasken verf\u00fcgen \u00fcber abgerundete Ecken an allen vier Seiten, wodurch die Gefahr von Handverletzungen verringert wird.<\/li>\n\n\n\n<li><strong>Leicht abrei\u00dfbares Design: <\/strong>Unsere kundenspezifischen Flachbeutelverpackungen haben einen einfachen Aufrei\u00dfmechanismus, der einfach und nicht \u00f6ffentlich ist, so dass sie f\u00fcr die Kunden bequem zu \u00f6ffnen sind.<\/li>\n\n\n\n<li><strong>Supermarkt-Loch-Design, bequem zu pr\u00e4sentieren: <\/strong>Unsere Gro\u00dfhandel 3 Seite Siegel Beutel f\u00fcr Blatt Maske sind mit Supermarkt L\u00f6cher, die auf den Regalen aufgeh\u00e4ngt werden k\u00f6nnen entworfen. Dies erleichtert nicht nur die Anzeige, sondern spart auch Platz.<\/li>\n\n\n\n<li><strong>Unterst\u00fctzung der Markenanpassung zur Erf\u00fcllung unterschiedlicher Verpackungsanforderungen: <\/strong>Unsere kundenspezifischen Flachbeutelverpackungen im Gro\u00dfhandel unterst\u00fctzen Druck, Muster und Kapazit\u00e4t, um die einzigartigen Verpackungsanforderungen der Kunden zu erf\u00fcllen.<\/li>\n<\/ul>\n\n\n\n<div class=\"wp-block-columns is-layout-flex wp-container-core-columns-is-layout-9d6595d7 wp-block-columns-is-layout-flex\">\n<div class=\"wp-block-column is-layout-flow wp-block-column-is-layout-flow\">\n<figure class=\"wp-block-image size-full\"><img decoding=\"async\" width=\"4032\" height=\"3024\" src=\"https:\/\/www.stanleypackage.com\/wp-content\/uploads\/2025\/11\/OEM-Hand-Mask-Pouch-Packaging-Wholesale-3-Side-Seal-Pouch-5.webp\" alt=\"\" class=\"wp-image-3910\" srcset=\"https:\/\/www.stanleypackage.com\/wp-content\/uploads\/2025\/11\/OEM-Hand-Mask-Pouch-Packaging-Wholesale-3-Side-Seal-Pouch-5.webp 4032w, https:\/\/www.stanleypackage.com\/wp-content\/uploads\/2025\/11\/OEM-Hand-Mask-Pouch-Packaging-Wholesale-3-Side-Seal-Pouch-5-300x225.webp 300w, https:\/\/www.stanleypackage.com\/wp-content\/uploads\/2025\/11\/OEM-Hand-Mask-Pouch-Packaging-Wholesale-3-Side-Seal-Pouch-5-768x576.webp 768w, https:\/\/www.stanleypackage.com\/wp-content\/uploads\/2025\/11\/OEM-Hand-Mask-Pouch-Packaging-Wholesale-3-Side-Seal-Pouch-5-16x12.webp 16w, https:\/\/www.stanleypackage.com\/wp-content\/uploads\/2025\/11\/OEM-Hand-Mask-Pouch-Packaging-Wholesale-3-Side-Seal-Pouch-5-1200x900.webp 1200w, https:\/\/www.stanleypackage.com\/wp-content\/uploads\/2025\/11\/OEM-Hand-Mask-Pouch-Packaging-Wholesale-3-Side-Seal-Pouch-5-600x450.webp 600w\" sizes=\"(max-width: 4032px) 100vw, 4032px\" \/><\/figure>\n<\/div>\n\n\n\n<div class=\"wp-block-column is-layout-flow wp-block-column-is-layout-flow\">\n<figure class=\"wp-block-image size-full\"><img decoding=\"async\" width=\"4032\" height=\"3024\" src=\"https:\/\/www.stanleypackage.com\/wp-content\/uploads\/2025\/11\/OEM-Hand-Mask-Pouch-Packaging-Wholesale-3-Side-Seal-Pouch-2.webp\" alt=\"\" class=\"wp-image-3911\" srcset=\"https:\/\/www.stanleypackage.com\/wp-content\/uploads\/2025\/11\/OEM-Hand-Mask-Pouch-Packaging-Wholesale-3-Side-Seal-Pouch-2.webp 4032w, https:\/\/www.stanleypackage.com\/wp-content\/uploads\/2025\/11\/OEM-Hand-Mask-Pouch-Packaging-Wholesale-3-Side-Seal-Pouch-2-300x225.webp 300w, https:\/\/www.stanleypackage.com\/wp-content\/uploads\/2025\/11\/OEM-Hand-Mask-Pouch-Packaging-Wholesale-3-Side-Seal-Pouch-2-768x576.webp 768w, https:\/\/www.stanleypackage.com\/wp-content\/uploads\/2025\/11\/OEM-Hand-Mask-Pouch-Packaging-Wholesale-3-Side-Seal-Pouch-2-16x12.webp 16w, https:\/\/www.stanleypackage.com\/wp-content\/uploads\/2025\/11\/OEM-Hand-Mask-Pouch-Packaging-Wholesale-3-Side-Seal-Pouch-2-1200x900.webp 1200w, https:\/\/www.stanleypackage.com\/wp-content\/uploads\/2025\/11\/OEM-Hand-Mask-Pouch-Packaging-Wholesale-3-Side-Seal-Pouch-2-600x450.webp 600w\" sizes=\"(max-width: 4032px) 100vw, 4032px\" \/><\/figure>\n<\/div>\n<\/div>\n<\/div>\n<\/div>","protected":false},"excerpt":{"rendered":"<p>Willkommen zu kaufen benutzerdefinierte flachen Beutel Verpackung. Unsere Gro\u00dfhandel 3 Seite Dichtung Blatt Maske Beutel kommen mit einem leicht zu rei\u00dfen Design, vier-coner abgerundet und Supermarkt L\u00f6cher, die kundenspezifische Druck unterst\u00fctzen.<\/p>\n<table style=\"border-collapse: collapse; width: 327.77pt;\" border=\"0\" width=\"437\" cellspacing=\"0\" cellpadding=\"0\">\n<tbody>\n<tr style=\"height: 12.75pt;\">\n<td class=\"et2\" style=\"height: 12.75pt; width: 91.40pt;\" width=\"121\" height=\"17\">Hersteller<\/td>\n<td class=\"et2\" style=\"width: 237.00pt;\" width=\"316\">Stanley<\/td>\n<\/tr>\n<tr style=\"height: 12.75pt;\">\n<td class=\"et2\" style=\"height: 12.75pt; width: 91.40pt;\" width=\"121\" height=\"17\">Arten von Beuteln<\/td>\n<td class=\"et3\">3-Seiten-Siegel-Beutel<\/td>\n<\/tr>\n<tr style=\"height: 12.75pt;\">\n<td class=\"et2\" style=\"height: 12.75pt; width: 91.40pt;\" width=\"121\" height=\"17\">Material<\/td>\n<td class=\"et2\" style=\"width: 237.00pt;\" width=\"316\">PET12\/AL7\/PE95<\/td>\n<\/tr>\n<tr style=\"height: 12.75pt;\">\n<td class=\"et2\" style=\"height: 12.75pt; width: 91.40pt;\" width=\"121\" height=\"17\">Besonderes Merkmal<\/td>\n<td class=\"et2\" style=\"width: 237.00pt;\" width=\"316\">Leichte Einrei\u00dfkerbe, Supermarkt-Loch<\/td>\n<\/tr>\n<tr style=\"height: 12.75pt;\">\n<td class=\"et2\" style=\"height: 12.75pt; width: 91.40pt;\" width=\"121\" height=\"17\">Handhabung der Oberfl\u00e4che<\/td>\n<td class=\"et2\" style=\"width: 237.00pt;\" width=\"316\">Tiefdruck<\/td>\n<\/tr>\n<tr style=\"height: 12.75pt;\">\n<td class=\"et2\" style=\"height: 12.75pt; width: 91.40pt;\" width=\"121\" height=\"17\">Farbe<\/td>\n<td class=\"et2\" style=\"width: 237.00pt;\" width=\"316\">Bis zu 10 Farben<\/td>\n<\/tr>\n<tr style=\"height: 12.75pt;\">\n<td class=\"et2\" style=\"height: 12.75pt; width: 91.40pt;\" width=\"121\" height=\"17\">Verwendung<\/td>\n<td class=\"et3\">Gesichtsmaske, Handmaske, Creme<\/td>\n<\/tr>\n<tr style=\"height: 12.75pt;\">\n<td class=\"et2\" style=\"height: 12.75pt; width: 91.40pt;\" width=\"121\" height=\"17\">MOQ<\/td>\n<td class=\"et2\" style=\"width: 237.00pt;\" width=\"316\">50.000 St\u00fcck<\/td>\n<\/tr>\n<tr style=\"height: 12.75pt;\">\n<td class=\"et2\" style=\"height: 12.75pt; width: 91.40pt;\" width=\"121\" height=\"17\">Individuelle Bestellung<\/td>\n<td class=\"et2\" style=\"width: 237.00pt;\" width=\"316\">Akzeptieren Sie OEM, unterst\u00fctzen Sie freie Probe<\/td>\n<\/tr>\n<\/tbody>\n<\/table>","protected":false},"featured_media":3912,"comment_status":"closed","ping_status":"closed","template":"","meta":{"_acf_changed":false},"product_brand":[],"product_cat":[28,31],"product_tag":[],"class_list":{"0":"post-3909","1":"product","2":"type-product","3":"status-publish","4":"has-post-thumbnail","6":"product_cat-three-side-seal-pouch-manufacturer","7":"product_cat-lay-flat-pouch-manufacturer","8":"pa_non-food-packaging-cosmetic-packaging-pouches","10":"first","11":"instock","12":"shipping-taxable","13":"product-type-simple"},"acf":[],"_links":{"self":[{"href":"https:\/\/www.stanleypackage.com\/de\/wp-json\/wp\/v2\/product\/3909","targetHints":{"allow":["GET"]}}],"collection":[{"href":"https:\/\/www.stanleypackage.com\/de\/wp-json\/wp\/v2\/product"}],"about":[{"href":"https:\/\/www.stanleypackage.com\/de\/wp-json\/wp\/v2\/types\/product"}],"replies":[{"embeddable":true,"href":"https:\/\/www.stanleypackage.com\/de\/wp-json\/wp\/v2\/comments?post=3909"}],"wp:featuredmedia":[{"embeddable":true,"href":"https:\/\/www.stanleypackage.com\/de\/wp-json\/wp\/v2\/media\/3912"}],"wp:attachment":[{"href":"https:\/\/www.stanleypackage.com\/de\/wp-json\/wp\/v2\/media?parent=3909"}],"wp:term":[{"taxonomy":"product_brand","embeddable":true,"href":"https:\/\/www.stanleypackage.com\/de\/wp-json\/wp\/v2\/product_brand?post=3909"},{"taxonomy":"product_cat","embeddable":true,"href":"https:\/\/www.stanleypackage.com\/de\/wp-json\/wp\/v2\/product_cat?post=3909"},{"taxonomy":"product_tag","embeddable":true,"href":"https:\/\/www.stanleypackage.com\/de\/wp-json\/wp\/v2\/product_tag?post=3909"}],"curies":[{"name":"wp","href":"https:\/\/api.w.org\/{rel}","templated":true}]}}