{"id":3922,"date":"2025-11-28T08:28:33","date_gmt":"2025-11-28T08:28:33","guid":{"rendered":"https:\/\/www.stanleypackage.com\/?post_type=product&#038;p=3922"},"modified":"2025-11-28T08:28:39","modified_gmt":"2025-11-28T08:28:39","slug":"kraft-pouches-wholesale","status":"publish","type":"product","link":"https:\/\/www.stanleypackage.com\/de\/product\/kraft-pouches-wholesale\/","title":{"rendered":"Zur\u00fcck versiegelt Kraft Beutel Gro\u00dfhandel, Unterst\u00fctzung benutzerdefinierte Druck"},"content":{"rendered":"<div class=\"wp-block-columns is-layout-flex wp-container-core-columns-is-layout-9d6595d7 wp-block-columns-is-layout-flex\">\n<div class=\"wp-block-column is-layout-flow wp-block-column-is-layout-flow\">\n<h2 class=\"wp-block-heading\">Features of Kraft Pouches Wholesale<\/h2>\n\n\n\n<ul class=\"wp-block-list\">\n<li><strong>Umweltvertr\u00e4gliche und biologisch abbaubare Materialien:<\/strong> Our back seal kraft pouches wholesale use 60g single-sided veneer paper with a biodegradable adhesive layer, conforming to the trend of green packaging and balancing strength and environmental requirements.<\/li>\n\n\n\n<li><strong>Feuchtigkeitssichere und aromaschonende R\u00fcckseitenversiegelung: <\/strong>The sealed back seal design of these custom kraft paper pouches effectively isolates air and moisture, extending the shelf life and flavor retention of food, tea, and other products.<\/li>\n\n\n\n<li><strong>Unterst\u00fctzung der vollst\u00e4ndigen Prozessanpassung: <\/strong>We offer flexible customization of the size, printed graphics, and packaging structure for kraft pouches wholesale to meet diverse OEM\/ODM brand needs.<\/li>\n\n\n\n<li><strong>Kostenlose Proben f\u00fcr erste Erfahrungen: <\/strong>Our custom kraft paper pouches offer free sampling services, allowing customers to verify packaging quality and suitability on-site, reducing decision-making risks.<\/li>\n\n\n\n<li><strong>\u00c4u\u00dferst anpassungsf\u00e4hig an verschiedene Szenarien:<\/strong> These back seal kraft pouches wholesale are widely applicable to various lightweight products such as snacks, dried goods, and tea, balancing practicality with brand display effects.<\/li>\n<\/ul>\n\n\n\n<div class=\"wp-block-columns is-layout-flex wp-container-core-columns-is-layout-9d6595d7 wp-block-columns-is-layout-flex\">\n<div class=\"wp-block-column is-layout-flow wp-block-column-is-layout-flow\">\n<figure class=\"wp-block-image size-full\"><img decoding=\"async\" width=\"750\" height=\"750\" src=\"https:\/\/www.stanleypackage.com\/wp-content\/uploads\/2025\/11\/Custom-Kraft-Paper-Pouch-Packaging-Wholesale-Back-Sealed-Pouches-5.webp\" alt=\"\" class=\"wp-image-3923\" srcset=\"https:\/\/www.stanleypackage.com\/wp-content\/uploads\/2025\/11\/Custom-Kraft-Paper-Pouch-Packaging-Wholesale-Back-Sealed-Pouches-5.webp 750w, https:\/\/www.stanleypackage.com\/wp-content\/uploads\/2025\/11\/Custom-Kraft-Paper-Pouch-Packaging-Wholesale-Back-Sealed-Pouches-5-300x300.webp 300w, https:\/\/www.stanleypackage.com\/wp-content\/uploads\/2025\/11\/Custom-Kraft-Paper-Pouch-Packaging-Wholesale-Back-Sealed-Pouches-5-150x150.webp 150w, https:\/\/www.stanleypackage.com\/wp-content\/uploads\/2025\/11\/Custom-Kraft-Paper-Pouch-Packaging-Wholesale-Back-Sealed-Pouches-5-12x12.webp 12w, https:\/\/www.stanleypackage.com\/wp-content\/uploads\/2025\/11\/Custom-Kraft-Paper-Pouch-Packaging-Wholesale-Back-Sealed-Pouches-5-600x600.webp 600w, https:\/\/www.stanleypackage.com\/wp-content\/uploads\/2025\/11\/Custom-Kraft-Paper-Pouch-Packaging-Wholesale-Back-Sealed-Pouches-5-100x100.webp 100w\" sizes=\"(max-width: 750px) 100vw, 750px\" \/><\/figure>\n<\/div>\n\n\n\n<div class=\"wp-block-column is-layout-flow wp-block-column-is-layout-flow\">\n<figure class=\"wp-block-image size-full\"><img decoding=\"async\" width=\"750\" height=\"750\" src=\"https:\/\/www.stanleypackage.com\/wp-content\/uploads\/2025\/11\/Custom-Kraft-Paper-Pouch-Packaging-Wholesale-Back-Sealed-Pouches-4.webp\" alt=\"\" class=\"wp-image-3924\" srcset=\"https:\/\/www.stanleypackage.com\/wp-content\/uploads\/2025\/11\/Custom-Kraft-Paper-Pouch-Packaging-Wholesale-Back-Sealed-Pouches-4.webp 750w, https:\/\/www.stanleypackage.com\/wp-content\/uploads\/2025\/11\/Custom-Kraft-Paper-Pouch-Packaging-Wholesale-Back-Sealed-Pouches-4-300x300.webp 300w, https:\/\/www.stanleypackage.com\/wp-content\/uploads\/2025\/11\/Custom-Kraft-Paper-Pouch-Packaging-Wholesale-Back-Sealed-Pouches-4-150x150.webp 150w, https:\/\/www.stanleypackage.com\/wp-content\/uploads\/2025\/11\/Custom-Kraft-Paper-Pouch-Packaging-Wholesale-Back-Sealed-Pouches-4-12x12.webp 12w, https:\/\/www.stanleypackage.com\/wp-content\/uploads\/2025\/11\/Custom-Kraft-Paper-Pouch-Packaging-Wholesale-Back-Sealed-Pouches-4-600x600.webp 600w, https:\/\/www.stanleypackage.com\/wp-content\/uploads\/2025\/11\/Custom-Kraft-Paper-Pouch-Packaging-Wholesale-Back-Sealed-Pouches-4-100x100.webp 100w\" sizes=\"(max-width: 750px) 100vw, 750px\" \/><\/figure>\n<\/div>\n<\/div>\n<\/div>\n<\/div>","protected":false},"excerpt":{"rendered":"<p>Welcome to order custom kraft paper pouches. Our back seal kraft pouches wholesale are made of food-grade and environmentally friendly materials, support custom printing and OEM\/ODM, and offer free samples.<\/p>\n<table style=\"border-collapse: collapse; width: 365.02pt;\" border=\"0\" width=\"365\" cellspacing=\"0\" cellpadding=\"0\">\n<tbody>\n<tr style=\"height: 16.00pt;\">\n<td class=\"et2\" style=\"height: 16.00pt; width: 97.50pt;\" width=\"97\" height=\"16\">Hersteller<\/td>\n<td class=\"et2\" style=\"width: 267.50pt;\" width=\"267\">Stanley<\/td>\n<\/tr>\n<tr style=\"height: 16.00pt;\">\n<td class=\"et2\" style=\"height: 16.00pt; width: 97.50pt;\" width=\"97\" height=\"16\">Arten von Beuteln<\/td>\n<td class=\"et3\">R\u00fcckenversiegelungstasche<span class=\"font1\">, <\/span><span class=\"font0\">Flachlegende Tasche<\/span><\/td>\n<\/tr>\n<tr style=\"height: 16.00pt;\">\n<td class=\"et2\" style=\"height: 16.00pt; width: 97.50pt;\" width=\"97\" height=\"16\">Material<\/td>\n<td class=\"et2\" style=\"width: 267.50pt;\" width=\"267\">60g Kraftpapier mit biologisch abbaubarer Beschichtung<\/td>\n<\/tr>\n<tr style=\"height: 16.00pt;\">\n<td class=\"et2\" style=\"height: 16.00pt; width: 97.50pt;\" width=\"97\" height=\"16\">Besonderes Merkmal<\/td>\n<td class=\"et2\" style=\"width: 267.50pt;\" width=\"267\">Risskerbe, untere F\u00fcllung<\/td>\n<\/tr>\n<tr style=\"height: 16.00pt;\">\n<td class=\"et2\" style=\"height: 16.00pt; width: 97.50pt;\" width=\"97\" height=\"16\">Handhabung der Oberfl\u00e4che<\/td>\n<td class=\"et2\" style=\"width: 267.50pt;\" width=\"267\">Tiefdruck<\/td>\n<\/tr>\n<tr style=\"height: 16.00pt;\">\n<td class=\"et2\" style=\"height: 16.00pt; width: 97.50pt;\" width=\"97\" height=\"16\">Farbe<\/td>\n<td class=\"et2\" style=\"width: 267.50pt;\" width=\"267\">Beidseitiger Druck, bis zu 10 Farben<\/td>\n<\/tr>\n<tr style=\"height: 16.00pt;\">\n<td class=\"et2\" style=\"height: 16.00pt; width: 97.50pt;\" width=\"97\" height=\"16\">Verwendung<\/td>\n<td class=\"et2\" style=\"width: 267.50pt;\" width=\"267\">S\u00fc\u00dfigkeiten, Snacks, Trockenfr\u00fcchte, Gelee<\/td>\n<\/tr>\n<tr style=\"height: 16.00pt;\">\n<td class=\"et2\" style=\"height: 16.00pt; width: 97.50pt;\" width=\"97\" height=\"16\">MOQ<\/td>\n<td class=\"et2\" style=\"width: 267.50pt;\" width=\"267\">50.000 St\u00fcck<\/td>\n<\/tr>\n<tr style=\"height: 16.00pt;\">\n<td class=\"et2\" style=\"height: 16.00pt; width: 97.50pt;\" width=\"97\" height=\"16\">Individuelle Bestellung<\/td>\n<td class=\"et2\" style=\"width: 267.50pt;\" width=\"267\">Akzeptieren Sie OEM &amp; ODM, unterst\u00fctzen Sie freie Probe<\/td>\n<\/tr>\n<\/tbody>\n<\/table>\n<p>&nbsp;<\/p>","protected":false},"featured_media":3925,"comment_status":"closed","ping_status":"closed","template":"","meta":{"_acf_changed":false},"product_brand":[],"product_cat":[59,31,28],"product_tag":[],"class_list":{"0":"post-3922","1":"product","2":"type-product","3":"status-publish","4":"has-post-thumbnail","6":"product_cat-pillow-pouch-manufacturer","7":"product_cat-lay-flat-pouch-manufacturer","8":"product_cat-three-side-seal-pouch-manufacturer","9":"pa_food-packaging-tea-pouch-packaging","10":"pa_food-packaging-snack-food-pouch","11":"pa_material-kraft-paper","13":"first","14":"instock","15":"shipping-taxable","16":"product-type-simple"},"acf":[],"_links":{"self":[{"href":"https:\/\/www.stanleypackage.com\/de\/wp-json\/wp\/v2\/product\/3922","targetHints":{"allow":["GET"]}}],"collection":[{"href":"https:\/\/www.stanleypackage.com\/de\/wp-json\/wp\/v2\/product"}],"about":[{"href":"https:\/\/www.stanleypackage.com\/de\/wp-json\/wp\/v2\/types\/product"}],"replies":[{"embeddable":true,"href":"https:\/\/www.stanleypackage.com\/de\/wp-json\/wp\/v2\/comments?post=3922"}],"wp:featuredmedia":[{"embeddable":true,"href":"https:\/\/www.stanleypackage.com\/de\/wp-json\/wp\/v2\/media\/3925"}],"wp:attachment":[{"href":"https:\/\/www.stanleypackage.com\/de\/wp-json\/wp\/v2\/media?parent=3922"}],"wp:term":[{"taxonomy":"product_brand","embeddable":true,"href":"https:\/\/www.stanleypackage.com\/de\/wp-json\/wp\/v2\/product_brand?post=3922"},{"taxonomy":"product_cat","embeddable":true,"href":"https:\/\/www.stanleypackage.com\/de\/wp-json\/wp\/v2\/product_cat?post=3922"},{"taxonomy":"product_tag","embeddable":true,"href":"https:\/\/www.stanleypackage.com\/de\/wp-json\/wp\/v2\/product_tag?post=3922"}],"curies":[{"name":"wp","href":"https:\/\/api.w.org\/{rel}","templated":true}]}}