{"id":3929,"date":"2025-11-28T08:51:23","date_gmt":"2025-11-28T08:51:23","guid":{"rendered":"https:\/\/www.stanleypackage.com\/?post_type=product&#038;p=3929"},"modified":"2025-11-28T08:51:28","modified_gmt":"2025-11-28T08:51:28","slug":"custom-doypack","status":"publish","type":"product","link":"https:\/\/www.stanleypackage.com\/de\/product\/custom-doypack\/","title":{"rendered":"Benutzerdefinierte Doypack mit Fenster Design f\u00fcr S\u00fc\u00dfigkeiten Verpackung"},"content":{"rendered":"<div class=\"wp-block-columns is-layout-flex wp-container-core-columns-is-layout-9d6595d7 wp-block-columns-is-layout-flex\">\n<div class=\"wp-block-column is-layout-flow wp-block-column-is-layout-flow\">\n<h2 class=\"wp-block-heading\">Merkmale von Custom Doypack f\u00fcr S\u00fc\u00dfwarenverpackungen<\/h2>\n\n\n\n<ul class=\"wp-block-list\">\n<li><strong>Hochaufl\u00f6sendes klares Fenster: <\/strong>Diese individuelle Doypack-Verpackung hat ein transparentes Fenster, durch das die Kunden die Form und Farbe der Bonbons im Inneren sehen k\u00f6nnen. Dies gibt den Verbrauchern Vertrauen beim Kauf des Produkts und erh\u00f6ht die Attraktivit\u00e4t des Produkts.<\/li>\n\n\n\n<li><strong>Hochwertiger Verbundwerkstoff: <\/strong>Unsere ma\u00dfgefertigten Standbeutel f\u00fcr S\u00fc\u00dfigkeiten bestehen aus einem dreischichtigen BOPP\/PET\/PE-Verbundmaterial, das eine hervorragende Feuchtigkeitsbest\u00e4ndigkeit, Barriereeigenschaften und Abriebfestigkeit bietet und die Frische und sichere Lagerung der S\u00fc\u00dfigkeiten gew\u00e4hrleistet.<\/li>\n\n\n\n<li><strong>Tragbares Stand-Up Pouch Design: <\/strong>Das robuste Standdesign an der Unterseite dieses ma\u00dfgeschneiderten Doypacks erleichtert die Pr\u00e4sentation im Regal; die Oberseite ist mit Aufh\u00e4ngel\u00f6chern versehen, so dass es sich sowohl f\u00fcr h\u00e4ngende als auch f\u00fcr stehende Verkaufsszenarien eignet und eine hohe Praktikabilit\u00e4t bietet.<\/li>\n\n\n\n<li><strong>Vollst\u00e4ndiger Anpassungsservice: <\/strong>Unsere ma\u00dfgefertigten Standbeutel f\u00fcr S\u00fc\u00dfigkeiten k\u00f6nnen durch Angabe der Gr\u00f6\u00dfe und des Materials sowie durch die Bereitstellung von Grafiken an Ihre spezifischen Anforderungen angepasst werden. Flexible Zusatzfunktionen wie Aufh\u00e4ngel\u00f6cher und leicht zu \u00f6ffnende \u00d6ffnungen k\u00f6nnen f\u00fcr die Marken, die sie ben\u00f6tigen, ebenfalls hinzugef\u00fcgt werden.<\/li>\n\n\n\n<li><strong>Ausgezeichnete Druckergebnisse:<\/strong> Die Materialoberfl\u00e4che dieser kundenspezifischen Doypack-Verpackung l\u00e4sst sich sehr gut bedrucken und erm\u00f6glicht hochpr\u00e4zise, farbenfrohe Muster und Texte, die das Markenimage und den Wiedererkennungswert des Produkts effektiv verbessern.<\/li>\n<\/ul>\n\n\n\n<div class=\"wp-block-columns is-layout-flex wp-container-core-columns-is-layout-9d6595d7 wp-block-columns-is-layout-flex\">\n<div class=\"wp-block-column is-layout-flow wp-block-column-is-layout-flow\">\n<figure class=\"wp-block-image size-full\"><img decoding=\"async\" width=\"750\" height=\"750\" src=\"https:\/\/www.stanleypackage.com\/wp-content\/uploads\/2025\/11\/Custom-Printed-Candy-Bags-Bulk-Stand-Up-Pouch-With-Window-2.jpg\" alt=\"\" class=\"wp-image-3930\" srcset=\"https:\/\/www.stanleypackage.com\/wp-content\/uploads\/2025\/11\/Custom-Printed-Candy-Bags-Bulk-Stand-Up-Pouch-With-Window-2.jpg 750w, https:\/\/www.stanleypackage.com\/wp-content\/uploads\/2025\/11\/Custom-Printed-Candy-Bags-Bulk-Stand-Up-Pouch-With-Window-2-300x300.jpg 300w, https:\/\/www.stanleypackage.com\/wp-content\/uploads\/2025\/11\/Custom-Printed-Candy-Bags-Bulk-Stand-Up-Pouch-With-Window-2-150x150.jpg 150w, https:\/\/www.stanleypackage.com\/wp-content\/uploads\/2025\/11\/Custom-Printed-Candy-Bags-Bulk-Stand-Up-Pouch-With-Window-2-12x12.jpg 12w, https:\/\/www.stanleypackage.com\/wp-content\/uploads\/2025\/11\/Custom-Printed-Candy-Bags-Bulk-Stand-Up-Pouch-With-Window-2-600x600.jpg 600w, https:\/\/www.stanleypackage.com\/wp-content\/uploads\/2025\/11\/Custom-Printed-Candy-Bags-Bulk-Stand-Up-Pouch-With-Window-2-100x100.jpg 100w\" sizes=\"(max-width: 750px) 100vw, 750px\" \/><\/figure>\n<\/div>\n\n\n\n<div class=\"wp-block-column is-layout-flow wp-block-column-is-layout-flow\">\n<figure class=\"wp-block-image size-full\"><img decoding=\"async\" width=\"750\" height=\"750\" src=\"https:\/\/www.stanleypackage.com\/wp-content\/uploads\/2025\/11\/Custom-Printed-Candy-Bags-Bulk-Stand-Up-Pouch-With-Window-5.jpg\" alt=\"\" class=\"wp-image-3931\" srcset=\"https:\/\/www.stanleypackage.com\/wp-content\/uploads\/2025\/11\/Custom-Printed-Candy-Bags-Bulk-Stand-Up-Pouch-With-Window-5.jpg 750w, https:\/\/www.stanleypackage.com\/wp-content\/uploads\/2025\/11\/Custom-Printed-Candy-Bags-Bulk-Stand-Up-Pouch-With-Window-5-300x300.jpg 300w, https:\/\/www.stanleypackage.com\/wp-content\/uploads\/2025\/11\/Custom-Printed-Candy-Bags-Bulk-Stand-Up-Pouch-With-Window-5-150x150.jpg 150w, https:\/\/www.stanleypackage.com\/wp-content\/uploads\/2025\/11\/Custom-Printed-Candy-Bags-Bulk-Stand-Up-Pouch-With-Window-5-12x12.jpg 12w, https:\/\/www.stanleypackage.com\/wp-content\/uploads\/2025\/11\/Custom-Printed-Candy-Bags-Bulk-Stand-Up-Pouch-With-Window-5-600x600.jpg 600w, https:\/\/www.stanleypackage.com\/wp-content\/uploads\/2025\/11\/Custom-Printed-Candy-Bags-Bulk-Stand-Up-Pouch-With-Window-5-100x100.jpg 100w\" sizes=\"(max-width: 750px) 100vw, 750px\" \/><\/figure>\n<\/div>\n<\/div>\n<\/div>\n<\/div>","protected":false},"excerpt":{"rendered":"<p>Willkommen bei doypack, um individuelle Beutel zu bestellen. Unsere ma\u00dfgefertigten S\u00fc\u00dfigkeiten-Standbeutel werden aus hochwertigen Verbundmaterialien hergestellt und zeichnen sich durch leuchtende Farben und hervorragende Dichtigkeit aus. Sie kombinieren auff\u00e4llige Cartoon-Designs mit einem praktischen Fensterdesign und setzen Ihre S\u00fc\u00dfwarenprodukte perfekt in Szene.<\/p>\n<table style=\"border-collapse: collapse; width: 327.77pt;\" border=\"0\" width=\"437\" cellspacing=\"0\" cellpadding=\"0\">\n<tbody>\n<tr style=\"height: 12.75pt;\">\n<td class=\"et2\" style=\"height: 12.75pt; width: 91.40pt;\" width=\"121\" height=\"17\">Hersteller<\/td>\n<td class=\"et2\" style=\"width: 237.00pt;\" width=\"316\">Stanley<\/td>\n<\/tr>\n<tr style=\"height: 12.75pt;\">\n<td class=\"et2\" style=\"height: 12.75pt; width: 91.40pt;\" width=\"121\" height=\"17\">Arten von Beuteln<\/td>\n<td class=\"et3\">Standbodenbeutel<\/td>\n<\/tr>\n<tr style=\"height: 12.75pt;\">\n<td class=\"et2\" style=\"height: 12.75pt; width: 91.40pt;\" width=\"121\" height=\"17\">Material<\/td>\n<td class=\"et2\" style=\"width: 237.00pt;\" width=\"316\">BOPP38\/PET12\/PE60<\/td>\n<\/tr>\n<tr style=\"height: 12.75pt;\">\n<td class=\"et2\" style=\"height: 12.75pt; width: 91.40pt;\" width=\"121\" height=\"17\">Besonderes Merkmal<\/td>\n<td class=\"et2\" style=\"width: 237.00pt;\" width=\"316\">Stehboden, leichte Aufrei\u00dfkerbe, Klarsichtfenster<\/td>\n<\/tr>\n<tr style=\"height: 12.75pt;\">\n<td class=\"et2\" style=\"height: 12.75pt; width: 91.40pt;\" width=\"121\" height=\"17\">Handhabung der Oberfl\u00e4che<\/td>\n<td class=\"et2\" style=\"width: 237.00pt;\" width=\"316\">Tiefdruck<\/td>\n<\/tr>\n<tr style=\"height: 12.75pt;\">\n<td class=\"et2\" style=\"height: 12.75pt; width: 91.40pt;\" width=\"121\" height=\"17\">Farbe<\/td>\n<td class=\"et2\" style=\"width: 237.00pt;\" width=\"316\">Bis zu 10 Farben<\/td>\n<\/tr>\n<tr style=\"height: 12.75pt;\">\n<td class=\"et2\" style=\"height: 12.75pt; width: 91.40pt;\" width=\"121\" height=\"17\">Verwendung<\/td>\n<td class=\"et3\">S\u00fc\u00dfigkeiten, N\u00fcsse, Snacks<\/td>\n<\/tr>\n<tr style=\"height: 12.75pt;\">\n<td class=\"et2\" style=\"height: 12.75pt; width: 91.40pt;\" width=\"121\" height=\"17\">MOQ<\/td>\n<td class=\"et2\" style=\"width: 237.00pt;\" width=\"316\">50.000 St\u00fcck<\/td>\n<\/tr>\n<tr style=\"height: 12.75pt;\">\n<td class=\"et2\" style=\"height: 12.75pt; width: 91.40pt;\" width=\"121\" height=\"17\">Individuelle Bestellung<\/td>\n<td class=\"et2\" style=\"width: 237.00pt;\" width=\"316\">Akzeptieren Sie OEM, unterst\u00fctzen Sie freie Probe<\/td>\n<\/tr>\n<\/tbody>\n<\/table>","protected":false},"featured_media":3932,"comment_status":"closed","ping_status":"closed","template":"","meta":{"_acf_changed":false},"product_brand":[],"product_cat":[30],"product_tag":[],"class_list":{"0":"post-3929","1":"product","2":"type-product","3":"status-publish","4":"has-post-thumbnail","6":"product_cat-stand-up-pouch-manufacturer","7":"pa_food-packaging-snack-food-pouch","9":"first","10":"instock","11":"shipping-taxable","12":"product-type-simple"},"acf":[],"_links":{"self":[{"href":"https:\/\/www.stanleypackage.com\/de\/wp-json\/wp\/v2\/product\/3929","targetHints":{"allow":["GET"]}}],"collection":[{"href":"https:\/\/www.stanleypackage.com\/de\/wp-json\/wp\/v2\/product"}],"about":[{"href":"https:\/\/www.stanleypackage.com\/de\/wp-json\/wp\/v2\/types\/product"}],"replies":[{"embeddable":true,"href":"https:\/\/www.stanleypackage.com\/de\/wp-json\/wp\/v2\/comments?post=3929"}],"wp:featuredmedia":[{"embeddable":true,"href":"https:\/\/www.stanleypackage.com\/de\/wp-json\/wp\/v2\/media\/3932"}],"wp:attachment":[{"href":"https:\/\/www.stanleypackage.com\/de\/wp-json\/wp\/v2\/media?parent=3929"}],"wp:term":[{"taxonomy":"product_brand","embeddable":true,"href":"https:\/\/www.stanleypackage.com\/de\/wp-json\/wp\/v2\/product_brand?post=3929"},{"taxonomy":"product_cat","embeddable":true,"href":"https:\/\/www.stanleypackage.com\/de\/wp-json\/wp\/v2\/product_cat?post=3929"},{"taxonomy":"product_tag","embeddable":true,"href":"https:\/\/www.stanleypackage.com\/de\/wp-json\/wp\/v2\/product_tag?post=3929"}],"curies":[{"name":"wp","href":"https:\/\/api.w.org\/{rel}","templated":true}]}}