{"id":3946,"date":"2025-11-28T09:43:05","date_gmt":"2025-11-28T09:43:05","guid":{"rendered":"https:\/\/www.stanleypackage.com\/?post_type=product&#038;p=3946"},"modified":"2025-11-28T09:43:27","modified_gmt":"2025-11-28T09:43:27","slug":"custom-printed-heat-shrink-sleeves","status":"publish","type":"product","link":"https:\/\/www.stanleypackage.com\/de\/product\/custom-printed-heat-shrink-sleeves\/","title":{"rendered":"Individuell bedruckte Schrumpfh\u00fclsen, PET-Flaschen-Schrumpffolien"},"content":{"rendered":"<div class=\"wp-block-columns is-layout-flex wp-container-core-columns-is-layout-9d6595d7 wp-block-columns-is-layout-flex\">\n<div class=\"wp-block-column is-layout-flow wp-block-column-is-layout-flow\">\n<h2 class=\"wp-block-heading\">Merkmale von individuell bedruckten Schrumpfschl\u00e4uchen<\/h2>\n\n\n\n<ul class=\"wp-block-list\">\n<li><strong>Hohe Schrumpfung f\u00fcr eine enge Passform:<\/strong> Das PET-Material dieser individuell bedruckten Schrumpfschl\u00e4uche hat eine starke Schrumpfung, so dass sie sich eng an Flaschen mit unterschiedlichen Kr\u00fcmmungen anschmiegen, ohne Falten zu werfen oder sich zu lockern, und so die Gesamtintegrit\u00e4t und Abriebfestigkeit der Verpackung verbessern.<\/li>\n\n\n\n<li><strong>Hochaufl\u00f6sender Druck f\u00fcr lebendige Farben: <\/strong>Unsere kundenspezifischen PET-Flaschen-Schrumpffolien verwenden eine fortschrittliche Drucktechnologie, die zu filigranen Mustern und einer hohen Farbs\u00e4ttigung f\u00fchrt, wodurch Markenlogos und Designdetails effektiv hervorgehoben werden und die Attraktivit\u00e4t des Produkts gesteigert wird.<\/li>\n\n\n\n<li><strong>360\u00b0 Rundum-Verpackungsdisplay: <\/strong>Diese individuell bedruckten Schrumpfschl\u00e4uche bedecken die Flasche vollst\u00e4ndig und bieten eine gr\u00f6\u00dfere Fl\u00e4che f\u00fcr Ihr Design und ein ausgewogenes Verh\u00e4ltnis zwischen Branding und n\u00fctzlichen Funktionen.<\/li>\n\n\n\n<li><strong>Umweltfreundlich und sicher: <\/strong>Unsere kundenspezifischen PET-Flaschen-Schrumpffolien sind ungiftig und geruchsneutral und eignen sich f\u00fcr die Verpackung empfindlicher Produkte, die in direkten Kontakt mit Lebensmitteln, Kosmetika usw. kommen.<\/li>\n\n\n\n<li><strong>Flexible Anpassung:<\/strong> Unsere individuell bedruckten Schrumpfschl\u00e4uche unterst\u00fctzen die OEM\/ODM-Anpassung von Gr\u00f6\u00dfe, Dicke und Mustern, passen sich an verschiedene Flaschentypen an und helfen Marken, differenzierte Verpackungsl\u00f6sungen zu erzielen.<\/li>\n<\/ul>\n\n\n\n<div class=\"wp-block-columns is-layout-flex wp-container-core-columns-is-layout-9d6595d7 wp-block-columns-is-layout-flex\">\n<div class=\"wp-block-column is-layout-flow wp-block-column-is-layout-flow\">\n<figure class=\"wp-block-image size-full\"><img decoding=\"async\" width=\"750\" height=\"750\" src=\"https:\/\/www.stanleypackage.com\/wp-content\/uploads\/2025\/11\/Custom-Shrink-Sleeves-PET-Shrink-Sleeves-Wholesale-2.webp\" alt=\"\" class=\"wp-image-3947\" srcset=\"https:\/\/www.stanleypackage.com\/wp-content\/uploads\/2025\/11\/Custom-Shrink-Sleeves-PET-Shrink-Sleeves-Wholesale-2.webp 750w, https:\/\/www.stanleypackage.com\/wp-content\/uploads\/2025\/11\/Custom-Shrink-Sleeves-PET-Shrink-Sleeves-Wholesale-2-300x300.webp 300w, https:\/\/www.stanleypackage.com\/wp-content\/uploads\/2025\/11\/Custom-Shrink-Sleeves-PET-Shrink-Sleeves-Wholesale-2-150x150.webp 150w, https:\/\/www.stanleypackage.com\/wp-content\/uploads\/2025\/11\/Custom-Shrink-Sleeves-PET-Shrink-Sleeves-Wholesale-2-12x12.webp 12w, https:\/\/www.stanleypackage.com\/wp-content\/uploads\/2025\/11\/Custom-Shrink-Sleeves-PET-Shrink-Sleeves-Wholesale-2-600x600.webp 600w, https:\/\/www.stanleypackage.com\/wp-content\/uploads\/2025\/11\/Custom-Shrink-Sleeves-PET-Shrink-Sleeves-Wholesale-2-100x100.webp 100w\" sizes=\"(max-width: 750px) 100vw, 750px\" \/><\/figure>\n<\/div>\n\n\n\n<div class=\"wp-block-column is-layout-flow wp-block-column-is-layout-flow\">\n<figure class=\"wp-block-image size-full\"><img decoding=\"async\" width=\"750\" height=\"750\" src=\"https:\/\/www.stanleypackage.com\/wp-content\/uploads\/2025\/11\/Custom-Shrink-Sleeves-PET-Shrink-Sleeves-Wholesale-6.webp\" alt=\"\" class=\"wp-image-3948\" srcset=\"https:\/\/www.stanleypackage.com\/wp-content\/uploads\/2025\/11\/Custom-Shrink-Sleeves-PET-Shrink-Sleeves-Wholesale-6.webp 750w, https:\/\/www.stanleypackage.com\/wp-content\/uploads\/2025\/11\/Custom-Shrink-Sleeves-PET-Shrink-Sleeves-Wholesale-6-300x300.webp 300w, https:\/\/www.stanleypackage.com\/wp-content\/uploads\/2025\/11\/Custom-Shrink-Sleeves-PET-Shrink-Sleeves-Wholesale-6-150x150.webp 150w, https:\/\/www.stanleypackage.com\/wp-content\/uploads\/2025\/11\/Custom-Shrink-Sleeves-PET-Shrink-Sleeves-Wholesale-6-12x12.webp 12w, https:\/\/www.stanleypackage.com\/wp-content\/uploads\/2025\/11\/Custom-Shrink-Sleeves-PET-Shrink-Sleeves-Wholesale-6-600x600.webp 600w, https:\/\/www.stanleypackage.com\/wp-content\/uploads\/2025\/11\/Custom-Shrink-Sleeves-PET-Shrink-Sleeves-Wholesale-6-100x100.webp 100w\" sizes=\"(max-width: 750px) 100vw, 750px\" \/><\/figure>\n<\/div>\n<\/div>\n<\/div>\n<\/div>","protected":false},"excerpt":{"rendered":"<p>Willkommen bei der Bestellung von individuell bedruckten Schrumpfschl\u00e4uchen. Unsere kundenspezifischen PET-Flaschen-Schrumpffolien bieten eine nahtlose 360\u00b0-Umh\u00fcllung f\u00fcr verschiedene Flaschenformen. Wir unterst\u00fctzen die vollst\u00e4ndige Anpassung von Mustern und Markenelementen, bieten leuchtende Farben und einen sicheren Sitz.<\/p>\n<table style=\"border-collapse: collapse; width: 365.02pt;\" border=\"0\" width=\"365\" cellspacing=\"0\" cellpadding=\"0\">\n<tbody>\n<tr style=\"height: 16.00pt;\">\n<td class=\"et2\" style=\"height: 16.00pt; width: 97.50pt;\" width=\"97\" height=\"16\">Hersteller<\/td>\n<td class=\"et2\" style=\"width: 267.50pt;\" width=\"267\">Stanley<\/td>\n<\/tr>\n<tr style=\"height: 16.00pt;\">\n<td class=\"et2\" style=\"height: 16.00pt; width: 97.50pt;\" width=\"97\" height=\"16\">Arten von Beuteln<\/td>\n<td class=\"et3\">Schrumpfschl\u00e4uche Folie<\/td>\n<\/tr>\n<tr style=\"height: 16.00pt;\">\n<td class=\"et2\" style=\"height: 16.00pt; width: 97.50pt;\" width=\"97\" height=\"16\">Material<\/td>\n<td class=\"et2\" style=\"width: 267.50pt;\" width=\"267\">PET<\/td>\n<\/tr>\n<tr style=\"height: 31.00pt;\">\n<td class=\"et2\" style=\"height: 31.00pt; width: 97.50pt;\" width=\"97\" height=\"31\">Besonderes Merkmal<\/td>\n<td class=\"et2\" style=\"width: 267.50pt;\" width=\"267\">Hohe Schrumpfungsrate, hochaufl\u00f6sender Druck<\/td>\n<\/tr>\n<tr style=\"height: 16.00pt;\">\n<td class=\"et2\" style=\"height: 16.00pt; width: 97.50pt;\" width=\"97\" height=\"16\">Handhabung der Oberfl\u00e4che<\/td>\n<td class=\"et2\" style=\"width: 267.50pt;\" width=\"267\">Tiefdruck<\/td>\n<\/tr>\n<tr style=\"height: 16.00pt;\">\n<td class=\"et2\" style=\"height: 16.00pt; width: 97.50pt;\" width=\"97\" height=\"16\">Farbe<\/td>\n<td class=\"et2\" style=\"width: 267.50pt;\" width=\"267\">Bis zu 10 Farben<\/td>\n<\/tr>\n<tr style=\"height: 16.00pt;\">\n<td class=\"et2\" style=\"height: 16.00pt; width: 97.50pt;\" width=\"97\" height=\"16\">Verwendung<\/td>\n<td class=\"et2\" style=\"width: 267.50pt;\" width=\"267\">K\u00f6rperlotion, Gesichtsreiniger, Peelingcreme<\/td>\n<\/tr>\n<tr style=\"height: 16.00pt;\">\n<td class=\"et2\" style=\"height: 16.00pt; width: 97.50pt;\" width=\"97\" height=\"16\">MOQ<\/td>\n<td class=\"et2\" style=\"width: 267.50pt;\" width=\"267\">50.000 St\u00fcck<\/td>\n<\/tr>\n<tr style=\"height: 16.00pt;\">\n<td class=\"et2\" style=\"height: 16.00pt; width: 97.50pt;\" width=\"97\" height=\"16\">Individuelle Bestellung<\/td>\n<td class=\"et2\" style=\"width: 267.50pt;\" width=\"267\">Akzeptieren Sie OEM &amp; ODM, unterst\u00fctzen Sie freie Probe<\/td>\n<\/tr>\n<\/tbody>\n<\/table>","protected":false},"featured_media":3949,"comment_status":"closed","ping_status":"closed","template":"","meta":{"_acf_changed":false},"product_brand":[],"product_cat":[72],"product_tag":[],"class_list":{"0":"post-3946","1":"product","2":"type-product","3":"status-publish","4":"has-post-thumbnail","6":"product_cat-shrink-film-manufacturer","7":"pa_non-food-packaging-soap-detergent-pouches","9":"first","10":"instock","11":"shipping-taxable","12":"product-type-simple"},"acf":[],"_links":{"self":[{"href":"https:\/\/www.stanleypackage.com\/de\/wp-json\/wp\/v2\/product\/3946","targetHints":{"allow":["GET"]}}],"collection":[{"href":"https:\/\/www.stanleypackage.com\/de\/wp-json\/wp\/v2\/product"}],"about":[{"href":"https:\/\/www.stanleypackage.com\/de\/wp-json\/wp\/v2\/types\/product"}],"replies":[{"embeddable":true,"href":"https:\/\/www.stanleypackage.com\/de\/wp-json\/wp\/v2\/comments?post=3946"}],"wp:featuredmedia":[{"embeddable":true,"href":"https:\/\/www.stanleypackage.com\/de\/wp-json\/wp\/v2\/media\/3949"}],"wp:attachment":[{"href":"https:\/\/www.stanleypackage.com\/de\/wp-json\/wp\/v2\/media?parent=3946"}],"wp:term":[{"taxonomy":"product_brand","embeddable":true,"href":"https:\/\/www.stanleypackage.com\/de\/wp-json\/wp\/v2\/product_brand?post=3946"},{"taxonomy":"product_cat","embeddable":true,"href":"https:\/\/www.stanleypackage.com\/de\/wp-json\/wp\/v2\/product_cat?post=3946"},{"taxonomy":"product_tag","embeddable":true,"href":"https:\/\/www.stanleypackage.com\/de\/wp-json\/wp\/v2\/product_tag?post=3946"}],"curies":[{"name":"wp","href":"https:\/\/api.w.org\/{rel}","templated":true}]}}