{"id":3953,"date":"2025-11-28T09:52:39","date_gmt":"2025-11-28T09:52:39","guid":{"rendered":"https:\/\/www.stanleypackage.com\/?post_type=product&#038;p=3953"},"modified":"2025-11-28T09:52:49","modified_gmt":"2025-11-28T09:52:49","slug":"custom-liquid-packaging","status":"publish","type":"product","link":"https:\/\/www.stanleypackage.com\/de\/product\/custom-liquid-packaging\/","title":{"rendered":"Kundenspezifische Fl\u00fcssigkeitsverpackungen Beutel, Stand Up Waschmittelverpackungen"},"content":{"rendered":"<div class=\"wp-block-columns is-layout-flex wp-container-core-columns-is-layout-9d6595d7 wp-block-columns-is-layout-flex\">\n<div class=\"wp-block-column is-layout-flow wp-block-column-is-layout-flow\">\n<h2 class=\"wp-block-heading\">Merkmale von kundenspezifischen Fl\u00fcssigkeitsverpackungsbeuteln<\/h2>\n\n\n\n<ul class=\"wp-block-list\">\n<li><strong>Selbststehender Boden, stabiles Display: <\/strong>Das Standdesign dieser kundenspezifischen Fl\u00fcssigkeitsverpackungsbeutel kann nicht so leicht umkippen, was f\u00fcr die Aufbewahrung zu Hause praktisch ist.<\/li>\n\n\n\n<li><strong>Beidseitiger Druck, visuell herausragend:<\/strong> Unsere ma\u00dfgefertigten Waschmittelverpackungen k\u00f6nnen mit bis zu 10 Farben im Tiefdruckverfahren bedruckt werden, um das hochwertige Image der Marke zu unterstreichen und die Aufmerksamkeit der Verbraucher zu erregen.<\/li>\n\n\n\n<li><strong>Mehrschichtige Materialstruktur, starke Barriere:<\/strong> Unsere kundenspezifischen Fl\u00fcssigkeitsverpackungen f\u00fcr Waschmittel verwenden PET12\/VMPET12\/BOPA15\/PE165-Verbundmaterialien, die gute feuchtigkeits- und sauerstoffdichte sowie durchsto\u00dffeste Eigenschaften aufweisen.<\/li>\n\n\n\n<li><strong>Vielseitig einsetzbar, geeignet f\u00fcr eine Vielzahl von Reinigungsprodukten:<\/strong> Diese kundenspezifischen Waschmittelverpackungen im Gro\u00dfhandel eignen sich f\u00fcr eine Vielzahl von chemischen Produkten des t\u00e4glichen Bedarfs wie Waschmittel, Waschpulver, Fl\u00fcssigseife, Weichsp\u00fcler usw.<\/li>\n\n\n\n<li><strong>Anpassung an die automatische Bef\u00fcllung: <\/strong>Diese kundenspezifischen Fl\u00fcssigkeitsverpackungsbeutel eignen sich f\u00fcr automatisierte Abf\u00fcllanlagen, um die Verpackungseffizienz und Produktkonsistenz zu verbessern.<\/li>\n\n\n\n<li><strong>Ausgestattet mit einfachem Abriss <\/strong>Unsere ma\u00dfgefertigten Waschmittelverpackungen sind mit einem einfachen Aufrei\u00dfverschluss ausgestattet, der das \u00d6ffnen erleichtert. .<\/li>\n<\/ul>\n\n\n\n<div class=\"wp-block-columns is-layout-flex wp-container-core-columns-is-layout-9d6595d7 wp-block-columns-is-layout-flex\">\n<div class=\"wp-block-column is-layout-flow wp-block-column-is-layout-flow\">\n<figure class=\"wp-block-image size-full\"><img decoding=\"async\" width=\"750\" height=\"750\" src=\"https:\/\/www.stanleypackage.com\/wp-content\/uploads\/2025\/11\/Custom-Liquid-Detergent-Packaging-Wholesale-Stand-Up-Pouch-4.webp\" alt=\"\" class=\"wp-image-3954\" srcset=\"https:\/\/www.stanleypackage.com\/wp-content\/uploads\/2025\/11\/Custom-Liquid-Detergent-Packaging-Wholesale-Stand-Up-Pouch-4.webp 750w, https:\/\/www.stanleypackage.com\/wp-content\/uploads\/2025\/11\/Custom-Liquid-Detergent-Packaging-Wholesale-Stand-Up-Pouch-4-300x300.webp 300w, https:\/\/www.stanleypackage.com\/wp-content\/uploads\/2025\/11\/Custom-Liquid-Detergent-Packaging-Wholesale-Stand-Up-Pouch-4-150x150.webp 150w, https:\/\/www.stanleypackage.com\/wp-content\/uploads\/2025\/11\/Custom-Liquid-Detergent-Packaging-Wholesale-Stand-Up-Pouch-4-12x12.webp 12w, https:\/\/www.stanleypackage.com\/wp-content\/uploads\/2025\/11\/Custom-Liquid-Detergent-Packaging-Wholesale-Stand-Up-Pouch-4-600x600.webp 600w, https:\/\/www.stanleypackage.com\/wp-content\/uploads\/2025\/11\/Custom-Liquid-Detergent-Packaging-Wholesale-Stand-Up-Pouch-4-100x100.webp 100w\" sizes=\"(max-width: 750px) 100vw, 750px\" \/><\/figure>\n<\/div>\n\n\n\n<div class=\"wp-block-column is-layout-flow wp-block-column-is-layout-flow\">\n<figure class=\"wp-block-image size-full\"><img decoding=\"async\" width=\"750\" height=\"750\" src=\"https:\/\/www.stanleypackage.com\/wp-content\/uploads\/2025\/11\/Custom-Liquid-Detergent-Packaging-Wholesale-Stand-Up-Pouch-3.webp\" alt=\"\" class=\"wp-image-3955\" srcset=\"https:\/\/www.stanleypackage.com\/wp-content\/uploads\/2025\/11\/Custom-Liquid-Detergent-Packaging-Wholesale-Stand-Up-Pouch-3.webp 750w, https:\/\/www.stanleypackage.com\/wp-content\/uploads\/2025\/11\/Custom-Liquid-Detergent-Packaging-Wholesale-Stand-Up-Pouch-3-300x300.webp 300w, https:\/\/www.stanleypackage.com\/wp-content\/uploads\/2025\/11\/Custom-Liquid-Detergent-Packaging-Wholesale-Stand-Up-Pouch-3-150x150.webp 150w, https:\/\/www.stanleypackage.com\/wp-content\/uploads\/2025\/11\/Custom-Liquid-Detergent-Packaging-Wholesale-Stand-Up-Pouch-3-12x12.webp 12w, https:\/\/www.stanleypackage.com\/wp-content\/uploads\/2025\/11\/Custom-Liquid-Detergent-Packaging-Wholesale-Stand-Up-Pouch-3-600x600.webp 600w, https:\/\/www.stanleypackage.com\/wp-content\/uploads\/2025\/11\/Custom-Liquid-Detergent-Packaging-Wholesale-Stand-Up-Pouch-3-100x100.webp 100w\" sizes=\"(max-width: 750px) 100vw, 750px\" \/><\/figure>\n<\/div>\n<\/div>\n<\/div>\n<\/div>","protected":false},"excerpt":{"rendered":"<p>Willkommen zu bestellen benutzerdefinierte Fl\u00fcssigkeit Verpackung Beutel. Diese benutzerdefinierten Stand up Waschmittelverpackungen Gro\u00dfhandel haben eine hervorragende Abdichtung und Haltbarkeit, sind mit einem leicht zu rei\u00dfen und eine stabile stehende Boden Design ausgestattet, weit verbreitet f\u00fcr Reinigungsmittel verwendet.<\/p>\n<table style=\"border-collapse: collapse; width: 365.02pt;\" border=\"0\" width=\"365\" cellspacing=\"0\" cellpadding=\"0\">\n<tbody>\n<tr style=\"height: 16.00pt;\">\n<td class=\"et2\" style=\"height: 16.00pt; width: 97.50pt;\" width=\"97\" height=\"16\">Hersteller<\/td>\n<td class=\"et2\" style=\"width: 267.50pt;\" width=\"267\">Stanley<\/td>\n<\/tr>\n<tr style=\"height: 16.00pt;\">\n<td class=\"et2\" style=\"height: 16.00pt; width: 97.50pt;\" width=\"97\" height=\"16\">Arten von Beuteln<\/td>\n<td class=\"et2\" style=\"width: 267.50pt;\" width=\"267\">Stand Up Pouch<\/td>\n<\/tr>\n<tr style=\"height: 16.00pt;\">\n<td class=\"et2\" style=\"height: 16.00pt; width: 97.50pt;\" width=\"97\" height=\"16\">Material<\/td>\n<td class=\"et2\" style=\"width: 267.50pt;\" width=\"267\">PET12\/VMPET12\/BOPA15\/PE165<\/td>\n<\/tr>\n<tr style=\"height: 16.00pt;\">\n<td class=\"et2\" style=\"height: 16.00pt; width: 97.50pt;\" width=\"97\" height=\"16\">Besonderes Merkmal<\/td>\n<td class=\"et2\" style=\"width: 267.50pt;\" width=\"267\">Ausgie\u00dfer, selbststehender Boden, leicht abrei\u00dfbar<\/td>\n<\/tr>\n<tr style=\"height: 16.00pt;\">\n<td class=\"et2\" style=\"height: 16.00pt; width: 97.50pt;\" width=\"97\" height=\"16\">Handhabung der Oberfl\u00e4che<\/td>\n<td class=\"et2\" style=\"width: 267.50pt;\" width=\"267\">Tiefdruck<\/td>\n<\/tr>\n<tr style=\"height: 16.00pt;\">\n<td class=\"et2\" style=\"height: 16.00pt; width: 97.50pt;\" width=\"97\" height=\"16\">Farbe<\/td>\n<td class=\"et2\" style=\"width: 267.50pt;\" width=\"267\">Beidseitiger Druck, bis zu 10 Farben<\/td>\n<\/tr>\n<tr style=\"height: 16.00pt;\">\n<td class=\"et2\" style=\"height: 16.00pt; width: 97.50pt;\" width=\"97\" height=\"16\">Verwendung<\/td>\n<td class=\"et2\" style=\"width: 267.50pt;\" width=\"267\">Waschmittel, Waschpulver, Fl\u00fcssigseife<\/td>\n<\/tr>\n<tr style=\"height: 16.00pt;\">\n<td class=\"et2\" style=\"height: 16.00pt; width: 97.50pt;\" width=\"97\" height=\"16\">MOQ<\/td>\n<td class=\"et2\" style=\"width: 267.50pt;\" width=\"267\">50.000 St\u00fcck<\/td>\n<\/tr>\n<tr style=\"height: 16.00pt;\">\n<td class=\"et2\" style=\"height: 16.00pt; width: 97.50pt;\" width=\"97\" height=\"16\">Individuelle Bestellung<\/td>\n<td class=\"et2\" style=\"width: 267.50pt;\" width=\"267\">Akzeptieren Sie OEM, unterst\u00fctzen Sie die kostenlose Probe<\/td>\n<\/tr>\n<\/tbody>\n<\/table>","protected":false},"featured_media":3956,"comment_status":"closed","ping_status":"closed","template":"","meta":{"_acf_changed":false},"product_brand":[],"product_cat":[30],"product_tag":[],"class_list":{"0":"post-3953","1":"product","2":"type-product","3":"status-publish","4":"has-post-thumbnail","6":"product_cat-stand-up-pouch-manufacturer","7":"pa_non-food-packaging-soap-detergent-pouches","9":"first","10":"instock","11":"shipping-taxable","12":"product-type-simple"},"acf":[],"_links":{"self":[{"href":"https:\/\/www.stanleypackage.com\/de\/wp-json\/wp\/v2\/product\/3953","targetHints":{"allow":["GET"]}}],"collection":[{"href":"https:\/\/www.stanleypackage.com\/de\/wp-json\/wp\/v2\/product"}],"about":[{"href":"https:\/\/www.stanleypackage.com\/de\/wp-json\/wp\/v2\/types\/product"}],"replies":[{"embeddable":true,"href":"https:\/\/www.stanleypackage.com\/de\/wp-json\/wp\/v2\/comments?post=3953"}],"wp:featuredmedia":[{"embeddable":true,"href":"https:\/\/www.stanleypackage.com\/de\/wp-json\/wp\/v2\/media\/3956"}],"wp:attachment":[{"href":"https:\/\/www.stanleypackage.com\/de\/wp-json\/wp\/v2\/media?parent=3953"}],"wp:term":[{"taxonomy":"product_brand","embeddable":true,"href":"https:\/\/www.stanleypackage.com\/de\/wp-json\/wp\/v2\/product_brand?post=3953"},{"taxonomy":"product_cat","embeddable":true,"href":"https:\/\/www.stanleypackage.com\/de\/wp-json\/wp\/v2\/product_cat?post=3953"},{"taxonomy":"product_tag","embeddable":true,"href":"https:\/\/www.stanleypackage.com\/de\/wp-json\/wp\/v2\/product_tag?post=3953"}],"curies":[{"name":"wp","href":"https:\/\/api.w.org\/{rel}","templated":true}]}}