{"id":3997,"date":"2025-12-03T03:45:54","date_gmt":"2025-12-03T03:45:54","guid":{"rendered":"https:\/\/www.stanleypackage.com\/?post_type=product&#038;p=3997"},"modified":"2025-12-03T03:46:00","modified_gmt":"2025-12-03T03:46:00","slug":"custom-print-pouch","status":"publish","type":"product","link":"https:\/\/www.stanleypackage.com\/de\/product\/custom-print-pouch\/","title":{"rendered":"Individuell bedruckter Beutel f\u00fcr Gesichtsmaske, flache 3-Seiten-Siegel-Beutel"},"content":{"rendered":"<div class=\"wp-block-columns is-layout-flex wp-container-core-columns-is-layout-9d6595d7 wp-block-columns-is-layout-flex\">\n<div class=\"wp-block-column is-layout-flow wp-block-column-is-layout-flow\">\n<h2 class=\"wp-block-heading\">Eigenschaften von Custom Print Pouch f\u00fcr Gesichtsmaske<\/h2>\n\n\n\n<ul class=\"wp-block-list\">\n<li><strong>Dreiseitige Dichtungsstruktur:<\/strong> Dieser individuell bedruckte Beutel verf\u00fcgt \u00fcber eine luftdichte, dreiseitige Dichtungsstruktur, die die Maske sauber und frisch h\u00e4lt, indem sie ein Auslaufen des Serums verhindert.<\/li>\n\n\n\n<li><strong>Leistungsstarker Verbundwerkstoff: <\/strong>Dieser individuell bedruckte Beutel besteht aus einem hochwertigen Verbundmaterial, das die Vorteile des Lichtschutzes, der Feuchtigkeitsbest\u00e4ndigkeit und des Antioxidationsschutzes f\u00fcr den Inhalt des Beutels kombiniert, um die Haltbarkeit der Wirkstoffe der Maske zu maximieren.<\/li>\n\n\n\n<li><strong>Langlebig und leicht zu verstauen: <\/strong>Unsere individuell bedruckten Beutel sind aus einem robusten und druckfesten Material gefertigt und haben einen flachen Boden, der f\u00fcr eine gute Stabilit\u00e4t in aufrechter Position sorgt, die Aufbewahrung und Pr\u00e4sentation erleichtert und die Benutzerfreundlichkeit optimiert.<\/li>\n\n\n\n<li><strong>Kundenspezifischer Druckservice: <\/strong>Unsere kundenspezifischen Beutel mit dreiseitiger Versiegelung unterst\u00fctzen die OEM-Anpassung und erm\u00f6glichen es Ihnen, Design und Text entsprechend Ihren Markenanforderungen zu personalisieren und so den Wiedererkennungswert des Produkts und die Attraktivit\u00e4t des Marktes zu steigern.<\/li>\n\n\n\n<li><strong>Flexible Zusammenarbeit und Prototyping: <\/strong>Wir bieten kostenlosen Mustersupport f\u00fcr kundenspezifische Dreiseiten-Siegelbeutel, so dass Kunden die Kompatibilit\u00e4t der Verpackungen vor Ort testen k\u00f6nnen. Wir bieten auch flexible Unterst\u00fctzung f\u00fcr die Anpassung von Kleinserien an.<\/li>\n<\/ul>\n\n\n\n<div class=\"wp-block-columns is-layout-flex wp-container-core-columns-is-layout-9d6595d7 wp-block-columns-is-layout-flex\">\n<div class=\"wp-block-column is-layout-flow wp-block-column-is-layout-flow\">\n<figure class=\"wp-block-image size-full\"><img decoding=\"async\" width=\"750\" height=\"750\" src=\"https:\/\/www.stanleypackage.com\/wp-content\/uploads\/2025\/12\/Custom-Print-Pouch-for-Facial-Mask-3-Side-Seal-Flat-Pouches.webp\" alt=\"Individuell bedruckter Beutel f\u00fcr Gesichtsmaske, flache 3-Seiten-Siegel-Beutel\" class=\"wp-image-4036\" srcset=\"https:\/\/www.stanleypackage.com\/wp-content\/uploads\/2025\/12\/Custom-Print-Pouch-for-Facial-Mask-3-Side-Seal-Flat-Pouches.webp 750w, https:\/\/www.stanleypackage.com\/wp-content\/uploads\/2025\/12\/Custom-Print-Pouch-for-Facial-Mask-3-Side-Seal-Flat-Pouches-300x300.webp 300w, https:\/\/www.stanleypackage.com\/wp-content\/uploads\/2025\/12\/Custom-Print-Pouch-for-Facial-Mask-3-Side-Seal-Flat-Pouches-150x150.webp 150w, https:\/\/www.stanleypackage.com\/wp-content\/uploads\/2025\/12\/Custom-Print-Pouch-for-Facial-Mask-3-Side-Seal-Flat-Pouches-12x12.webp 12w, https:\/\/www.stanleypackage.com\/wp-content\/uploads\/2025\/12\/Custom-Print-Pouch-for-Facial-Mask-3-Side-Seal-Flat-Pouches-600x600.webp 600w, https:\/\/www.stanleypackage.com\/wp-content\/uploads\/2025\/12\/Custom-Print-Pouch-for-Facial-Mask-3-Side-Seal-Flat-Pouches-100x100.webp 100w\" sizes=\"(max-width: 750px) 100vw, 750px\" \/><\/figure>\n<\/div>\n\n\n\n<div class=\"wp-block-column is-layout-flow wp-block-column-is-layout-flow\">\n<figure class=\"wp-block-image size-full\"><img decoding=\"async\" width=\"750\" height=\"750\" src=\"https:\/\/www.stanleypackage.com\/wp-content\/uploads\/2025\/12\/Custom-3-Side-Seal-Pouches-Wholesale-For-Facial-Mask-Cosmetic-3.webp\" alt=\"\" class=\"wp-image-3999\" srcset=\"https:\/\/www.stanleypackage.com\/wp-content\/uploads\/2025\/12\/Custom-3-Side-Seal-Pouches-Wholesale-For-Facial-Mask-Cosmetic-3.webp 750w, https:\/\/www.stanleypackage.com\/wp-content\/uploads\/2025\/12\/Custom-3-Side-Seal-Pouches-Wholesale-For-Facial-Mask-Cosmetic-3-300x300.webp 300w, https:\/\/www.stanleypackage.com\/wp-content\/uploads\/2025\/12\/Custom-3-Side-Seal-Pouches-Wholesale-For-Facial-Mask-Cosmetic-3-150x150.webp 150w, https:\/\/www.stanleypackage.com\/wp-content\/uploads\/2025\/12\/Custom-3-Side-Seal-Pouches-Wholesale-For-Facial-Mask-Cosmetic-3-12x12.webp 12w, https:\/\/www.stanleypackage.com\/wp-content\/uploads\/2025\/12\/Custom-3-Side-Seal-Pouches-Wholesale-For-Facial-Mask-Cosmetic-3-600x600.webp 600w, https:\/\/www.stanleypackage.com\/wp-content\/uploads\/2025\/12\/Custom-3-Side-Seal-Pouches-Wholesale-For-Facial-Mask-Cosmetic-3-100x100.webp 100w\" sizes=\"(max-width: 750px) 100vw, 750px\" \/><\/figure>\n<\/div>\n<\/div>\n<\/div>\n<\/div>","protected":false},"excerpt":{"rendered":"<p>Willkommen bei der Bestellung von individuell bedruckten Beuteln f\u00fcr Gesichtsmasken. Diese OEM-Beutel mit dreiseitiger Versiegelung bieten einen hohen Barriereschutz f\u00fcr Ihre Maskenprodukte und tragen effektiv zur Erhaltung der Qualit\u00e4t bei. OEM-Bedruckung wird unterst\u00fctzt und erm\u00f6glicht eine flexible Darstellung Ihres Markenlogos und Designs.<\/p>\n<table style=\"border-collapse: collapse; width: 365.02pt;\" border=\"0\" width=\"365\" cellspacing=\"0\" cellpadding=\"0\">\n<tbody>\n<tr style=\"height: 16.00pt;\">\n<td class=\"et2\" style=\"height: 16.00pt; width: 97.50pt;\" width=\"97\" height=\"16\">Hersteller<\/td>\n<td class=\"et2\" style=\"width: 267.50pt;\" width=\"267\">Stanley<\/td>\n<\/tr>\n<tr style=\"height: 16.00pt;\">\n<td class=\"et2\" style=\"height: 16.00pt; width: 97.50pt;\" width=\"97\" height=\"16\">Arten von Beuteln<\/td>\n<td class=\"et3\">3-seitige Siegelrandtasche<\/td>\n<\/tr>\n<tr style=\"height: 16.00pt;\">\n<td class=\"et2\" style=\"height: 16.00pt; width: 97.50pt;\" width=\"97\" height=\"16\">Material<\/td>\n<td class=\"et2\" style=\"width: 267.50pt;\" width=\"267\">PET12\/AL7\/PET12\/PE115<\/td>\n<\/tr>\n<tr style=\"height: 31.00pt;\">\n<td class=\"et2\" style=\"height: 31.00pt; width: 97.50pt;\" width=\"97\" height=\"31\">Besonderes Merkmal<\/td>\n<td class=\"et2\" style=\"width: 267.50pt;\" width=\"267\">Easy Tear Kerbe<\/td>\n<\/tr>\n<tr style=\"height: 16.00pt;\">\n<td class=\"et2\" style=\"height: 16.00pt; width: 97.50pt;\" width=\"97\" height=\"16\">Handhabung der Oberfl\u00e4che<\/td>\n<td class=\"et2\" style=\"width: 267.50pt;\" width=\"267\">Tiefdruck<\/td>\n<\/tr>\n<tr style=\"height: 16.00pt;\">\n<td class=\"et2\" style=\"height: 16.00pt; width: 97.50pt;\" width=\"97\" height=\"16\">Farbe<\/td>\n<td class=\"et2\" style=\"width: 267.50pt;\" width=\"267\">Bis zu 10 Farben<\/td>\n<\/tr>\n<tr style=\"height: 16.00pt;\">\n<td class=\"et2\" style=\"height: 16.00pt; width: 97.50pt;\" width=\"97\" height=\"16\">Verwendung<\/td>\n<td class=\"et2\" style=\"width: 267.50pt;\" width=\"267\">Gesichtsmaske, Augencreme, Shampoo, Hautpflegeprodukte<\/td>\n<\/tr>\n<tr style=\"height: 16.00pt;\">\n<td class=\"et2\" style=\"height: 16.00pt; width: 97.50pt;\" width=\"97\" height=\"16\">MOQ<\/td>\n<td class=\"et2\" style=\"width: 267.50pt;\" width=\"267\">50.000 St\u00fcck<\/td>\n<\/tr>\n<tr style=\"height: 16.00pt;\">\n<td class=\"et2\" style=\"height: 16.00pt; width: 97.50pt;\" width=\"97\" height=\"16\">Individuelle Bestellung<\/td>\n<td class=\"et2\" style=\"width: 267.50pt;\" width=\"267\">Akzeptieren Sie OEM, unterst\u00fctzen Sie freie Probe<\/td>\n<\/tr>\n<\/tbody>\n<\/table>","protected":false},"featured_media":4000,"comment_status":"closed","ping_status":"closed","template":"","meta":{"_acf_changed":false},"product_brand":[],"product_cat":[31,28],"product_tag":[],"class_list":{"0":"post-3997","1":"product","2":"type-product","3":"status-publish","4":"has-post-thumbnail","6":"product_cat-lay-flat-pouch-manufacturer","7":"product_cat-three-side-seal-pouch-manufacturer","8":"pa_non-food-packaging-cosmetic-packaging-pouches","10":"first","11":"instock","12":"shipping-taxable","13":"product-type-simple"},"acf":[],"_links":{"self":[{"href":"https:\/\/www.stanleypackage.com\/de\/wp-json\/wp\/v2\/product\/3997","targetHints":{"allow":["GET"]}}],"collection":[{"href":"https:\/\/www.stanleypackage.com\/de\/wp-json\/wp\/v2\/product"}],"about":[{"href":"https:\/\/www.stanleypackage.com\/de\/wp-json\/wp\/v2\/types\/product"}],"replies":[{"embeddable":true,"href":"https:\/\/www.stanleypackage.com\/de\/wp-json\/wp\/v2\/comments?post=3997"}],"wp:featuredmedia":[{"embeddable":true,"href":"https:\/\/www.stanleypackage.com\/de\/wp-json\/wp\/v2\/media\/4000"}],"wp:attachment":[{"href":"https:\/\/www.stanleypackage.com\/de\/wp-json\/wp\/v2\/media?parent=3997"}],"wp:term":[{"taxonomy":"product_brand","embeddable":true,"href":"https:\/\/www.stanleypackage.com\/de\/wp-json\/wp\/v2\/product_brand?post=3997"},{"taxonomy":"product_cat","embeddable":true,"href":"https:\/\/www.stanleypackage.com\/de\/wp-json\/wp\/v2\/product_cat?post=3997"},{"taxonomy":"product_tag","embeddable":true,"href":"https:\/\/www.stanleypackage.com\/de\/wp-json\/wp\/v2\/product_tag?post=3997"}],"curies":[{"name":"wp","href":"https:\/\/api.w.org\/{rel}","templated":true}]}}