{"id":4001,"date":"2025-12-03T04:05:48","date_gmt":"2025-12-03T04:05:48","guid":{"rendered":"https:\/\/www.stanleypackage.com\/?post_type=product&#038;p=4001"},"modified":"2025-12-03T04:05:54","modified_gmt":"2025-12-03T04:05:54","slug":"printed-spout-pouches","status":"publish","type":"product","link":"https:\/\/www.stanleypackage.com\/de\/product\/printed-spout-pouches\/","title":{"rendered":"Bedruckte T\u00fcllenbeutel f\u00fcr Gesichtsseren, Kosmetiksachetbeutel"},"content":{"rendered":"<div class=\"wp-block-columns is-layout-flex wp-container-core-columns-is-layout-9d6595d7 wp-block-columns-is-layout-flex\">\n<div class=\"wp-block-column is-layout-flow wp-block-column-is-layout-flow\">\n<h2 class=\"wp-block-heading\">Merkmale der individuell bedruckten Ausgie\u00dfertaschen<\/h2>\n\n\n\n<ul class=\"wp-block-list\">\n<li><strong>Ausgie\u00dferdesign, pr\u00e4zise Anwendung: <\/strong>Diese kundenspezifische Verpackung f\u00fcr Kosmetikbeutel verf\u00fcgt \u00fcber einen Ausgie\u00dfer, mit dem die Kunden die Menge der Anwendung genau kontrollieren k\u00f6nnen, was die Verschwendung minimiert und die Erfahrung der Kunden verbessert.<\/li>\n\n\n\n<li><strong>Flache Tasche, leicht zu tragen und zu lagern: <\/strong>Durch das flache Design sind diese individuell bedruckten Ausgie\u00dfer platzsparend und eignen sich f\u00fcr Reisepakete, kleine Proben und andere tragbare Szenarien.<\/li>\n\n\n\n<li><strong>Starke Abdichtung, zuverl\u00e4ssige Dichtigkeit: <\/strong>Die mehrschichtige Barrierestruktur unserer individuell bedruckten Ausgie\u00dferbeutel wird mit professioneller Kantenversiegelungstechnologie kombiniert, um ein Auslaufen effektiv zu verhindern und die Stabilit\u00e4t des Inhalts zu sch\u00fctzen.<\/li>\n\n\n\n<li><strong>Ausgie\u00dfer mit Deckel, hygienisch und schmutzabweisend: <\/strong>Die T\u00fcllen dieser kundenspezifischen Kosmetikbeutelverpackungen sind mit Kappen versehen, die nach Gebrauch wieder verschlossen werden k\u00f6nnen, um sicherzustellen, dass die Produkte sauber sind und nicht leicht verunreinigt werden k\u00f6nnen.<\/li>\n\n\n\n<li><strong>Beidseitiger Druck, der das Markenimage voll zur Geltung bringt: <\/strong>Ein beidseitiger, hochwertiger Druck macht das Produkt auff\u00e4lliger, und unsere individuell bedruckten Ausgie\u00dferbeutel k\u00f6nnen dabei helfen, den Wiedererkennungswert der Marke zu erh\u00f6hen.<\/li>\n\n\n\n<li><strong>Anwendbar f\u00fcr Mehrzweck-Hautpflegeprodukte: <\/strong>Unsere individuell bedruckten T\u00fcllenbeutel f\u00fcr Kosmetikbeutel eignen sich f\u00fcr alle Arten von Verpackungen f\u00fcr fl\u00fcssige Hautpflegeprodukte wie Sonnencreme, K\u00f6rperlotion, Handcreme, Gesichtscreme usw., um den Marktanforderungen verschiedener Produkte gerecht zu werden.<\/li>\n<\/ul>\n\n\n\n<div class=\"wp-block-columns is-layout-flex wp-container-core-columns-is-layout-9d6595d7 wp-block-columns-is-layout-flex\">\n<div class=\"wp-block-column is-layout-flow wp-block-column-is-layout-flow\">\n<figure class=\"wp-block-image size-full\"><img decoding=\"async\" width=\"750\" height=\"750\" src=\"https:\/\/www.stanleypackage.com\/wp-content\/uploads\/2025\/12\/Liquid-Spout-Bags-Wholesale-Custom-Comestic-Sachet-2.webp\" alt=\"\" class=\"wp-image-4002\" srcset=\"https:\/\/www.stanleypackage.com\/wp-content\/uploads\/2025\/12\/Liquid-Spout-Bags-Wholesale-Custom-Comestic-Sachet-2.webp 750w, https:\/\/www.stanleypackage.com\/wp-content\/uploads\/2025\/12\/Liquid-Spout-Bags-Wholesale-Custom-Comestic-Sachet-2-300x300.webp 300w, https:\/\/www.stanleypackage.com\/wp-content\/uploads\/2025\/12\/Liquid-Spout-Bags-Wholesale-Custom-Comestic-Sachet-2-150x150.webp 150w, https:\/\/www.stanleypackage.com\/wp-content\/uploads\/2025\/12\/Liquid-Spout-Bags-Wholesale-Custom-Comestic-Sachet-2-12x12.webp 12w, https:\/\/www.stanleypackage.com\/wp-content\/uploads\/2025\/12\/Liquid-Spout-Bags-Wholesale-Custom-Comestic-Sachet-2-600x600.webp 600w, https:\/\/www.stanleypackage.com\/wp-content\/uploads\/2025\/12\/Liquid-Spout-Bags-Wholesale-Custom-Comestic-Sachet-2-100x100.webp 100w\" sizes=\"(max-width: 750px) 100vw, 750px\" \/><\/figure>\n<\/div>\n\n\n\n<div class=\"wp-block-column is-layout-flow wp-block-column-is-layout-flow\">\n<figure class=\"wp-block-image size-full\"><img decoding=\"async\" width=\"750\" height=\"750\" src=\"https:\/\/www.stanleypackage.com\/wp-content\/uploads\/2025\/12\/Liquid-Spout-Bags-Wholesale-Custom-Comestic-Sachet-3.webp\" alt=\"\" class=\"wp-image-4003\" srcset=\"https:\/\/www.stanleypackage.com\/wp-content\/uploads\/2025\/12\/Liquid-Spout-Bags-Wholesale-Custom-Comestic-Sachet-3.webp 750w, https:\/\/www.stanleypackage.com\/wp-content\/uploads\/2025\/12\/Liquid-Spout-Bags-Wholesale-Custom-Comestic-Sachet-3-300x300.webp 300w, https:\/\/www.stanleypackage.com\/wp-content\/uploads\/2025\/12\/Liquid-Spout-Bags-Wholesale-Custom-Comestic-Sachet-3-150x150.webp 150w, https:\/\/www.stanleypackage.com\/wp-content\/uploads\/2025\/12\/Liquid-Spout-Bags-Wholesale-Custom-Comestic-Sachet-3-12x12.webp 12w, https:\/\/www.stanleypackage.com\/wp-content\/uploads\/2025\/12\/Liquid-Spout-Bags-Wholesale-Custom-Comestic-Sachet-3-600x600.webp 600w, https:\/\/www.stanleypackage.com\/wp-content\/uploads\/2025\/12\/Liquid-Spout-Bags-Wholesale-Custom-Comestic-Sachet-3-100x100.webp 100w\" sizes=\"(max-width: 750px) 100vw, 750px\" \/><\/figure>\n<\/div>\n<\/div>\n<\/div>\n<\/div>","protected":false},"excerpt":{"rendered":"<p>Willkommen bei der Bestellung von individuell bedruckten T\u00fcllenbeuteln. Unsere kundenspezifischen Kosmetikbeutelverpackungen zeichnen sich durch ein flaches Design und eine hervorragende Abdichtung aus. Sie eignet sich f\u00fcr alle Arten von fl\u00fcssigen Hautpflegeprodukten wie Sonnencreme, Lotion, Handcreme, Gesichtscreme, etc. Es handelt sich um eine hervorragende tragbare Verpackung f\u00fcr Hautpflegeprodukte.<\/p>\n<table style=\"border-collapse: collapse; width: 365.02pt;\" border=\"0\" width=\"365\" cellspacing=\"0\" cellpadding=\"0\">\n<tbody>\n<tr style=\"height: 16.00pt;\">\n<td class=\"et2\" style=\"height: 16.00pt; width: 97.50pt;\" width=\"97\" height=\"16\">Hersteller<\/td>\n<td class=\"et2\" style=\"width: 267.50pt;\" width=\"267\">Stanley<\/td>\n<\/tr>\n<tr style=\"height: 16.00pt;\">\n<td class=\"et2\" style=\"height: 16.00pt; width: 97.50pt;\" width=\"97\" height=\"16\">Arten von Beuteln<\/td>\n<td class=\"et2\" style=\"width: 267.50pt;\" width=\"267\">Ausgie\u00dferbeutel<\/td>\n<\/tr>\n<tr style=\"height: 16.00pt;\">\n<td class=\"et2\" style=\"height: 16.00pt; width: 97.50pt;\" width=\"97\" height=\"16\">Material<\/td>\n<td class=\"et2\" style=\"width: 267.50pt;\" width=\"267\">PET12\/AL7\/PE80<\/td>\n<\/tr>\n<tr style=\"height: 16.00pt;\">\n<td class=\"et2\" style=\"height: 16.00pt; width: 97.50pt;\" width=\"97\" height=\"16\">Besonderes Merkmal<\/td>\n<td class=\"et2\" style=\"width: 267.50pt;\" width=\"267\">Ausguss, Dichtheitspr\u00fcfung<\/td>\n<\/tr>\n<tr style=\"height: 16.00pt;\">\n<td class=\"et2\" style=\"height: 16.00pt; width: 97.50pt;\" width=\"97\" height=\"16\">Handhabung der Oberfl\u00e4che<\/td>\n<td class=\"et2\" style=\"width: 267.50pt;\" width=\"267\">Tiefdruck<\/td>\n<\/tr>\n<tr style=\"height: 16.00pt;\">\n<td class=\"et2\" style=\"height: 16.00pt; width: 97.50pt;\" width=\"97\" height=\"16\">Farbe<\/td>\n<td class=\"et2\" style=\"width: 267.50pt;\" width=\"267\">Beidseitiger Druck, bis zu 10 Farben<\/td>\n<\/tr>\n<tr style=\"height: 16.00pt;\">\n<td class=\"et2\" style=\"height: 16.00pt; width: 97.50pt;\" width=\"97\" height=\"16\">Verwendung<\/td>\n<td class=\"et2\" style=\"width: 267.50pt;\" width=\"267\">Sonnenschutzmittel, Lotion, Handcreme, Gesichtscreme<\/td>\n<\/tr>\n<tr style=\"height: 16.00pt;\">\n<td class=\"et2\" style=\"height: 16.00pt; width: 97.50pt;\" width=\"97\" height=\"16\">MOQ<\/td>\n<td class=\"et2\" style=\"width: 267.50pt;\" width=\"267\">50.000 St\u00fcck<\/td>\n<\/tr>\n<tr style=\"height: 16.00pt;\">\n<td class=\"et2\" style=\"height: 16.00pt; width: 97.50pt;\" width=\"97\" height=\"16\">Individuelle Bestellung<\/td>\n<td class=\"et2\" style=\"width: 267.50pt;\" width=\"267\">Akzeptieren Sie OEM, unterst\u00fctzen Sie die kostenlose Probe<\/td>\n<\/tr>\n<\/tbody>\n<\/table>","protected":false},"featured_media":4004,"comment_status":"closed","ping_status":"closed","template":"","meta":{"_acf_changed":false},"product_brand":[],"product_cat":[32],"product_tag":[],"class_list":{"0":"post-4001","1":"product","2":"type-product","3":"status-publish","4":"has-post-thumbnail","6":"product_cat-spout-pouch-manufacturer","7":"pa_non-food-packaging-cosmetic-packaging-pouches","9":"first","10":"instock","11":"shipping-taxable","12":"product-type-simple"},"acf":[],"_links":{"self":[{"href":"https:\/\/www.stanleypackage.com\/de\/wp-json\/wp\/v2\/product\/4001","targetHints":{"allow":["GET"]}}],"collection":[{"href":"https:\/\/www.stanleypackage.com\/de\/wp-json\/wp\/v2\/product"}],"about":[{"href":"https:\/\/www.stanleypackage.com\/de\/wp-json\/wp\/v2\/types\/product"}],"replies":[{"embeddable":true,"href":"https:\/\/www.stanleypackage.com\/de\/wp-json\/wp\/v2\/comments?post=4001"}],"wp:featuredmedia":[{"embeddable":true,"href":"https:\/\/www.stanleypackage.com\/de\/wp-json\/wp\/v2\/media\/4004"}],"wp:attachment":[{"href":"https:\/\/www.stanleypackage.com\/de\/wp-json\/wp\/v2\/media?parent=4001"}],"wp:term":[{"taxonomy":"product_brand","embeddable":true,"href":"https:\/\/www.stanleypackage.com\/de\/wp-json\/wp\/v2\/product_brand?post=4001"},{"taxonomy":"product_cat","embeddable":true,"href":"https:\/\/www.stanleypackage.com\/de\/wp-json\/wp\/v2\/product_cat?post=4001"},{"taxonomy":"product_tag","embeddable":true,"href":"https:\/\/www.stanleypackage.com\/de\/wp-json\/wp\/v2\/product_tag?post=4001"}],"curies":[{"name":"wp","href":"https:\/\/api.w.org\/{rel}","templated":true}]}}