{"id":4012,"date":"2025-12-03T07:12:59","date_gmt":"2025-12-03T07:12:59","guid":{"rendered":"https:\/\/www.stanleypackage.com\/?post_type=product&#038;p=4012"},"modified":"2025-12-03T07:13:05","modified_gmt":"2025-12-03T07:13:05","slug":"wholesale-peelable-lidding-film","status":"publish","type":"product","link":"https:\/\/www.stanleypackage.com\/de\/product\/wholesale-peelable-lidding-film\/","title":{"rendered":"Fabrik Gro\u00dfhandel abziehbare Deckfolie mit benutzerdefinierten Druck"},"content":{"rendered":"<div class=\"wp-block-columns is-layout-flex wp-container-core-columns-is-layout-9d6595d7 wp-block-columns-is-layout-flex\">\n<div class=\"wp-block-column is-layout-flow wp-block-column-is-layout-flow\">\n<h2 class=\"wp-block-heading\">Merkmale der abziehbaren Gro\u00dfhandels-Deckelfolie<\/h2>\n\n\n\n<ul class=\"wp-block-list\">\n<li><strong>Leicht zu sch\u00e4len, verbesserte Erfahrung: <\/strong>Diese im Gro\u00dfhandel erh\u00e4ltliche, abziehbare Deckelfolie ist speziell mit einer einzigartigen, leicht abziehbaren PE-Schicht ausgestattet, die sich ohne Werkzeug \u00f6ffnen und mit einer einzigen, sanften Bewegung entfernen l\u00e4sst! Keine Notwendigkeit f\u00fcr zus\u00e4tzliche Materialien; einfach abziehen und Sie sind bereit, Ihren Einkauf zu genie\u00dfen.<\/li>\n\n\n\n<li><strong>Hochaufl\u00f6sende Anpassung, Hervorhebung der Marke:<\/strong> Unsere individuell bedruckte Deckelfolie erm\u00f6glicht einen hochaufl\u00f6senden Druck in voller Farbe (wie das orangefarbene Logo und der Text), so dass Sie eine lebendige Darstellung Ihrer Marke schaffen k\u00f6nnen, um die visuelle Wirkung Ihrer Produkte im Einzelhandel zu verbessern.<\/li>\n\n\n\n<li><strong>Versiegelte Frische, sicher und hygienisch: <\/strong>Das Verbundmaterial, das in unserer abziehbaren Gro\u00dfhandelsfolie verwendet wird, ist hitzeversiegelt und stellt eine hervorragende Barriere f\u00fcr Ihre Lebensmittel dar; es h\u00e4lt die Lebensmittel frisch, indem es Feuchtigkeit und Geschmack einschlie\u00dft, ein Auslaufen verhindert und Verunreinigungen fernh\u00e4lt.<\/li>\n\n\n\n<li><strong>Fabrikdirektlieferung, hohe Kosteneffizienz:<\/strong> Unsere individuell bedruckten Abdeckfolien werden direkt ab Werk verkauft, was eine hohe Qualit\u00e4t garantiert und gleichzeitig sehr wettbewerbsf\u00e4hige Preise bietet, die sich f\u00fcr Gro\u00dfeink\u00e4ufe eignen.<\/li>\n\n\n\n<li><strong>Strapazierf\u00e4higes und langlebiges Material:<\/strong> Die PET-Oberfl\u00e4che dieser abziehbaren Gro\u00dfhandelsfolie verleiht der Siegelfolie eine gute mechanische Festigkeit, die sie kratz- und stichfest macht und die Integrit\u00e4t des Siegels w\u00e4hrend des Transports und der Handhabung wirksam sch\u00fctzt.<\/li>\n<\/ul>\n\n\n\n<div class=\"wp-block-columns is-layout-flex wp-container-core-columns-is-layout-9d6595d7 wp-block-columns-is-layout-flex\">\n<div class=\"wp-block-column is-layout-flow wp-block-column-is-layout-flow\">\n<figure class=\"wp-block-image size-full\"><img decoding=\"async\" width=\"750\" height=\"750\" src=\"https:\/\/www.stanleypackage.com\/wp-content\/uploads\/2025\/12\/Custom-Cup-Sealing-Film-Wholesale-Cup-Lidding-Films-For-Food-5.jpg\" alt=\"\" class=\"wp-image-4013\" srcset=\"https:\/\/www.stanleypackage.com\/wp-content\/uploads\/2025\/12\/Custom-Cup-Sealing-Film-Wholesale-Cup-Lidding-Films-For-Food-5.jpg 750w, https:\/\/www.stanleypackage.com\/wp-content\/uploads\/2025\/12\/Custom-Cup-Sealing-Film-Wholesale-Cup-Lidding-Films-For-Food-5-300x300.jpg 300w, https:\/\/www.stanleypackage.com\/wp-content\/uploads\/2025\/12\/Custom-Cup-Sealing-Film-Wholesale-Cup-Lidding-Films-For-Food-5-150x150.jpg 150w, https:\/\/www.stanleypackage.com\/wp-content\/uploads\/2025\/12\/Custom-Cup-Sealing-Film-Wholesale-Cup-Lidding-Films-For-Food-5-12x12.jpg 12w, https:\/\/www.stanleypackage.com\/wp-content\/uploads\/2025\/12\/Custom-Cup-Sealing-Film-Wholesale-Cup-Lidding-Films-For-Food-5-600x600.jpg 600w, https:\/\/www.stanleypackage.com\/wp-content\/uploads\/2025\/12\/Custom-Cup-Sealing-Film-Wholesale-Cup-Lidding-Films-For-Food-5-100x100.jpg 100w\" sizes=\"(max-width: 750px) 100vw, 750px\" \/><\/figure>\n<\/div>\n\n\n\n<div class=\"wp-block-column is-layout-flow wp-block-column-is-layout-flow\">\n<figure class=\"wp-block-image size-full\"><img decoding=\"async\" width=\"750\" height=\"750\" src=\"https:\/\/www.stanleypackage.com\/wp-content\/uploads\/2025\/12\/Custom-Cup-Sealing-Film-Wholesale-Cup-Lidding-Films-For-Food-4.webp\" alt=\"Fabrik Gro\u00dfhandel abziehbare Deckfolie mit benutzerdefinierten Druck\" class=\"wp-image-4015\" srcset=\"https:\/\/www.stanleypackage.com\/wp-content\/uploads\/2025\/12\/Custom-Cup-Sealing-Film-Wholesale-Cup-Lidding-Films-For-Food-4.webp 750w, https:\/\/www.stanleypackage.com\/wp-content\/uploads\/2025\/12\/Custom-Cup-Sealing-Film-Wholesale-Cup-Lidding-Films-For-Food-4-300x300.webp 300w, https:\/\/www.stanleypackage.com\/wp-content\/uploads\/2025\/12\/Custom-Cup-Sealing-Film-Wholesale-Cup-Lidding-Films-For-Food-4-150x150.webp 150w, https:\/\/www.stanleypackage.com\/wp-content\/uploads\/2025\/12\/Custom-Cup-Sealing-Film-Wholesale-Cup-Lidding-Films-For-Food-4-12x12.webp 12w, https:\/\/www.stanleypackage.com\/wp-content\/uploads\/2025\/12\/Custom-Cup-Sealing-Film-Wholesale-Cup-Lidding-Films-For-Food-4-600x600.webp 600w, https:\/\/www.stanleypackage.com\/wp-content\/uploads\/2025\/12\/Custom-Cup-Sealing-Film-Wholesale-Cup-Lidding-Films-For-Food-4-100x100.webp 100w\" sizes=\"(max-width: 750px) 100vw, 750px\" \/><\/figure>\n<\/div>\n<\/div>\n<\/div>\n<\/div>","protected":false},"excerpt":{"rendered":"<p>Unsere im Gro\u00dfhandel erh\u00e4ltliche abziehbare Deckelfolie wurde speziell f\u00fcr Lebensmittelbeh\u00e4lter entwickelt. Sie besteht aus einem speziellen PET15\/leicht abziehbaren PE65-Verbundmaterial und bietet eine starke Hei\u00dfsiegelung, w\u00e4hrend sie sich mit einem Riss leicht \u00f6ffnen l\u00e4sst. Auch kundenspezifische Bedruckung ist m\u00f6glich.<\/p>\n<table style=\"border-collapse: collapse; width: 327.77pt;\" border=\"0\" width=\"437\" cellspacing=\"0\" cellpadding=\"0\">\n<tbody>\n<tr style=\"height: 12.75pt;\">\n<td class=\"et2\" style=\"height: 12.75pt; width: 91.40pt;\" width=\"121\" height=\"17\">Hersteller<\/td>\n<td class=\"et2\" style=\"width: 237.00pt;\" width=\"316\">Stanley<\/td>\n<\/tr>\n<tr style=\"height: 12.75pt;\">\n<td class=\"et2\" style=\"height: 12.75pt; width: 91.40pt;\" width=\"121\" height=\"17\">Arten von Beuteln<\/td>\n<td class=\"et3\">Beutelverpackungsfolie<\/td>\n<\/tr>\n<tr style=\"height: 12.75pt;\">\n<td class=\"et2\" style=\"height: 12.75pt; width: 91.40pt;\" width=\"121\" height=\"17\">Material<\/td>\n<td class=\"et2\" style=\"width: 237.00pt;\" width=\"316\">PET15\/Einfache Schale PE65<\/td>\n<\/tr>\n<tr style=\"height: 12.75pt;\">\n<td class=\"et2\" style=\"height: 12.75pt; width: 91.40pt;\" width=\"121\" height=\"17\">Besonderes Merkmal<\/td>\n<td class=\"et2\" style=\"width: 237.00pt;\" width=\"316\">Automatische Verpackung<\/td>\n<\/tr>\n<tr style=\"height: 12.75pt;\">\n<td class=\"et2\" style=\"height: 12.75pt; width: 91.40pt;\" width=\"121\" height=\"17\">Handhabung der Oberfl\u00e4che<\/td>\n<td class=\"et2\" style=\"width: 237.00pt;\" width=\"316\">Tiefdruck<\/td>\n<\/tr>\n<tr style=\"height: 12.75pt;\">\n<td class=\"et2\" style=\"height: 12.75pt; width: 91.40pt;\" width=\"121\" height=\"17\">Farbe<\/td>\n<td class=\"et2\" style=\"width: 237.00pt;\" width=\"316\">Bis zu 10 Farben<\/td>\n<\/tr>\n<tr style=\"height: 12.75pt;\">\n<td class=\"et2\" style=\"height: 12.75pt; width: 91.40pt;\" width=\"121\" height=\"17\">Verwendung<\/td>\n<td class=\"et3\">Obst, Schweinefleisch, Huhn<\/td>\n<\/tr>\n<tr style=\"height: 12.75pt;\">\n<td class=\"et2\" style=\"height: 12.75pt; width: 91.40pt;\" width=\"121\" height=\"17\">MOQ<\/td>\n<td class=\"et2\" style=\"width: 237.00pt;\" width=\"316\">50.000 St\u00fcck<\/td>\n<\/tr>\n<tr style=\"height: 12.75pt;\">\n<td class=\"et2\" style=\"height: 12.75pt; width: 91.40pt;\" width=\"121\" height=\"17\">Individuelle Bestellung<\/td>\n<td class=\"et2\" style=\"width: 237.00pt;\" width=\"316\">Akzeptieren Sie OEM, unterst\u00fctzen Sie die kostenlose Probe<\/td>\n<\/tr>\n<\/tbody>\n<\/table>","protected":false},"featured_media":4014,"comment_status":"closed","ping_status":"closed","template":"","meta":{"_acf_changed":false},"product_brand":[],"product_cat":[26,25],"product_tag":[],"class_list":{"0":"post-4012","1":"product","2":"type-product","3":"status-publish","4":"has-post-thumbnail","6":"product_cat-packaging-film-manufacturer","7":"product_cat-lidding-film-manufacturer","8":"pa_food-packaging-ready-meal-pouch","10":"first","11":"instock","12":"shipping-taxable","13":"product-type-simple"},"acf":[],"_links":{"self":[{"href":"https:\/\/www.stanleypackage.com\/de\/wp-json\/wp\/v2\/product\/4012","targetHints":{"allow":["GET"]}}],"collection":[{"href":"https:\/\/www.stanleypackage.com\/de\/wp-json\/wp\/v2\/product"}],"about":[{"href":"https:\/\/www.stanleypackage.com\/de\/wp-json\/wp\/v2\/types\/product"}],"replies":[{"embeddable":true,"href":"https:\/\/www.stanleypackage.com\/de\/wp-json\/wp\/v2\/comments?post=4012"}],"wp:featuredmedia":[{"embeddable":true,"href":"https:\/\/www.stanleypackage.com\/de\/wp-json\/wp\/v2\/media\/4014"}],"wp:attachment":[{"href":"https:\/\/www.stanleypackage.com\/de\/wp-json\/wp\/v2\/media?parent=4012"}],"wp:term":[{"taxonomy":"product_brand","embeddable":true,"href":"https:\/\/www.stanleypackage.com\/de\/wp-json\/wp\/v2\/product_brand?post=4012"},{"taxonomy":"product_cat","embeddable":true,"href":"https:\/\/www.stanleypackage.com\/de\/wp-json\/wp\/v2\/product_cat?post=4012"},{"taxonomy":"product_tag","embeddable":true,"href":"https:\/\/www.stanleypackage.com\/de\/wp-json\/wp\/v2\/product_tag?post=4012"}],"curies":[{"name":"wp","href":"https:\/\/api.w.org\/{rel}","templated":true}]}}