{"id":4018,"date":"2025-12-03T07:34:59","date_gmt":"2025-12-03T07:34:59","guid":{"rendered":"https:\/\/www.stanleypackage.com\/?post_type=product&#038;p=4018"},"modified":"2025-12-03T07:35:12","modified_gmt":"2025-12-03T07:35:12","slug":"custom-gusseted-pouch","status":"publish","type":"product","link":"https:\/\/www.stanleypackage.com\/de\/product\/custom-gusseted-pouch\/","title":{"rendered":"Individueller Seitenfaltenbeutel mit Griffloch f\u00fcr Instantkaffee"},"content":{"rendered":"<div class=\"wp-block-columns is-layout-flex wp-container-core-columns-is-layout-9d6595d7 wp-block-columns-is-layout-flex\">\n<div class=\"wp-block-column is-layout-flow wp-block-column-is-layout-flow\">\n<h2 class=\"wp-block-heading\">Merkmale von Custom Gusseted Pouch mit Griffloch<\/h2>\n\n\n\n<ul class=\"wp-block-list\">\n<li><strong>Tragbarer Handgriff und stabiler Standfu\u00df: <\/strong>Das Griffloch an diesem kundenspezifischen Seitenfaltenbeutel erm\u00f6glicht eine einfache Handhabung durch den Verbraucher, w\u00e4hrend die unteren Akkordeonfalten daf\u00fcr sorgen, dass sie aufrecht platziert werden k\u00f6nnen, egal ob sie leer oder gef\u00fcllt sind, um die Ausstellungsfl\u00e4che in den Ladenregalen zu maximieren.<\/li>\n\n\n\n<li><strong>Hervorragender Barriereschutz und Frischeerhaltung: <\/strong>Unsere Gro\u00dfhandels-Standbeutel mit Griffl\u00f6chern werden aus einer Kombination von PET\/POPP\/PE-Verbundfolien (Mehrschichtfolie) hergestellt, die einen hervorragenden Barriereschutz gegen Feuchtigkeit, Sauerstoff und Licht bieten.<\/li>\n\n\n\n<li><strong>Hochaufl\u00f6sender Tiefdruck hebt Ihre Marke hervor:<\/strong> Unsere kundenspezifischen Seitenfaltenbeutel werden im Tiefdruckverfahren bedruckt, um Markenlogos und komplexe Muster mit hoher Farbs\u00e4ttigung und Detailtreue pr\u00e4zise wiederzugeben.<\/li>\n\n\n\n<li><strong>Benutzerfreundliche Verpackung und vorverpackte Portionen:<\/strong> Diese Gro\u00dfhandels-Standbeutel mit Griffl\u00f6chern k\u00f6nnen mehrfach mit einem Rei\u00dfverschluss verschlossen werden, damit sie frisch bleiben. Sie enthalten einzelne Beutel f\u00fcr eine bequeme vorverpackte Portion.<\/li>\n\n\n\n<li><strong>Langlebiges und robustes Material: <\/strong>Dieser ma\u00dfgeschneiderte Beutel besteht aus einem robusten, abriebfesten und durchsto\u00dffesten Material, das den Inhalt w\u00e4hrend der Logistik und des Transports wirksam vor Besch\u00e4digungen sch\u00fctzt und daf\u00fcr sorgt, dass das Produkt unversehrt beim Verbraucher ankommt.<\/li>\n<\/ul>\n\n\n\n<div class=\"wp-block-columns is-layout-flex wp-container-core-columns-is-layout-9d6595d7 wp-block-columns-is-layout-flex\">\n<div class=\"wp-block-column is-layout-flow wp-block-column-is-layout-flow\">\n<figure class=\"wp-block-image size-full\"><img decoding=\"async\" width=\"750\" height=\"750\" src=\"https:\/\/www.stanleypackage.com\/wp-content\/uploads\/2025\/12\/Custom-Print-Coffee-Bags-Wholesale-Instant-Coffee-Flat-Bottom-Pouches-7.webp\" alt=\"\" class=\"wp-image-4019\" srcset=\"https:\/\/www.stanleypackage.com\/wp-content\/uploads\/2025\/12\/Custom-Print-Coffee-Bags-Wholesale-Instant-Coffee-Flat-Bottom-Pouches-7.webp 750w, https:\/\/www.stanleypackage.com\/wp-content\/uploads\/2025\/12\/Custom-Print-Coffee-Bags-Wholesale-Instant-Coffee-Flat-Bottom-Pouches-7-300x300.webp 300w, https:\/\/www.stanleypackage.com\/wp-content\/uploads\/2025\/12\/Custom-Print-Coffee-Bags-Wholesale-Instant-Coffee-Flat-Bottom-Pouches-7-150x150.webp 150w, https:\/\/www.stanleypackage.com\/wp-content\/uploads\/2025\/12\/Custom-Print-Coffee-Bags-Wholesale-Instant-Coffee-Flat-Bottom-Pouches-7-12x12.webp 12w, https:\/\/www.stanleypackage.com\/wp-content\/uploads\/2025\/12\/Custom-Print-Coffee-Bags-Wholesale-Instant-Coffee-Flat-Bottom-Pouches-7-600x600.webp 600w, https:\/\/www.stanleypackage.com\/wp-content\/uploads\/2025\/12\/Custom-Print-Coffee-Bags-Wholesale-Instant-Coffee-Flat-Bottom-Pouches-7-100x100.webp 100w\" sizes=\"(max-width: 750px) 100vw, 750px\" \/><\/figure>\n<\/div>\n\n\n\n<div class=\"wp-block-column is-layout-flow wp-block-column-is-layout-flow\">\n<figure class=\"wp-block-image size-full\"><img decoding=\"async\" width=\"750\" height=\"750\" src=\"https:\/\/www.stanleypackage.com\/wp-content\/uploads\/2025\/12\/Custom-Print-Coffee-Bags-Wholesale-Instant-Coffee-Flat-Bottom-Pouches-2.webp\" alt=\"\" class=\"wp-image-4020\" srcset=\"https:\/\/www.stanleypackage.com\/wp-content\/uploads\/2025\/12\/Custom-Print-Coffee-Bags-Wholesale-Instant-Coffee-Flat-Bottom-Pouches-2.webp 750w, https:\/\/www.stanleypackage.com\/wp-content\/uploads\/2025\/12\/Custom-Print-Coffee-Bags-Wholesale-Instant-Coffee-Flat-Bottom-Pouches-2-300x300.webp 300w, https:\/\/www.stanleypackage.com\/wp-content\/uploads\/2025\/12\/Custom-Print-Coffee-Bags-Wholesale-Instant-Coffee-Flat-Bottom-Pouches-2-150x150.webp 150w, https:\/\/www.stanleypackage.com\/wp-content\/uploads\/2025\/12\/Custom-Print-Coffee-Bags-Wholesale-Instant-Coffee-Flat-Bottom-Pouches-2-12x12.webp 12w, https:\/\/www.stanleypackage.com\/wp-content\/uploads\/2025\/12\/Custom-Print-Coffee-Bags-Wholesale-Instant-Coffee-Flat-Bottom-Pouches-2-600x600.webp 600w, https:\/\/www.stanleypackage.com\/wp-content\/uploads\/2025\/12\/Custom-Print-Coffee-Bags-Wholesale-Instant-Coffee-Flat-Bottom-Pouches-2-100x100.webp 100w\" sizes=\"(max-width: 750px) 100vw, 750px\" \/><\/figure>\n<\/div>\n<\/div>\n<\/div>\n<\/div>","protected":false},"excerpt":{"rendered":"<p>Willkommen bei der Gro\u00dfbestellung von kundenspezifischen Seitenfaltenbeuteln. Unsere Gro\u00dfhandels-Standbeutel mit Griffl\u00f6chern sind speziell f\u00fcr die Umverpackung von Instantkaffee konzipiert. Die im Tiefdruckverfahren bedruckten Designs sind hell, bunt und lebendig. Die Standbeutel kombinieren Markenf\u00f6rderung, Bequemlichkeit und lang anhaltende Frische in einem Paket.<\/p>\n<table style=\"border-collapse: collapse; width: 365.02pt;\" border=\"0\" width=\"365\" cellspacing=\"0\" cellpadding=\"0\">\n<tbody>\n<tr style=\"height: 16.00pt;\">\n<td class=\"et2\" style=\"height: 16.00pt; width: 97.50pt;\" width=\"97\" height=\"16\">Hersteller<\/td>\n<td class=\"et2\" style=\"width: 267.50pt;\" width=\"267\">Stanley<\/td>\n<\/tr>\n<tr style=\"height: 16.00pt;\">\n<td class=\"et2\" style=\"height: 16.00pt; width: 97.50pt;\" width=\"97\" height=\"16\">Arten von Beuteln<\/td>\n<td class=\"et2\" style=\"width: 267.50pt;\" width=\"267\">Zwickel-Beutel<\/td>\n<\/tr>\n<tr style=\"height: 31.00pt;\">\n<td class=\"et2\" style=\"height: 31.00pt; width: 97.50pt;\" width=\"97\" height=\"31\">Matterial<\/td>\n<td class=\"et2\" style=\"width: 267.50pt;\" width=\"267\">Vorderseite:PET12\/POPP25\/PE80<br \/>Seite:PET12\/POPP25\/PE60<\/td>\n<\/tr>\n<tr style=\"height: 16.00pt;\">\n<td class=\"et2\" style=\"height: 16.00pt; width: 97.50pt;\" width=\"97\" height=\"16\">Besonderes Merkmal<\/td>\n<td class=\"et2\" style=\"width: 267.50pt;\" width=\"267\">Risskerbe, Griffloch<\/td>\n<\/tr>\n<tr style=\"height: 16.00pt;\">\n<td class=\"et2\" style=\"height: 16.00pt; width: 97.50pt;\" width=\"97\" height=\"16\">Handhabung der Oberfl\u00e4che<\/td>\n<td class=\"et2\" style=\"width: 267.50pt;\" width=\"267\">Tiefdruck<\/td>\n<\/tr>\n<tr style=\"height: 16.00pt;\">\n<td class=\"et2\" style=\"height: 16.00pt; width: 97.50pt;\" width=\"97\" height=\"16\">Farbe<\/td>\n<td class=\"et2\" style=\"width: 267.50pt;\" width=\"267\">Bis zu 10 Farben<\/td>\n<\/tr>\n<tr style=\"height: 16.00pt;\">\n<td class=\"et2\" style=\"height: 16.00pt; width: 97.50pt;\" width=\"97\" height=\"16\">Verwendung<\/td>\n<td class=\"et2\" style=\"width: 267.50pt;\" width=\"267\">Instant-Kaffee, Snack, Brot<\/td>\n<\/tr>\n<tr style=\"height: 16.00pt;\">\n<td class=\"et2\" style=\"height: 16.00pt; width: 97.50pt;\" width=\"97\" height=\"16\">MOQ<\/td>\n<td class=\"et2\" style=\"width: 267.50pt;\" width=\"267\">50.000 St\u00fcck<\/td>\n<\/tr>\n<tr style=\"height: 16.00pt;\">\n<td class=\"et2\" style=\"height: 16.00pt; width: 97.50pt;\" width=\"97\" height=\"16\">Individuelle Bestellung<\/td>\n<td class=\"et2\" style=\"width: 267.50pt;\" width=\"267\">Akzeptieren Sie OEM, unterst\u00fctzen Sie freie Probe<\/td>\n<\/tr>\n<\/tbody>\n<\/table>","protected":false},"featured_media":4023,"comment_status":"closed","ping_status":"closed","template":"","meta":{"_acf_changed":false},"product_brand":[],"product_cat":[17],"product_tag":[],"class_list":{"0":"post-4018","1":"product","2":"type-product","3":"status-publish","4":"has-post-thumbnail","6":"product_cat-gusset-bag-manufacturer","7":"pa_food-packaging-coffee-packaging-pouch","9":"first","10":"instock","11":"shipping-taxable","12":"product-type-simple"},"acf":[],"_links":{"self":[{"href":"https:\/\/www.stanleypackage.com\/de\/wp-json\/wp\/v2\/product\/4018","targetHints":{"allow":["GET"]}}],"collection":[{"href":"https:\/\/www.stanleypackage.com\/de\/wp-json\/wp\/v2\/product"}],"about":[{"href":"https:\/\/www.stanleypackage.com\/de\/wp-json\/wp\/v2\/types\/product"}],"replies":[{"embeddable":true,"href":"https:\/\/www.stanleypackage.com\/de\/wp-json\/wp\/v2\/comments?post=4018"}],"wp:featuredmedia":[{"embeddable":true,"href":"https:\/\/www.stanleypackage.com\/de\/wp-json\/wp\/v2\/media\/4023"}],"wp:attachment":[{"href":"https:\/\/www.stanleypackage.com\/de\/wp-json\/wp\/v2\/media?parent=4018"}],"wp:term":[{"taxonomy":"product_brand","embeddable":true,"href":"https:\/\/www.stanleypackage.com\/de\/wp-json\/wp\/v2\/product_brand?post=4018"},{"taxonomy":"product_cat","embeddable":true,"href":"https:\/\/www.stanleypackage.com\/de\/wp-json\/wp\/v2\/product_cat?post=4018"},{"taxonomy":"product_tag","embeddable":true,"href":"https:\/\/www.stanleypackage.com\/de\/wp-json\/wp\/v2\/product_tag?post=4018"}],"curies":[{"name":"wp","href":"https:\/\/api.w.org\/{rel}","templated":true}]}}