{"id":4043,"date":"2025-12-05T02:32:15","date_gmt":"2025-12-05T02:32:15","guid":{"rendered":"https:\/\/www.stanleypackage.com\/?post_type=product&#038;p=4043"},"modified":"2025-12-05T02:32:21","modified_gmt":"2025-12-05T02:32:21","slug":"factory-oem-liquid-pouches","status":"publish","type":"product","link":"https:\/\/www.stanleypackage.com\/de\/product\/factory-oem-liquid-pouches\/","title":{"rendered":"Fabrik OEM fl\u00fcssige Beutel mit T\u00fclle f\u00fcr Reinigungsmittel Reinigungsmittel"},"content":{"rendered":"<div class=\"wp-block-columns is-layout-flex wp-container-core-columns-is-layout-9d6595d7 wp-block-columns-is-layout-flex\">\n<div class=\"wp-block-column is-layout-flow wp-block-column-is-layout-flow\">\n<h2 class=\"wp-block-heading\">Merkmale von Factory OEM Fl\u00fcssigkeitsbeuteln<\/h2>\n\n\n\n<ul class=\"wp-block-list\">\n<li><strong>Professioneller Verbundwerkstoff: <\/strong>Unsere OEM-Fl\u00fcssigkeitsbeutel werden aus einem mehrschichtigen Verbundmaterial aus PET12\/BOPA15\/MBPE100 hergestellt, das eine gute Barriereeigenschaft und Durchsto\u00dffestigkeit aufweist und die Haltbarkeit verl\u00e4ngert.<\/li>\n\n\n\n<li><strong>Bequemer Ausgie\u00dfer:<\/strong> Dieser ma\u00dfgeschneiderte Beutel mit Ausgie\u00dfer an der Oberseite erm\u00f6glicht eine einfache einh\u00e4ndige Bedienung, einen kontrollierten Fl\u00fcssigkeitsfluss und eine hygienische, tropffreie Verwendung.<\/li>\n\n\n\n<li><strong>Stabiler selbststehender Sockel:<\/strong> Der Boden unserer werksseitig hergestellten OEM-Fl\u00fcssigkeitsbeutel ist selbsttragend, was Stabilit\u00e4t gew\u00e4hrleistet, Platz spart und die Notwendigkeit zus\u00e4tzlicher Beh\u00e4lterst\u00fctzen beseitigt, was die Abgabe und Lagerung \u00e4u\u00dferst bequem macht.<\/li>\n\n\n\n<li><strong>Hochaufl\u00f6sender beidseitiger Druck:<\/strong> Hochwertiger Druck mit bis zu 10 Farben auf beiden Seiten m\u00f6glich. Beidseitiger Druck ist m\u00f6glich. Mit unseren kundenspezifischen Ausgie\u00dferbeuteln k\u00f6nnen Sie die Marke, Produktinformationen und Gebrauchsanweisungen effizient und mit viel Platz pr\u00e4sentieren und eine starke visuelle Wirkung erzielen.<\/li>\n\n\n\n<li><strong>Sichere und nat\u00fcrliche Konzepte einbeziehen: <\/strong>Diese werkseitig hergestellten OEM-Fl\u00fcssigkeitsbeutel sind speziell f\u00fcr hypoallergene, nat\u00fcrliche Pflegeprodukte ohne sch\u00e4dliche Zusatzstoffe konzipiert und vermitteln Reinheit und Pflege von innen heraus.<\/li>\n<\/ul>\n\n\n\n<div class=\"wp-block-columns is-layout-flex wp-container-core-columns-is-layout-9d6595d7 wp-block-columns-is-layout-flex\">\n<div class=\"wp-block-column is-layout-flow wp-block-column-is-layout-flow\">\n<figure class=\"wp-block-image size-full\"><img decoding=\"async\" width=\"750\" height=\"750\" src=\"https:\/\/www.stanleypackage.com\/wp-content\/uploads\/2025\/12\/Custom-Print-Liquid-Pouch-Bag-\uff0cWholesale-Spout-Pouch-For-Detergent-2.webp\" alt=\"\" class=\"wp-image-4045\" srcset=\"https:\/\/www.stanleypackage.com\/wp-content\/uploads\/2025\/12\/Custom-Print-Liquid-Pouch-Bag-\uff0cWholesale-Spout-Pouch-For-Detergent-2.webp 750w, https:\/\/www.stanleypackage.com\/wp-content\/uploads\/2025\/12\/Custom-Print-Liquid-Pouch-Bag-\uff0cWholesale-Spout-Pouch-For-Detergent-2-300x300.webp 300w, https:\/\/www.stanleypackage.com\/wp-content\/uploads\/2025\/12\/Custom-Print-Liquid-Pouch-Bag-\uff0cWholesale-Spout-Pouch-For-Detergent-2-150x150.webp 150w, https:\/\/www.stanleypackage.com\/wp-content\/uploads\/2025\/12\/Custom-Print-Liquid-Pouch-Bag-\uff0cWholesale-Spout-Pouch-For-Detergent-2-12x12.webp 12w, https:\/\/www.stanleypackage.com\/wp-content\/uploads\/2025\/12\/Custom-Print-Liquid-Pouch-Bag-\uff0cWholesale-Spout-Pouch-For-Detergent-2-600x600.webp 600w, https:\/\/www.stanleypackage.com\/wp-content\/uploads\/2025\/12\/Custom-Print-Liquid-Pouch-Bag-\uff0cWholesale-Spout-Pouch-For-Detergent-2-100x100.webp 100w\" sizes=\"(max-width: 750px) 100vw, 750px\" \/><\/figure>\n<\/div>\n\n\n\n<div class=\"wp-block-column is-layout-flow wp-block-column-is-layout-flow\">\n<figure class=\"wp-block-image size-full\"><img decoding=\"async\" width=\"750\" height=\"750\" src=\"https:\/\/www.stanleypackage.com\/wp-content\/uploads\/2025\/12\/Custom-Print-Liquid-Pouch-Bag-\uff0cWholesale-Spout-Pouch-For-Detergent-6.webp\" alt=\"\" class=\"wp-image-4046\" srcset=\"https:\/\/www.stanleypackage.com\/wp-content\/uploads\/2025\/12\/Custom-Print-Liquid-Pouch-Bag-\uff0cWholesale-Spout-Pouch-For-Detergent-6.webp 750w, https:\/\/www.stanleypackage.com\/wp-content\/uploads\/2025\/12\/Custom-Print-Liquid-Pouch-Bag-\uff0cWholesale-Spout-Pouch-For-Detergent-6-300x300.webp 300w, https:\/\/www.stanleypackage.com\/wp-content\/uploads\/2025\/12\/Custom-Print-Liquid-Pouch-Bag-\uff0cWholesale-Spout-Pouch-For-Detergent-6-150x150.webp 150w, https:\/\/www.stanleypackage.com\/wp-content\/uploads\/2025\/12\/Custom-Print-Liquid-Pouch-Bag-\uff0cWholesale-Spout-Pouch-For-Detergent-6-12x12.webp 12w, https:\/\/www.stanleypackage.com\/wp-content\/uploads\/2025\/12\/Custom-Print-Liquid-Pouch-Bag-\uff0cWholesale-Spout-Pouch-For-Detergent-6-600x600.webp 600w, https:\/\/www.stanleypackage.com\/wp-content\/uploads\/2025\/12\/Custom-Print-Liquid-Pouch-Bag-\uff0cWholesale-Spout-Pouch-For-Detergent-6-100x100.webp 100w\" sizes=\"(max-width: 750px) 100vw, 750px\" \/><\/figure>\n<\/div>\n<\/div>\n<\/div>\n<\/div>","protected":false},"excerpt":{"rendered":"<p>Willkommen bei kundenspezifischen Beuteln mit Stehausguss. Unsere werksseitigen OEM-Fl\u00fcssigkeitsbeutel verf\u00fcgen \u00fcber einen praktischen Ausgie\u00dfer und einen selbststehenden Boden, der beidseitig mit bis zu 10 Farben bedruckt werden kann, und sind speziell f\u00fcr sichere und nat\u00fcrliche Reinigungsprodukte konzipiert.<\/p>\n<table style=\"border-collapse: collapse; width: 365.02pt;\" border=\"0\" width=\"365\" cellspacing=\"0\" cellpadding=\"0\">\n<tbody>\n<tr style=\"height: 16.00pt;\">\n<td class=\"et2\" style=\"height: 16.00pt; width: 97.50pt;\" width=\"97\" height=\"16\">Hersteller<\/td>\n<td class=\"et2\" style=\"width: 267.50pt;\" width=\"267\">Stanley<\/td>\n<\/tr>\n<tr style=\"height: 16.00pt;\">\n<td class=\"et2\" style=\"height: 16.00pt; width: 97.50pt;\" width=\"97\" height=\"16\">Arten von Beuteln<\/td>\n<td class=\"et2\" style=\"width: 267.50pt;\" width=\"267\">Ausgie\u00dfertasche, Stand Up Pouch<\/td>\n<\/tr>\n<tr style=\"height: 16.00pt;\">\n<td class=\"et2\" style=\"height: 16.00pt; width: 97.50pt;\" width=\"97\" height=\"16\">Material<\/td>\n<td class=\"et2\" style=\"width: 267.50pt;\" width=\"267\">PET12\/BOPA15\/MBPE100<\/td>\n<\/tr>\n<tr style=\"height: 16.00pt;\">\n<td class=\"et2\" style=\"height: 16.00pt; width: 97.50pt;\" width=\"97\" height=\"16\">Besonderes Merkmal<\/td>\n<td class=\"et2\" style=\"width: 267.50pt;\" width=\"267\">Ausgie\u00dfer, selbststehender Boden<\/td>\n<\/tr>\n<tr style=\"height: 16.00pt;\">\n<td class=\"et2\" style=\"height: 16.00pt; width: 97.50pt;\" width=\"97\" height=\"16\">Handhabung der Oberfl\u00e4che<\/td>\n<td class=\"et2\" style=\"width: 267.50pt;\" width=\"267\">Tiefdruck<\/td>\n<\/tr>\n<tr style=\"height: 16.00pt;\">\n<td class=\"et2\" style=\"height: 16.00pt; width: 97.50pt;\" width=\"97\" height=\"16\">Farbe<\/td>\n<td class=\"et2\" style=\"width: 267.50pt;\" width=\"267\">Beidseitiger Druck, bis zu 10 Farben<\/td>\n<\/tr>\n<tr style=\"height: 16.00pt;\">\n<td class=\"et2\" style=\"height: 16.00pt; width: 97.50pt;\" width=\"97\" height=\"16\">Material<\/td>\n<td class=\"et2\" style=\"width: 267.50pt;\" width=\"267\">Waschmittel, Waschpulver, Weichsp\u00fcler<\/td>\n<\/tr>\n<tr style=\"height: 16.00pt;\">\n<td class=\"et2\" style=\"height: 16.00pt; width: 97.50pt;\" width=\"97\" height=\"16\">MOQ<\/td>\n<td class=\"et2\" style=\"width: 267.50pt;\" width=\"267\">50.000 St\u00fcck<\/td>\n<\/tr>\n<tr style=\"height: 16.00pt;\">\n<td class=\"et2\" style=\"height: 16.00pt; width: 97.50pt;\" width=\"97\" height=\"16\">Individuelle Bestellung<\/td>\n<td class=\"et2\" style=\"width: 267.50pt;\" width=\"267\">Akzeptieren Sie OEM, unterst\u00fctzen Sie die kostenlose Probe<\/td>\n<\/tr>\n<\/tbody>\n<\/table>","protected":false},"featured_media":4047,"comment_status":"closed","ping_status":"closed","template":"","meta":{"_acf_changed":false},"product_brand":[],"product_cat":[32],"product_tag":[],"class_list":{"0":"post-4043","1":"product","2":"type-product","3":"status-publish","4":"has-post-thumbnail","6":"product_cat-spout-pouch-manufacturer","7":"pa_non-food-packaging-soap-detergent-pouches","9":"first","10":"instock","11":"shipping-taxable","12":"product-type-simple"},"acf":[],"_links":{"self":[{"href":"https:\/\/www.stanleypackage.com\/de\/wp-json\/wp\/v2\/product\/4043","targetHints":{"allow":["GET"]}}],"collection":[{"href":"https:\/\/www.stanleypackage.com\/de\/wp-json\/wp\/v2\/product"}],"about":[{"href":"https:\/\/www.stanleypackage.com\/de\/wp-json\/wp\/v2\/types\/product"}],"replies":[{"embeddable":true,"href":"https:\/\/www.stanleypackage.com\/de\/wp-json\/wp\/v2\/comments?post=4043"}],"wp:featuredmedia":[{"embeddable":true,"href":"https:\/\/www.stanleypackage.com\/de\/wp-json\/wp\/v2\/media\/4047"}],"wp:attachment":[{"href":"https:\/\/www.stanleypackage.com\/de\/wp-json\/wp\/v2\/media?parent=4043"}],"wp:term":[{"taxonomy":"product_brand","embeddable":true,"href":"https:\/\/www.stanleypackage.com\/de\/wp-json\/wp\/v2\/product_brand?post=4043"},{"taxonomy":"product_cat","embeddable":true,"href":"https:\/\/www.stanleypackage.com\/de\/wp-json\/wp\/v2\/product_cat?post=4043"},{"taxonomy":"product_tag","embeddable":true,"href":"https:\/\/www.stanleypackage.com\/de\/wp-json\/wp\/v2\/product_tag?post=4043"}],"curies":[{"name":"wp","href":"https:\/\/api.w.org\/{rel}","templated":true}]}}