{"id":4060,"date":"2025-12-05T03:40:57","date_gmt":"2025-12-05T03:40:57","guid":{"rendered":"https:\/\/www.stanleypackage.com\/?post_type=product&#038;p=4060"},"modified":"2025-12-05T03:41:04","modified_gmt":"2025-12-05T03:41:04","slug":"custom-cup-sealer-film","status":"publish","type":"product","link":"https:\/\/www.stanleypackage.com\/de\/product\/custom-cup-sealer-film\/","title":{"rendered":"Kundenspezifische Becherdichtungsfolie, Geleebecher-Plastikdichtungsrollenfolie"},"content":{"rendered":"<div class=\"wp-block-columns is-layout-flex wp-container-core-columns-is-layout-9d6595d7 wp-block-columns-is-layout-flex\">\n<div class=\"wp-block-column is-layout-flow wp-block-column-is-layout-flow\">\n<h2 class=\"wp-block-heading\">Merkmale der kundenspezifischen Becherversiegelungsfolie<\/h2>\n\n\n\n<ul class=\"wp-block-list\">\n<li><strong>Hervorragende Frischeerhaltung und Barriereeigenschaften: <\/strong>Diese kundenspezifische Becherversiegelungsfolie besteht aus BOPA15\/MBPE105-Verbundmaterial mit hoher Zugfestigkeit und hoher Sauerstoffbarriere. Sie kann das Eindringen von Sauerstoff und Wasserdampf blockieren und verhindern, dass sich das Aroma der Produkte verfl\u00fcchtigt, so dass die Frische und Qualit\u00e4t von Gelee, Sahne und k\u00f6rnigen Lebensmitteln f\u00fcr einen langen Zeitraum erhalten bleibt.<\/li>\n\n\n\n<li><strong>Hochaufl\u00f6sende und farbenfrohe Musteranpassung:<\/strong> Unsere OEM-Hei\u00dfsiegelfolie erm\u00f6glicht einen hochaufl\u00f6senden Druck mit leuchtenden und satten Farben, der komplizierte Designs wie LOGO, Produktmuster und Funktionstext perfekt darstellen kann, was sich direkt auf die visuelle Attraktivit\u00e4t und den Wiedererkennungswert der verpackten Produkte im Regal auswirkt.<\/li>\n\n\n\n<li><strong>Sicheres Versiegeln und bequemes \u00d6ffnen: <\/strong>Unsere kundenspezifische Becherversiegelungsfolie hat eine hervorragende Hei\u00dfsiegelleistung und bildet eine starke und glatte Versiegelung mit g\u00e4ngigen Bechermaterialien wie PP\/PE, wodurch Leckagen wirksam verhindert werden. Gleichzeitig erm\u00f6glicht das leicht zu \u00f6ffnende Design den Verbrauchern ein einfaches und sauberes \u00d6ffnen der Verpackung und sorgt f\u00fcr eine bequeme und hygienische Benutzererfahrung.<\/li>\n\n\n\n<li><strong>Effiziente Anpassung an die automatisierte Produktion: <\/strong>Unsere OEM-Hei\u00dfsiegelfolie wird in Rollenform geliefert und passt perfekt zu automatischen Hochgeschwindigkeitsabf\u00fcll- und -versiegelungsanlagen, die einen integrierten und effizienten Betrieb vom Abf\u00fcllen \u00fcber das Auftragen der Folie bis zum Schneiden erm\u00f6glichen, was die Produktionseffizienz erheblich verbessert und den Anforderungen der Massenproduktion entspricht.<\/li>\n\n\n\n<li><strong>Breites Spektrum an Anwendungsm\u00f6glichkeiten:<\/strong> Unsere kundenspezifischen Becherverschlussfolien sind sicher und zuverl\u00e4ssig und eignen sich zum Verpacken und Versiegeln von Lebensmitteln (z. B. Gelee, Desserts, Gew\u00fcrzverpackungen) und chemischen Produkten des t\u00e4glichen Bedarfs (z. B. Sonnenschutzmittel, Lotionen, Shampooverpackungen).<\/li>\n<\/ul>\n\n\n\n<div class=\"wp-block-columns is-layout-flex wp-container-core-columns-is-layout-9d6595d7 wp-block-columns-is-layout-flex\">\n<div class=\"wp-block-column is-layout-flow wp-block-column-is-layout-flow\">\n<figure class=\"wp-block-image size-full\"><img decoding=\"async\" width=\"750\" height=\"750\" src=\"https:\/\/www.stanleypackage.com\/wp-content\/uploads\/2025\/12\/Custom-Cup-Sealing-Film-Wholesale-Jelly-Cup-Lidding-Films-5.webp\" alt=\"\" class=\"wp-image-4061\" srcset=\"https:\/\/www.stanleypackage.com\/wp-content\/uploads\/2025\/12\/Custom-Cup-Sealing-Film-Wholesale-Jelly-Cup-Lidding-Films-5.webp 750w, https:\/\/www.stanleypackage.com\/wp-content\/uploads\/2025\/12\/Custom-Cup-Sealing-Film-Wholesale-Jelly-Cup-Lidding-Films-5-300x300.webp 300w, https:\/\/www.stanleypackage.com\/wp-content\/uploads\/2025\/12\/Custom-Cup-Sealing-Film-Wholesale-Jelly-Cup-Lidding-Films-5-150x150.webp 150w, https:\/\/www.stanleypackage.com\/wp-content\/uploads\/2025\/12\/Custom-Cup-Sealing-Film-Wholesale-Jelly-Cup-Lidding-Films-5-12x12.webp 12w, https:\/\/www.stanleypackage.com\/wp-content\/uploads\/2025\/12\/Custom-Cup-Sealing-Film-Wholesale-Jelly-Cup-Lidding-Films-5-600x600.webp 600w, https:\/\/www.stanleypackage.com\/wp-content\/uploads\/2025\/12\/Custom-Cup-Sealing-Film-Wholesale-Jelly-Cup-Lidding-Films-5-100x100.webp 100w\" sizes=\"(max-width: 750px) 100vw, 750px\" \/><\/figure>\n<\/div>\n\n\n\n<div class=\"wp-block-column is-layout-flow wp-block-column-is-layout-flow\">\n<figure class=\"wp-block-image size-full\"><img decoding=\"async\" width=\"750\" height=\"750\" src=\"https:\/\/www.stanleypackage.com\/wp-content\/uploads\/2025\/12\/Custom-Cup-Sealing-Film-Wholesale-Jelly-Cup-Lidding-Films.webp\" alt=\"\" class=\"wp-image-4062\" srcset=\"https:\/\/www.stanleypackage.com\/wp-content\/uploads\/2025\/12\/Custom-Cup-Sealing-Film-Wholesale-Jelly-Cup-Lidding-Films.webp 750w, https:\/\/www.stanleypackage.com\/wp-content\/uploads\/2025\/12\/Custom-Cup-Sealing-Film-Wholesale-Jelly-Cup-Lidding-Films-300x300.webp 300w, https:\/\/www.stanleypackage.com\/wp-content\/uploads\/2025\/12\/Custom-Cup-Sealing-Film-Wholesale-Jelly-Cup-Lidding-Films-150x150.webp 150w, https:\/\/www.stanleypackage.com\/wp-content\/uploads\/2025\/12\/Custom-Cup-Sealing-Film-Wholesale-Jelly-Cup-Lidding-Films-12x12.webp 12w, https:\/\/www.stanleypackage.com\/wp-content\/uploads\/2025\/12\/Custom-Cup-Sealing-Film-Wholesale-Jelly-Cup-Lidding-Films-600x600.webp 600w, https:\/\/www.stanleypackage.com\/wp-content\/uploads\/2025\/12\/Custom-Cup-Sealing-Film-Wholesale-Jelly-Cup-Lidding-Films-100x100.webp 100w\" sizes=\"(max-width: 750px) 100vw, 750px\" \/><\/figure>\n<\/div>\n<\/div>\n<\/div>\n<\/div>","protected":false},"excerpt":{"rendered":"<p>Willkommen zu bestellen benutzerdefinierte Tasse Versiegelung Film. Unsere OEM-Hei\u00dfsiegelfolie eignet sich zum Verschlie\u00dfen von Kunststoffbeh\u00e4ltern wie Geleebechern, Dessertbechern und Cremespenderbechern. In Verbindung mit der hochpr\u00e4zisen Drucktechnik k\u00f6nnen wir vielf\u00e4ltige kundenspezifische Muster anbieten.<\/p>\n<table style=\"border-collapse: collapse; width: 327.77pt;\" border=\"0\" width=\"437\" cellspacing=\"0\" cellpadding=\"0\">\n<tbody>\n<tr style=\"height: 12.75pt;\">\n<td class=\"et2\" style=\"height: 12.75pt; width: 91.40pt;\" width=\"121\" height=\"17\">Hersteller<\/td>\n<td class=\"et2\" style=\"width: 237.00pt;\" width=\"316\">Stanley<\/td>\n<\/tr>\n<tr style=\"height: 12.75pt;\">\n<td class=\"et2\" style=\"height: 12.75pt; width: 91.40pt;\" width=\"121\" height=\"17\">Arten von Beuteln<\/td>\n<td class=\"et3\">Becherdichtungsfolie<\/td>\n<\/tr>\n<tr style=\"height: 12.75pt;\">\n<td class=\"et2\" style=\"height: 12.75pt; width: 91.40pt;\" width=\"121\" height=\"17\">Material<\/td>\n<td class=\"et2\" style=\"width: 237.00pt;\" width=\"316\">BOPA15\/MBPE105<\/td>\n<\/tr>\n<tr style=\"height: 12.75pt;\">\n<td class=\"et2\" style=\"height: 12.75pt; width: 91.40pt;\" width=\"121\" height=\"17\">Besonderes Merkmal<\/td>\n<td class=\"et2\" style=\"width: 237.00pt;\" width=\"316\">Automatische Verpackung<\/td>\n<\/tr>\n<tr style=\"height: 12.75pt;\">\n<td class=\"et2\" style=\"height: 12.75pt; width: 91.40pt;\" width=\"121\" height=\"17\">Handhabung der Oberfl\u00e4che<\/td>\n<td class=\"et2\" style=\"width: 237.00pt;\" width=\"316\">Tiefdruck<\/td>\n<\/tr>\n<tr style=\"height: 12.75pt;\">\n<td class=\"et2\" style=\"height: 12.75pt; width: 91.40pt;\" width=\"121\" height=\"17\">Farbe<\/td>\n<td class=\"et2\" style=\"width: 237.00pt;\" width=\"316\">Bis zu 10 Farben<\/td>\n<\/tr>\n<tr style=\"height: 12.75pt;\">\n<td class=\"et2\" style=\"height: 12.75pt; width: 91.40pt;\" width=\"121\" height=\"17\">Verwendung<\/td>\n<td class=\"et3\">Jelly Cup, Bubble Tea Cup<\/td>\n<\/tr>\n<tr style=\"height: 12.75pt;\">\n<td class=\"et2\" style=\"height: 12.75pt; width: 91.40pt;\" width=\"121\" height=\"17\">MOQ<\/td>\n<td class=\"et2\" style=\"width: 237.00pt;\" width=\"316\">50.000 St\u00fcck<\/td>\n<\/tr>\n<tr style=\"height: 12.75pt;\">\n<td class=\"et2\" style=\"height: 12.75pt; width: 91.40pt;\" width=\"121\" height=\"17\">Individuelle Bestellung<\/td>\n<td class=\"et2\" style=\"width: 237.00pt;\" width=\"316\">Akzeptieren Sie OEM, unterst\u00fctzen Sie freie Probe<\/td>\n<\/tr>\n<\/tbody>\n<\/table>","protected":false},"featured_media":4063,"comment_status":"closed","ping_status":"closed","template":"","meta":{"_acf_changed":false},"product_brand":[],"product_cat":[26,25],"product_tag":[],"class_list":{"0":"post-4060","1":"product","2":"type-product","3":"status-publish","4":"has-post-thumbnail","6":"product_cat-packaging-film-manufacturer","7":"product_cat-lidding-film-manufacturer","8":"pa_food-packaging-snack-food-pouch","10":"first","11":"instock","12":"shipping-taxable","13":"product-type-simple"},"acf":[],"_links":{"self":[{"href":"https:\/\/www.stanleypackage.com\/de\/wp-json\/wp\/v2\/product\/4060","targetHints":{"allow":["GET"]}}],"collection":[{"href":"https:\/\/www.stanleypackage.com\/de\/wp-json\/wp\/v2\/product"}],"about":[{"href":"https:\/\/www.stanleypackage.com\/de\/wp-json\/wp\/v2\/types\/product"}],"replies":[{"embeddable":true,"href":"https:\/\/www.stanleypackage.com\/de\/wp-json\/wp\/v2\/comments?post=4060"}],"wp:featuredmedia":[{"embeddable":true,"href":"https:\/\/www.stanleypackage.com\/de\/wp-json\/wp\/v2\/media\/4063"}],"wp:attachment":[{"href":"https:\/\/www.stanleypackage.com\/de\/wp-json\/wp\/v2\/media?parent=4060"}],"wp:term":[{"taxonomy":"product_brand","embeddable":true,"href":"https:\/\/www.stanleypackage.com\/de\/wp-json\/wp\/v2\/product_brand?post=4060"},{"taxonomy":"product_cat","embeddable":true,"href":"https:\/\/www.stanleypackage.com\/de\/wp-json\/wp\/v2\/product_cat?post=4060"},{"taxonomy":"product_tag","embeddable":true,"href":"https:\/\/www.stanleypackage.com\/de\/wp-json\/wp\/v2\/product_tag?post=4060"}],"curies":[{"name":"wp","href":"https:\/\/api.w.org\/{rel}","templated":true}]}}