{"id":4067,"date":"2025-12-05T03:09:11","date_gmt":"2025-12-05T03:09:11","guid":{"rendered":"https:\/\/www.stanleypackage.com\/?post_type=product&#038;p=4067"},"modified":"2025-12-05T03:09:17","modified_gmt":"2025-12-05T03:09:17","slug":"custom-heat-shrink-sleeves","status":"publish","type":"product","link":"https:\/\/www.stanleypackage.com\/de\/product\/custom-heat-shrink-sleeves\/","title":{"rendered":"Gro\u00dfhandel benutzerdefinierte W\u00e4rme schrumpfen \u00c4rmel f\u00fcr Shampoo-Flaschen"},"content":{"rendered":"<div class=\"wp-block-columns is-layout-flex wp-container-core-columns-is-layout-9d6595d7 wp-block-columns-is-layout-flex\">\n<div class=\"wp-block-column is-layout-flow wp-block-column-is-layout-flow\">\n<h2 class=\"wp-block-heading\">Merkmale von kundenspezifischen Schrumpfschl\u00e4uchen<\/h2>\n\n\n\n<ul class=\"wp-block-list\">\n<li><strong>Hervorragende dekorative Wirkung und Markenpr\u00e4sentation: <\/strong>Die hochaufl\u00f6sende Drucktechnologie unserer kundenspezifischen Schrumpfschl\u00e4uche reproduziert pr\u00e4zise komplexe Muster, Farbverl\u00e4ufe und kleine Texte und verleiht der Flasche ein lebendiges, hochwertiges Erscheinungsbild, das die Attraktivit\u00e4t des Produkts im Regal deutlich erh\u00f6ht.<\/li>\n\n\n\n<li><strong>Hervorragende Anpassungsf\u00e4higkeit der Flasche: <\/strong>Diese OEM-Schrumpffolie f\u00fcr den Gro\u00dfhandel verwendet PET-Material mit einer hohen Schrumpfrate, so dass sie nach dem Erhitzen eng und gleichm\u00e4\u00dfig um Flaschen unterschiedlicher Form schrumpfen kann, was die allgemeine Verpackungsqualit\u00e4t verbessert.<\/li>\n\n\n\n<li><strong>Aussagekr\u00e4ftige Produktinformationen und Kommunikation von Verkaufsargumenten: <\/strong>Unsere kundenspezifischen Schrumpfschl\u00e4uche bieten eine durchgehende 360-Grad-Druckfl\u00e4che, die eine vollst\u00e4ndige Darstellung der Markengeschichte, der Inhaltsstoffe, der Anwendungsvorteile und mehrsprachiger Informationen erm\u00f6glicht und so zu einem wichtigen Medium f\u00fcr die Kommunikation mit dem Verbraucher wird.<\/li>\n\n\n\n<li><strong>F\u00e4lschungssicherheit und Manipulationssicherung:<\/strong> Als einmalig verwendbare Verpackungsetiketten k\u00f6nnen unsere kundenspezifischen Schrumpfschl\u00e4uche, wenn sie einmal besch\u00e4digt sind, nicht wiederhergestellt werden. Sie verhindern effektiv, dass Produkte ge\u00f6ffnet oder manipuliert werden, und sch\u00fctzen so sowohl die Interessen der Marke als auch die der Verbraucher. Sie werden h\u00e4ufig mit Flaschenverschl\u00fcssen kombiniert, um Diebstahlschutz und Manipulationssicherheit zu gew\u00e4hrleisten.<\/li>\n\n\n\n<li><strong>Effiziente Produktion und Umweltpotenzial: <\/strong>Unsere kundenspezifischen Schrumpfschl\u00e4uche eignen sich f\u00fcr automatisierte Hochgeschwindigkeits-Etikettieranlagen und verbessern die Verpackungseffizienz. Das PET-Material ist recycelbar, entspricht umweltfreundlichen Verpackungstrends und hilft Marken, ein gr\u00fcnes und verantwortungsvolles soziales Image aufzubauen.<\/li>\n<\/ul>\n\n\n\n<div class=\"wp-block-columns is-layout-flex wp-container-core-columns-is-layout-9d6595d7 wp-block-columns-is-layout-flex\">\n<div class=\"wp-block-column is-layout-flow wp-block-column-is-layout-flow\">\n<figure class=\"wp-block-image size-full\"><img decoding=\"async\" width=\"2079\" height=\"2035\" src=\"https:\/\/www.stanleypackage.com\/wp-content\/uploads\/2025\/12\/Custom-Printed-Heat-Shrink-Sleeves-PET-Shrink-Film-For-Bottles-3.webp\" alt=\"\" class=\"wp-image-4068\" srcset=\"https:\/\/www.stanleypackage.com\/wp-content\/uploads\/2025\/12\/Custom-Printed-Heat-Shrink-Sleeves-PET-Shrink-Film-For-Bottles-3.webp 2079w, https:\/\/www.stanleypackage.com\/wp-content\/uploads\/2025\/12\/Custom-Printed-Heat-Shrink-Sleeves-PET-Shrink-Film-For-Bottles-3-300x294.webp 300w, https:\/\/www.stanleypackage.com\/wp-content\/uploads\/2025\/12\/Custom-Printed-Heat-Shrink-Sleeves-PET-Shrink-Film-For-Bottles-3-768x752.webp 768w, https:\/\/www.stanleypackage.com\/wp-content\/uploads\/2025\/12\/Custom-Printed-Heat-Shrink-Sleeves-PET-Shrink-Film-For-Bottles-3-12x12.webp 12w, https:\/\/www.stanleypackage.com\/wp-content\/uploads\/2025\/12\/Custom-Printed-Heat-Shrink-Sleeves-PET-Shrink-Film-For-Bottles-3-1200x1175.webp 1200w, https:\/\/www.stanleypackage.com\/wp-content\/uploads\/2025\/12\/Custom-Printed-Heat-Shrink-Sleeves-PET-Shrink-Film-For-Bottles-3-600x587.webp 600w\" sizes=\"(max-width: 2079px) 100vw, 2079px\" \/><\/figure>\n<\/div>\n\n\n\n<div class=\"wp-block-column is-layout-flow wp-block-column-is-layout-flow\">\n<figure class=\"wp-block-image size-full\"><img decoding=\"async\" width=\"2079\" height=\"2035\" src=\"https:\/\/www.stanleypackage.com\/wp-content\/uploads\/2025\/12\/Custom-Printed-Heat-Shrink-Sleeves-PET-Shrink-Film-For-Bottles.webp\" alt=\"\" class=\"wp-image-4069\" srcset=\"https:\/\/www.stanleypackage.com\/wp-content\/uploads\/2025\/12\/Custom-Printed-Heat-Shrink-Sleeves-PET-Shrink-Film-For-Bottles.webp 2079w, https:\/\/www.stanleypackage.com\/wp-content\/uploads\/2025\/12\/Custom-Printed-Heat-Shrink-Sleeves-PET-Shrink-Film-For-Bottles-300x294.webp 300w, https:\/\/www.stanleypackage.com\/wp-content\/uploads\/2025\/12\/Custom-Printed-Heat-Shrink-Sleeves-PET-Shrink-Film-For-Bottles-768x752.webp 768w, https:\/\/www.stanleypackage.com\/wp-content\/uploads\/2025\/12\/Custom-Printed-Heat-Shrink-Sleeves-PET-Shrink-Film-For-Bottles-12x12.webp 12w, https:\/\/www.stanleypackage.com\/wp-content\/uploads\/2025\/12\/Custom-Printed-Heat-Shrink-Sleeves-PET-Shrink-Film-For-Bottles-1200x1175.webp 1200w, https:\/\/www.stanleypackage.com\/wp-content\/uploads\/2025\/12\/Custom-Printed-Heat-Shrink-Sleeves-PET-Shrink-Film-For-Bottles-600x587.webp 600w\" sizes=\"(max-width: 2079px) 100vw, 2079px\" \/><\/figure>\n<\/div>\n<\/div>\n<\/div>\n<\/div>","protected":false},"excerpt":{"rendered":"<p>Willkommen bei der Bestellung von kundenspezifischen Schrumpfschl\u00e4uchen. Diese PET-Schrumpffolien sind speziell f\u00fcr die Verpackung von Flaschen mit chemischen Produkten des t\u00e4glichen Bedarfs wie Shampoos, Conditioner und Duschgels konzipiert. Hergestellt aus hoch schrumpfender PET-Folie und unter Verwendung hochaufl\u00f6sender Drucktechnologie, passt sie sich perfekt an verschiedene unregelm\u00e4\u00dfig geformte Flaschen an.<\/p>\n<table style=\"border-collapse: collapse; width: 365.02pt;\" border=\"0\" width=\"365\" cellspacing=\"0\" cellpadding=\"0\">\n<tbody>\n<tr style=\"height: 16.00pt;\">\n<td class=\"et2\" style=\"height: 16.00pt; width: 97.50pt;\" width=\"97\" height=\"16\">Hersteller<\/td>\n<td class=\"et2\" style=\"width: 267.50pt;\" width=\"267\">Stanley<\/td>\n<\/tr>\n<tr style=\"height: 16.00pt;\">\n<td class=\"et2\" style=\"height: 16.00pt; width: 97.50pt;\" width=\"97\" height=\"16\">Arten von Beuteln<\/td>\n<td class=\"et3\">Schrumpfschl\u00e4uche Folie<\/td>\n<\/tr>\n<tr style=\"height: 16.00pt;\">\n<td class=\"et2\" style=\"height: 16.00pt; width: 97.50pt;\" width=\"97\" height=\"16\">Material<\/td>\n<td class=\"et2\" style=\"width: 267.50pt;\" width=\"267\">PET<\/td>\n<\/tr>\n<tr style=\"height: 31.00pt;\">\n<td class=\"et2\" style=\"height: 31.00pt; width: 97.50pt;\" width=\"97\" height=\"31\">Besonderes Merkmal<\/td>\n<td class=\"et2\" style=\"width: 267.50pt;\" width=\"267\">Hohe Schrumpfungsrate, hochaufl\u00f6sender Druck<\/td>\n<\/tr>\n<tr style=\"height: 16.00pt;\">\n<td class=\"et2\" style=\"height: 16.00pt; width: 97.50pt;\" width=\"97\" height=\"16\">Handhabung der Oberfl\u00e4che<\/td>\n<td class=\"et2\" style=\"width: 267.50pt;\" width=\"267\">Tiefdruck<\/td>\n<\/tr>\n<tr style=\"height: 16.00pt;\">\n<td class=\"et2\" style=\"height: 16.00pt; width: 97.50pt;\" width=\"97\" height=\"16\">Farbe<\/td>\n<td class=\"et2\" style=\"width: 267.50pt;\" width=\"267\">Bis zu 10 Farben<\/td>\n<\/tr>\n<tr style=\"height: 16.00pt;\">\n<td class=\"et2\" style=\"height: 16.00pt; width: 97.50pt;\" width=\"97\" height=\"16\">Verwendung<\/td>\n<td class=\"et2\" style=\"width: 267.50pt;\" width=\"267\">Shampoo, K\u00f6rperlotion, Gesichtsreiniger, Peelingcreme, Waschmittel<\/td>\n<\/tr>\n<tr style=\"height: 16.00pt;\">\n<td class=\"et2\" style=\"height: 16.00pt; width: 97.50pt;\" width=\"97\" height=\"16\">MOQ<\/td>\n<td class=\"et2\" style=\"width: 267.50pt;\" width=\"267\">50.000 St\u00fcck<\/td>\n<\/tr>\n<tr style=\"height: 16.00pt;\">\n<td class=\"et2\" style=\"height: 16.00pt; width: 97.50pt;\" width=\"97\" height=\"16\">Individuelle Bestellung<\/td>\n<td class=\"et2\" style=\"width: 267.50pt;\" width=\"267\">Akzeptieren Sie OEM &amp; ODM, unterst\u00fctzen Sie freie Probe<\/td>\n<\/tr>\n<\/tbody>\n<\/table>","protected":false},"featured_media":4070,"comment_status":"closed","ping_status":"closed","template":"","meta":{"_acf_changed":false},"product_brand":[],"product_cat":[72],"product_tag":[],"class_list":{"0":"post-4067","1":"product","2":"type-product","3":"status-publish","4":"has-post-thumbnail","6":"product_cat-shrink-film-manufacturer","7":"pa_non-food-packaging-soap-detergent-pouches","9":"first","10":"instock","11":"shipping-taxable","12":"product-type-simple"},"acf":[],"_links":{"self":[{"href":"https:\/\/www.stanleypackage.com\/de\/wp-json\/wp\/v2\/product\/4067","targetHints":{"allow":["GET"]}}],"collection":[{"href":"https:\/\/www.stanleypackage.com\/de\/wp-json\/wp\/v2\/product"}],"about":[{"href":"https:\/\/www.stanleypackage.com\/de\/wp-json\/wp\/v2\/types\/product"}],"replies":[{"embeddable":true,"href":"https:\/\/www.stanleypackage.com\/de\/wp-json\/wp\/v2\/comments?post=4067"}],"wp:featuredmedia":[{"embeddable":true,"href":"https:\/\/www.stanleypackage.com\/de\/wp-json\/wp\/v2\/media\/4070"}],"wp:attachment":[{"href":"https:\/\/www.stanleypackage.com\/de\/wp-json\/wp\/v2\/media?parent=4067"}],"wp:term":[{"taxonomy":"product_brand","embeddable":true,"href":"https:\/\/www.stanleypackage.com\/de\/wp-json\/wp\/v2\/product_brand?post=4067"},{"taxonomy":"product_cat","embeddable":true,"href":"https:\/\/www.stanleypackage.com\/de\/wp-json\/wp\/v2\/product_cat?post=4067"},{"taxonomy":"product_tag","embeddable":true,"href":"https:\/\/www.stanleypackage.com\/de\/wp-json\/wp\/v2\/product_tag?post=4067"}],"curies":[{"name":"wp","href":"https:\/\/api.w.org\/{rel}","templated":true}]}}