{"id":4073,"date":"2025-12-05T02:59:08","date_gmt":"2025-12-05T02:59:08","guid":{"rendered":"https:\/\/www.stanleypackage.com\/?post_type=product&#038;p=4073"},"modified":"2025-12-05T02:59:15","modified_gmt":"2025-12-05T02:59:15","slug":"custom-drink-pouches-wholesale","status":"publish","type":"product","link":"https:\/\/www.stanleypackage.com\/de\/product\/custom-drink-pouches-wholesale\/","title":{"rendered":"Benutzerdefinierte Getr\u00e4nketaschen Gro\u00dfhandel, klare T\u00fclle Getr\u00e4nketasche"},"content":{"rendered":"<div class=\"wp-block-columns is-layout-flex wp-container-core-columns-is-layout-9d6595d7 wp-block-columns-is-layout-flex\">\n<div class=\"wp-block-column is-layout-flow wp-block-column-is-layout-flow\">\n<h2 class=\"wp-block-heading\">Merkmale der benutzerdefinierten Getr\u00e4nkebeutel Gro\u00dfhandel<\/h2>\n\n\n\n<ul class=\"wp-block-list\">\n<li><strong>Kristallklar, die Kauflust anregend: <\/strong>Sowohl der Beutelk\u00f6rper als auch die T\u00fclle unserer ma\u00dfgeschneiderten Getr\u00e4nkebeutel f\u00fcr den Gro\u00dfhandel haben eine ausgezeichnete Transparenz, die die ansprechende Farbe des Getr\u00e4nks selbst klar und deutlich zur Geltung bringt und sofort die Aufmerksamkeit der Verbraucher auf sich zieht.<\/li>\n\n\n\n<li><strong>Sicheres und zuverl\u00e4ssiges Material in Lebensmittelqualit\u00e4t:<\/strong> Unsere durchsichtigen Gro\u00dfhandels-Getr\u00e4nkebeutel bestehen aus einer PET12\/PE88-Verbundstruktur, die den Sicherheitsstandards f\u00fcr den Kontakt mit Lebensmitteln entspricht. Das Material kombiniert gute Barriereeigenschaften und Z\u00e4higkeit, wodurch die Frische effektiv bewahrt und ein sicherer Transport gew\u00e4hrleistet wird.<\/li>\n\n\n\n<li><strong>Bequemes und hygienisches Trinkerlebnis: <\/strong>Unsere ma\u00dfgeschneiderten Getr\u00e4nkebeutel f\u00fcr den Gro\u00dfhandel sind mit einer T\u00fclle ausgestattet, die sich leicht \u00f6ffnen und schlie\u00dfen l\u00e4sst und gut abdichtet. Sie gew\u00e4hrleisten hygienisches Trinken, kontrollieren den Durchfluss und erm\u00f6glichen ein einfaches Tragen und mehrfaches Wiederverschlie\u00dfen von unfertigen Produkten.<\/li>\n\n\n\n<li><strong>Starker Imagetr\u00e4ger der Marke: <\/strong>Wir bieten hochpr\u00e4zise, mehrfarbige, doppelseitige Druckm\u00f6glichkeiten f\u00fcr unsere durchsichtigen Gro\u00dfhandels-Getr\u00e4nkebeutel, die eine vollst\u00e4ndige Anpassung von Mustern, Logos und Produktinformationen entsprechend den Markenanforderungen erm\u00f6glichen.<\/li>\n\n\n\n<li><strong>Ausgereifte L\u00f6sung zur Massenanpassung: <\/strong>Wir bieten eine One-Stop-Customization-L\u00f6sung f\u00fcr kundenspezifische Getr\u00e4nkebeutel im Gro\u00dfhandel, mit einem ausgereiften und stabilen Produktionsprozess, der den Bedarf des Gro\u00dfhandels an gro\u00dfen Mengen und verschiedenen Sorten erf\u00fcllen kann.<\/li>\n<\/ul>\n\n\n\n<div class=\"wp-block-columns is-layout-flex wp-container-core-columns-is-layout-9d6595d7 wp-block-columns-is-layout-flex\">\n<div class=\"wp-block-column is-layout-flow wp-block-column-is-layout-flow\">\n<figure class=\"wp-block-image size-full\"><img decoding=\"async\" width=\"679\" height=\"680\" src=\"https:\/\/www.stanleypackage.com\/wp-content\/uploads\/2025\/12\/OEM-Stand-Up-Pouch-with-Spout-for-Drinks-2.jpg\" alt=\"\" class=\"wp-image-4074\" srcset=\"https:\/\/www.stanleypackage.com\/wp-content\/uploads\/2025\/12\/OEM-Stand-Up-Pouch-with-Spout-for-Drinks-2.jpg 679w, https:\/\/www.stanleypackage.com\/wp-content\/uploads\/2025\/12\/OEM-Stand-Up-Pouch-with-Spout-for-Drinks-2-300x300.jpg 300w, https:\/\/www.stanleypackage.com\/wp-content\/uploads\/2025\/12\/OEM-Stand-Up-Pouch-with-Spout-for-Drinks-2-150x150.jpg 150w, https:\/\/www.stanleypackage.com\/wp-content\/uploads\/2025\/12\/OEM-Stand-Up-Pouch-with-Spout-for-Drinks-2-12x12.jpg 12w, https:\/\/www.stanleypackage.com\/wp-content\/uploads\/2025\/12\/OEM-Stand-Up-Pouch-with-Spout-for-Drinks-2-600x601.jpg 600w, https:\/\/www.stanleypackage.com\/wp-content\/uploads\/2025\/12\/OEM-Stand-Up-Pouch-with-Spout-for-Drinks-2-100x100.jpg 100w\" sizes=\"(max-width: 679px) 100vw, 679px\" \/><\/figure>\n<\/div>\n\n\n\n<div class=\"wp-block-column is-layout-flow wp-block-column-is-layout-flow\">\n<figure class=\"wp-block-image size-full\"><img decoding=\"async\" width=\"679\" height=\"680\" src=\"https:\/\/www.stanleypackage.com\/wp-content\/uploads\/2025\/12\/OEM-Stand-Up-Pouch-with-Spout-for-Drinks-3.jpg\" alt=\"\" class=\"wp-image-4075\" srcset=\"https:\/\/www.stanleypackage.com\/wp-content\/uploads\/2025\/12\/OEM-Stand-Up-Pouch-with-Spout-for-Drinks-3.jpg 679w, https:\/\/www.stanleypackage.com\/wp-content\/uploads\/2025\/12\/OEM-Stand-Up-Pouch-with-Spout-for-Drinks-3-300x300.jpg 300w, https:\/\/www.stanleypackage.com\/wp-content\/uploads\/2025\/12\/OEM-Stand-Up-Pouch-with-Spout-for-Drinks-3-150x150.jpg 150w, https:\/\/www.stanleypackage.com\/wp-content\/uploads\/2025\/12\/OEM-Stand-Up-Pouch-with-Spout-for-Drinks-3-12x12.jpg 12w, https:\/\/www.stanleypackage.com\/wp-content\/uploads\/2025\/12\/OEM-Stand-Up-Pouch-with-Spout-for-Drinks-3-600x601.jpg 600w, https:\/\/www.stanleypackage.com\/wp-content\/uploads\/2025\/12\/OEM-Stand-Up-Pouch-with-Spout-for-Drinks-3-100x100.jpg 100w\" sizes=\"(max-width: 679px) 100vw, 679px\" \/><\/figure>\n<\/div>\n<\/div>\n<\/div>\n<\/div>","protected":false},"excerpt":{"rendered":"<p>Willkommen in unserem Gro\u00dfauftrag klare Getr\u00e4nkebeutel. Unsere benutzerdefinierten Getr\u00e4nkebeutel Gro\u00dfhandel sind aus lebensmittelechten Verbundwerkstoffen hergestellt, die Sicherheit und hohe Transparenz gew\u00e4hrleisten. Die Verpackung verf\u00fcgt \u00fcber einen Schraubverschluss und eine transparente T\u00fclle f\u00fcr einfaches Trinken und mehrfaches Wiederverschlie\u00dfen.<\/p>\n<table style=\"border-collapse: collapse; width: 312.77pt;\" border=\"0\" width=\"417\" cellspacing=\"0\" cellpadding=\"0\">\n<tbody>\n<tr style=\"height: 12.75pt;\">\n<td class=\"et2\" style=\"height: 12.75pt; width: 91.40pt;\" width=\"121\" height=\"17\">Hersteller<\/td>\n<td class=\"et2\" style=\"width: 222.00pt;\" width=\"296\">Stanley<\/td>\n<\/tr>\n<tr style=\"height: 12.75pt;\">\n<td class=\"et2\" style=\"height: 12.75pt; width: 91.40pt;\" width=\"121\" height=\"17\">Arten von Beuteln<\/td>\n<td class=\"et3\">Stehbeutel mit Ausguss<\/td>\n<\/tr>\n<tr style=\"height: 12.75pt;\">\n<td class=\"et2\" style=\"height: 12.75pt; width: 91.40pt;\" width=\"121\" height=\"17\">Material<\/td>\n<td class=\"et2\" style=\"width: 222.00pt;\" width=\"296\">PET12\/PE88<\/td>\n<\/tr>\n<tr style=\"height: 12.75pt;\">\n<td class=\"et2\" style=\"height: 12.75pt; width: 91.40pt;\" width=\"121\" height=\"17\">Besonderes Merkmal<\/td>\n<td class=\"et2\" style=\"width: 222.00pt;\" width=\"296\">Ausguss, selbststehender Boden<\/td>\n<\/tr>\n<tr style=\"height: 12.75pt;\">\n<td class=\"et2\" style=\"height: 12.75pt; width: 91.40pt;\" width=\"121\" height=\"17\">Handhabung der Oberfl\u00e4che<\/td>\n<td class=\"et2\" style=\"width: 222.00pt;\" width=\"296\">Tiefdruck<\/td>\n<\/tr>\n<tr style=\"height: 12.75pt;\">\n<td class=\"et2\" style=\"height: 12.75pt; width: 91.40pt;\" width=\"121\" height=\"17\">Farbe<\/td>\n<td class=\"et2\" style=\"width: 222.00pt;\" width=\"296\">Bis zu 10 Farben<\/td>\n<\/tr>\n<tr style=\"height: 12.75pt;\">\n<td class=\"et2\" style=\"height: 12.75pt; width: 91.40pt;\" width=\"121\" height=\"17\">Verwendung<\/td>\n<td class=\"et3\">Saft, Kaffee, Gelee<\/td>\n<\/tr>\n<tr style=\"height: 12.75pt;\">\n<td class=\"et2\" style=\"height: 12.75pt; width: 91.40pt;\" width=\"121\" height=\"17\">MOQ<\/td>\n<td class=\"et2\" style=\"width: 222.00pt;\" width=\"296\">50.000 St\u00fcck<\/td>\n<\/tr>\n<tr style=\"height: 12.75pt;\">\n<td class=\"et2\" style=\"height: 12.75pt; width: 91.40pt;\" width=\"121\" height=\"17\">Individuelle Bestellung<\/td>\n<td class=\"et2\" style=\"width: 222.00pt;\" width=\"296\">Akzeptieren Sie OEM, unterst\u00fctzen Sie freie Probe<\/td>\n<\/tr>\n<\/tbody>\n<\/table>\n<p>&nbsp;<\/p>","protected":false},"featured_media":4076,"comment_status":"closed","ping_status":"closed","template":"","meta":{"_acf_changed":false},"product_brand":[],"product_cat":[32],"product_tag":[],"class_list":{"0":"post-4073","1":"product","2":"type-product","3":"status-publish","4":"has-post-thumbnail","6":"product_cat-spout-pouch-manufacturer","7":"pa_food-packaging-drink-beverage-pouch","9":"first","10":"instock","11":"shipping-taxable","12":"product-type-simple"},"acf":[],"_links":{"self":[{"href":"https:\/\/www.stanleypackage.com\/de\/wp-json\/wp\/v2\/product\/4073","targetHints":{"allow":["GET"]}}],"collection":[{"href":"https:\/\/www.stanleypackage.com\/de\/wp-json\/wp\/v2\/product"}],"about":[{"href":"https:\/\/www.stanleypackage.com\/de\/wp-json\/wp\/v2\/types\/product"}],"replies":[{"embeddable":true,"href":"https:\/\/www.stanleypackage.com\/de\/wp-json\/wp\/v2\/comments?post=4073"}],"wp:featuredmedia":[{"embeddable":true,"href":"https:\/\/www.stanleypackage.com\/de\/wp-json\/wp\/v2\/media\/4076"}],"wp:attachment":[{"href":"https:\/\/www.stanleypackage.com\/de\/wp-json\/wp\/v2\/media?parent=4073"}],"wp:term":[{"taxonomy":"product_brand","embeddable":true,"href":"https:\/\/www.stanleypackage.com\/de\/wp-json\/wp\/v2\/product_brand?post=4073"},{"taxonomy":"product_cat","embeddable":true,"href":"https:\/\/www.stanleypackage.com\/de\/wp-json\/wp\/v2\/product_cat?post=4073"},{"taxonomy":"product_tag","embeddable":true,"href":"https:\/\/www.stanleypackage.com\/de\/wp-json\/wp\/v2\/product_tag?post=4073"}],"curies":[{"name":"wp","href":"https:\/\/api.w.org\/{rel}","templated":true}]}}