{"id":4079,"date":"2025-12-05T02:48:32","date_gmt":"2025-12-05T02:48:32","guid":{"rendered":"https:\/\/www.stanleypackage.com\/?post_type=product&#038;p=4079"},"modified":"2025-12-05T02:48:37","modified_gmt":"2025-12-05T02:48:37","slug":"resealable-stand-up-pouch-wholesale","status":"publish","type":"product","link":"https:\/\/www.stanleypackage.com\/de\/product\/resealable-stand-up-pouch-wholesale\/","title":{"rendered":"OEM Wiederverschlie\u00dfbarer Standbodenbeutel Gro\u00dfhandel f\u00fcr W\u00e4schepods"},"content":{"rendered":"<div class=\"wp-block-columns is-layout-flex wp-container-core-columns-is-layout-9d6595d7 wp-block-columns-is-layout-flex\">\n<div class=\"wp-block-column is-layout-flow wp-block-column-is-layout-flow\">\n<h2 class=\"wp-block-heading\">Eigenschaften von Resealable Stand Up Pouch Gro\u00dfhandel<\/h2>\n\n\n\n<ul class=\"wp-block-list\">\n<li><strong>Hochbarrieref\u00e4higes Verbundmaterial: <\/strong>Dieser wiederverschlie\u00dfbare Standbeutel f\u00fcr den Gro\u00dfhandel verf\u00fcgt \u00fcber eine dreischichtige Verbundstruktur aus BOPP28\/VMPET12\/PE55. Die VMPET-Schicht sorgt f\u00fcr einen hellen Metallglanz und eine UV-Barriere, die die Aktivit\u00e4t und den Duft des Inhalts wirksam sch\u00fctzt.<\/li>\n\n\n\n<li><strong>Effiziente Kompatibilit\u00e4t der automatisierten Produktion: <\/strong>Unsere ma\u00dfgefertigten Standbodenbeutel mit Rei\u00dfverschluss sind mit einer oberen \u00d6ffnung ausgestattet, die f\u00fcr automatisierte Hochgeschwindigkeitsabf\u00fcllanlagen optimiert ist und die Abf\u00fclleffizienz und Verschlussgenauigkeit erheblich verbessert.<\/li>\n\n\n\n<li><strong>Benutzerfreundliches und praktisches Design:<\/strong> Dieser wiederverschlie\u00dfbare Standbeutel f\u00fcr den Gro\u00dfhandel verf\u00fcgt \u00fcber eine leicht zu \u00f6ffnende Kerbe und einen wiederverschlie\u00dfbaren Rei\u00dfverschluss. Die leicht aufrei\u00dfbare Kerbe sorgt f\u00fcr ein einfaches und bequemes \u00d6ffnen. Der Rei\u00dfverschluss garantiert eine luftdichte Versiegelung nach dem Gebrauch und verhindert, dass die H\u00fclsen feucht werden und verderben, was die Benutzererfahrung und die Produktfrische erheblich verbessert.<\/li>\n\n\n\n<li><strong>Ausgezeichnete Wirkung im Regal:<\/strong> Die Aufh\u00e4ngel\u00f6cher an der Oberseite unserer ma\u00dfgeschneiderten Standbeutel mit Rei\u00dfverschluss erm\u00f6glichen eine flexible Anpassung an h\u00e4ngende Regale in verschiedenen Einzelhandelsbereichen wie Superm\u00e4rkten und Convenience Stores.<\/li>\n\n\n\n<li><strong>Starke M\u00f6glichkeiten der Markenanpassung: <\/strong>Als OEM\/ODM-Produkt unterst\u00fctzt dieser wiederverschlie\u00dfbare Standbeutel im Gro\u00dfhandel den hochpr\u00e4zisen, mehrfarbigen, doppelseitigen Druck und kann vollst\u00e4ndig mit Mustern, Text und funktionalen Markierungen nach Kundenwunsch versehen werden.<\/li>\n<\/ul>\n\n\n\n<div class=\"wp-block-columns is-layout-flex wp-container-core-columns-is-layout-9d6595d7 wp-block-columns-is-layout-flex\">\n<div class=\"wp-block-column is-layout-flow wp-block-column-is-layout-flow\">\n<figure class=\"wp-block-image size-full\"><img decoding=\"async\" width=\"750\" height=\"750\" src=\"https:\/\/www.stanleypackage.com\/wp-content\/uploads\/2025\/12\/Custom-Resealable-Stand-Up-Pouches-Wholesale-Laundry-Pods-Packaging-Bag-2.webp\" alt=\"OEM Wiederverschlie\u00dfbarer Standbodenbeutel Gro\u00dfhandel f\u00fcr W\u00e4schepods\" class=\"wp-image-4080\" srcset=\"https:\/\/www.stanleypackage.com\/wp-content\/uploads\/2025\/12\/Custom-Resealable-Stand-Up-Pouches-Wholesale-Laundry-Pods-Packaging-Bag-2.webp 750w, https:\/\/www.stanleypackage.com\/wp-content\/uploads\/2025\/12\/Custom-Resealable-Stand-Up-Pouches-Wholesale-Laundry-Pods-Packaging-Bag-2-300x300.webp 300w, https:\/\/www.stanleypackage.com\/wp-content\/uploads\/2025\/12\/Custom-Resealable-Stand-Up-Pouches-Wholesale-Laundry-Pods-Packaging-Bag-2-150x150.webp 150w, https:\/\/www.stanleypackage.com\/wp-content\/uploads\/2025\/12\/Custom-Resealable-Stand-Up-Pouches-Wholesale-Laundry-Pods-Packaging-Bag-2-12x12.webp 12w, https:\/\/www.stanleypackage.com\/wp-content\/uploads\/2025\/12\/Custom-Resealable-Stand-Up-Pouches-Wholesale-Laundry-Pods-Packaging-Bag-2-600x600.webp 600w, https:\/\/www.stanleypackage.com\/wp-content\/uploads\/2025\/12\/Custom-Resealable-Stand-Up-Pouches-Wholesale-Laundry-Pods-Packaging-Bag-2-100x100.webp 100w\" sizes=\"(max-width: 750px) 100vw, 750px\" \/><\/figure>\n<\/div>\n\n\n\n<div class=\"wp-block-column is-layout-flow wp-block-column-is-layout-flow\">\n<figure class=\"wp-block-image size-full\"><img decoding=\"async\" width=\"750\" height=\"750\" src=\"https:\/\/www.stanleypackage.com\/wp-content\/uploads\/2025\/12\/Custom-Resealable-Stand-Up-Pouches-Wholesale-Laundry-Pods-Packaging-Bag-4-1.webp\" alt=\"\" class=\"wp-image-4083\" srcset=\"https:\/\/www.stanleypackage.com\/wp-content\/uploads\/2025\/12\/Custom-Resealable-Stand-Up-Pouches-Wholesale-Laundry-Pods-Packaging-Bag-4-1.webp 750w, https:\/\/www.stanleypackage.com\/wp-content\/uploads\/2025\/12\/Custom-Resealable-Stand-Up-Pouches-Wholesale-Laundry-Pods-Packaging-Bag-4-1-300x300.webp 300w, https:\/\/www.stanleypackage.com\/wp-content\/uploads\/2025\/12\/Custom-Resealable-Stand-Up-Pouches-Wholesale-Laundry-Pods-Packaging-Bag-4-1-150x150.webp 150w, https:\/\/www.stanleypackage.com\/wp-content\/uploads\/2025\/12\/Custom-Resealable-Stand-Up-Pouches-Wholesale-Laundry-Pods-Packaging-Bag-4-1-12x12.webp 12w, https:\/\/www.stanleypackage.com\/wp-content\/uploads\/2025\/12\/Custom-Resealable-Stand-Up-Pouches-Wholesale-Laundry-Pods-Packaging-Bag-4-1-600x600.webp 600w, https:\/\/www.stanleypackage.com\/wp-content\/uploads\/2025\/12\/Custom-Resealable-Stand-Up-Pouches-Wholesale-Laundry-Pods-Packaging-Bag-4-1-100x100.webp 100w\" sizes=\"(max-width: 750px) 100vw, 750px\" \/><\/figure>\n<\/div>\n<\/div>\n<\/div>\n<\/div>\n\n\n\n<p><\/p>","protected":false},"excerpt":{"rendered":"<p>Willkommen bei benutzerdefinierten Stand-up-Rei\u00dfverschluss-Beutel. Unsere wiederverschlie\u00dfbaren Standbeutel Gro\u00dfhandel ist speziell f\u00fcr Waschmittel-Pods mit einer F\u00fcll\u00f6ffnung an der Spitze, leicht zu rei\u00dfen Kerbe, wiederverschlie\u00dfbarem Rei\u00dfverschluss und Aufh\u00e4ngeloch f\u00fcr bequeme Pr\u00e4sentation und Nutzung konzipiert.<\/p>\n<table style=\"border-collapse: collapse; width: 365.02pt;\" border=\"0\" width=\"365\" cellspacing=\"0\" cellpadding=\"0\">\n<tbody>\n<tr style=\"height: 16.00pt;\">\n<td class=\"et2\" style=\"height: 16.00pt; width: 97.50pt;\" width=\"97\" height=\"16\">Hersteller<\/td>\n<td class=\"et2\" style=\"width: 267.50pt;\" width=\"267\">Stanley<\/td>\n<\/tr>\n<tr style=\"height: 16.00pt;\">\n<td class=\"et2\" style=\"height: 16.00pt; width: 97.50pt;\" width=\"97\" height=\"16\">Arten von Beuteln<\/td>\n<td class=\"et2\" style=\"width: 267.50pt;\" width=\"267\">Stand Up Pouch, Rei\u00dfverschlusstasche<\/td>\n<\/tr>\n<tr style=\"height: 16.00pt;\">\n<td class=\"et2\" style=\"height: 16.00pt; width: 97.50pt;\" width=\"97\" height=\"16\">Material<\/td>\n<td class=\"et2\" style=\"width: 267.50pt;\" width=\"267\">BOPP28\/VMPET12\/PE55<\/td>\n<\/tr>\n<tr style=\"height: 16.00pt;\">\n<td class=\"et2\" style=\"height: 16.00pt; width: 97.50pt;\" width=\"97\" height=\"16\">Besonderes Merkmal<\/td>\n<td class=\"et2\" style=\"width: 267.50pt;\" width=\"267\">Obere F\u00fcllung, Rei\u00dfverschlusstasche, Rei\u00dfverschluss, Aufh\u00e4ngeloch<\/td>\n<\/tr>\n<tr style=\"height: 16.00pt;\">\n<td class=\"et2\" style=\"height: 16.00pt; width: 97.50pt;\" width=\"97\" height=\"16\">Handhabung der Oberfl\u00e4che<\/td>\n<td class=\"et2\" style=\"width: 267.50pt;\" width=\"267\">Tiefdruck<\/td>\n<\/tr>\n<tr style=\"height: 16.00pt;\">\n<td class=\"et2\" style=\"height: 16.00pt; width: 97.50pt;\" width=\"97\" height=\"16\">Farbe<\/td>\n<td class=\"et2\" style=\"width: 267.50pt;\" width=\"267\">Doppelseitiger Druck, bis zu 10 Farben<\/td>\n<\/tr>\n<tr style=\"height: 16.00pt;\">\n<td class=\"et2\" style=\"height: 16.00pt; width: 97.50pt;\" width=\"97\" height=\"16\">Verwendung<\/td>\n<td class=\"et2\" style=\"width: 267.50pt;\" width=\"267\">Landry Waschmittel Pods, Waschpulver, Seife\u00a0<\/td>\n<\/tr>\n<tr style=\"height: 16.00pt;\">\n<td class=\"et2\" style=\"height: 16.00pt; width: 97.50pt;\" width=\"97\" height=\"16\">MOQ<\/td>\n<td class=\"et2\" style=\"width: 267.50pt;\" width=\"267\">50.000 St\u00fcck<\/td>\n<\/tr>\n<tr style=\"height: 16.00pt;\">\n<td class=\"et2\" style=\"height: 16.00pt; width: 97.50pt;\" width=\"97\" height=\"16\">Individuelle Bestellung<\/td>\n<td class=\"et2\" style=\"width: 267.50pt;\" width=\"267\">Akzeptieren Sie OEM, unterst\u00fctzen Sie freie Probe<\/td>\n<\/tr>\n<\/tbody>\n<\/table>","protected":false},"featured_media":4085,"comment_status":"closed","ping_status":"closed","template":"","meta":{"_acf_changed":false},"product_brand":[],"product_cat":[30,18],"product_tag":[],"class_list":{"0":"post-4079","1":"product","2":"type-product","3":"status-publish","4":"has-post-thumbnail","6":"product_cat-stand-up-pouch-manufacturer","7":"product_cat-zipper-pouch-manufacturer","8":"pa_non-food-packaging-soap-detergent-pouches","10":"first","11":"instock","12":"shipping-taxable","13":"product-type-simple"},"acf":[],"_links":{"self":[{"href":"https:\/\/www.stanleypackage.com\/de\/wp-json\/wp\/v2\/product\/4079","targetHints":{"allow":["GET"]}}],"collection":[{"href":"https:\/\/www.stanleypackage.com\/de\/wp-json\/wp\/v2\/product"}],"about":[{"href":"https:\/\/www.stanleypackage.com\/de\/wp-json\/wp\/v2\/types\/product"}],"replies":[{"embeddable":true,"href":"https:\/\/www.stanleypackage.com\/de\/wp-json\/wp\/v2\/comments?post=4079"}],"wp:featuredmedia":[{"embeddable":true,"href":"https:\/\/www.stanleypackage.com\/de\/wp-json\/wp\/v2\/media\/4085"}],"wp:attachment":[{"href":"https:\/\/www.stanleypackage.com\/de\/wp-json\/wp\/v2\/media?parent=4079"}],"wp:term":[{"taxonomy":"product_brand","embeddable":true,"href":"https:\/\/www.stanleypackage.com\/de\/wp-json\/wp\/v2\/product_brand?post=4079"},{"taxonomy":"product_cat","embeddable":true,"href":"https:\/\/www.stanleypackage.com\/de\/wp-json\/wp\/v2\/product_cat?post=4079"},{"taxonomy":"product_tag","embeddable":true,"href":"https:\/\/www.stanleypackage.com\/de\/wp-json\/wp\/v2\/product_tag?post=4079"}],"curies":[{"name":"wp","href":"https:\/\/api.w.org\/{rel}","templated":true}]}}