{"id":4088,"date":"2025-12-11T03:48:34","date_gmt":"2025-12-11T03:48:34","guid":{"rendered":"https:\/\/www.stanleypackage.com\/?post_type=product&#038;p=4088"},"modified":"2025-12-11T03:48:45","modified_gmt":"2025-12-11T03:48:45","slug":"shrink-sleeves-for-bottles","status":"publish","type":"product","link":"https:\/\/www.stanleypackage.com\/de\/product\/shrink-sleeves-for-bottles\/","title":{"rendered":"Individuelle Schrumpfh\u00fcllen f\u00fcr Flaschen, hochaufl\u00f6sender Druck"},"content":{"rendered":"<div class=\"wp-block-columns is-layout-flex wp-container-core-columns-is-layout-9d6595d7 wp-block-columns-is-layout-flex\">\n<div class=\"wp-block-column is-layout-flow wp-block-column-is-layout-flow\">\n<h2 class=\"wp-block-heading\">Merkmale von kundenspezifischen Schrumpfschl\u00e4uchen f\u00fcr Flaschen<\/h2>\n\n\n\n<ul class=\"wp-block-list\">\n<li><strong>Hervorragende dekorative Wirkung und Markenpr\u00e4sentation: <\/strong>Wir verwenden ein hochaufl\u00f6sendes Druckverfahren, um unsere Schrumpfh\u00fcllen f\u00fcr Flaschen individuell zu bedrucken. Dabei entstehen sehr detaillierte Muster, Farbverl\u00e4ufe oder kleine Texte auf Ihrer Flasche. So entsteht ein lebendiges, hochwertiges Bild, das die Attraktivit\u00e4t des Produkts im Regal steigert.<\/li>\n\n\n\n<li><strong>Hervorragende Anpassungsf\u00e4higkeit der Flasche: <\/strong>F\u00fcr diese individuell bedruckte Schrumpffolie wird PET-Material mit einer hohen Schrumpfungsrate verwendet, so dass sie nach dem Erhitzen eng und gleichm\u00e4\u00dfig um Flaschen unterschiedlicher Form schrumpfen kann, was die allgemeine Verpackungsqualit\u00e4t verbessert.<\/li>\n\n\n\n<li><strong>Aussagekr\u00e4ftige Produktinformationen und Kommunikation von Verkaufsargumenten: <\/strong>Unsere kundenspezifischen Schrumpfh\u00fcllen f\u00fcr Flaschen bieten eine durchgehende 360-Grad-Bedruckungsfl\u00e4che, die eine vollst\u00e4ndige Darstellung der Markengeschichte, der Inhaltsstoffe, der Anwendungsvorteile und mehrsprachiger Informationen erm\u00f6glicht und so zu einem wichtigen Medium f\u00fcr die Kommunikation mit den Verbrauchern wird.<\/li>\n\n\n\n<li><strong>F\u00e4lschungssicherheit und Manipulationssicherung: <\/strong>Als einmalig verwendbares Verpackungsetikett kann unsere individuell bedruckte Schrumpffolie, wenn sie einmal besch\u00e4digt ist, nicht wiederhergestellt werden. Sie verhindert effektiv, dass Produkte ge\u00f6ffnet oder manipuliert werden, und sch\u00fctzt damit sowohl die Interessen der Marke als auch die der Verbraucher. Sie werden oft mit Flaschenverschl\u00fcssen kombiniert, um Diebstahlschutz und Manipulationssicherheit zu gew\u00e4hrleisten.<\/li>\n\n\n\n<li><strong>Effiziente Produktion und Umweltpotenzial: <\/strong>Unsere ma\u00dfgefertigten Schrumpfschl\u00e4uche f\u00fcr Flaschen eignen sich f\u00fcr automatisierte Hochgeschwindigkeits-Etikettieranlagen und verbessern die Verpackungseffizienz. Das PET-Material ist recycelbar, entspricht umweltfreundlichen Verpackungstrends und hilft Marken, ein gr\u00fcnes und verantwortungsvolles soziales Image aufzubauen.<\/li>\n\n\n\n<li><strong>Kompakte Verpackung, leicht zu transportieren: <\/strong>Unsere individuell bedruckte Schrumpffolie f\u00fcr Handdesinfektionsmittelflaschen ist kompakt und bequem zu tragen, wenn man ausgeht, was sie zur besten Wahl f\u00fcr Reiseoutfits macht.<\/li>\n<\/ul>\n\n\n\n<div class=\"wp-block-columns is-layout-flex wp-container-core-columns-is-layout-9d6595d7 wp-block-columns-is-layout-flex\">\n<div class=\"wp-block-column is-layout-flow wp-block-column-is-layout-flow\">\n<figure class=\"wp-block-image size-full\"><img decoding=\"async\" width=\"2079\" height=\"2035\" src=\"https:\/\/www.stanleypackage.com\/wp-content\/uploads\/2025\/12\/Wholesale-Custom-Shrink-Film-Travel-Heat-Shrink-Sleeves-For-Hand-Sanitizer-Bottles.webp\" alt=\"\" class=\"wp-image-4089\" srcset=\"https:\/\/www.stanleypackage.com\/wp-content\/uploads\/2025\/12\/Wholesale-Custom-Shrink-Film-Travel-Heat-Shrink-Sleeves-For-Hand-Sanitizer-Bottles.webp 2079w, https:\/\/www.stanleypackage.com\/wp-content\/uploads\/2025\/12\/Wholesale-Custom-Shrink-Film-Travel-Heat-Shrink-Sleeves-For-Hand-Sanitizer-Bottles-300x294.webp 300w, https:\/\/www.stanleypackage.com\/wp-content\/uploads\/2025\/12\/Wholesale-Custom-Shrink-Film-Travel-Heat-Shrink-Sleeves-For-Hand-Sanitizer-Bottles-768x752.webp 768w, https:\/\/www.stanleypackage.com\/wp-content\/uploads\/2025\/12\/Wholesale-Custom-Shrink-Film-Travel-Heat-Shrink-Sleeves-For-Hand-Sanitizer-Bottles-12x12.webp 12w, https:\/\/www.stanleypackage.com\/wp-content\/uploads\/2025\/12\/Wholesale-Custom-Shrink-Film-Travel-Heat-Shrink-Sleeves-For-Hand-Sanitizer-Bottles-1200x1175.webp 1200w, https:\/\/www.stanleypackage.com\/wp-content\/uploads\/2025\/12\/Wholesale-Custom-Shrink-Film-Travel-Heat-Shrink-Sleeves-For-Hand-Sanitizer-Bottles-600x587.webp 600w\" sizes=\"(max-width: 2079px) 100vw, 2079px\" \/><\/figure>\n<\/div>\n\n\n\n<div class=\"wp-block-column is-layout-flow wp-block-column-is-layout-flow\">\n<figure class=\"wp-block-image size-full\"><img decoding=\"async\" width=\"2079\" height=\"2035\" src=\"https:\/\/www.stanleypackage.com\/wp-content\/uploads\/2025\/12\/Wholesale-Custom-Shrink-Film-Travel-Heat-Shrink-Sleeves-For-Hand-Sanitizer-Bottles-3.webp\" alt=\"\" class=\"wp-image-4090\" srcset=\"https:\/\/www.stanleypackage.com\/wp-content\/uploads\/2025\/12\/Wholesale-Custom-Shrink-Film-Travel-Heat-Shrink-Sleeves-For-Hand-Sanitizer-Bottles-3.webp 2079w, https:\/\/www.stanleypackage.com\/wp-content\/uploads\/2025\/12\/Wholesale-Custom-Shrink-Film-Travel-Heat-Shrink-Sleeves-For-Hand-Sanitizer-Bottles-3-300x294.webp 300w, https:\/\/www.stanleypackage.com\/wp-content\/uploads\/2025\/12\/Wholesale-Custom-Shrink-Film-Travel-Heat-Shrink-Sleeves-For-Hand-Sanitizer-Bottles-3-768x752.webp 768w, https:\/\/www.stanleypackage.com\/wp-content\/uploads\/2025\/12\/Wholesale-Custom-Shrink-Film-Travel-Heat-Shrink-Sleeves-For-Hand-Sanitizer-Bottles-3-12x12.webp 12w, https:\/\/www.stanleypackage.com\/wp-content\/uploads\/2025\/12\/Wholesale-Custom-Shrink-Film-Travel-Heat-Shrink-Sleeves-For-Hand-Sanitizer-Bottles-3-1200x1175.webp 1200w, https:\/\/www.stanleypackage.com\/wp-content\/uploads\/2025\/12\/Wholesale-Custom-Shrink-Film-Travel-Heat-Shrink-Sleeves-For-Hand-Sanitizer-Bottles-3-600x587.webp 600w\" sizes=\"(max-width: 2079px) 100vw, 2079px\" \/><\/figure>\n<\/div>\n<\/div>\n<\/div>\n<\/div>","protected":false},"excerpt":{"rendered":"<p>Willkommen bei der Bestellung von kundenspezifischen Schrumpfschl\u00e4uchen f\u00fcr Flaschen. Unsere individuell bedruckten Schrumpffolien bestehen aus hochschrumpfender PET-Folie und nutzen eine hochaufl\u00f6sende Drucktechnologie, die sich perfekt an verschiedene, unregelm\u00e4\u00dfig geformte Flaschen anpasst.<\/p>\n<table style=\"border-collapse: collapse; width: 365.02pt;\" border=\"0\" width=\"365\" cellspacing=\"0\" cellpadding=\"0\">\n<tbody>\n<tr style=\"height: 16.00pt;\">\n<td class=\"et2\" style=\"height: 16.00pt; width: 97.50pt;\" width=\"97\" height=\"16\">Hersteller<\/td>\n<td class=\"et2\" style=\"width: 267.50pt;\" width=\"267\">Stanley<\/td>\n<\/tr>\n<tr style=\"height: 16.00pt;\">\n<td class=\"et2\" style=\"height: 16.00pt; width: 97.50pt;\" width=\"97\" height=\"16\">Arten von Beuteln<\/td>\n<td class=\"et3\">Schrumpfschl\u00e4uche Folie<\/td>\n<\/tr>\n<tr style=\"height: 16.00pt;\">\n<td class=\"et2\" style=\"height: 16.00pt; width: 97.50pt;\" width=\"97\" height=\"16\">Material<\/td>\n<td class=\"et2\" style=\"width: 267.50pt;\" width=\"267\">PET<\/td>\n<\/tr>\n<tr style=\"height: 31.00pt;\">\n<td class=\"et2\" style=\"height: 31.00pt; width: 97.50pt;\" width=\"97\" height=\"31\">Besonderes Merkmal<\/td>\n<td class=\"et2\" style=\"width: 267.50pt;\" width=\"267\">Hohe Schrumpfungsrate, hochaufl\u00f6sender Druck<\/td>\n<\/tr>\n<tr style=\"height: 16.00pt;\">\n<td class=\"et2\" style=\"height: 16.00pt; width: 97.50pt;\" width=\"97\" height=\"16\">Handhabung der Oberfl\u00e4che<\/td>\n<td class=\"et2\" style=\"width: 267.50pt;\" width=\"267\">Tiefdruck<\/td>\n<\/tr>\n<tr style=\"height: 16.00pt;\">\n<td class=\"et2\" style=\"height: 16.00pt; width: 97.50pt;\" width=\"97\" height=\"16\">Farbe<\/td>\n<td class=\"et2\" style=\"width: 267.50pt;\" width=\"267\">Bis zu 10 Farben<\/td>\n<\/tr>\n<tr style=\"height: 16.00pt;\">\n<td class=\"et2\" style=\"height: 16.00pt; width: 97.50pt;\" width=\"97\" height=\"16\">Verwendung<\/td>\n<td class=\"et2\" style=\"width: 267.50pt;\" width=\"267\">Handdesinfektionsmittel, Shampoo, K\u00f6rperlotion, Gesichtsreinigungsmittel, Peeling, Waschmittel<\/td>\n<\/tr>\n<tr style=\"height: 16.00pt;\">\n<td class=\"et2\" style=\"height: 16.00pt; width: 97.50pt;\" width=\"97\" height=\"16\">MOQ<\/td>\n<td class=\"et2\" style=\"width: 267.50pt;\" width=\"267\">50.000 St\u00fcck<\/td>\n<\/tr>\n<tr style=\"height: 16.00pt;\">\n<td class=\"et2\" style=\"height: 16.00pt; width: 97.50pt;\" width=\"97\" height=\"16\">Individuelle Bestellung<\/td>\n<td class=\"et2\" style=\"width: 267.50pt;\" width=\"267\">Akzeptieren Sie OEM, unterst\u00fctzen Sie die kostenlose Probe<\/td>\n<\/tr>\n<\/tbody>\n<\/table>","protected":false},"featured_media":4091,"comment_status":"closed","ping_status":"closed","template":"","meta":{"_acf_changed":false},"product_brand":[],"product_cat":[72],"product_tag":[],"class_list":{"0":"post-4088","1":"product","2":"type-product","3":"status-publish","4":"has-post-thumbnail","6":"product_cat-shrink-film-manufacturer","7":"pa_non-food-packaging-soap-detergent-pouches","9":"first","10":"instock","11":"shipping-taxable","12":"product-type-simple"},"acf":[],"_links":{"self":[{"href":"https:\/\/www.stanleypackage.com\/de\/wp-json\/wp\/v2\/product\/4088","targetHints":{"allow":["GET"]}}],"collection":[{"href":"https:\/\/www.stanleypackage.com\/de\/wp-json\/wp\/v2\/product"}],"about":[{"href":"https:\/\/www.stanleypackage.com\/de\/wp-json\/wp\/v2\/types\/product"}],"replies":[{"embeddable":true,"href":"https:\/\/www.stanleypackage.com\/de\/wp-json\/wp\/v2\/comments?post=4088"}],"wp:featuredmedia":[{"embeddable":true,"href":"https:\/\/www.stanleypackage.com\/de\/wp-json\/wp\/v2\/media\/4091"}],"wp:attachment":[{"href":"https:\/\/www.stanleypackage.com\/de\/wp-json\/wp\/v2\/media?parent=4088"}],"wp:term":[{"taxonomy":"product_brand","embeddable":true,"href":"https:\/\/www.stanleypackage.com\/de\/wp-json\/wp\/v2\/product_brand?post=4088"},{"taxonomy":"product_cat","embeddable":true,"href":"https:\/\/www.stanleypackage.com\/de\/wp-json\/wp\/v2\/product_cat?post=4088"},{"taxonomy":"product_tag","embeddable":true,"href":"https:\/\/www.stanleypackage.com\/de\/wp-json\/wp\/v2\/product_tag?post=4088"}],"curies":[{"name":"wp","href":"https:\/\/api.w.org\/{rel}","templated":true}]}}