{"id":4099,"date":"2025-12-11T03:56:54","date_gmt":"2025-12-11T03:56:54","guid":{"rendered":"https:\/\/www.stanleypackage.com\/?post_type=product&#038;p=4099"},"modified":"2025-12-11T03:57:24","modified_gmt":"2025-12-11T03:57:24","slug":"custom-stand-up-pouches-with-window","status":"publish","type":"product","link":"https:\/\/www.stanleypackage.com\/de\/product\/custom-stand-up-pouches-with-window\/","title":{"rendered":"Kundenspezifische Standbodenbeutel mit Fenster f\u00fcr Trockenfutterverpackungen"},"content":{"rendered":"<div class=\"wp-block-columns is-layout-flex wp-container-core-columns-is-layout-9d6595d7 wp-block-columns-is-layout-flex\">\n<div class=\"wp-block-column is-layout-flow wp-block-column-is-layout-flow\">\n<h2 class=\"wp-block-heading\">Merkmale der Custom Stand Up Pouches mit Fenster<\/h2>\n\n\n\n<ul class=\"wp-block-list\">\n<li><strong>Hochaufl\u00f6sendes klares Fenster: <\/strong>Bei diesen individuellen Standbeuteln mit Sichtfenster k\u00f6nnen die Kunden die Form und Farbe der Snacks im Inneren sehen. Dies gibt den Verbrauchern Vertrauen beim Kauf des Produkts und erh\u00f6ht die Attraktivit\u00e4t des Produkts.<\/li>\n\n\n\n<li><strong>Hochwertiger Verbundwerkstoff: <\/strong>Unsere Gro\u00dfhandels-Trockenfutterbeutel bestehen aus einer dreischichtigen MOPP\/PET\/PE-Verbundstruktur, die eine ausgezeichnete Feuchtigkeitsbest\u00e4ndigkeit, Barriereeigenschaften und Abriebfestigkeit bietet und die Frische und sichere Lagerung der Snacks gew\u00e4hrleistet.<\/li>\n\n\n\n<li><strong>Tragbares Stand-Up Pouch Design: <\/strong>Das robuste Standdesign an der Unterseite unserer ma\u00dfgefertigten Standbeutel mit Fenster erleichtert die Pr\u00e4sentation im Regal; die Oberseite ist mit Aufh\u00e4ngel\u00f6chern versehen, so dass sie sich sowohl f\u00fcr h\u00e4ngende als auch f\u00fcr stehende Verkaufsszenarien eignet und sehr praktisch ist.<\/li>\n\n\n\n<li><strong>Vollst\u00e4ndiger Anpassungsservice:<\/strong> Unsere Gro\u00dfhandels-Trockenfutterbeutel k\u00f6nnen durch Angabe der Gr\u00f6\u00dfe und des Materials sowie durch Bereitstellung von Grafiken an Ihre speziellen Bed\u00fcrfnisse angepasst werden.<\/li>\n\n\n\n<li><strong>Ausgezeichnete Druckergebnisse: <\/strong>Die Materialoberfl\u00e4che unserer kundenspezifischen Standbeutel mit Fenster l\u00e4sst sich hervorragend bedrucken und erm\u00f6glicht hochpr\u00e4zise, farbenfrohe Muster und Texte, die das Markenimage und den Wiedererkennungswert des Produkts effektiv steigern.<\/li>\n\n\n\n<li><strong>Humanisierte Design-Details: <\/strong>Diese Gro\u00dfhandels-Trockenfutterbeutel sind mit einem Aufrei\u00dfdesign ausgestattet, das den Verbrauchern das \u00d6ffnen erleichtert und die Benutzererfahrung verbessert. Und, unsere benutzerdefinierte Stand-up-Beutel verf\u00fcgt auch \u00fcber eine wiederverwendbare Abdichtung Rei\u00dfverschluss f\u00fcr mehrere \u00d6ffnungen und Schlie\u00dfungen.<\/li>\n<\/ul>\n\n\n\n<div class=\"wp-block-columns is-layout-flex wp-container-core-columns-is-layout-9d6595d7 wp-block-columns-is-layout-flex\">\n<div class=\"wp-block-column is-layout-flow wp-block-column-is-layout-flow\">\n<figure class=\"wp-block-image size-full\"><img decoding=\"async\" width=\"750\" height=\"750\" src=\"https:\/\/www.stanleypackage.com\/wp-content\/uploads\/2025\/12\/Custom-Stand-Up-Pouch-With-Window-Design-Wholesale-Zipper-Pouch-For-Snack-Packaging-2.webp\" alt=\"\" class=\"wp-image-4100\" srcset=\"https:\/\/www.stanleypackage.com\/wp-content\/uploads\/2025\/12\/Custom-Stand-Up-Pouch-With-Window-Design-Wholesale-Zipper-Pouch-For-Snack-Packaging-2.webp 750w, https:\/\/www.stanleypackage.com\/wp-content\/uploads\/2025\/12\/Custom-Stand-Up-Pouch-With-Window-Design-Wholesale-Zipper-Pouch-For-Snack-Packaging-2-300x300.webp 300w, https:\/\/www.stanleypackage.com\/wp-content\/uploads\/2025\/12\/Custom-Stand-Up-Pouch-With-Window-Design-Wholesale-Zipper-Pouch-For-Snack-Packaging-2-150x150.webp 150w, https:\/\/www.stanleypackage.com\/wp-content\/uploads\/2025\/12\/Custom-Stand-Up-Pouch-With-Window-Design-Wholesale-Zipper-Pouch-For-Snack-Packaging-2-12x12.webp 12w, https:\/\/www.stanleypackage.com\/wp-content\/uploads\/2025\/12\/Custom-Stand-Up-Pouch-With-Window-Design-Wholesale-Zipper-Pouch-For-Snack-Packaging-2-600x600.webp 600w, https:\/\/www.stanleypackage.com\/wp-content\/uploads\/2025\/12\/Custom-Stand-Up-Pouch-With-Window-Design-Wholesale-Zipper-Pouch-For-Snack-Packaging-2-100x100.webp 100w\" sizes=\"(max-width: 750px) 100vw, 750px\" \/><\/figure>\n<\/div>\n\n\n\n<div class=\"wp-block-column is-layout-flow wp-block-column-is-layout-flow\">\n<figure class=\"wp-block-image size-full\"><img decoding=\"async\" width=\"750\" height=\"750\" src=\"https:\/\/www.stanleypackage.com\/wp-content\/uploads\/2025\/12\/Custom-Stand-Up-Pouch-With-Window-Design-Wholesale-Zipper-Pouch-For-Snack-Packaging-3.webp\" alt=\"\" class=\"wp-image-4101\" srcset=\"https:\/\/www.stanleypackage.com\/wp-content\/uploads\/2025\/12\/Custom-Stand-Up-Pouch-With-Window-Design-Wholesale-Zipper-Pouch-For-Snack-Packaging-3.webp 750w, https:\/\/www.stanleypackage.com\/wp-content\/uploads\/2025\/12\/Custom-Stand-Up-Pouch-With-Window-Design-Wholesale-Zipper-Pouch-For-Snack-Packaging-3-300x300.webp 300w, https:\/\/www.stanleypackage.com\/wp-content\/uploads\/2025\/12\/Custom-Stand-Up-Pouch-With-Window-Design-Wholesale-Zipper-Pouch-For-Snack-Packaging-3-150x150.webp 150w, https:\/\/www.stanleypackage.com\/wp-content\/uploads\/2025\/12\/Custom-Stand-Up-Pouch-With-Window-Design-Wholesale-Zipper-Pouch-For-Snack-Packaging-3-12x12.webp 12w, https:\/\/www.stanleypackage.com\/wp-content\/uploads\/2025\/12\/Custom-Stand-Up-Pouch-With-Window-Design-Wholesale-Zipper-Pouch-For-Snack-Packaging-3-600x600.webp 600w, https:\/\/www.stanleypackage.com\/wp-content\/uploads\/2025\/12\/Custom-Stand-Up-Pouch-With-Window-Design-Wholesale-Zipper-Pouch-For-Snack-Packaging-3-100x100.webp 100w\" sizes=\"(max-width: 750px) 100vw, 750px\" \/><\/figure>\n<\/div>\n<\/div>\n<\/div>\n<\/div>","protected":false},"excerpt":{"rendered":"<p>Willkommen zu bestellen benutzerdefinierte Stand-up-Beutel mit Fenster. Unsere Gro\u00dfhandels-Trockenfutterbeutel sind aus hochwertigem Verbundmaterial gefertigt und zeichnen sich durch leuchtende Farben und eine hervorragende Abdichtung aus. Die Kombination von auff\u00e4lligen Cartoon-Designs mit einem praktischen Fenster-Design, sie perfekt pr\u00e4sentieren Ihre Produkte.<\/p>\n<table style=\"border-collapse: collapse; width: 327.77pt;\" border=\"0\" width=\"437\" cellspacing=\"0\" cellpadding=\"0\">\n<tbody>\n<tr style=\"height: 12.75pt;\">\n<td class=\"et2\" style=\"height: 12.75pt; width: 91.40pt;\" width=\"121\" height=\"17\">Hersteller<\/td>\n<td class=\"et2\" style=\"width: 237.00pt;\" width=\"316\">Stanley<\/td>\n<\/tr>\n<tr style=\"height: 12.75pt;\">\n<td class=\"et2\" style=\"height: 12.75pt; width: 91.40pt;\" width=\"121\" height=\"17\">Arten von Beuteln<\/td>\n<td class=\"et3\">Standbodenbeutel<\/td>\n<\/tr>\n<tr style=\"height: 12.75pt;\">\n<td class=\"et2\" style=\"height: 12.75pt; width: 91.40pt;\" width=\"121\" height=\"17\">Material<\/td>\n<td class=\"et2\" style=\"width: 237.00pt;\" width=\"316\">MOPP20\/PET12\/PE65<\/td>\n<\/tr>\n<tr style=\"height: 12.75pt;\">\n<td class=\"et2\" style=\"height: 12.75pt; width: 91.40pt;\" width=\"121\" height=\"17\">Besonderes Merkmal<\/td>\n<td class=\"et2\" style=\"width: 237.00pt;\" width=\"316\">Stehboden, Einkerbung zum leichten Aufrei\u00dfen, Klarsichtfenster, Rei\u00dfverschlusstasche, Aufh\u00e4ngeloch<\/td>\n<\/tr>\n<tr style=\"height: 12.75pt;\">\n<td class=\"et2\" style=\"height: 12.75pt; width: 91.40pt;\" width=\"121\" height=\"17\">Handhabung der Oberfl\u00e4che<\/td>\n<td class=\"et2\" style=\"width: 237.00pt;\" width=\"316\">Tiefdruck<\/td>\n<\/tr>\n<tr style=\"height: 12.75pt;\">\n<td class=\"et2\" style=\"height: 12.75pt; width: 91.40pt;\" width=\"121\" height=\"17\">Farbe<\/td>\n<td class=\"et2\" style=\"width: 237.00pt;\" width=\"316\">Bis zu 10 Farben<\/td>\n<\/tr>\n<tr style=\"height: 12.75pt;\">\n<td class=\"et2\" style=\"height: 12.75pt; width: 91.40pt;\" width=\"121\" height=\"17\">Verwendung<\/td>\n<td class=\"et3\">S\u00fc\u00dfigkeiten, N\u00fcsse, Snacks<\/td>\n<\/tr>\n<tr style=\"height: 12.75pt;\">\n<td class=\"et2\" style=\"height: 12.75pt; width: 91.40pt;\" width=\"121\" height=\"17\">MOQ<\/td>\n<td class=\"et2\" style=\"width: 237.00pt;\" width=\"316\">50.000 St\u00fcck<\/td>\n<\/tr>\n<tr style=\"height: 12.75pt;\">\n<td class=\"et2\" style=\"height: 12.75pt; width: 91.40pt;\" width=\"121\" height=\"17\">Individuelle Bestellung<\/td>\n<td class=\"et2\" style=\"width: 237.00pt;\" width=\"316\">Akzeptieren Sie OEM, unterst\u00fctzen Sie freie Probe<\/td>\n<\/tr>\n<\/tbody>\n<\/table>","protected":false},"featured_media":4102,"comment_status":"closed","ping_status":"closed","template":"","meta":{"_acf_changed":false},"product_brand":[],"product_cat":[30,18],"product_tag":[],"class_list":{"0":"post-4099","1":"product","2":"type-product","3":"status-publish","4":"has-post-thumbnail","6":"product_cat-stand-up-pouch-manufacturer","7":"product_cat-zipper-pouch-manufacturer","8":"pa_food-packaging-dry-food-packaging","9":"pa_food-packaging-snack-food-pouch","11":"first","12":"instock","13":"shipping-taxable","14":"product-type-simple"},"acf":[],"_links":{"self":[{"href":"https:\/\/www.stanleypackage.com\/de\/wp-json\/wp\/v2\/product\/4099","targetHints":{"allow":["GET"]}}],"collection":[{"href":"https:\/\/www.stanleypackage.com\/de\/wp-json\/wp\/v2\/product"}],"about":[{"href":"https:\/\/www.stanleypackage.com\/de\/wp-json\/wp\/v2\/types\/product"}],"replies":[{"embeddable":true,"href":"https:\/\/www.stanleypackage.com\/de\/wp-json\/wp\/v2\/comments?post=4099"}],"wp:featuredmedia":[{"embeddable":true,"href":"https:\/\/www.stanleypackage.com\/de\/wp-json\/wp\/v2\/media\/4102"}],"wp:attachment":[{"href":"https:\/\/www.stanleypackage.com\/de\/wp-json\/wp\/v2\/media?parent=4099"}],"wp:term":[{"taxonomy":"product_brand","embeddable":true,"href":"https:\/\/www.stanleypackage.com\/de\/wp-json\/wp\/v2\/product_brand?post=4099"},{"taxonomy":"product_cat","embeddable":true,"href":"https:\/\/www.stanleypackage.com\/de\/wp-json\/wp\/v2\/product_cat?post=4099"},{"taxonomy":"product_tag","embeddable":true,"href":"https:\/\/www.stanleypackage.com\/de\/wp-json\/wp\/v2\/product_tag?post=4099"}],"curies":[{"name":"wp","href":"https:\/\/api.w.org\/{rel}","templated":true}]}}