{"id":4118,"date":"2025-12-11T03:16:25","date_gmt":"2025-12-11T03:16:25","guid":{"rendered":"https:\/\/www.stanleypackage.com\/?post_type=product&#038;p=4118"},"modified":"2025-12-11T03:16:32","modified_gmt":"2025-12-11T03:16:32","slug":"custom-foil-pouch","status":"publish","type":"product","link":"https:\/\/www.stanleypackage.com\/de\/product\/custom-foil-pouch\/","title":{"rendered":"Benutzerdefinierter Folienbeutel mit hoher Barriere, Gesichtsmaskenverpackung"},"content":{"rendered":"<div class=\"wp-block-columns is-layout-flex wp-container-core-columns-is-layout-9d6595d7 wp-block-columns-is-layout-flex\">\n<div class=\"wp-block-column is-layout-flow wp-block-column-is-layout-flow\">\n<h2 class=\"wp-block-heading\">Merkmale von Custom Foil Pouch<\/h2>\n\n\n\n<ul class=\"wp-block-list\">\n<li><strong>Dreiseitige Dichtungsstruktur:\u00a0<\/strong>Unsere ma\u00dfgefertigten Folienbeutel f\u00fcr Blattmasken haben eine luftdichte, dreiseitige Versiegelungsstruktur, die die Maske sauber und frisch h\u00e4lt, indem sie ein Auslaufen des Serums verhindert.<\/li>\n\n\n\n<li><strong>Hochwertige Materialstruktur: <\/strong>F\u00fcr unsere kundenspezifischen Gesichtsmaskenverpackungen wird das vierschichtige Verbundmaterial MOPP25\/PET6\/PET-Oxid-Aluminium 12\/PE95 verwendet, das gute Barriereeigenschaften aufweist und Wasserverluste wirksam verhindert.<\/li>\n\n\n\n<li><strong>Leicht aufrei\u00dfbar, einfach zu \u00f6ffnen: <\/strong>Dieser kundenspezifische Folienbeutel f\u00fcr Folienmasken ist mit einem Easy Tear Notch Design ausgestattet, das sich ohne Hilfsmittel leicht \u00f6ffnen l\u00e4sst und die Benutzerfreundlichkeit erh\u00f6ht.<\/li>\n\n\n\n<li><strong>Ma\u00dfgeschneiderter Service erf\u00fcllt Bed\u00fcrfnisse:<\/strong>\u00a0Wir bieten eine Vielzahl von Anpassungsm\u00f6glichkeiten f\u00fcr Gesichtsmaskenverpackungen und k\u00f6nnen verschiedene Formen, Gr\u00f6\u00dfen und Druckmuster entsprechend den Kundenanforderungen entwerfen, um die Personalisierung der Marke und die Wettbewerbsf\u00e4higkeit auf dem Markt zu verbessern.<\/li>\n\n\n\n<li><strong>Weit verbreitet f\u00fcr verschiedene Produkte:<\/strong> Unsere kundenspezifischen Folienbeutel f\u00fcr Folienmasken k\u00f6nnen auch f\u00fcr verschiedene Produkte wie Lippenmasken, Augenmasken und Handmasken verwendet werden.<\/li>\n<\/ul>\n\n\n\n<div class=\"wp-block-columns is-layout-flex wp-container-core-columns-is-layout-9d6595d7 wp-block-columns-is-layout-flex\">\n<div class=\"wp-block-column is-layout-flow wp-block-column-is-layout-flow\">\n<figure class=\"wp-block-image size-full\"><img decoding=\"async\" width=\"750\" height=\"750\" src=\"https:\/\/www.stanleypackage.com\/wp-content\/uploads\/2025\/12\/Custom-Printed-3-Side-Seal-Pouches-Wholesale-Packaging-Bag-For-Facial-Mask-3.jpg\" alt=\"\" class=\"wp-image-4120\" srcset=\"https:\/\/www.stanleypackage.com\/wp-content\/uploads\/2025\/12\/Custom-Printed-3-Side-Seal-Pouches-Wholesale-Packaging-Bag-For-Facial-Mask-3.jpg 750w, https:\/\/www.stanleypackage.com\/wp-content\/uploads\/2025\/12\/Custom-Printed-3-Side-Seal-Pouches-Wholesale-Packaging-Bag-For-Facial-Mask-3-300x300.jpg 300w, https:\/\/www.stanleypackage.com\/wp-content\/uploads\/2025\/12\/Custom-Printed-3-Side-Seal-Pouches-Wholesale-Packaging-Bag-For-Facial-Mask-3-150x150.jpg 150w, https:\/\/www.stanleypackage.com\/wp-content\/uploads\/2025\/12\/Custom-Printed-3-Side-Seal-Pouches-Wholesale-Packaging-Bag-For-Facial-Mask-3-12x12.jpg 12w, https:\/\/www.stanleypackage.com\/wp-content\/uploads\/2025\/12\/Custom-Printed-3-Side-Seal-Pouches-Wholesale-Packaging-Bag-For-Facial-Mask-3-600x600.jpg 600w, https:\/\/www.stanleypackage.com\/wp-content\/uploads\/2025\/12\/Custom-Printed-3-Side-Seal-Pouches-Wholesale-Packaging-Bag-For-Facial-Mask-3-100x100.jpg 100w\" sizes=\"(max-width: 750px) 100vw, 750px\" \/><\/figure>\n<\/div>\n\n\n\n<div class=\"wp-block-column is-layout-flow wp-block-column-is-layout-flow\">\n<figure class=\"wp-block-image size-full\"><img decoding=\"async\" width=\"750\" height=\"750\" src=\"https:\/\/www.stanleypackage.com\/wp-content\/uploads\/2025\/12\/Custom-Printed-3-Side-Seal-Pouches-Wholesale-Packaging-Bag-For-Facial-Mask.jpg\" alt=\"\" class=\"wp-image-4121\" srcset=\"https:\/\/www.stanleypackage.com\/wp-content\/uploads\/2025\/12\/Custom-Printed-3-Side-Seal-Pouches-Wholesale-Packaging-Bag-For-Facial-Mask.jpg 750w, https:\/\/www.stanleypackage.com\/wp-content\/uploads\/2025\/12\/Custom-Printed-3-Side-Seal-Pouches-Wholesale-Packaging-Bag-For-Facial-Mask-300x300.jpg 300w, https:\/\/www.stanleypackage.com\/wp-content\/uploads\/2025\/12\/Custom-Printed-3-Side-Seal-Pouches-Wholesale-Packaging-Bag-For-Facial-Mask-150x150.jpg 150w, https:\/\/www.stanleypackage.com\/wp-content\/uploads\/2025\/12\/Custom-Printed-3-Side-Seal-Pouches-Wholesale-Packaging-Bag-For-Facial-Mask-12x12.jpg 12w, https:\/\/www.stanleypackage.com\/wp-content\/uploads\/2025\/12\/Custom-Printed-3-Side-Seal-Pouches-Wholesale-Packaging-Bag-For-Facial-Mask-600x600.jpg 600w, https:\/\/www.stanleypackage.com\/wp-content\/uploads\/2025\/12\/Custom-Printed-3-Side-Seal-Pouches-Wholesale-Packaging-Bag-For-Facial-Mask-100x100.jpg 100w\" sizes=\"(max-width: 750px) 100vw, 750px\" \/><\/figure>\n<\/div>\n<\/div>\n<\/div>\n<\/div>","protected":false},"excerpt":{"rendered":"<p>Willkommen bei der Bestellung von kundenspezifischen Folienbeuteln. Unsere kundenspezifischen Gesichtsmaskenverpackungen bestehen aus hochfestem Verbundmaterial, das gute Barriereeigenschaften hat und effektiv Wasserverluste verhindert, geeignet f\u00fcr verschiedene Produkte im Leben.<\/p>\n<table style=\"border-collapse: collapse; width: 365.02pt;\" border=\"0\" width=\"365\" cellspacing=\"0\" cellpadding=\"0\">\n<tbody>\n<tr style=\"height: 16.00pt;\">\n<td class=\"et2\" style=\"height: 16.00pt; width: 97.50pt;\" width=\"97\" height=\"16\">Hersteller<\/td>\n<td class=\"et2\" style=\"width: 267.50pt;\" width=\"267\">Stanley<\/td>\n<\/tr>\n<tr style=\"height: 16.00pt;\">\n<td class=\"et2\" style=\"height: 16.00pt; width: 97.50pt;\" width=\"97\" height=\"16\">Arten von Beuteln<\/td>\n<td class=\"et3\">3-seitige Siegelrandtasche<\/td>\n<\/tr>\n<tr style=\"height: 16.00pt;\">\n<td class=\"et2\" style=\"height: 16.00pt; width: 97.50pt;\" width=\"97\" height=\"16\">Material<\/td>\n<td class=\"et2\" style=\"width: 267.50pt;\" width=\"267\">Vorderseite: MOPP25\/PET6\/PET-Oxid-Aluminium 12\/PE95<br \/>R\u00fcckseite: MOPP25\/AL6\/PET-Oxid-Aluminium 12\/PE95<\/td>\n<\/tr>\n<tr style=\"height: 31.00pt;\">\n<td class=\"et2\" style=\"height: 31.00pt; width: 97.50pt;\" width=\"97\" height=\"31\">Besonderes Merkmal<\/td>\n<td class=\"et2\" style=\"width: 267.50pt;\" width=\"267\">Easy Tear Notch, Sonderform<\/td>\n<\/tr>\n<tr style=\"height: 16.00pt;\">\n<td class=\"et2\" style=\"height: 16.00pt; width: 97.50pt;\" width=\"97\" height=\"16\">Handhabung der Oberfl\u00e4che<\/td>\n<td class=\"et2\" style=\"width: 267.50pt;\" width=\"267\">Tiefdruck<\/td>\n<\/tr>\n<tr style=\"height: 16.00pt;\">\n<td class=\"et2\" style=\"height: 16.00pt; width: 97.50pt;\" width=\"97\" height=\"16\">Farbe<\/td>\n<td class=\"et2\" style=\"width: 267.50pt;\" width=\"267\">Bis zu 10 Farben<\/td>\n<\/tr>\n<tr style=\"height: 16.00pt;\">\n<td class=\"et2\" style=\"height: 16.00pt; width: 97.50pt;\" width=\"97\" height=\"16\">Verwendung<\/td>\n<td class=\"et2\" style=\"width: 267.50pt;\" width=\"267\">Gesichtsmaske<\/td>\n<\/tr>\n<tr style=\"height: 16.00pt;\">\n<td class=\"et2\" style=\"height: 16.00pt; width: 97.50pt;\" width=\"97\" height=\"16\">MOQ<\/td>\n<td class=\"et2\" style=\"width: 267.50pt;\" width=\"267\">50.000 St\u00fcck<\/td>\n<\/tr>\n<tr style=\"height: 16.00pt;\">\n<td class=\"et2\" style=\"height: 16.00pt; width: 97.50pt;\" width=\"97\" height=\"16\">Individuelle Bestellung<\/td>\n<td class=\"et2\" style=\"width: 267.50pt;\" width=\"267\">Akzeptieren Sie OEM, unterst\u00fctzen Sie freie Probe<\/td>\n<\/tr>\n<\/tbody>\n<\/table>","protected":false},"featured_media":4120,"comment_status":"closed","ping_status":"closed","template":"","meta":{"_acf_changed":false},"product_brand":[],"product_cat":[31,28],"product_tag":[],"class_list":{"0":"post-4118","1":"product","2":"type-product","3":"status-publish","4":"has-post-thumbnail","6":"product_cat-lay-flat-pouch-manufacturer","7":"product_cat-three-side-seal-pouch-manufacturer","8":"pa_non-food-packaging-cosmetic-packaging-pouches","10":"first","11":"instock","12":"shipping-taxable","13":"product-type-simple"},"acf":[],"_links":{"self":[{"href":"https:\/\/www.stanleypackage.com\/de\/wp-json\/wp\/v2\/product\/4118","targetHints":{"allow":["GET"]}}],"collection":[{"href":"https:\/\/www.stanleypackage.com\/de\/wp-json\/wp\/v2\/product"}],"about":[{"href":"https:\/\/www.stanleypackage.com\/de\/wp-json\/wp\/v2\/types\/product"}],"replies":[{"embeddable":true,"href":"https:\/\/www.stanleypackage.com\/de\/wp-json\/wp\/v2\/comments?post=4118"}],"wp:featuredmedia":[{"embeddable":true,"href":"https:\/\/www.stanleypackage.com\/de\/wp-json\/wp\/v2\/media\/4120"}],"wp:attachment":[{"href":"https:\/\/www.stanleypackage.com\/de\/wp-json\/wp\/v2\/media?parent=4118"}],"wp:term":[{"taxonomy":"product_brand","embeddable":true,"href":"https:\/\/www.stanleypackage.com\/de\/wp-json\/wp\/v2\/product_brand?post=4118"},{"taxonomy":"product_cat","embeddable":true,"href":"https:\/\/www.stanleypackage.com\/de\/wp-json\/wp\/v2\/product_cat?post=4118"},{"taxonomy":"product_tag","embeddable":true,"href":"https:\/\/www.stanleypackage.com\/de\/wp-json\/wp\/v2\/product_tag?post=4118"}],"curies":[{"name":"wp","href":"https:\/\/api.w.org\/{rel}","templated":true}]}}