{"id":4146,"date":"2025-12-11T02:04:57","date_gmt":"2025-12-11T02:04:57","guid":{"rendered":"https:\/\/www.stanleypackage.com\/?post_type=product&#038;p=4146"},"modified":"2025-12-11T02:05:30","modified_gmt":"2025-12-11T02:05:30","slug":"customized-oem-retort-pouch","status":"publish","type":"product","link":"https:\/\/www.stanleypackage.com\/de\/product\/customized-oem-retort-pouch\/","title":{"rendered":"Kundenspezifischer OEM-Retortenbeutel f\u00fcr Saucen und Fertiggerichte"},"content":{"rendered":"<div class=\"wp-block-columns is-layout-flex wp-container-core-columns-is-layout-9d6595d7 wp-block-columns-is-layout-flex\">\n<div class=\"wp-block-column is-layout-flow wp-block-column-is-layout-flow\">\n<h2 class=\"wp-block-heading\">Merkmale des kundenspezifischen OEM-Retortenbeutels<\/h2>\n\n\n\n<ul class=\"wp-block-list\">\n<li><strong>Hochbarrierefrei, lebensmittelecht und sicher:<\/strong> Unsere kundenspezifischen OEM-Retortenbeutel bestehen aus einer mehrschichtigen Verbundstruktur aus PET12\/AL7\/PE75, die einen hervorragenden Schutz vor Feuchtigkeit, Oxidation und Licht bietet.<\/li>\n\n\n\n<li><strong>Vielseitige und bequeme Konstruktion: <\/strong>Unsere OEM 3-Seiten-Siegelfolienbeutel f\u00fcr den Gro\u00dfhandel verf\u00fcgen \u00fcber Aufh\u00e4ngel\u00f6cher f\u00fcr eine bequeme Aufh\u00e4ngung. Und die leicht zu rei\u00dfende Kerbe erm\u00f6glicht eine einfache \u00d6ffnung durch die Verbraucher. Dar\u00fcber hinaus verf\u00fcgen unsere Verpackungsbeutel \u00fcber abgerundete Ecken, die ein durchdachtes Design, das jede Verletzung der H\u00e4nde zu verhindern ist.<\/li>\n\n\n\n<li><strong>Effizientes F\u00fcllen und Versiegeln: <\/strong>Die Bodenbef\u00fcllung unserer kundenspezifischen OEM-Retortenbeutel macht den Verpackungsprozess effizienter und hygienischer und eignet sich daher besonders f\u00fcr die Gro\u00dfserienproduktion am Flie\u00dfband.<\/li>\n\n\n\n<li><strong>Breite Anwendung:<\/strong> Diese OEM 3-Seiten-Siegelfolienbeutel f\u00fcr den Gro\u00dfhandel eignen sich f\u00fcr die Verpackung einer Vielzahl von Lebensmitteln, einschlie\u00dflich Salz, Aginomoto, Hotpot-W\u00fcrze usw., so dass Marken die Marktanforderungen mehrerer Produktkategorien mit einer einzigen Verpackung erf\u00fcllen k\u00f6nnen.<\/li>\n\n\n\n<li><strong>Aluminium Folienmaterial: <\/strong>Unsere kundenspezifischen OEM-Retortenbeutel bestehen aus Aluminiumfolienmaterial, das das Eindringen von Luft und Feuchtigkeit besser verhindern kann.<\/li>\n<\/ul>\n\n\n\n<div class=\"wp-block-columns is-layout-flex wp-container-core-columns-is-layout-9d6595d7 wp-block-columns-is-layout-flex\">\n<div class=\"wp-block-column is-layout-flow wp-block-column-is-layout-flow\">\n<figure class=\"wp-block-image size-full\"><img decoding=\"async\" width=\"750\" height=\"750\" src=\"https:\/\/www.stanleypackage.com\/wp-content\/uploads\/2025\/12\/Custom-Foil-Pouch-Packaging-Wholesale-3-Side-Seal-Pouches.jpg\" alt=\"\" class=\"wp-image-4147\" srcset=\"https:\/\/www.stanleypackage.com\/wp-content\/uploads\/2025\/12\/Custom-Foil-Pouch-Packaging-Wholesale-3-Side-Seal-Pouches.jpg 750w, https:\/\/www.stanleypackage.com\/wp-content\/uploads\/2025\/12\/Custom-Foil-Pouch-Packaging-Wholesale-3-Side-Seal-Pouches-300x300.jpg 300w, https:\/\/www.stanleypackage.com\/wp-content\/uploads\/2025\/12\/Custom-Foil-Pouch-Packaging-Wholesale-3-Side-Seal-Pouches-150x150.jpg 150w, https:\/\/www.stanleypackage.com\/wp-content\/uploads\/2025\/12\/Custom-Foil-Pouch-Packaging-Wholesale-3-Side-Seal-Pouches-12x12.jpg 12w, https:\/\/www.stanleypackage.com\/wp-content\/uploads\/2025\/12\/Custom-Foil-Pouch-Packaging-Wholesale-3-Side-Seal-Pouches-600x600.jpg 600w, https:\/\/www.stanleypackage.com\/wp-content\/uploads\/2025\/12\/Custom-Foil-Pouch-Packaging-Wholesale-3-Side-Seal-Pouches-100x100.jpg 100w\" sizes=\"(max-width: 750px) 100vw, 750px\" \/><\/figure>\n<\/div>\n\n\n\n<div class=\"wp-block-column is-layout-flow wp-block-column-is-layout-flow\">\n<figure class=\"wp-block-image size-full\"><img decoding=\"async\" width=\"750\" height=\"750\" src=\"https:\/\/www.stanleypackage.com\/wp-content\/uploads\/2025\/12\/Custom-Foil-Pouch-Packaging-Wholesale-3-Side-Seal-Pouches-7.webp\" alt=\"\" class=\"wp-image-4148\" srcset=\"https:\/\/www.stanleypackage.com\/wp-content\/uploads\/2025\/12\/Custom-Foil-Pouch-Packaging-Wholesale-3-Side-Seal-Pouches-7.webp 750w, https:\/\/www.stanleypackage.com\/wp-content\/uploads\/2025\/12\/Custom-Foil-Pouch-Packaging-Wholesale-3-Side-Seal-Pouches-7-300x300.webp 300w, https:\/\/www.stanleypackage.com\/wp-content\/uploads\/2025\/12\/Custom-Foil-Pouch-Packaging-Wholesale-3-Side-Seal-Pouches-7-150x150.webp 150w, https:\/\/www.stanleypackage.com\/wp-content\/uploads\/2025\/12\/Custom-Foil-Pouch-Packaging-Wholesale-3-Side-Seal-Pouches-7-12x12.webp 12w, https:\/\/www.stanleypackage.com\/wp-content\/uploads\/2025\/12\/Custom-Foil-Pouch-Packaging-Wholesale-3-Side-Seal-Pouches-7-600x600.webp 600w, https:\/\/www.stanleypackage.com\/wp-content\/uploads\/2025\/12\/Custom-Foil-Pouch-Packaging-Wholesale-3-Side-Seal-Pouches-7-100x100.webp 100w\" sizes=\"(max-width: 750px) 100vw, 750px\" \/><\/figure>\n<\/div>\n<\/div>\n<\/div>\n<\/div>\n\n\n\n<p><\/p>","protected":false},"excerpt":{"rendered":"<p>Willkommen bei der Bestellung von kundenspezifischen OEM-Retortenbeuteln. Unsere kundenspezifischen 3-Seiten-Siegelfolienbeutel f\u00fcr den Gro\u00dfhandel kombinieren hohe Barriereeigenschaften mit Langlebigkeit und verf\u00fcgen \u00fcber Aufh\u00e4ngel\u00f6cher, abgerundete Ecken und eine leicht einrei\u00dfbare Kerbe sowie eine Bodeneinf\u00fcll\u00f6ffnung, um eine Vielzahl von Lebensmittelverpackungen und Displayanforderungen zu erf\u00fcllen.<\/p>\n<table style=\"border-collapse: collapse; width: 365.02pt;\" border=\"0\" width=\"365\" cellspacing=\"0\" cellpadding=\"0\">\n<tbody>\n<tr style=\"height: 16.00pt;\">\n<td class=\"et2\" style=\"height: 16.00pt; width: 97.50pt;\" width=\"97\" height=\"16\">Hersteller<\/td>\n<td class=\"et2\" style=\"width: 267.50pt;\" width=\"267\">Stanley<\/td>\n<\/tr>\n<tr style=\"height: 16.00pt;\">\n<td class=\"et2\" style=\"height: 16.00pt; width: 97.50pt;\" width=\"97\" height=\"16\">Arten von Beuteln<\/td>\n<td class=\"et2\" style=\"width: 267.50pt;\" width=\"267\">3-Seiten-Siegel-Beutel, Retorten-Beutel<\/td>\n<\/tr>\n<tr style=\"height: 31.00pt;\">\n<td class=\"et2\" style=\"height: 31.00pt; width: 97.50pt;\" width=\"97\" height=\"31\">Material<\/td>\n<td class=\"et2\" style=\"width: 267.50pt;\" width=\"267\">PET12\/AL7\/PE75<\/td>\n<\/tr>\n<tr style=\"height: 16.00pt;\">\n<td class=\"et2\" style=\"height: 16.00pt; width: 97.50pt;\" width=\"97\" height=\"16\">Besonderes Merkmal<\/td>\n<td class=\"et2\" style=\"width: 267.50pt;\" width=\"267\">\u00a0Risskerbe, Bodenf\u00fcllung, Aufh\u00e4ngeloch, abgerundete Ecke<\/td>\n<\/tr>\n<tr style=\"height: 16.00pt;\">\n<td class=\"et2\" style=\"height: 16.00pt; width: 97.50pt;\" width=\"97\" height=\"16\">Handhabung der Oberfl\u00e4che<\/td>\n<td class=\"et2\" style=\"width: 267.50pt;\" width=\"267\">Tiefdruck<\/td>\n<\/tr>\n<tr style=\"height: 16.00pt;\">\n<td class=\"et2\" style=\"height: 16.00pt; width: 97.50pt;\" width=\"97\" height=\"16\">Farbe<\/td>\n<td class=\"et2\" style=\"width: 267.50pt;\" width=\"267\">Bis zu 10 Farben<\/td>\n<\/tr>\n<tr style=\"height: 16.00pt;\">\n<td class=\"et2\" style=\"height: 16.00pt; width: 97.50pt;\" width=\"97\" height=\"16\">Verwendung<\/td>\n<td class=\"et2\" style=\"width: 267.50pt;\" width=\"267\">Salz, Aginomoto, Hotpot-Gew\u00fcrz<\/td>\n<\/tr>\n<tr style=\"height: 16.00pt;\">\n<td class=\"et2\" style=\"height: 16.00pt; width: 97.50pt;\" width=\"97\" height=\"16\">MOQ<\/td>\n<td class=\"et2\" style=\"width: 267.50pt;\" width=\"267\">50.000 St\u00fcck<\/td>\n<\/tr>\n<tr style=\"height: 16.00pt;\">\n<td class=\"et2\" style=\"height: 16.00pt; width: 97.50pt;\" width=\"97\" height=\"16\">Individuelle Bestellung<\/td>\n<td class=\"et2\" style=\"width: 267.50pt;\" width=\"267\">OEM-Support akzeptieren Kostenloses Muster<\/td>\n<\/tr>\n<\/tbody>\n<\/table>\n<p>&nbsp;<\/p>","protected":false},"featured_media":4149,"comment_status":"closed","ping_status":"closed","template":"","meta":{"_acf_changed":false},"product_brand":[],"product_cat":[31,28,23],"product_tag":[],"class_list":{"0":"post-4146","1":"product","2":"type-product","3":"status-publish","4":"has-post-thumbnail","6":"product_cat-lay-flat-pouch-manufacturer","7":"product_cat-three-side-seal-pouch-manufacturer","8":"product_cat-retort-pouch-manufacturer","9":"pa_food-packaging-sauce-condiment-pouches","10":"pa_food-packaging-ready-meal-pouch","12":"first","13":"instock","14":"shipping-taxable","15":"product-type-simple"},"acf":[],"_links":{"self":[{"href":"https:\/\/www.stanleypackage.com\/de\/wp-json\/wp\/v2\/product\/4146","targetHints":{"allow":["GET"]}}],"collection":[{"href":"https:\/\/www.stanleypackage.com\/de\/wp-json\/wp\/v2\/product"}],"about":[{"href":"https:\/\/www.stanleypackage.com\/de\/wp-json\/wp\/v2\/types\/product"}],"replies":[{"embeddable":true,"href":"https:\/\/www.stanleypackage.com\/de\/wp-json\/wp\/v2\/comments?post=4146"}],"wp:featuredmedia":[{"embeddable":true,"href":"https:\/\/www.stanleypackage.com\/de\/wp-json\/wp\/v2\/media\/4149"}],"wp:attachment":[{"href":"https:\/\/www.stanleypackage.com\/de\/wp-json\/wp\/v2\/media?parent=4146"}],"wp:term":[{"taxonomy":"product_brand","embeddable":true,"href":"https:\/\/www.stanleypackage.com\/de\/wp-json\/wp\/v2\/product_brand?post=4146"},{"taxonomy":"product_cat","embeddable":true,"href":"https:\/\/www.stanleypackage.com\/de\/wp-json\/wp\/v2\/product_cat?post=4146"},{"taxonomy":"product_tag","embeddable":true,"href":"https:\/\/www.stanleypackage.com\/de\/wp-json\/wp\/v2\/product_tag?post=4146"}],"curies":[{"name":"wp","href":"https:\/\/api.w.org\/{rel}","templated":true}]}}