{"id":4154,"date":"2025-12-11T01:52:19","date_gmt":"2025-12-11T01:52:19","guid":{"rendered":"https:\/\/www.stanleypackage.com\/?post_type=product&#038;p=4154"},"modified":"2025-12-11T01:53:44","modified_gmt":"2025-12-11T01:53:44","slug":"food-packaging-film-rolls","status":"publish","type":"product","link":"https:\/\/www.stanleypackage.com\/de\/product\/food-packaging-film-rolls\/","title":{"rendered":"OEM Lebensmittelverpackungsfolienrollen f\u00fcr Milch-Tee-Pulververpackungen"},"content":{"rendered":"<div class=\"wp-block-columns is-layout-flex wp-container-core-columns-is-layout-9d6595d7 wp-block-columns-is-layout-flex\">\n<div class=\"wp-block-column is-layout-flow wp-block-column-is-layout-flow\">\n<h2 class=\"wp-block-heading\">Features of Custom Food Packaging Film Rolls<\/h2>\n\n\n\n<ul class=\"wp-block-list\">\n<li><strong>Geeignet f\u00fcr automatisierte Produktionslinien: <\/strong>This custom food packaging film rolls is suitable for high-speed automatic packaging equipment, improving production efficiency, saving labor and time costs.<\/li>\n\n\n\n<li><strong>Aluminiumbeschichtetes Material: <\/strong>Our custom flexible packaging films for milk tea powder are made of aluminized material, which can effectively prevent the penetration of gases and water vapor, thereby extending the shelf life of the milk tea powder.<\/li>\n\n\n\n<li><strong>Unterst\u00fctzung von kundenspezifischen Logos auf der Verpackung: <\/strong>Our food packaging film rolls can be customized for any logo, enhancing the brand awareness of our customers.<\/li>\n\n\n\n<li><strong>Unterst\u00fctzt eine Vielzahl von Oberfl\u00e4chenprozessen:<\/strong> Our custom flexible packaging films for milk tea powder can choose special printing processes such as matte, gloss, UV local light, etc., to enhance the packaging layering and brand recognition.<\/li>\n\n\n\n<li><strong>Geeignet f\u00fcr eine Vielzahl von Kaffeegr\u00f6\u00dfen und -formen:<\/strong> Our custom printed food packaging film rolls can be customized with printing patterns and specifications according to customer needs, suitable for drink&#8217;s products of different sizes and shapes.<\/li>\n<\/ul>\n\n\n\n<div class=\"wp-block-columns is-layout-flex wp-container-core-columns-is-layout-9d6595d7 wp-block-columns-is-layout-flex\">\n<div class=\"wp-block-column is-layout-flow wp-block-column-is-layout-flow\">\n<figure class=\"wp-block-image size-full\"><img decoding=\"async\" width=\"750\" height=\"750\" src=\"https:\/\/www.stanleypackage.com\/wp-content\/uploads\/2025\/12\/Bulk-Custom-Printed-Roll-Stock-Films-Milk-Tea-Powder-Packaging-Films-5.webp\" alt=\"\" class=\"wp-image-4155\" srcset=\"https:\/\/www.stanleypackage.com\/wp-content\/uploads\/2025\/12\/Bulk-Custom-Printed-Roll-Stock-Films-Milk-Tea-Powder-Packaging-Films-5.webp 750w, https:\/\/www.stanleypackage.com\/wp-content\/uploads\/2025\/12\/Bulk-Custom-Printed-Roll-Stock-Films-Milk-Tea-Powder-Packaging-Films-5-300x300.webp 300w, https:\/\/www.stanleypackage.com\/wp-content\/uploads\/2025\/12\/Bulk-Custom-Printed-Roll-Stock-Films-Milk-Tea-Powder-Packaging-Films-5-150x150.webp 150w, https:\/\/www.stanleypackage.com\/wp-content\/uploads\/2025\/12\/Bulk-Custom-Printed-Roll-Stock-Films-Milk-Tea-Powder-Packaging-Films-5-12x12.webp 12w, https:\/\/www.stanleypackage.com\/wp-content\/uploads\/2025\/12\/Bulk-Custom-Printed-Roll-Stock-Films-Milk-Tea-Powder-Packaging-Films-5-600x600.webp 600w, https:\/\/www.stanleypackage.com\/wp-content\/uploads\/2025\/12\/Bulk-Custom-Printed-Roll-Stock-Films-Milk-Tea-Powder-Packaging-Films-5-100x100.webp 100w\" sizes=\"(max-width: 750px) 100vw, 750px\" \/><\/figure>\n<\/div>\n\n\n\n<div class=\"wp-block-column is-layout-flow wp-block-column-is-layout-flow\">\n<figure class=\"wp-block-image size-full\"><img decoding=\"async\" width=\"750\" height=\"750\" src=\"https:\/\/www.stanleypackage.com\/wp-content\/uploads\/2025\/12\/Bulk-Custom-Printed-Roll-Stock-Films-Milk-Tea-Powder-Packaging-Films-2.webp\" alt=\"\" class=\"wp-image-4156\" srcset=\"https:\/\/www.stanleypackage.com\/wp-content\/uploads\/2025\/12\/Bulk-Custom-Printed-Roll-Stock-Films-Milk-Tea-Powder-Packaging-Films-2.webp 750w, https:\/\/www.stanleypackage.com\/wp-content\/uploads\/2025\/12\/Bulk-Custom-Printed-Roll-Stock-Films-Milk-Tea-Powder-Packaging-Films-2-300x300.webp 300w, https:\/\/www.stanleypackage.com\/wp-content\/uploads\/2025\/12\/Bulk-Custom-Printed-Roll-Stock-Films-Milk-Tea-Powder-Packaging-Films-2-150x150.webp 150w, https:\/\/www.stanleypackage.com\/wp-content\/uploads\/2025\/12\/Bulk-Custom-Printed-Roll-Stock-Films-Milk-Tea-Powder-Packaging-Films-2-12x12.webp 12w, https:\/\/www.stanleypackage.com\/wp-content\/uploads\/2025\/12\/Bulk-Custom-Printed-Roll-Stock-Films-Milk-Tea-Powder-Packaging-Films-2-600x600.webp 600w, https:\/\/www.stanleypackage.com\/wp-content\/uploads\/2025\/12\/Bulk-Custom-Printed-Roll-Stock-Films-Milk-Tea-Powder-Packaging-Films-2-100x100.webp 100w\" sizes=\"(max-width: 750px) 100vw, 750px\" \/><\/figure>\n<\/div>\n<\/div>\n<\/div>\n<\/div>\n\n\n\n<p><\/p>","protected":false},"excerpt":{"rendered":"<p>Willkommen zum Kauf von Lebensmittelverpackungsfolienrollen. Unsere kundenspezifischen flexiblen Verpackungsfolien f\u00fcr Milchtee-Pulver bestehen aus aluminiumbeschichtetem Material, das die Haltbarkeit von Milchtee-Pulver effektiv verl\u00e4ngern kann. Unterst\u00fctzt benutzerdefinierte Logo und eine Vielzahl von speziellen Prozess-Effekte wie matt, gl\u00e4nzend, UV, etc.<\/p>\n<table style=\"border-collapse: collapse; width: 365.02pt;\" border=\"0\" width=\"365\" cellspacing=\"0\" cellpadding=\"0\">\n<tbody>\n<tr style=\"height: 16.00pt;\">\n<td class=\"et2\" style=\"height: 16.00pt; width: 97.50pt;\" width=\"97\" height=\"16\">Hersteller<\/td>\n<td class=\"et2\" style=\"width: 267.50pt;\" width=\"267\">Stanley<\/td>\n<\/tr>\n<tr style=\"height: 16.00pt;\">\n<td class=\"et2\" style=\"height: 16.00pt; width: 97.50pt;\" width=\"97\" height=\"16\">Arten von Beuteln<\/td>\n<td class=\"et3\">Beutelverpackungsfolie<\/td>\n<\/tr>\n<tr style=\"height: 16.00pt;\">\n<td class=\"et2\" style=\"height: 16.00pt; width: 97.50pt;\" width=\"97\" height=\"16\">Material<\/td>\n<td class=\"et2\" style=\"width: 267.50pt;\" width=\"267\">PET12\/VMPET12\/geruchsarmes PE58<\/td>\n<\/tr>\n<tr style=\"height: 16.00pt;\">\n<td class=\"et2\" style=\"height: 16.00pt; width: 97.50pt;\" width=\"97\" height=\"16\">Besonderes Merkmal<\/td>\n<td class=\"et2\" style=\"width: 267.50pt;\" width=\"267\">Automatische Verpackung, Verpackung mit Aluminiumbeschichtung,\u00a0<\/td>\n<\/tr>\n<tr style=\"height: 16.00pt;\">\n<td class=\"et2\" style=\"height: 16.00pt; width: 97.50pt;\" width=\"97\" height=\"16\">Handhabung der Oberfl\u00e4che<\/td>\n<td class=\"et2\" style=\"width: 267.50pt;\" width=\"267\">Tiefdruck<\/td>\n<\/tr>\n<tr style=\"height: 16.00pt;\">\n<td class=\"et2\" style=\"height: 16.00pt; width: 97.50pt;\" width=\"97\" height=\"16\">Farbe<\/td>\n<td class=\"et2\" style=\"width: 267.50pt;\" width=\"267\">Doppelseitiger Druck, bis zu 10 Farben<\/td>\n<\/tr>\n<tr style=\"height: 16.00pt;\">\n<td class=\"et2\" style=\"height: 16.00pt; width: 97.50pt;\" width=\"97\" height=\"16\">Verwendung<\/td>\n<td class=\"et2\" style=\"width: 267.50pt;\" width=\"267\">Milch-Tee-Pulver, Kaffee, S\u00fc\u00dfigkeiten, Milch, Snack<\/td>\n<\/tr>\n<tr style=\"height: 16.00pt;\">\n<td class=\"et2\" style=\"height: 16.00pt; width: 97.50pt;\" width=\"97\" height=\"16\">MOQ<\/td>\n<td class=\"et2\" style=\"width: 267.50pt;\" width=\"267\">50.000 St\u00fcck<\/td>\n<\/tr>\n<tr style=\"height: 16.00pt;\">\n<td class=\"et2\" style=\"height: 16.00pt; width: 97.50pt;\" width=\"97\" height=\"16\">Individuelle Bestellung<\/td>\n<td class=\"et2\" style=\"width: 267.50pt;\" width=\"267\">Akzeptieren Sie OEM, unterst\u00fctzen Sie freie Probe<\/td>\n<\/tr>\n<\/tbody>\n<\/table>","protected":false},"featured_media":4157,"comment_status":"closed","ping_status":"closed","template":"","meta":{"_acf_changed":false},"product_brand":[],"product_cat":[26],"product_tag":[],"class_list":{"0":"post-4154","1":"product","2":"type-product","3":"status-publish","4":"has-post-thumbnail","6":"product_cat-packaging-film-manufacturer","7":"pa_food-packaging-food-powder-packaging","8":"pa_food-packaging-coffee-packaging-pouch","9":"pa_food-packaging-drink-beverage-pouch","11":"first","12":"instock","13":"shipping-taxable","14":"product-type-simple"},"acf":[],"_links":{"self":[{"href":"https:\/\/www.stanleypackage.com\/de\/wp-json\/wp\/v2\/product\/4154","targetHints":{"allow":["GET"]}}],"collection":[{"href":"https:\/\/www.stanleypackage.com\/de\/wp-json\/wp\/v2\/product"}],"about":[{"href":"https:\/\/www.stanleypackage.com\/de\/wp-json\/wp\/v2\/types\/product"}],"replies":[{"embeddable":true,"href":"https:\/\/www.stanleypackage.com\/de\/wp-json\/wp\/v2\/comments?post=4154"}],"wp:featuredmedia":[{"embeddable":true,"href":"https:\/\/www.stanleypackage.com\/de\/wp-json\/wp\/v2\/media\/4157"}],"wp:attachment":[{"href":"https:\/\/www.stanleypackage.com\/de\/wp-json\/wp\/v2\/media?parent=4154"}],"wp:term":[{"taxonomy":"product_brand","embeddable":true,"href":"https:\/\/www.stanleypackage.com\/de\/wp-json\/wp\/v2\/product_brand?post=4154"},{"taxonomy":"product_cat","embeddable":true,"href":"https:\/\/www.stanleypackage.com\/de\/wp-json\/wp\/v2\/product_cat?post=4154"},{"taxonomy":"product_tag","embeddable":true,"href":"https:\/\/www.stanleypackage.com\/de\/wp-json\/wp\/v2\/product_tag?post=4154"}],"curies":[{"name":"wp","href":"https:\/\/api.w.org\/{rel}","templated":true}]}}