{"id":4162,"date":"2025-12-11T01:45:20","date_gmt":"2025-12-11T01:45:20","guid":{"rendered":"https:\/\/www.stanleypackage.com\/?post_type=product&#038;p=4162"},"modified":"2025-12-11T01:45:32","modified_gmt":"2025-12-11T01:45:32","slug":"custom-resealable-pouches","status":"publish","type":"product","link":"https:\/\/www.stanleypackage.com\/de\/product\/custom-resealable-pouches\/","title":{"rendered":"OEM benutzerdefinierte wiederverschlie\u00dfbare Beutel f\u00fcr Getreide trockene Lebensmittelverpackungen"},"content":{"rendered":"<div class=\"wp-block-columns is-layout-flex wp-container-core-columns-is-layout-9d6595d7 wp-block-columns-is-layout-flex\">\n<div class=\"wp-block-column is-layout-flow wp-block-column-is-layout-flow\">\n<h2 class=\"wp-block-heading\">Merkmale von wiederverschlie\u00dfbaren Beuteln nach Ma\u00df<\/h2>\n\n\n\n<ul class=\"wp-block-list\">\n<li><strong>Ultimative Frischekonservierung:<\/strong> Unsere kundenspezifischen wiederverschlie\u00dfbaren Beutel werden aus einem PET\/VMPET\/PE-Verbundmaterial hergestellt, das den besten Schutz vor Feuchtigkeit, Sauerstoff und Licht bietet, so dass Cerealien und Snacks nicht aufweichen oder oxidieren und ihre knackige Textur und ihren frischen Geschmack \u00fcber einen l\u00e4ngeren Zeitraum beibehalten.<\/li>\n\n\n\n<li><strong>Bequemes Wiederverschlie\u00dfen:<\/strong> Dieser OEM-Standbeutel mit Rei\u00dfverschluss l\u00e4sst sich leicht \u00f6ffnen und schlie\u00dfen und ist gut verschlie\u00dfbar. Die Verbraucher k\u00f6nnen ihn nach dem \u00d6ffnen jederzeit wieder verschlie\u00dfen, wodurch das Dilemma des Herausschleppens von Resten sofort gel\u00f6st wird, w\u00e4hrend er gleichzeitig Komfort bietet und Abfall reduziert.<\/li>\n\n\n\n<li><strong>Hervorragende Leistung im Regal:<\/strong> Unsere einzigartigen wiederverschlie\u00dfbaren Beutel stehen stabil ohne St\u00fctze und bieten eine gro\u00dfe Ausstellungsfl\u00e4che. Durch die Unterst\u00fctzung eines umfassenden, individuellen Drucks in hochaufl\u00f6senden Farben werden Markenlogos und Produktinformationen vollst\u00e4ndig pr\u00e4sentiert, wodurch sie in den Einzelhandelsregalen auffallen und die Aufmerksamkeit der Verbraucher auf sich ziehen.<\/li>\n\n\n\n<li><strong>Stabil, stark und funktionell: <\/strong>Unsere OEM-Standbeutel mit Rei\u00dfverschluss f\u00fcr Cerealien werden aus einem starken Material hergestellt, das durchsto\u00df- und abriebfest ist. Die Zuverl\u00e4ssigkeit ist w\u00e4hrend der gesamten Abf\u00fcllung und des Versands und letztendlich w\u00e4hrend der Nutzung durch den Verbraucher gew\u00e4hrleistet.<\/li>\n\n\n\n<li><strong>Benutzerfreundliches Design: <\/strong>Unsere individuell gestalteten, wiederverschlie\u00dfbaren Beutel bieten den Nutzern nicht nur die M\u00f6glichkeit, ihre Produkte stabil aufzubewahren, sondern auch eine einfache M\u00f6glichkeit, den Beutel zu \u00f6ffnen und das M\u00fcsli mit minimalem Aufwand in Sch\u00fcsseln oder Teller zu f\u00fcllen.<\/li>\n<\/ul>\n\n\n\n<div class=\"wp-block-columns is-layout-flex wp-container-core-columns-is-layout-9d6595d7 wp-block-columns-is-layout-flex\">\n<div class=\"wp-block-column is-layout-flow wp-block-column-is-layout-flow\">\n<figure class=\"wp-block-image size-full\"><img decoding=\"async\" width=\"750\" height=\"750\" src=\"https:\/\/www.stanleypackage.com\/wp-content\/uploads\/2025\/12\/Custom-Packaging-Bag-With-Zipper-OEM-Cereal-Stand-Pouches-1.webp\" alt=\"\" class=\"wp-image-4170\" srcset=\"https:\/\/www.stanleypackage.com\/wp-content\/uploads\/2025\/12\/Custom-Packaging-Bag-With-Zipper-OEM-Cereal-Stand-Pouches-1.webp 750w, https:\/\/www.stanleypackage.com\/wp-content\/uploads\/2025\/12\/Custom-Packaging-Bag-With-Zipper-OEM-Cereal-Stand-Pouches-1-300x300.webp 300w, https:\/\/www.stanleypackage.com\/wp-content\/uploads\/2025\/12\/Custom-Packaging-Bag-With-Zipper-OEM-Cereal-Stand-Pouches-1-150x150.webp 150w, https:\/\/www.stanleypackage.com\/wp-content\/uploads\/2025\/12\/Custom-Packaging-Bag-With-Zipper-OEM-Cereal-Stand-Pouches-1-12x12.webp 12w, https:\/\/www.stanleypackage.com\/wp-content\/uploads\/2025\/12\/Custom-Packaging-Bag-With-Zipper-OEM-Cereal-Stand-Pouches-1-600x600.webp 600w, https:\/\/www.stanleypackage.com\/wp-content\/uploads\/2025\/12\/Custom-Packaging-Bag-With-Zipper-OEM-Cereal-Stand-Pouches-1-100x100.webp 100w\" sizes=\"(max-width: 750px) 100vw, 750px\" \/><\/figure>\n<\/div>\n\n\n\n<div class=\"wp-block-column is-layout-flow wp-block-column-is-layout-flow\">\n<figure class=\"wp-block-image size-full\"><img decoding=\"async\" width=\"750\" height=\"615\" src=\"https:\/\/www.stanleypackage.com\/wp-content\/uploads\/2025\/12\/Custom-Packaging-Bag-With-Zipper-OEM-Cereal-Stand-Pouches-5.webp\" alt=\"\" class=\"wp-image-4164\" srcset=\"https:\/\/www.stanleypackage.com\/wp-content\/uploads\/2025\/12\/Custom-Packaging-Bag-With-Zipper-OEM-Cereal-Stand-Pouches-5.webp 750w, https:\/\/www.stanleypackage.com\/wp-content\/uploads\/2025\/12\/Custom-Packaging-Bag-With-Zipper-OEM-Cereal-Stand-Pouches-5-300x246.webp 300w, https:\/\/www.stanleypackage.com\/wp-content\/uploads\/2025\/12\/Custom-Packaging-Bag-With-Zipper-OEM-Cereal-Stand-Pouches-5-15x12.webp 15w, https:\/\/www.stanleypackage.com\/wp-content\/uploads\/2025\/12\/Custom-Packaging-Bag-With-Zipper-OEM-Cereal-Stand-Pouches-5-600x492.webp 600w\" sizes=\"(max-width: 750px) 100vw, 750px\" \/><\/figure>\n<\/div>\n<\/div>\n<\/div>\n<\/div>\n\n\n\n<p><\/p>","protected":false},"excerpt":{"rendered":"<p>Willkommen bei der Bestellung von wiederverschlie\u00dfbaren Beuteln nach Ma\u00df. Dieser OEM-Standbeutel mit Rei\u00dfverschluss ist speziell f\u00fcr trockene Lebensmittel wie M\u00fcsli und Snacks gedacht. Er besteht aus Hochbarrierematerialien, so dass er gro\u00dfen Schutz vor Feuchtigkeit, Sauerstoff und Licht bietet.<\/p>\n<table width=\"365\">\n<tbody>\n<tr>\n<td width=\"97\">Hersteller<\/td>\n<td width=\"267\">Stanley<\/td>\n<\/tr>\n<tr>\n<td width=\"97\">Arten von Beuteln<\/td>\n<td width=\"267\">Stand Up Pouch, Zipper Pouch<\/td>\n<\/tr>\n<tr>\n<td width=\"97\">Material\u00a0<\/td>\n<td width=\"267\">PET12\/VMPET12\/PE90<\/td>\n<\/tr>\n<tr>\n<td width=\"97\">Besonderes Merkmal<\/td>\n<td width=\"267\">Rei\u00dfverschluss, Risskerbe, Aufstehen<\/td>\n<\/tr>\n<tr>\n<td width=\"97\">Handhabung der Oberfl\u00e4che<\/td>\n<td width=\"267\">Tiefdruck<\/td>\n<\/tr>\n<tr>\n<td width=\"97\">Farbe<\/td>\n<td width=\"267\">Beidseitiger Druck, bis zu 10 Farben<\/td>\n<\/tr>\n<tr>\n<td width=\"97\">Verwendung<\/td>\n<td width=\"267\">M\u00fcsli, Tee, N\u00fcsse, S\u00fc\u00dfigkeiten,<\/td>\n<\/tr>\n<tr>\n<td width=\"97\">MOQ<\/td>\n<td width=\"267\">50.000 St\u00fcck<\/td>\n<\/tr>\n<tr>\n<td width=\"97\">Individuelle Bestellung<\/td>\n<td width=\"267\">Akzeptieren Sie OEM, unterst\u00fctzen Sie die kostenlose Probe<\/td>\n<\/tr>\n<\/tbody>\n<\/table>","protected":false},"featured_media":4163,"comment_status":"closed","ping_status":"closed","template":"","meta":{"_acf_changed":false},"product_brand":[],"product_cat":[30,18],"product_tag":[],"class_list":{"0":"post-4162","1":"product","2":"type-product","3":"status-publish","4":"has-post-thumbnail","6":"product_cat-stand-up-pouch-manufacturer","7":"product_cat-zipper-pouch-manufacturer","8":"pa_food-packaging-dry-food-packaging","9":"pa_food-packaging-oatmeal-pouch","11":"first","12":"instock","13":"shipping-taxable","14":"product-type-simple"},"acf":[],"_links":{"self":[{"href":"https:\/\/www.stanleypackage.com\/de\/wp-json\/wp\/v2\/product\/4162","targetHints":{"allow":["GET"]}}],"collection":[{"href":"https:\/\/www.stanleypackage.com\/de\/wp-json\/wp\/v2\/product"}],"about":[{"href":"https:\/\/www.stanleypackage.com\/de\/wp-json\/wp\/v2\/types\/product"}],"replies":[{"embeddable":true,"href":"https:\/\/www.stanleypackage.com\/de\/wp-json\/wp\/v2\/comments?post=4162"}],"wp:featuredmedia":[{"embeddable":true,"href":"https:\/\/www.stanleypackage.com\/de\/wp-json\/wp\/v2\/media\/4163"}],"wp:attachment":[{"href":"https:\/\/www.stanleypackage.com\/de\/wp-json\/wp\/v2\/media?parent=4162"}],"wp:term":[{"taxonomy":"product_brand","embeddable":true,"href":"https:\/\/www.stanleypackage.com\/de\/wp-json\/wp\/v2\/product_brand?post=4162"},{"taxonomy":"product_cat","embeddable":true,"href":"https:\/\/www.stanleypackage.com\/de\/wp-json\/wp\/v2\/product_cat?post=4162"},{"taxonomy":"product_tag","embeddable":true,"href":"https:\/\/www.stanleypackage.com\/de\/wp-json\/wp\/v2\/product_tag?post=4162"}],"curies":[{"name":"wp","href":"https:\/\/api.w.org\/{rel}","templated":true}]}}