{"id":4171,"date":"2025-12-11T01:30:46","date_gmt":"2025-12-11T01:30:46","guid":{"rendered":"https:\/\/www.stanleypackage.com\/?post_type=product&#038;p=4171"},"modified":"2025-12-11T01:31:21","modified_gmt":"2025-12-11T01:31:21","slug":"food-packaging-roll-film","status":"publish","type":"product","link":"https:\/\/www.stanleypackage.com\/de\/product\/food-packaging-roll-film\/","title":{"rendered":"Lebensmittelverpackungsfolie, Spaghetti, bedruckte Rollenware"},"content":{"rendered":"<div class=\"wp-block-columns is-layout-flex wp-container-core-columns-is-layout-9d6595d7 wp-block-columns-is-layout-flex\">\n<div class=\"wp-block-column is-layout-flow wp-block-column-is-layout-flow\">\n<h2 class=\"wp-block-heading\">Merkmale der kundenspezifischen Lebensmittelverpackungsfolie<\/h2>\n\n\n\n<ul class=\"wp-block-list\">\n<li><strong>Effiziente Folienverpackung von der Rolle, geeignet f\u00fcr automatisierte Produktionslinien:<\/strong> Diese kundenspezifische Lebensmittelverpackungsfolie f\u00fcr Spaghetti eignet sich f\u00fcr automatische Hochgeschwindigkeitsverpackungsanlagen, verbessert die Produktionseffizienz und spart Arbeits- und Zeitkosten.<\/li>\n\n\n\n<li><strong>Entwurf einer Fenster\u00f6ffnung, die die Produktstruktur zeigt: <\/strong>Die Fenster\u00f6ffnung dieser individuell bedruckten Rollstock-Folie kann den Spaghetti-K\u00f6rper teilweise sichtbar machen und so die nat\u00fcrliche Textur und das Gef\u00fchl von Vertrauen verst\u00e4rken.<\/li>\n\n\n\n<li><strong>Unterst\u00fctzung von kundenspezifischen Logos auf der Verpackung:<\/strong> Unsere individuell bedruckte Lebensmittelverpackungsfolie f\u00fcr Spaghetti kann mit jedem beliebigen Logo versehen werden, um das Markenbewusstsein unserer Kunden zu st\u00e4rken.<\/li>\n\n\n\n<li><strong>Unterst\u00fctzt eine Vielzahl von Oberfl\u00e4chenprozessen zur Verbesserung visueller Effekte: <\/strong>Unsere individuell bedruckte Lebensmittelfolie kann mit speziellen Druckverfahren wie matt, gl\u00e4nzend, UV-Licht usw. bedruckt werden, um die Schichtung der Verpackung und die Wiedererkennung der Marke zu verbessern.<\/li>\n\n\n\n<li><strong>Geeignet f\u00fcr eine Vielzahl von Lebensmittelgr\u00f6\u00dfen und -formen, hohe Flexibilit\u00e4t:<\/strong> Unsere Lebensmittelverpackungsfolien auf Rollen k\u00f6nnen mit Druckmustern und Spezifikationen entsprechend den Kundenbed\u00fcrfnissen angepasst werden und eignen sich f\u00fcr Lebensmittelprodukte unterschiedlicher Gr\u00f6\u00dfe und Form.<\/li>\n<\/ul>\n\n\n\n<div class=\"wp-block-columns is-layout-flex wp-container-core-columns-is-layout-9d6595d7 wp-block-columns-is-layout-flex\">\n<div class=\"wp-block-column is-layout-flow wp-block-column-is-layout-flow\">\n<figure class=\"wp-block-image size-full\"><img decoding=\"async\" width=\"750\" height=\"750\" src=\"https:\/\/www.stanleypackage.com\/wp-content\/uploads\/2025\/12\/Custom-Printed-Roll-Stock-For-Spaghetti-Automatic-Packaging-Film-3.webp\" alt=\"\" class=\"wp-image-4172\" srcset=\"https:\/\/www.stanleypackage.com\/wp-content\/uploads\/2025\/12\/Custom-Printed-Roll-Stock-For-Spaghetti-Automatic-Packaging-Film-3.webp 750w, https:\/\/www.stanleypackage.com\/wp-content\/uploads\/2025\/12\/Custom-Printed-Roll-Stock-For-Spaghetti-Automatic-Packaging-Film-3-300x300.webp 300w, https:\/\/www.stanleypackage.com\/wp-content\/uploads\/2025\/12\/Custom-Printed-Roll-Stock-For-Spaghetti-Automatic-Packaging-Film-3-150x150.webp 150w, https:\/\/www.stanleypackage.com\/wp-content\/uploads\/2025\/12\/Custom-Printed-Roll-Stock-For-Spaghetti-Automatic-Packaging-Film-3-12x12.webp 12w, https:\/\/www.stanleypackage.com\/wp-content\/uploads\/2025\/12\/Custom-Printed-Roll-Stock-For-Spaghetti-Automatic-Packaging-Film-3-600x600.webp 600w, https:\/\/www.stanleypackage.com\/wp-content\/uploads\/2025\/12\/Custom-Printed-Roll-Stock-For-Spaghetti-Automatic-Packaging-Film-3-100x100.webp 100w\" sizes=\"(max-width: 750px) 100vw, 750px\" \/><\/figure>\n<\/div>\n\n\n\n<div class=\"wp-block-column is-layout-flow wp-block-column-is-layout-flow\">\n<figure class=\"wp-block-image size-full\"><img decoding=\"async\" width=\"750\" height=\"750\" src=\"https:\/\/www.stanleypackage.com\/wp-content\/uploads\/2025\/12\/Custom-Printed-Roll-Stock-For-Spaghetti-Automatic-Packaging-Film.webp\" alt=\"\" class=\"wp-image-4173\" srcset=\"https:\/\/www.stanleypackage.com\/wp-content\/uploads\/2025\/12\/Custom-Printed-Roll-Stock-For-Spaghetti-Automatic-Packaging-Film.webp 750w, https:\/\/www.stanleypackage.com\/wp-content\/uploads\/2025\/12\/Custom-Printed-Roll-Stock-For-Spaghetti-Automatic-Packaging-Film-300x300.webp 300w, https:\/\/www.stanleypackage.com\/wp-content\/uploads\/2025\/12\/Custom-Printed-Roll-Stock-For-Spaghetti-Automatic-Packaging-Film-150x150.webp 150w, https:\/\/www.stanleypackage.com\/wp-content\/uploads\/2025\/12\/Custom-Printed-Roll-Stock-For-Spaghetti-Automatic-Packaging-Film-12x12.webp 12w, https:\/\/www.stanleypackage.com\/wp-content\/uploads\/2025\/12\/Custom-Printed-Roll-Stock-For-Spaghetti-Automatic-Packaging-Film-600x600.webp 600w, https:\/\/www.stanleypackage.com\/wp-content\/uploads\/2025\/12\/Custom-Printed-Roll-Stock-For-Spaghetti-Automatic-Packaging-Film-100x100.webp 100w\" sizes=\"(max-width: 750px) 100vw, 750px\" \/><\/figure>\n<\/div>\n<\/div>\n<\/div>\n<\/div>","protected":false},"excerpt":{"rendered":"<p>Willkommen beim Kauf von Lebensmittelverpackungs-Rollenfolie. Diese lebensmittelechte, individuell bedruckte Spaghetti-Rollenfolie mit Fensterdesign unterst\u00fctzt ein individuelles Logo und eine Vielzahl von Spezialeffekten, wie z. B. matt, gl\u00e4nzend, UV, etc.<\/p>\n<table style=\"border-collapse: collapse; width: 365.02pt;\" border=\"0\" width=\"365\" cellspacing=\"0\" cellpadding=\"0\">\n<tbody>\n<tr style=\"height: 16.00pt;\">\n<td class=\"et2\" style=\"height: 16.00pt; width: 97.50pt;\" width=\"97\" height=\"16\">Hersteller<\/td>\n<td class=\"et2\" style=\"width: 267.50pt;\" width=\"267\">Stanley<\/td>\n<\/tr>\n<tr style=\"height: 16.00pt;\">\n<td class=\"et2\" style=\"height: 16.00pt; width: 97.50pt;\" width=\"97\" height=\"16\">Arten von Beuteln<\/td>\n<td class=\"et3\">Flexible Verpackungsfolie<\/td>\n<\/tr>\n<tr style=\"height: 16.00pt;\">\n<td class=\"et2\" style=\"height: 16.00pt; width: 97.50pt;\" width=\"97\" height=\"16\">Material<\/td>\n<td class=\"et2\" style=\"width: 267.50pt;\" width=\"267\">BOPP19\/PE60<\/td>\n<\/tr>\n<tr style=\"height: 16.00pt;\">\n<td class=\"et2\" style=\"height: 16.00pt; width: 97.50pt;\" width=\"97\" height=\"16\">Besonderes Merkmal<\/td>\n<td class=\"et2\" style=\"width: 267.50pt;\" width=\"267\">Automatische Verpackung<\/td>\n<\/tr>\n<tr style=\"height: 16.00pt;\">\n<td class=\"et2\" style=\"height: 16.00pt; width: 97.50pt;\" width=\"97\" height=\"16\">Handhabung der Oberfl\u00e4che<\/td>\n<td class=\"et2\" style=\"width: 267.50pt;\" width=\"267\">Tiefdruck<\/td>\n<\/tr>\n<tr style=\"height: 16.00pt;\">\n<td class=\"et2\" style=\"height: 16.00pt; width: 97.50pt;\" width=\"97\" height=\"16\">Farbe<\/td>\n<td class=\"et2\" style=\"width: 267.50pt;\" width=\"267\">Doppelseitiger Druck, bis zu 10 Farben<\/td>\n<\/tr>\n<tr style=\"height: 16.00pt;\">\n<td class=\"et2\" style=\"height: 16.00pt; width: 97.50pt;\" width=\"97\" height=\"16\">Verwendung<\/td>\n<td class=\"et2\" style=\"width: 267.50pt;\" width=\"267\">Spagehtti, Nudeln, Brot<\/td>\n<\/tr>\n<tr style=\"height: 16.00pt;\">\n<td class=\"et2\" style=\"height: 16.00pt; width: 97.50pt;\" width=\"97\" height=\"16\">MOQ<\/td>\n<td class=\"et2\" style=\"width: 267.50pt;\" width=\"267\">50.000 St\u00fcck<\/td>\n<\/tr>\n<tr style=\"height: 16.00pt;\">\n<td class=\"et2\" style=\"height: 16.00pt; width: 97.50pt;\" width=\"97\" height=\"16\">Individuelle Bestellung<\/td>\n<td class=\"et2\" style=\"width: 267.50pt;\" width=\"267\">Akzeptieren Sie OEM, unterst\u00fctzen Sie freie Probe<\/td>\n<\/tr>\n<\/tbody>\n<\/table>","protected":false},"featured_media":4175,"comment_status":"closed","ping_status":"closed","template":"","meta":{"_acf_changed":false},"product_brand":[],"product_cat":[26],"product_tag":[],"class_list":{"0":"post-4171","1":"product","2":"type-product","3":"status-publish","4":"has-post-thumbnail","6":"product_cat-packaging-film-manufacturer","7":"pa_food-packaging-dry-food-packaging","9":"first","10":"instock","11":"shipping-taxable","12":"product-type-simple"},"acf":[],"_links":{"self":[{"href":"https:\/\/www.stanleypackage.com\/de\/wp-json\/wp\/v2\/product\/4171","targetHints":{"allow":["GET"]}}],"collection":[{"href":"https:\/\/www.stanleypackage.com\/de\/wp-json\/wp\/v2\/product"}],"about":[{"href":"https:\/\/www.stanleypackage.com\/de\/wp-json\/wp\/v2\/types\/product"}],"replies":[{"embeddable":true,"href":"https:\/\/www.stanleypackage.com\/de\/wp-json\/wp\/v2\/comments?post=4171"}],"wp:featuredmedia":[{"embeddable":true,"href":"https:\/\/www.stanleypackage.com\/de\/wp-json\/wp\/v2\/media\/4175"}],"wp:attachment":[{"href":"https:\/\/www.stanleypackage.com\/de\/wp-json\/wp\/v2\/media?parent=4171"}],"wp:term":[{"taxonomy":"product_brand","embeddable":true,"href":"https:\/\/www.stanleypackage.com\/de\/wp-json\/wp\/v2\/product_brand?post=4171"},{"taxonomy":"product_cat","embeddable":true,"href":"https:\/\/www.stanleypackage.com\/de\/wp-json\/wp\/v2\/product_cat?post=4171"},{"taxonomy":"product_tag","embeddable":true,"href":"https:\/\/www.stanleypackage.com\/de\/wp-json\/wp\/v2\/product_tag?post=4171"}],"curies":[{"name":"wp","href":"https:\/\/api.w.org\/{rel}","templated":true}]}}