{"id":4255,"date":"2026-01-10T07:46:49","date_gmt":"2026-01-10T07:46:49","guid":{"rendered":"https:\/\/www.stanleypackage.com\/?post_type=product&#038;p=4255"},"modified":"2026-01-10T07:47:05","modified_gmt":"2026-01-10T07:47:05","slug":"hotel-amenities-packages","status":"publish","type":"product","link":"https:\/\/www.stanleypackage.com\/de\/product\/hotel-amenities-packages\/","title":{"rendered":"Individuelle Hotelausstattungspakete, Beutel aus wei\u00dfem Kraftpapier"},"content":{"rendered":"<div class=\"wp-block-columns is-layout-flex wp-container-core-columns-is-layout-9d6595d7 wp-block-columns-is-layout-flex\">\n<div class=\"wp-block-column is-layout-flow wp-block-column-is-layout-flow\">\n<h2 class=\"wp-block-heading\">Merkmale der individuellen Hotelausstattungspakete<\/h2>\n\n\n\n<ul class=\"wp-block-list\">\n<li><strong>Umweltvertr\u00e4gliche und biologisch abbaubare Materialien:<\/strong> F\u00fcr unsere ma\u00dfgeschneiderten Hotelausstattungspakete wird wei\u00dfes Kraftpapier verwendet, das die Normen f\u00fcr den Kontakt mit Lebensmitteln erf\u00fcllt, kombiniert mit biologisch abbaubarer Folie und Klebstoffen, die ein Gleichgewicht zwischen \u00f6kologischem Engagement und praktischer St\u00e4rke schaffen und dem Trend zur Entwicklung gr\u00fcner Hotels entsprechen.<\/li>\n\n\n\n<li><strong>Umfassende Unterst\u00fctzung bei der Anpassung: <\/strong>Wir bieten eine flexible Anpassung der Gr\u00f6\u00dfe, des Musters und der Struktur f\u00fcr unsere kundenspezifischen Hotelausstattungspakete und k\u00f6nnen auf der Grundlage von Flaschen- und Beh\u00e4lterformen passende Einlagen entwerfen, die das Image der Hotelmarke und die Anforderungen der G\u00e4stezimmer voll erf\u00fcllen.<\/li>\n\n\n\n<li><strong>Kostenlose Proben f\u00fcr Probeerfahrungen:<\/strong> Wir stellen unseren Hotelkunden kostenlose Muster unserer wei\u00dfen Kraftpapierverpackungen f\u00fcr Toilettenartikel zur Verf\u00fcgung, damit sie die Versiegelung der Verpackungen, die Druckeffekte und die Kompatibilit\u00e4t mit Toilettenartikeln testen k\u00f6nnen, was Ihnen hilft, fundierte Entscheidungen zu treffen.<\/li>\n\n\n\n<li><strong>Vielseitige Anwendung: <\/strong>Unsere ma\u00dfgeschneiderten Hotelausstattungspakete zeichnen sich durch ein einfaches und elegantes Design aus und eignen sich nicht nur f\u00fcr die \u00fcblichen G\u00e4stezimmerausstattungen wie Shampoo, Duschgel und Lotion, sondern auch f\u00fcr erweiterte Szenarien wie SPA-Sets und Mitgliedsgeschenke.<\/li>\n\n\n\n<li><strong>Leichtes Abrei\u00dfen und bequemes \u00d6ffnen:<\/strong> Unsere wei\u00dfe Kraftverpackung f\u00fcr Hotel-Toilettenartikel zeichnet sich durch ein benutzerfreundliches, leicht aufrei\u00dfbares Design aus, das es den G\u00e4sten erm\u00f6glicht, die Produkte leicht zu \u00f6ffnen und zu verwenden. So werden \u00c4sthetik und Bedienungskomfort miteinander kombiniert und das Erlebnis f\u00fcr die G\u00e4ste verbessert.<\/li>\n<\/ul>\n\n\n\n<div class=\"wp-block-columns is-layout-flex wp-container-core-columns-is-layout-9d6595d7 wp-block-columns-is-layout-flex\">\n<div class=\"wp-block-column is-layout-flow wp-block-column-is-layout-flow\">\n<figure class=\"wp-block-image size-full\"><img decoding=\"async\" width=\"750\" height=\"750\" src=\"https:\/\/www.stanleypackage.com\/wp-content\/uploads\/2026\/01\/White-Kraft-Paper-Three-sided-Sealed-Bags-Wholesale-Support-Custom-Printing-4.webp\" alt=\"\" class=\"wp-image-4256\" srcset=\"https:\/\/www.stanleypackage.com\/wp-content\/uploads\/2026\/01\/White-Kraft-Paper-Three-sided-Sealed-Bags-Wholesale-Support-Custom-Printing-4.webp 750w, https:\/\/www.stanleypackage.com\/wp-content\/uploads\/2026\/01\/White-Kraft-Paper-Three-sided-Sealed-Bags-Wholesale-Support-Custom-Printing-4-300x300.webp 300w, https:\/\/www.stanleypackage.com\/wp-content\/uploads\/2026\/01\/White-Kraft-Paper-Three-sided-Sealed-Bags-Wholesale-Support-Custom-Printing-4-150x150.webp 150w, https:\/\/www.stanleypackage.com\/wp-content\/uploads\/2026\/01\/White-Kraft-Paper-Three-sided-Sealed-Bags-Wholesale-Support-Custom-Printing-4-12x12.webp 12w, https:\/\/www.stanleypackage.com\/wp-content\/uploads\/2026\/01\/White-Kraft-Paper-Three-sided-Sealed-Bags-Wholesale-Support-Custom-Printing-4-600x600.webp 600w, https:\/\/www.stanleypackage.com\/wp-content\/uploads\/2026\/01\/White-Kraft-Paper-Three-sided-Sealed-Bags-Wholesale-Support-Custom-Printing-4-100x100.webp 100w\" sizes=\"(max-width: 750px) 100vw, 750px\" \/><\/figure>\n<\/div>\n\n\n\n<div class=\"wp-block-column is-layout-flow wp-block-column-is-layout-flow\">\n<figure class=\"wp-block-image size-full\"><img decoding=\"async\" width=\"750\" height=\"750\" src=\"https:\/\/www.stanleypackage.com\/wp-content\/uploads\/2026\/01\/White-Kraft-Paper-Three-sided-Sealed-Bags-Wholesale-Support-Custom-Printing-3.webp\" alt=\"\" class=\"wp-image-4257\" srcset=\"https:\/\/www.stanleypackage.com\/wp-content\/uploads\/2026\/01\/White-Kraft-Paper-Three-sided-Sealed-Bags-Wholesale-Support-Custom-Printing-3.webp 750w, https:\/\/www.stanleypackage.com\/wp-content\/uploads\/2026\/01\/White-Kraft-Paper-Three-sided-Sealed-Bags-Wholesale-Support-Custom-Printing-3-300x300.webp 300w, https:\/\/www.stanleypackage.com\/wp-content\/uploads\/2026\/01\/White-Kraft-Paper-Three-sided-Sealed-Bags-Wholesale-Support-Custom-Printing-3-150x150.webp 150w, https:\/\/www.stanleypackage.com\/wp-content\/uploads\/2026\/01\/White-Kraft-Paper-Three-sided-Sealed-Bags-Wholesale-Support-Custom-Printing-3-12x12.webp 12w, https:\/\/www.stanleypackage.com\/wp-content\/uploads\/2026\/01\/White-Kraft-Paper-Three-sided-Sealed-Bags-Wholesale-Support-Custom-Printing-3-600x600.webp 600w, https:\/\/www.stanleypackage.com\/wp-content\/uploads\/2026\/01\/White-Kraft-Paper-Three-sided-Sealed-Bags-Wholesale-Support-Custom-Printing-3-100x100.webp 100w\" sizes=\"(max-width: 750px) 100vw, 750px\" \/><\/figure>\n<\/div>\n<\/div>\n<\/div>\n<\/div>","protected":false},"excerpt":{"rendered":"<p>Willkommen bei der Bestellung kundenspezifischer Hotelausstattungspakete. Unsere wei\u00dfe Kraft Hotel Toilettenartikel Verpackung verwendet umweltfreundliche Materialien, unterst\u00fctzt die volle Marke Anpassung und OEM \/ ODM Zusammenarbeit und bietet kostenlose Probe Testdienstleistungen.<\/p>\n<table style=\"border-collapse: collapse; width: 365.02pt;\" border=\"0\" width=\"365\" cellspacing=\"0\" cellpadding=\"0\">\n<tbody>\n<tr style=\"height: 16.00pt;\">\n<td class=\"et2\" style=\"height: 16.00pt; width: 97.50pt;\" width=\"97\" height=\"16\">Hersteller<\/td>\n<td class=\"et2\" style=\"width: 267.50pt;\" width=\"267\">Stanley<\/td>\n<\/tr>\n<tr style=\"height: 16.00pt;\">\n<td class=\"et2\" style=\"height: 16.00pt; width: 97.50pt;\" width=\"97\" height=\"16\">Arten von Beuteln<\/td>\n<td class=\"et3\">Dreiseitig versiegelter Beutel<span class=\"font1\">, <\/span><span class=\"font0\">Flachlegende Tasche<\/span><\/td>\n<\/tr>\n<tr style=\"height: 16.00pt;\">\n<td class=\"et2\" style=\"height: 16.00pt; width: 97.50pt;\" width=\"97\" height=\"16\">Material<\/td>\n<td class=\"et2\" style=\"width: 267.50pt;\" width=\"267\">60g Kraftpapier mit biologisch abbaubarer Beschichtung<\/td>\n<\/tr>\n<tr style=\"height: 16.00pt;\">\n<td class=\"et2\" style=\"height: 16.00pt; width: 97.50pt;\" width=\"97\" height=\"16\">Besonderes Merkmal<\/td>\n<td class=\"et2\" style=\"width: 267.50pt;\" width=\"267\">Risskerbe, untere F\u00fcllung<\/td>\n<\/tr>\n<tr style=\"height: 16.00pt;\">\n<td class=\"et2\" style=\"height: 16.00pt; width: 97.50pt;\" width=\"97\" height=\"16\">Handhabung der Oberfl\u00e4che<\/td>\n<td class=\"et2\" style=\"width: 267.50pt;\" width=\"267\">Tiefdruck<\/td>\n<\/tr>\n<tr style=\"height: 16.00pt;\">\n<td class=\"et2\" style=\"height: 16.00pt; width: 97.50pt;\" width=\"97\" height=\"16\">Farbe<\/td>\n<td class=\"et2\" style=\"width: 267.50pt;\" width=\"267\">Beidseitiger Druck, bis zu 10 Farben<\/td>\n<\/tr>\n<tr style=\"height: 16.00pt;\">\n<td class=\"et2\" style=\"height: 16.00pt; width: 97.50pt;\" width=\"97\" height=\"16\">Verwendung<\/td>\n<td class=\"et2\" style=\"width: 267.50pt;\" width=\"267\">Kamm, Wattest\u00e4bchen, Zahnstocher, Haarb\u00fcrste<\/td>\n<\/tr>\n<tr style=\"height: 16.00pt;\">\n<td class=\"et2\" style=\"height: 16.00pt; width: 97.50pt;\" width=\"97\" height=\"16\">MOQ<\/td>\n<td class=\"et2\" style=\"width: 267.50pt;\" width=\"267\">50.000 St\u00fcck<\/td>\n<\/tr>\n<tr style=\"height: 16.00pt;\">\n<td class=\"et2\" style=\"height: 16.00pt; width: 97.50pt;\" width=\"97\" height=\"16\">Individuelle Bestellung<\/td>\n<td class=\"et2\" style=\"width: 267.50pt;\" width=\"267\">Akzeptieren Sie OEM &amp; ODM, unterst\u00fctzen Sie freie Probe<\/td>\n<\/tr>\n<\/tbody>\n<\/table>\n<p>&nbsp;<\/p>","protected":false},"featured_media":4258,"comment_status":"closed","ping_status":"closed","template":"","meta":{"_acf_changed":false},"product_brand":[],"product_cat":[31,28],"product_tag":[],"class_list":{"0":"post-4255","1":"product","2":"type-product","3":"status-publish","4":"has-post-thumbnail","6":"product_cat-lay-flat-pouch-manufacturer","7":"product_cat-three-side-seal-pouch-manufacturer","8":"pa_non-food-packaging-hotel-supplies-packaging","10":"first","11":"instock","12":"shipping-taxable","13":"product-type-simple"},"acf":[],"_links":{"self":[{"href":"https:\/\/www.stanleypackage.com\/de\/wp-json\/wp\/v2\/product\/4255","targetHints":{"allow":["GET"]}}],"collection":[{"href":"https:\/\/www.stanleypackage.com\/de\/wp-json\/wp\/v2\/product"}],"about":[{"href":"https:\/\/www.stanleypackage.com\/de\/wp-json\/wp\/v2\/types\/product"}],"replies":[{"embeddable":true,"href":"https:\/\/www.stanleypackage.com\/de\/wp-json\/wp\/v2\/comments?post=4255"}],"wp:featuredmedia":[{"embeddable":true,"href":"https:\/\/www.stanleypackage.com\/de\/wp-json\/wp\/v2\/media\/4258"}],"wp:attachment":[{"href":"https:\/\/www.stanleypackage.com\/de\/wp-json\/wp\/v2\/media?parent=4255"}],"wp:term":[{"taxonomy":"product_brand","embeddable":true,"href":"https:\/\/www.stanleypackage.com\/de\/wp-json\/wp\/v2\/product_brand?post=4255"},{"taxonomy":"product_cat","embeddable":true,"href":"https:\/\/www.stanleypackage.com\/de\/wp-json\/wp\/v2\/product_cat?post=4255"},{"taxonomy":"product_tag","embeddable":true,"href":"https:\/\/www.stanleypackage.com\/de\/wp-json\/wp\/v2\/product_tag?post=4255"}],"curies":[{"name":"wp","href":"https:\/\/api.w.org\/{rel}","templated":true}]}}