{"id":4262,"date":"2026-01-10T08:01:07","date_gmt":"2026-01-10T08:01:07","guid":{"rendered":"https:\/\/www.stanleypackage.com\/?post_type=product&#038;p=4262"},"modified":"2026-01-10T08:05:10","modified_gmt":"2026-01-10T08:05:10","slug":"custom-printed-flat-pouch","status":"publish","type":"product","link":"https:\/\/www.stanleypackage.com\/de\/product\/custom-printed-flat-pouch\/","title":{"rendered":"Umweltfreundlicher, individuell bedruckter Flachbeutel f\u00fcr Hotel-Toilettenartikel"},"content":{"rendered":"<div class=\"wp-block-columns is-layout-flex wp-container-core-columns-is-layout-9d6595d7 wp-block-columns-is-layout-flex\">\n<div class=\"wp-block-column is-layout-flow wp-block-column-is-layout-flow\">\n<h2 class=\"wp-block-heading\">Merkmale der Custom-Printed Flat Pouch<\/h2>\n\n\n\n<ul class=\"wp-block-list\">\n<li><strong>Umweltvertr\u00e4gliche und biologisch abbaubare Materialien:<\/strong> Unsere r\u00fcckseitig bedruckten Flachbeutel aus Kraftpapier werden aus einseitig furniertem 60g-Papier hergestellt und mit einer biologisch abbaubaren Klebeschicht versehen, um der wachsenden Nachfrage nach nachhaltigen Verpackungen gerecht zu werden. Dieses Design schafft ein Gleichgewicht zwischen Haltbarkeit und Umweltverantwortung.<\/li>\n\n\n\n<li><strong>Feuchtigkeitssicheres und aromaschonendes Back-Seal-Design: <\/strong>Die R\u00fcckseitenversiegelung dieser kundenspezifischen Kraftpapierbeutel gew\u00e4hrleistet eine dichte Versiegelung, die den Inhalt vor Luft und Feuchtigkeit sch\u00fctzt und so die Qualit\u00e4t und den Duft von Hotel-Toilettenartikeln wie Seifen, Shampoos und Lotionen bewahrt.<\/li>\n\n\n\n<li><strong>Unterst\u00fctzung der vollst\u00e4ndigen Prozessanpassung:<\/strong> Wir bieten eine vollst\u00e4ndige Anpassung dieser umweltfreundlichen, individuell bedruckten Flachbeutel an, einschlie\u00dflich Gr\u00f6\u00dfe, Druckgrafik und Verpackungsstruktur, um Ihren individuellen Anforderungen an das Branding und Design von Hotelprodukten gerecht zu werden.<\/li>\n\n\n\n<li><strong>Kostenlose Proben f\u00fcr erste Erfahrungen:<\/strong> Unsere kundenspezifischen Kraftpapierbeutel werden mit einem kostenlosen Musterservice geliefert, der es Ihnen erm\u00f6glicht, die Qualit\u00e4t der Verpackung und die Kompatibilit\u00e4t mit dem Branding Ihres Hotels zu beurteilen, bevor Sie sich entscheiden.<\/li>\n\n\n\n<li><strong>Vielseitig und praktisch: <\/strong>Diese individuell bedruckten Flachbeutel sind ideal f\u00fcr eine breite Palette von Hotel-Toilettenartikeln, von Seifen \u00fcber Lotionen bis hin zu Shampoos, und kombinieren funktionelle Verpackung mit einem eleganten, markenf\u00f6rdernden Erscheinungsbild.<\/li>\n\n\n\n<li><strong>Bequemes, leicht abrei\u00dfbares Design: <\/strong>Mit ihrer leicht aufrei\u00dfbaren \u00d6ffnung bieten diese Beutel den G\u00e4sten eine einfache und bequeme M\u00f6glichkeit, auf ihre Toilettenartikel zuzugreifen, und verbessern so das Benutzererlebnis, w\u00e4hrend sie gleichzeitig einen minimalistischen Look beibehalten.<\/li>\n<\/ul>\n\n\n\n<div class=\"wp-block-columns is-layout-flex wp-container-core-columns-is-layout-9d6595d7 wp-block-columns-is-layout-flex\">\n<div class=\"wp-block-column is-layout-flow wp-block-column-is-layout-flow\">\n<figure class=\"wp-block-image size-full\"><img decoding=\"async\" width=\"750\" height=\"750\" src=\"https:\/\/www.stanleypackage.com\/wp-content\/uploads\/2026\/01\/Wholesale-Back-Sealed-Kraft-Paper-Pouches-Support-Custom-Printing-3.webp\" alt=\"\" class=\"wp-image-4264\" srcset=\"https:\/\/www.stanleypackage.com\/wp-content\/uploads\/2026\/01\/Wholesale-Back-Sealed-Kraft-Paper-Pouches-Support-Custom-Printing-3.webp 750w, https:\/\/www.stanleypackage.com\/wp-content\/uploads\/2026\/01\/Wholesale-Back-Sealed-Kraft-Paper-Pouches-Support-Custom-Printing-3-300x300.webp 300w, https:\/\/www.stanleypackage.com\/wp-content\/uploads\/2026\/01\/Wholesale-Back-Sealed-Kraft-Paper-Pouches-Support-Custom-Printing-3-150x150.webp 150w, https:\/\/www.stanleypackage.com\/wp-content\/uploads\/2026\/01\/Wholesale-Back-Sealed-Kraft-Paper-Pouches-Support-Custom-Printing-3-12x12.webp 12w, https:\/\/www.stanleypackage.com\/wp-content\/uploads\/2026\/01\/Wholesale-Back-Sealed-Kraft-Paper-Pouches-Support-Custom-Printing-3-600x600.webp 600w, https:\/\/www.stanleypackage.com\/wp-content\/uploads\/2026\/01\/Wholesale-Back-Sealed-Kraft-Paper-Pouches-Support-Custom-Printing-3-100x100.webp 100w\" sizes=\"(max-width: 750px) 100vw, 750px\" \/><\/figure>\n<\/div>\n\n\n\n<div class=\"wp-block-column is-layout-flow wp-block-column-is-layout-flow\">\n<figure class=\"wp-block-image size-full\"><img decoding=\"async\" width=\"750\" height=\"750\" src=\"https:\/\/www.stanleypackage.com\/wp-content\/uploads\/2026\/01\/Wholesale-Back-Sealed-Kraft-Paper-Pouches-Support-Custom-Printing-5.webp\" alt=\"\" class=\"wp-image-4263\" srcset=\"https:\/\/www.stanleypackage.com\/wp-content\/uploads\/2026\/01\/Wholesale-Back-Sealed-Kraft-Paper-Pouches-Support-Custom-Printing-5.webp 750w, https:\/\/www.stanleypackage.com\/wp-content\/uploads\/2026\/01\/Wholesale-Back-Sealed-Kraft-Paper-Pouches-Support-Custom-Printing-5-300x300.webp 300w, https:\/\/www.stanleypackage.com\/wp-content\/uploads\/2026\/01\/Wholesale-Back-Sealed-Kraft-Paper-Pouches-Support-Custom-Printing-5-150x150.webp 150w, https:\/\/www.stanleypackage.com\/wp-content\/uploads\/2026\/01\/Wholesale-Back-Sealed-Kraft-Paper-Pouches-Support-Custom-Printing-5-12x12.webp 12w, https:\/\/www.stanleypackage.com\/wp-content\/uploads\/2026\/01\/Wholesale-Back-Sealed-Kraft-Paper-Pouches-Support-Custom-Printing-5-600x600.webp 600w, https:\/\/www.stanleypackage.com\/wp-content\/uploads\/2026\/01\/Wholesale-Back-Sealed-Kraft-Paper-Pouches-Support-Custom-Printing-5-100x100.webp 100w\" sizes=\"(max-width: 750px) 100vw, 750px\" \/><\/figure>\n<\/div>\n<\/div>\n<\/div>\n<\/div>\n\n\n\n<p><\/p>","protected":false},"excerpt":{"rendered":"<p>Willkommen bei der Bestellung von individuell bedruckten Flachbeuteln. Unsere Gro\u00dfhandel zur\u00fcck Dichtung Kraftpapier Hotel Toilettenartikel Verpackung sind aus lebensmittelechten und umweltfreundlichen Materialien, unterst\u00fctzen benutzerdefinierte Druck und OEM \/ ODM, und bieten kostenlose Proben.<\/p>\n<table style=\"border-collapse: collapse; width: 365.02pt;\" border=\"0\" width=\"365\" cellspacing=\"0\" cellpadding=\"0\">\n<tbody>\n<tr style=\"height: 16.00pt;\">\n<td class=\"et2\" style=\"height: 16.00pt; width: 97.50pt;\" width=\"97\" height=\"16\">Hersteller<\/td>\n<td class=\"et2\" style=\"width: 267.50pt;\" width=\"267\">Stanley<\/td>\n<\/tr>\n<tr style=\"height: 16.00pt;\">\n<td class=\"et2\" style=\"height: 16.00pt; width: 97.50pt;\" width=\"97\" height=\"16\">Arten von Beuteln<\/td>\n<td class=\"et3\">R\u00fcckenversiegelungstasche<span class=\"font1\">, <\/span><span class=\"font0\">Flachlegende Tasche<\/span><\/td>\n<\/tr>\n<tr style=\"height: 16.00pt;\">\n<td class=\"et2\" style=\"height: 16.00pt; width: 97.50pt;\" width=\"97\" height=\"16\">Material<\/td>\n<td class=\"et2\" style=\"width: 267.50pt;\" width=\"267\">60g Kraftpapier mit biologisch abbaubarer Beschichtung<\/td>\n<\/tr>\n<tr style=\"height: 16.00pt;\">\n<td class=\"et2\" style=\"height: 16.00pt; width: 97.50pt;\" width=\"97\" height=\"16\">Besonderes Merkmal<\/td>\n<td class=\"et2\" style=\"width: 267.50pt;\" width=\"267\">Risskerbe, untere F\u00fcllung<\/td>\n<\/tr>\n<tr style=\"height: 16.00pt;\">\n<td class=\"et2\" style=\"height: 16.00pt; width: 97.50pt;\" width=\"97\" height=\"16\">Handhabung der Oberfl\u00e4che<\/td>\n<td class=\"et2\" style=\"width: 267.50pt;\" width=\"267\">Tiefdruck<\/td>\n<\/tr>\n<tr style=\"height: 16.00pt;\">\n<td class=\"et2\" style=\"height: 16.00pt; width: 97.50pt;\" width=\"97\" height=\"16\">Farbe<\/td>\n<td class=\"et2\" style=\"width: 267.50pt;\" width=\"267\">Beidseitiger Druck, bis zu 10 Farben<\/td>\n<\/tr>\n<tr style=\"height: 16.00pt;\">\n<td class=\"et2\" style=\"height: 16.00pt; width: 97.50pt;\" width=\"97\" height=\"16\">Verwendung<\/td>\n<td class=\"et2\" style=\"width: 267.50pt;\" width=\"267\">Kamm, Wattest\u00e4bchen, Zahnstocher, Haarb\u00fcrste<\/td>\n<\/tr>\n<tr style=\"height: 16.00pt;\">\n<td class=\"et2\" style=\"height: 16.00pt; width: 97.50pt;\" width=\"97\" height=\"16\">MOQ<\/td>\n<td class=\"et2\" style=\"width: 267.50pt;\" width=\"267\">50.000 St\u00fcck<\/td>\n<\/tr>\n<tr style=\"height: 16.00pt;\">\n<td class=\"et2\" style=\"height: 16.00pt; width: 97.50pt;\" width=\"97\" height=\"16\">Individuelle Bestellung<\/td>\n<td class=\"et2\" style=\"width: 267.50pt;\" width=\"267\">Akzeptieren Sie OEM &amp; ODM, unterst\u00fctzen Sie freie Probe<\/td>\n<\/tr>\n<\/tbody>\n<\/table>\n<p>&nbsp;<\/p>","protected":false},"featured_media":4265,"comment_status":"closed","ping_status":"closed","template":"","meta":{"_acf_changed":false},"product_brand":[],"product_cat":[59,31],"product_tag":[],"class_list":{"0":"post-4262","1":"product","2":"type-product","3":"status-publish","4":"has-post-thumbnail","6":"product_cat-pillow-pouch-manufacturer","7":"product_cat-lay-flat-pouch-manufacturer","8":"pa_material-kraft-paper","9":"pa_non-food-packaging-hotel-supplies-packaging","11":"first","12":"instock","13":"shipping-taxable","14":"product-type-simple"},"acf":[],"_links":{"self":[{"href":"https:\/\/www.stanleypackage.com\/de\/wp-json\/wp\/v2\/product\/4262","targetHints":{"allow":["GET"]}}],"collection":[{"href":"https:\/\/www.stanleypackage.com\/de\/wp-json\/wp\/v2\/product"}],"about":[{"href":"https:\/\/www.stanleypackage.com\/de\/wp-json\/wp\/v2\/types\/product"}],"replies":[{"embeddable":true,"href":"https:\/\/www.stanleypackage.com\/de\/wp-json\/wp\/v2\/comments?post=4262"}],"wp:featuredmedia":[{"embeddable":true,"href":"https:\/\/www.stanleypackage.com\/de\/wp-json\/wp\/v2\/media\/4265"}],"wp:attachment":[{"href":"https:\/\/www.stanleypackage.com\/de\/wp-json\/wp\/v2\/media?parent=4262"}],"wp:term":[{"taxonomy":"product_brand","embeddable":true,"href":"https:\/\/www.stanleypackage.com\/de\/wp-json\/wp\/v2\/product_brand?post=4262"},{"taxonomy":"product_cat","embeddable":true,"href":"https:\/\/www.stanleypackage.com\/de\/wp-json\/wp\/v2\/product_cat?post=4262"},{"taxonomy":"product_tag","embeddable":true,"href":"https:\/\/www.stanleypackage.com\/de\/wp-json\/wp\/v2\/product_tag?post=4262"}],"curies":[{"name":"wp","href":"https:\/\/api.w.org\/{rel}","templated":true}]}}