{"id":4268,"date":"2026-01-10T08:10:00","date_gmt":"2026-01-10T08:10:00","guid":{"rendered":"https:\/\/www.stanleypackage.com\/?post_type=product&#038;p=4268"},"modified":"2026-01-10T08:10:13","modified_gmt":"2026-01-10T08:10:13","slug":"paper-pouches-wholesale","status":"publish","type":"product","link":"https:\/\/www.stanleypackage.com\/de\/product\/paper-pouches-wholesale\/","title":{"rendered":"Back Seal Zuckerrohr Papierbeutel Gro\u00dfhandel, Unterst\u00fctzung OEM"},"content":{"rendered":"<div class=\"wp-block-columns is-layout-flex wp-container-core-columns-is-layout-9d6595d7 wp-block-columns-is-layout-flex\">\n<div class=\"wp-block-column is-layout-flow wp-block-column-is-layout-flow\">\n<h2 class=\"wp-block-heading\">Merkmale von Zuckerrohr Papierbeutel Gro\u00dfhandel<\/h2>\n\n\n\n<ul class=\"wp-block-list\">\n<li><strong>Umweltvertr\u00e4gliche und biologisch abbaubare Materialien:<\/strong> F\u00fcr unsere r\u00fcckseitig versiegelten Papierbeutel im Gro\u00dfhandel wird Zuckerrohrpapier mit einer biologisch abbaubaren Klebeschicht verwendet, wodurch die Umweltverschmutzung wirksam reduziert und Ressourcen gespart werden k\u00f6nnen, was dem Trend zu umweltfreundlichen Verpackungen entspricht und ein Gleichgewicht zwischen Festigkeit und Umweltanforderungen schafft.<\/li>\n\n\n\n<li><strong>Feuchtigkeitssichere und aromaschonende R\u00fcckseitenversiegelung: <\/strong>Die versiegelte R\u00fcckseite dieser kundenspezifischen Zuckerrohr-Papierbeutel isoliert effektiv Luft und Feuchtigkeit und verl\u00e4ngert so die Haltbarkeit und den Geschmack von Lebensmitteln, Tee und anderen Produkten.<\/li>\n\n\n\n<li><strong>Unterst\u00fctzung der vollst\u00e4ndigen Prozessanpassung: <\/strong>Wir bieten eine flexible Anpassung der Gr\u00f6\u00dfe, der gedruckten Grafiken und der Verpackungsstruktur f\u00fcr Zuckerrohr-Papierbeutel im Gro\u00dfhandel, um verschiedene OEM\/ODM-Markenanforderungen zu erf\u00fcllen.<\/li>\n\n\n\n<li><strong>Kostenlose Proben f\u00fcr erste Erfahrungen: <\/strong>Unsere ma\u00dfgefertigten Zuckerrohrpapierbeutel bieten einen kostenlosen Musterservice, der es den Kunden erm\u00f6glicht, die Qualit\u00e4t und Eignung der Verpackung vor Ort zu \u00fcberpr\u00fcfen und so das Entscheidungsrisiko zu verringern.<\/li>\n\n\n\n<li><strong>\u00c4u\u00dferst anpassungsf\u00e4hig an verschiedene Szenarien:<\/strong> Diese Back Seal Zuckerrohr Papierbeutel Gro\u00dfhandel sind weithin anwendbar auf verschiedene leichte Produkte wie Snacks, getrocknete Waren und Tee, ausgewogene Praktikabilit\u00e4t mit Marke Display-Effekte.<\/li>\n\n\n\n<li><strong>Hohe Qualit\u00e4t:<\/strong> Unsere ma\u00dfgefertigten Zuckerrohrpapierbeutel zeichnen sich durch hochwertige Papiereigenschaften aus, die sich durch hervorragende Festigkeit, guten Glanz und weiche Fasern auszeichnen.<\/li>\n<\/ul>\n\n\n\n<div class=\"wp-block-columns is-layout-flex wp-container-core-columns-is-layout-9d6595d7 wp-block-columns-is-layout-flex\">\n<div class=\"wp-block-column is-layout-flow wp-block-column-is-layout-flow\">\n<figure class=\"wp-block-image size-full\"><img decoding=\"async\" width=\"750\" height=\"750\" src=\"https:\/\/www.stanleypackage.com\/wp-content\/uploads\/2026\/01\/Back-Sealed-Sugarcane-Paper-Pouches-Wholesale-Support-Custom-Printing-3.webp\" alt=\"\" class=\"wp-image-4269\" srcset=\"https:\/\/www.stanleypackage.com\/wp-content\/uploads\/2026\/01\/Back-Sealed-Sugarcane-Paper-Pouches-Wholesale-Support-Custom-Printing-3.webp 750w, https:\/\/www.stanleypackage.com\/wp-content\/uploads\/2026\/01\/Back-Sealed-Sugarcane-Paper-Pouches-Wholesale-Support-Custom-Printing-3-300x300.webp 300w, https:\/\/www.stanleypackage.com\/wp-content\/uploads\/2026\/01\/Back-Sealed-Sugarcane-Paper-Pouches-Wholesale-Support-Custom-Printing-3-150x150.webp 150w, https:\/\/www.stanleypackage.com\/wp-content\/uploads\/2026\/01\/Back-Sealed-Sugarcane-Paper-Pouches-Wholesale-Support-Custom-Printing-3-12x12.webp 12w, https:\/\/www.stanleypackage.com\/wp-content\/uploads\/2026\/01\/Back-Sealed-Sugarcane-Paper-Pouches-Wholesale-Support-Custom-Printing-3-600x600.webp 600w, https:\/\/www.stanleypackage.com\/wp-content\/uploads\/2026\/01\/Back-Sealed-Sugarcane-Paper-Pouches-Wholesale-Support-Custom-Printing-3-100x100.webp 100w\" sizes=\"(max-width: 750px) 100vw, 750px\" \/><\/figure>\n<\/div>\n\n\n\n<div class=\"wp-block-column is-layout-flow wp-block-column-is-layout-flow\">\n<figure class=\"wp-block-image size-full\"><img decoding=\"async\" width=\"750\" height=\"750\" src=\"https:\/\/www.stanleypackage.com\/wp-content\/uploads\/2026\/01\/Back-Sealed-Sugarcane-Paper-Pouches-Wholesale-Support-Custom-Printing-4.webp\" alt=\"\" class=\"wp-image-4270\" srcset=\"https:\/\/www.stanleypackage.com\/wp-content\/uploads\/2026\/01\/Back-Sealed-Sugarcane-Paper-Pouches-Wholesale-Support-Custom-Printing-4.webp 750w, https:\/\/www.stanleypackage.com\/wp-content\/uploads\/2026\/01\/Back-Sealed-Sugarcane-Paper-Pouches-Wholesale-Support-Custom-Printing-4-300x300.webp 300w, https:\/\/www.stanleypackage.com\/wp-content\/uploads\/2026\/01\/Back-Sealed-Sugarcane-Paper-Pouches-Wholesale-Support-Custom-Printing-4-150x150.webp 150w, https:\/\/www.stanleypackage.com\/wp-content\/uploads\/2026\/01\/Back-Sealed-Sugarcane-Paper-Pouches-Wholesale-Support-Custom-Printing-4-12x12.webp 12w, https:\/\/www.stanleypackage.com\/wp-content\/uploads\/2026\/01\/Back-Sealed-Sugarcane-Paper-Pouches-Wholesale-Support-Custom-Printing-4-600x600.webp 600w, https:\/\/www.stanleypackage.com\/wp-content\/uploads\/2026\/01\/Back-Sealed-Sugarcane-Paper-Pouches-Wholesale-Support-Custom-Printing-4-100x100.webp 100w\" sizes=\"(max-width: 750px) 100vw, 750px\" \/><\/figure>\n<\/div>\n<\/div>\n<\/div>\n<\/div>","protected":false},"excerpt":{"rendered":"<p>Willkommen zu bestellen benutzerdefinierte Papierbeutel. Unsere Back Seal Zuckerrohr Papierbeutel Gro\u00dfhandel sind aus lebensmittelechten und umweltfreundlichen Materialien, unterst\u00fctzen benutzerdefinierte Druck und OEM \/ ODM, und bieten kostenlose Proben.<\/p>\n<table style=\"border-collapse: collapse; width: 365.02pt;\" border=\"0\" width=\"365\" cellspacing=\"0\" cellpadding=\"0\">\n<tbody>\n<tr style=\"height: 16.00pt;\">\n<td class=\"et2\" style=\"height: 16.00pt; width: 97.50pt;\" width=\"97\" height=\"16\">Hersteller<\/td>\n<td class=\"et2\" style=\"width: 267.50pt;\" width=\"267\">Stanley<\/td>\n<\/tr>\n<tr style=\"height: 16.00pt;\">\n<td class=\"et2\" style=\"height: 16.00pt; width: 97.50pt;\" width=\"97\" height=\"16\">Arten von Beuteln<\/td>\n<td class=\"et3\">R\u00fcckenversiegelungstasche<span class=\"font1\">, <\/span><span class=\"font0\">Flachlegende Tasche<\/span><\/td>\n<\/tr>\n<tr style=\"height: 16.00pt;\">\n<td class=\"et2\" style=\"height: 16.00pt; width: 97.50pt;\" width=\"97\" height=\"16\">Material<\/td>\n<td class=\"et2\" style=\"width: 267.50pt;\" width=\"267\">80g Zuckerrohrpapier mit biologisch abbaubarer Beschichtung<\/td>\n<\/tr>\n<tr style=\"height: 16.00pt;\">\n<td class=\"et2\" style=\"height: 16.00pt; width: 97.50pt;\" width=\"97\" height=\"16\">Besonderes Merkmal<\/td>\n<td class=\"et2\" style=\"width: 267.50pt;\" width=\"267\">Risskerbe, untere F\u00fcllung<\/td>\n<\/tr>\n<tr style=\"height: 16.00pt;\">\n<td class=\"et2\" style=\"height: 16.00pt; width: 97.50pt;\" width=\"97\" height=\"16\">Handhabung der Oberfl\u00e4che<\/td>\n<td class=\"et2\" style=\"width: 267.50pt;\" width=\"267\">Tiefdruck<\/td>\n<\/tr>\n<tr style=\"height: 16.00pt;\">\n<td class=\"et2\" style=\"height: 16.00pt; width: 97.50pt;\" width=\"97\" height=\"16\">Farbe<\/td>\n<td class=\"et2\" style=\"width: 267.50pt;\" width=\"267\">Beidseitiger Druck, bis zu 10 Farben<\/td>\n<\/tr>\n<tr style=\"height: 16.00pt;\">\n<td class=\"et2\" style=\"height: 16.00pt; width: 97.50pt;\" width=\"97\" height=\"16\">Verwendung<\/td>\n<td class=\"et2\" style=\"width: 267.50pt;\" width=\"267\">S\u00fc\u00dfigkeiten, Snacks, Trockenfr\u00fcchte, Gelee<\/td>\n<\/tr>\n<tr style=\"height: 16.00pt;\">\n<td class=\"et2\" style=\"height: 16.00pt; width: 97.50pt;\" width=\"97\" height=\"16\">MOQ<\/td>\n<td class=\"et2\" style=\"width: 267.50pt;\" width=\"267\">50.000 St\u00fcck<\/td>\n<\/tr>\n<tr style=\"height: 16.00pt;\">\n<td class=\"et2\" style=\"height: 16.00pt; width: 97.50pt;\" width=\"97\" height=\"16\">Individuelle Bestellung<\/td>\n<td class=\"et2\" style=\"width: 267.50pt;\" width=\"267\">Akzeptieren Sie OEM &amp; ODM, unterst\u00fctzen Sie freie Probe<\/td>\n<\/tr>\n<\/tbody>\n<\/table>\n<p>&nbsp;<\/p>","protected":false},"featured_media":4271,"comment_status":"closed","ping_status":"closed","template":"","meta":{"_acf_changed":false},"product_brand":[],"product_cat":[59,31],"product_tag":[],"class_list":{"0":"post-4268","1":"product","2":"type-product","3":"status-publish","4":"has-post-thumbnail","6":"product_cat-pillow-pouch-manufacturer","7":"product_cat-lay-flat-pouch-manufacturer","8":"pa_food-packaging-tea-pouch-packaging","9":"pa_food-packaging-snack-food-pouch","10":"pa_material-biodegradable","12":"first","13":"instock","14":"shipping-taxable","15":"product-type-simple"},"acf":[],"_links":{"self":[{"href":"https:\/\/www.stanleypackage.com\/de\/wp-json\/wp\/v2\/product\/4268","targetHints":{"allow":["GET"]}}],"collection":[{"href":"https:\/\/www.stanleypackage.com\/de\/wp-json\/wp\/v2\/product"}],"about":[{"href":"https:\/\/www.stanleypackage.com\/de\/wp-json\/wp\/v2\/types\/product"}],"replies":[{"embeddable":true,"href":"https:\/\/www.stanleypackage.com\/de\/wp-json\/wp\/v2\/comments?post=4268"}],"wp:featuredmedia":[{"embeddable":true,"href":"https:\/\/www.stanleypackage.com\/de\/wp-json\/wp\/v2\/media\/4271"}],"wp:attachment":[{"href":"https:\/\/www.stanleypackage.com\/de\/wp-json\/wp\/v2\/media?parent=4268"}],"wp:term":[{"taxonomy":"product_brand","embeddable":true,"href":"https:\/\/www.stanleypackage.com\/de\/wp-json\/wp\/v2\/product_brand?post=4268"},{"taxonomy":"product_cat","embeddable":true,"href":"https:\/\/www.stanleypackage.com\/de\/wp-json\/wp\/v2\/product_cat?post=4268"},{"taxonomy":"product_tag","embeddable":true,"href":"https:\/\/www.stanleypackage.com\/de\/wp-json\/wp\/v2\/product_tag?post=4268"}],"curies":[{"name":"wp","href":"https:\/\/api.w.org\/{rel}","templated":true}]}}