{"id":4275,"date":"2026-01-14T03:35:33","date_gmt":"2026-01-14T03:35:33","guid":{"rendered":"https:\/\/www.stanleypackage.com\/?post_type=product&#038;p=4275"},"modified":"2026-01-14T03:35:41","modified_gmt":"2026-01-14T03:35:41","slug":"amenity-package","status":"publish","type":"product","link":"https:\/\/www.stanleypackage.com\/de\/product\/amenity-package\/","title":{"rendered":"Biologisch abbaubare Annehmlichkeitsverpackung, kundenspezifischer Beutel aus Zuckerrohrpapier"},"content":{"rendered":"<div class=\"wp-block-columns is-layout-flex wp-container-core-columns-is-layout-9d6595d7 wp-block-columns-is-layout-flex\">\n<div class=\"wp-block-column is-layout-flow wp-block-column-is-layout-flow\">\n<h2 class=\"wp-block-heading\">Merkmale des biologisch abbaubaren Annehmlichkeitspakets<\/h2>\n\n\n\n<ul class=\"wp-block-list\">\n<li><strong>Umweltfreundliches Papier aus Zuckerrohr, biologisch abbaubar, f\u00fcr den Seelenfrieden: <\/strong>F\u00fcr diese ma\u00dfgeschneiderte Annehmlichkeitsverpackung wird 80g-Zuckerrohrpapier mit einer biologisch abbaubaren Beschichtung verwendet, was den Plastikverbrauch reduziert und den Trends der Hotelbranche im Bereich Umwelt und nachhaltige Entwicklung entspricht.<\/li>\n\n\n\n<li><strong>Gute Festigkeit und Schutzleistung:<\/strong> Unsere Gro\u00dfhandelsverpackungen f\u00fcr Hotel-Toilettenartikel sind umweltfreundlich, haben eine gute Steifigkeit und sind grunds\u00e4tzlich feuchtigkeitsdicht, was die Sauberkeit und Hygiene des Inhalts gew\u00e4hrleistet.<\/li>\n\n\n\n<li><strong>Geeignet f\u00fcr verschiedene Hotelbedarfsartikel: <\/strong>Unsere kundenspezifischen Annehmlichkeitsverpackungen sind weithin anwendbar auf g\u00e4ngige Hotel-Toilettenartikel und G\u00e4stebedarfsverpackungen wie Kamm, Wattest\u00e4bchen, Zahnstocher und Haarb\u00fcrste.<\/li>\n\n\n\n<li><strong>OEM- und ODM-Anpassung verf\u00fcgbar: <\/strong>Unsere Gro\u00dfhandelsverpackungen f\u00fcr Hotel-Toilettenartikel k\u00f6nnen in Gr\u00f6\u00dfe, Druckinhalt und Verpackungsformat individuell angepasst werden, um den unterschiedlichen Anforderungen verschiedener Hotelmarken und M\u00e4rkte gerecht zu werden.<\/li>\n\n\n\n<li><strong>Kostenlose Muster zur Verringerung des Beschaffungsrisikos verf\u00fcgbar:<\/strong> Wir bieten kostenlose Muster f\u00fcr kundenspezifische Ausstattungspakete an, damit sich unsere Kunden von den Materialien und der Qualit\u00e4t \u00fcberzeugen k\u00f6nnen, bevor sie eine Gro\u00dfbestellung aufgeben.<\/li>\n<\/ul>\n\n\n\n<div class=\"wp-block-columns is-layout-flex wp-container-core-columns-is-layout-9d6595d7 wp-block-columns-is-layout-flex\">\n<div class=\"wp-block-column is-layout-flow wp-block-column-is-layout-flow\">\n<figure class=\"wp-block-image size-full\"><img decoding=\"async\" width=\"750\" height=\"750\" src=\"https:\/\/www.stanleypackage.com\/wp-content\/uploads\/2026\/01\/Back-Seal-Sugarcane-Paper-Pouches-Wholesale-For-Hotel-Support-Customized-3.webp\" alt=\"\" class=\"wp-image-4276\" srcset=\"https:\/\/www.stanleypackage.com\/wp-content\/uploads\/2026\/01\/Back-Seal-Sugarcane-Paper-Pouches-Wholesale-For-Hotel-Support-Customized-3.webp 750w, https:\/\/www.stanleypackage.com\/wp-content\/uploads\/2026\/01\/Back-Seal-Sugarcane-Paper-Pouches-Wholesale-For-Hotel-Support-Customized-3-300x300.webp 300w, https:\/\/www.stanleypackage.com\/wp-content\/uploads\/2026\/01\/Back-Seal-Sugarcane-Paper-Pouches-Wholesale-For-Hotel-Support-Customized-3-150x150.webp 150w, https:\/\/www.stanleypackage.com\/wp-content\/uploads\/2026\/01\/Back-Seal-Sugarcane-Paper-Pouches-Wholesale-For-Hotel-Support-Customized-3-12x12.webp 12w, https:\/\/www.stanleypackage.com\/wp-content\/uploads\/2026\/01\/Back-Seal-Sugarcane-Paper-Pouches-Wholesale-For-Hotel-Support-Customized-3-600x600.webp 600w, https:\/\/www.stanleypackage.com\/wp-content\/uploads\/2026\/01\/Back-Seal-Sugarcane-Paper-Pouches-Wholesale-For-Hotel-Support-Customized-3-100x100.webp 100w\" sizes=\"(max-width: 750px) 100vw, 750px\" \/><\/figure>\n<\/div>\n\n\n\n<div class=\"wp-block-column is-layout-flow wp-block-column-is-layout-flow\">\n<figure class=\"wp-block-image size-full\"><img decoding=\"async\" width=\"750\" height=\"750\" src=\"https:\/\/www.stanleypackage.com\/wp-content\/uploads\/2026\/01\/Back-Seal-Sugarcane-Paper-Pouches-Wholesale-For-Hotel-Support-Customized-5.webp\" alt=\"\" class=\"wp-image-4277\" srcset=\"https:\/\/www.stanleypackage.com\/wp-content\/uploads\/2026\/01\/Back-Seal-Sugarcane-Paper-Pouches-Wholesale-For-Hotel-Support-Customized-5.webp 750w, https:\/\/www.stanleypackage.com\/wp-content\/uploads\/2026\/01\/Back-Seal-Sugarcane-Paper-Pouches-Wholesale-For-Hotel-Support-Customized-5-300x300.webp 300w, https:\/\/www.stanleypackage.com\/wp-content\/uploads\/2026\/01\/Back-Seal-Sugarcane-Paper-Pouches-Wholesale-For-Hotel-Support-Customized-5-150x150.webp 150w, https:\/\/www.stanleypackage.com\/wp-content\/uploads\/2026\/01\/Back-Seal-Sugarcane-Paper-Pouches-Wholesale-For-Hotel-Support-Customized-5-12x12.webp 12w, https:\/\/www.stanleypackage.com\/wp-content\/uploads\/2026\/01\/Back-Seal-Sugarcane-Paper-Pouches-Wholesale-For-Hotel-Support-Customized-5-600x600.webp 600w, https:\/\/www.stanleypackage.com\/wp-content\/uploads\/2026\/01\/Back-Seal-Sugarcane-Paper-Pouches-Wholesale-For-Hotel-Support-Customized-5-100x100.webp 100w\" sizes=\"(max-width: 750px) 100vw, 750px\" \/><\/figure>\n<\/div>\n<\/div>\n<\/div>\n<\/div>\n\n\n\n<p><\/p>","protected":false},"excerpt":{"rendered":"<p>Willkommen bei der Bestellung unserer ma\u00dfgeschneiderten Annehmlichkeitsverpackung. Diese biologisch abbaubare Verpackung f\u00fcr Toilettenartikel besteht aus 80g Zuckerrohrpapier mit einer biologisch abbaubaren Beschichtung, die Umweltfreundlichkeit und Verpackungsst\u00e4rke in Einklang bringt.<\/p>\n<table style=\"border-collapse: collapse; width: 365.02pt;\" border=\"0\" width=\"365\" cellspacing=\"0\" cellpadding=\"0\">\n<tbody>\n<tr style=\"height: 16.00pt;\">\n<td class=\"et2\" style=\"height: 16.00pt; width: 97.50pt;\" width=\"97\" height=\"16\">Hersteller<\/td>\n<td class=\"et2\" style=\"width: 267.50pt;\" width=\"267\">Stanley<\/td>\n<\/tr>\n<tr style=\"height: 16.00pt;\">\n<td class=\"et2\" style=\"height: 16.00pt; width: 97.50pt;\" width=\"97\" height=\"16\">Arten von Beuteln<\/td>\n<td class=\"et3\">R\u00fcckenversiegelungstasche<span class=\"font1\">, <\/span><span class=\"font0\">Flachlegende Tasche<\/span><\/td>\n<\/tr>\n<tr style=\"height: 16.00pt;\">\n<td class=\"et2\" style=\"height: 16.00pt; width: 97.50pt;\" width=\"97\" height=\"16\">Material<\/td>\n<td class=\"et2\" style=\"width: 267.50pt;\" width=\"267\">80g Zuckerrohrpapier mit biologisch abbaubarer Beschichtung<\/td>\n<\/tr>\n<tr style=\"height: 16.00pt;\">\n<td class=\"et2\" style=\"height: 16.00pt; width: 97.50pt;\" width=\"97\" height=\"16\">Besonderes Merkmal<\/td>\n<td class=\"et2\" style=\"width: 267.50pt;\" width=\"267\">Risskerbe, untere F\u00fcllung<\/td>\n<\/tr>\n<tr style=\"height: 16.00pt;\">\n<td class=\"et2\" style=\"height: 16.00pt; width: 97.50pt;\" width=\"97\" height=\"16\">Handhabung der Oberfl\u00e4che<\/td>\n<td class=\"et2\" style=\"width: 267.50pt;\" width=\"267\">Tiefdruck<\/td>\n<\/tr>\n<tr style=\"height: 16.00pt;\">\n<td class=\"et2\" style=\"height: 16.00pt; width: 97.50pt;\" width=\"97\" height=\"16\">Farbe<\/td>\n<td class=\"et2\" style=\"width: 267.50pt;\" width=\"267\">Doppelseitiger Druck, bis zu 10 Farben<\/td>\n<\/tr>\n<tr style=\"height: 16.00pt;\">\n<td class=\"et2\" style=\"height: 16.00pt; width: 97.50pt;\" width=\"97\" height=\"16\">Verwendung<\/td>\n<td class=\"et2\" style=\"width: 267.50pt;\" width=\"267\">Kamm, Wattest\u00e4bchen, Zahnstocher, Haarb\u00fcrste<\/td>\n<\/tr>\n<tr style=\"height: 16.00pt;\">\n<td class=\"et2\" style=\"height: 16.00pt; width: 97.50pt;\" width=\"97\" height=\"16\">MOQ<\/td>\n<td class=\"et2\" style=\"width: 267.50pt;\" width=\"267\">50.000 St\u00fcck<\/td>\n<\/tr>\n<tr style=\"height: 16.00pt;\">\n<td class=\"et2\" style=\"height: 16.00pt; width: 97.50pt;\" width=\"97\" height=\"16\">Individuelle Bestellung<\/td>\n<td class=\"et2\" style=\"width: 267.50pt;\" width=\"267\">Akzeptieren Sie OEM &amp; ODM, unterst\u00fctzen Sie freie Probe<\/td>\n<\/tr>\n<\/tbody>\n<\/table>\n<p>&nbsp;<\/p>","protected":false},"featured_media":4278,"comment_status":"closed","ping_status":"closed","template":"","meta":{"_acf_changed":false},"product_brand":[],"product_cat":[59,31],"product_tag":[],"class_list":{"0":"post-4275","1":"product","2":"type-product","3":"status-publish","4":"has-post-thumbnail","6":"product_cat-pillow-pouch-manufacturer","7":"product_cat-lay-flat-pouch-manufacturer","8":"pa_material-biodegradable","9":"pa_non-food-packaging-hotel-supplies-packaging","11":"first","12":"instock","13":"shipping-taxable","14":"product-type-simple"},"acf":[],"_links":{"self":[{"href":"https:\/\/www.stanleypackage.com\/de\/wp-json\/wp\/v2\/product\/4275","targetHints":{"allow":["GET"]}}],"collection":[{"href":"https:\/\/www.stanleypackage.com\/de\/wp-json\/wp\/v2\/product"}],"about":[{"href":"https:\/\/www.stanleypackage.com\/de\/wp-json\/wp\/v2\/types\/product"}],"replies":[{"embeddable":true,"href":"https:\/\/www.stanleypackage.com\/de\/wp-json\/wp\/v2\/comments?post=4275"}],"wp:featuredmedia":[{"embeddable":true,"href":"https:\/\/www.stanleypackage.com\/de\/wp-json\/wp\/v2\/media\/4278"}],"wp:attachment":[{"href":"https:\/\/www.stanleypackage.com\/de\/wp-json\/wp\/v2\/media?parent=4275"}],"wp:term":[{"taxonomy":"product_brand","embeddable":true,"href":"https:\/\/www.stanleypackage.com\/de\/wp-json\/wp\/v2\/product_brand?post=4275"},{"taxonomy":"product_cat","embeddable":true,"href":"https:\/\/www.stanleypackage.com\/de\/wp-json\/wp\/v2\/product_cat?post=4275"},{"taxonomy":"product_tag","embeddable":true,"href":"https:\/\/www.stanleypackage.com\/de\/wp-json\/wp\/v2\/product_tag?post=4275"}],"curies":[{"name":"wp","href":"https:\/\/api.w.org\/{rel}","templated":true}]}}