{"id":4299,"date":"2026-01-20T07:49:55","date_gmt":"2026-01-20T07:49:55","guid":{"rendered":"https:\/\/www.stanleypackage.com\/?post_type=product&#038;p=4299"},"modified":"2026-01-20T07:50:09","modified_gmt":"2026-01-20T07:50:09","slug":"custom-printed-lay-flat-pouches-2","status":"publish","type":"product","link":"https:\/\/www.stanleypackage.com\/de\/product\/custom-printed-lay-flat-pouches-2\/","title":{"rendered":"Individuell bedruckte Flachbeutel, Kraftpapierbeutel f\u00fcr Annehmlichkeiten"},"content":{"rendered":"<div class=\"wp-block-columns is-layout-flex wp-container-core-columns-is-layout-9d6595d7 wp-block-columns-is-layout-flex\">\n<div class=\"wp-block-column is-layout-flow wp-block-column-is-layout-flow\">\n<h2 class=\"wp-block-heading\">Merkmale von individuell bedruckten Flachbeuteln<\/h2>\n\n\n\n<ul class=\"wp-block-list\">\n<li><strong>Umweltfreundliches und biologisch abbaubares Material: <\/strong>Das Hauptmaterial dieser individuell bedruckten Flachbeutel ist 60 g\/m\u00b2 nat\u00fcrliches Kraftpapier, kombiniert mit einer vollst\u00e4ndig biologisch abbaubaren Beschichtung. Das Produkt baut sich nach dem Gebrauch auf nat\u00fcrliche Weise ab und entspricht damit den nachhaltigen Verpackungstrends und der gr\u00fcnen Gesch\u00e4ftsphilosophie der Hotels.<\/li>\n\n\n\n<li><strong>Dreiseitige Versiegelung, flach und sicher: <\/strong>Diese dreiseitig versiegelten OEM-Kraftpapierbeutel verf\u00fcgen \u00fcber eine dreiseitig versiegelte Struktur (wie auf dem Bild zu sehen) mit dichten und rei\u00dffesten Verschl\u00fcssen. Durch das flache Design lassen sie sich leicht bef\u00fcllen, stapeln und transportieren und eignen sich f\u00fcr verschiedene kleine Hotelausstattungen.<\/li>\n\n\n\n<li><strong>Hochaufl\u00f6sender individueller Druck:<\/strong> Unsere individuell bedruckten Flachbeutel unterst\u00fctzen den einseitigen\/doppelseitigen High-Definition-Druck (wie im wei\u00dfen Spitzenmuster-Effekt auf dem Bild zu sehen). Muster, Logos und Text k\u00f6nnen flexibel angepasst werden, was den Wiedererkennungswert und das Markenimage von Hoteleinrichtungen effektiv steigert.<\/li>\n\n\n\n<li><strong>Flexible Gr\u00f6\u00dfen und Strukturen: <\/strong>Unsere dreiseitig versiegelten OEM-Kraftpapierbeutel k\u00f6nnen in verschiedenen Gr\u00f6\u00dfen, Dicken und Funktionen (z. B. Vorrei\u00dfkerben, Aufh\u00e4ngel\u00f6cher usw.) kundenspezifisch angepasst werden und erf\u00fcllen so die Verpackungsanforderungen f\u00fcr verschiedene Produkte wie Duschhauben, Wattest\u00e4bchen und Rasierh\u00fcllen.<\/li>\n\n\n\n<li><strong>Musterunterst\u00fctzung und Massenlieferung:<\/strong> Wir bieten einen kostenlosen Musterservice f\u00fcr individuell bedruckte Flachbeutel. Nach der Best\u00e4tigung gehen wir schnell zur Gro\u00dfproduktion \u00fcber und gew\u00e4hrleisten eine stabile Versorgung mit hochwertigen Produkten f\u00fcr Hotels und Markenkunden.<\/li>\n<\/ul>\n\n\n\n<div class=\"wp-block-columns is-layout-flex wp-container-core-columns-is-layout-9d6595d7 wp-block-columns-is-layout-flex\">\n<div class=\"wp-block-column is-layout-flow wp-block-column-is-layout-flow\">\n<figure class=\"wp-block-image size-full\"><img decoding=\"async\" width=\"750\" height=\"750\" src=\"https:\/\/www.stanleypackage.com\/wp-content\/uploads\/2026\/01\/Custom-Hotel-Amenities-Packages-Yellow-Kraft-Paper-Pouches-3.webp\" alt=\"\" class=\"wp-image-4300\" srcset=\"https:\/\/www.stanleypackage.com\/wp-content\/uploads\/2026\/01\/Custom-Hotel-Amenities-Packages-Yellow-Kraft-Paper-Pouches-3.webp 750w, https:\/\/www.stanleypackage.com\/wp-content\/uploads\/2026\/01\/Custom-Hotel-Amenities-Packages-Yellow-Kraft-Paper-Pouches-3-300x300.webp 300w, https:\/\/www.stanleypackage.com\/wp-content\/uploads\/2026\/01\/Custom-Hotel-Amenities-Packages-Yellow-Kraft-Paper-Pouches-3-150x150.webp 150w, https:\/\/www.stanleypackage.com\/wp-content\/uploads\/2026\/01\/Custom-Hotel-Amenities-Packages-Yellow-Kraft-Paper-Pouches-3-12x12.webp 12w, https:\/\/www.stanleypackage.com\/wp-content\/uploads\/2026\/01\/Custom-Hotel-Amenities-Packages-Yellow-Kraft-Paper-Pouches-3-600x600.webp 600w, https:\/\/www.stanleypackage.com\/wp-content\/uploads\/2026\/01\/Custom-Hotel-Amenities-Packages-Yellow-Kraft-Paper-Pouches-3-100x100.webp 100w\" sizes=\"(max-width: 750px) 100vw, 750px\" \/><\/figure>\n<\/div>\n\n\n\n<div class=\"wp-block-column is-layout-flow wp-block-column-is-layout-flow\">\n<figure class=\"wp-block-image size-full\"><img decoding=\"async\" width=\"750\" height=\"750\" src=\"https:\/\/www.stanleypackage.com\/wp-content\/uploads\/2026\/01\/Custom-Hotel-Amenities-Packages-Yellow-Kraft-Paper-Pouches-5.webp\" alt=\"\" class=\"wp-image-4301\" srcset=\"https:\/\/www.stanleypackage.com\/wp-content\/uploads\/2026\/01\/Custom-Hotel-Amenities-Packages-Yellow-Kraft-Paper-Pouches-5.webp 750w, https:\/\/www.stanleypackage.com\/wp-content\/uploads\/2026\/01\/Custom-Hotel-Amenities-Packages-Yellow-Kraft-Paper-Pouches-5-300x300.webp 300w, https:\/\/www.stanleypackage.com\/wp-content\/uploads\/2026\/01\/Custom-Hotel-Amenities-Packages-Yellow-Kraft-Paper-Pouches-5-150x150.webp 150w, https:\/\/www.stanleypackage.com\/wp-content\/uploads\/2026\/01\/Custom-Hotel-Amenities-Packages-Yellow-Kraft-Paper-Pouches-5-12x12.webp 12w, https:\/\/www.stanleypackage.com\/wp-content\/uploads\/2026\/01\/Custom-Hotel-Amenities-Packages-Yellow-Kraft-Paper-Pouches-5-600x600.webp 600w, https:\/\/www.stanleypackage.com\/wp-content\/uploads\/2026\/01\/Custom-Hotel-Amenities-Packages-Yellow-Kraft-Paper-Pouches-5-100x100.webp 100w\" sizes=\"(max-width: 750px) 100vw, 750px\" \/><\/figure>\n<\/div>\n<\/div>\n<\/div>\n<\/div>","protected":false},"excerpt":{"rendered":"<p>Willkommen zum Kauf von individuell bedruckten Flachbeuteln. Unsere dreiseitig versiegelten OEM-Kraftpapierbeutel sind speziell f\u00fcr Einwegartikel und Zubeh\u00f6r f\u00fcr Hotels konzipiert. Hergestellt aus umweltfreundlichem Kraftpapier und einer vollst\u00e4ndig biologisch abbaubaren Beschichtung, unterst\u00fctzt dieses Produkt OEM\/ODM.<\/p>\n<table style=\"border-collapse: collapse; width: 365.02pt;\" border=\"0\" width=\"365\" cellspacing=\"0\" cellpadding=\"0\">\n<tbody>\n<tr style=\"height: 16.00pt;\">\n<td class=\"et2\" style=\"height: 16.00pt; width: 97.50pt;\" width=\"97\" height=\"16\">Hersteller<\/td>\n<td class=\"et2\" style=\"width: 267.50pt;\" width=\"267\">Stanley<\/td>\n<\/tr>\n<tr style=\"height: 16.00pt;\">\n<td class=\"et2\" style=\"height: 16.00pt; width: 97.50pt;\" width=\"97\" height=\"16\">Arten von Beuteln<\/td>\n<td class=\"et3\">Dreiseitig versiegelter Beutel<span class=\"font1\">, <\/span><span class=\"font0\">Flachlegende Tasche<\/span><\/td>\n<\/tr>\n<tr style=\"height: 16.00pt;\">\n<td class=\"et2\" style=\"height: 16.00pt; width: 97.50pt;\" width=\"97\" height=\"16\">Material<\/td>\n<td class=\"et2\" style=\"width: 267.50pt;\" width=\"267\">60g Kraftpapier mit biologisch abbaubarer Beschichtung<\/td>\n<\/tr>\n<tr style=\"height: 16.00pt;\">\n<td class=\"et2\" style=\"height: 16.00pt; width: 97.50pt;\" width=\"97\" height=\"16\">Besonderes Merkmal<\/td>\n<td class=\"et2\" style=\"width: 267.50pt;\" width=\"267\">Risskerbe, untere F\u00fcllung<\/td>\n<\/tr>\n<tr style=\"height: 16.00pt;\">\n<td class=\"et2\" style=\"height: 16.00pt; width: 97.50pt;\" width=\"97\" height=\"16\">Handhabung der Oberfl\u00e4che<\/td>\n<td class=\"et2\" style=\"width: 267.50pt;\" width=\"267\">Tiefdruck<\/td>\n<\/tr>\n<tr style=\"height: 16.00pt;\">\n<td class=\"et2\" style=\"height: 16.00pt; width: 97.50pt;\" width=\"97\" height=\"16\">Farbe<\/td>\n<td class=\"et2\" style=\"width: 267.50pt;\" width=\"267\">Beidseitiger Druck, bis zu 10 Farben<\/td>\n<\/tr>\n<tr style=\"height: 16.00pt;\">\n<td class=\"et2\" style=\"height: 16.00pt; width: 97.50pt;\" width=\"97\" height=\"16\">Verwendung<\/td>\n<td class=\"et2\" style=\"width: 267.50pt;\" width=\"267\">Kamm, Wattest\u00e4bchen, Zahnstocher, Haarb\u00fcrste<\/td>\n<\/tr>\n<tr style=\"height: 16.00pt;\">\n<td class=\"et2\" style=\"height: 16.00pt; width: 97.50pt;\" width=\"97\" height=\"16\">MOQ<\/td>\n<td class=\"et2\" style=\"width: 267.50pt;\" width=\"267\">50.000 St\u00fcck<\/td>\n<\/tr>\n<tr style=\"height: 16.00pt;\">\n<td class=\"et2\" style=\"height: 16.00pt; width: 97.50pt;\" width=\"97\" height=\"16\">Individuelle Bestellung<\/td>\n<td class=\"et2\" style=\"width: 267.50pt;\" width=\"267\">Akzeptieren Sie OEM &amp; ODM, unterst\u00fctzen Sie freie Probe<\/td>\n<\/tr>\n<\/tbody>\n<\/table>\n<p>&nbsp;<\/p>","protected":false},"featured_media":4302,"comment_status":"closed","ping_status":"closed","template":"","meta":{"_acf_changed":false},"product_brand":[],"product_cat":[31,28],"product_tag":[],"class_list":{"0":"post-4299","1":"product","2":"type-product","3":"status-publish","4":"has-post-thumbnail","6":"product_cat-lay-flat-pouch-manufacturer","7":"product_cat-three-side-seal-pouch-manufacturer","8":"pa_material-kraft-paper","9":"pa_non-food-packaging-hotel-supplies-packaging","11":"first","12":"instock","13":"shipping-taxable","14":"product-type-simple"},"acf":[],"_links":{"self":[{"href":"https:\/\/www.stanleypackage.com\/de\/wp-json\/wp\/v2\/product\/4299","targetHints":{"allow":["GET"]}}],"collection":[{"href":"https:\/\/www.stanleypackage.com\/de\/wp-json\/wp\/v2\/product"}],"about":[{"href":"https:\/\/www.stanleypackage.com\/de\/wp-json\/wp\/v2\/types\/product"}],"replies":[{"embeddable":true,"href":"https:\/\/www.stanleypackage.com\/de\/wp-json\/wp\/v2\/comments?post=4299"}],"wp:featuredmedia":[{"embeddable":true,"href":"https:\/\/www.stanleypackage.com\/de\/wp-json\/wp\/v2\/media\/4302"}],"wp:attachment":[{"href":"https:\/\/www.stanleypackage.com\/de\/wp-json\/wp\/v2\/media?parent=4299"}],"wp:term":[{"taxonomy":"product_brand","embeddable":true,"href":"https:\/\/www.stanleypackage.com\/de\/wp-json\/wp\/v2\/product_brand?post=4299"},{"taxonomy":"product_cat","embeddable":true,"href":"https:\/\/www.stanleypackage.com\/de\/wp-json\/wp\/v2\/product_cat?post=4299"},{"taxonomy":"product_tag","embeddable":true,"href":"https:\/\/www.stanleypackage.com\/de\/wp-json\/wp\/v2\/product_tag?post=4299"}],"curies":[{"name":"wp","href":"https:\/\/api.w.org\/{rel}","templated":true}]}}