{"id":4305,"date":"2026-01-20T07:40:45","date_gmt":"2026-01-20T07:40:45","guid":{"rendered":"https:\/\/www.stanleypackage.com\/?post_type=product&#038;p=4305"},"modified":"2026-01-20T07:40:53","modified_gmt":"2026-01-20T07:40:53","slug":"wholesale-eco-friendly-pouches","status":"publish","type":"product","link":"https:\/\/www.stanleypackage.com\/de\/product\/wholesale-eco-friendly-pouches\/","title":{"rendered":"Gro\u00dfhandel Eco-Friendly Beutel, OEM Hotel Annehmlichkeiten Sachet"},"content":{"rendered":"<div class=\"wp-block-columns is-layout-flex wp-container-core-columns-is-layout-9d6595d7 wp-block-columns-is-layout-flex\">\n<div class=\"wp-block-column is-layout-flow wp-block-column-is-layout-flow\">\n<h2 class=\"wp-block-heading\">Merkmale des Gro\u00dfhandels umweltfreundliche Beutel<\/h2>\n\n\n\n<ul class=\"wp-block-list\">\n<li><strong>100% Umweltfreundlich und biologisch abbaubar: <\/strong>Das Hauptmaterial unserer umweltfreundlichen Gro\u00dfhandelstaschen ist nat\u00fcrliches, erneuerbares Zuckerrohrpapier, und die Beschichtung ist vollst\u00e4ndig biologisch abbaubar. Von den Rohstoffen bis hin zu den fertigen Produkten sind sie vollst\u00e4ndig recycelbar und kompostierbar und helfen dem Hotelgewerbe, ein gr\u00fcnes Upgrade zu erreichen.<\/li>\n\n\n\n<li><strong>Robuste R\u00fcckseitenversiegelung, feuchtigkeitsbest\u00e4ndig und auslaufsicher: <\/strong>Diese OEM-Hotelausstattungst\u00fcte verwendet eine r\u00fcckseitig versiegelte flache Beutelstruktur. Die R\u00fcckseitenversiegelung ist stark und bietet eine hervorragende Abdichtung, die Einweg-Hygieneprodukte effektiv vor Feuchtigkeit und Verunreinigung sch\u00fctzt.<\/li>\n\n\n\n<li><strong>Flexible Anpassung, Inszenierung Ihrer Marke:<\/strong> Unsere benutzerdefinierten, umweltfreundlichen Gro\u00dfhandelsbeutel unterst\u00fctzen den Druck von Grafiken (z. B. \u201cShaving Kit\u201d-Text), die Gr\u00f6\u00dfenanpassung (verschiedene Spezifikationen verf\u00fcgbar) und die funktionale Anpassung (z. B. Einkerbungen und L\u00f6cher zum Aufh\u00e4ngen) und k\u00f6nnen so schnell an verschiedene Verpackungsanforderungen f\u00fcr Hotelzubeh\u00f6r angepasst werden.<\/li>\n\n\n\n<li><strong>Zarte Textur, verbesserte Qualit\u00e4t: <\/strong>Das Grundmaterial aus Zuckerrohrpapier dieses OEM-Hotelzubeh\u00f6rbeutels hat eine nat\u00fcrliche Textur und f\u00fchlt sich weich an. Kombiniert mit einfachen oder personalisierten Druckdesigns verbessert es das Erscheinungsbild und das Markenimage der G\u00e4stezimmerausstattung erheblich.<\/li>\n\n\n\n<li><strong>Gro\u00dfmengenversorgung, stabil und effizient:<\/strong> Unsere speziell f\u00fcr Hotelgruppen und OEM-Kunden entwickelten umweltfreundlichen Gro\u00dfhandelsbeutel garantieren stabile Lieferzeiten und Qualit\u00e4t bei Gro\u00dfauftr\u00e4gen und machen uns zu einem vertrauensw\u00fcrdigen langfristigen Verpackungspartner.<\/li>\n<\/ul>\n\n\n\n<div class=\"wp-block-columns is-layout-flex wp-container-core-columns-is-layout-9d6595d7 wp-block-columns-is-layout-flex\">\n<div class=\"wp-block-column is-layout-flow wp-block-column-is-layout-flow\">\n<figure class=\"wp-block-image size-full\"><img decoding=\"async\" width=\"750\" height=\"750\" src=\"https:\/\/www.stanleypackage.com\/wp-content\/uploads\/2026\/01\/Biodegradable-Amenity-Package-Back-Seal-Sugarcane-Paper-Pouches-Wholesale-2.webp\" alt=\"\" class=\"wp-image-4306\" srcset=\"https:\/\/www.stanleypackage.com\/wp-content\/uploads\/2026\/01\/Biodegradable-Amenity-Package-Back-Seal-Sugarcane-Paper-Pouches-Wholesale-2.webp 750w, https:\/\/www.stanleypackage.com\/wp-content\/uploads\/2026\/01\/Biodegradable-Amenity-Package-Back-Seal-Sugarcane-Paper-Pouches-Wholesale-2-300x300.webp 300w, https:\/\/www.stanleypackage.com\/wp-content\/uploads\/2026\/01\/Biodegradable-Amenity-Package-Back-Seal-Sugarcane-Paper-Pouches-Wholesale-2-150x150.webp 150w, https:\/\/www.stanleypackage.com\/wp-content\/uploads\/2026\/01\/Biodegradable-Amenity-Package-Back-Seal-Sugarcane-Paper-Pouches-Wholesale-2-12x12.webp 12w, https:\/\/www.stanleypackage.com\/wp-content\/uploads\/2026\/01\/Biodegradable-Amenity-Package-Back-Seal-Sugarcane-Paper-Pouches-Wholesale-2-600x600.webp 600w, https:\/\/www.stanleypackage.com\/wp-content\/uploads\/2026\/01\/Biodegradable-Amenity-Package-Back-Seal-Sugarcane-Paper-Pouches-Wholesale-2-100x100.webp 100w\" sizes=\"(max-width: 750px) 100vw, 750px\" \/><\/figure>\n<\/div>\n\n\n\n<div class=\"wp-block-column is-layout-flow wp-block-column-is-layout-flow\">\n<figure class=\"wp-block-image size-full\"><img decoding=\"async\" width=\"750\" height=\"750\" src=\"https:\/\/www.stanleypackage.com\/wp-content\/uploads\/2026\/01\/Biodegradable-Amenity-Package-Back-Seal-Sugarcane-Paper-Pouches-Wholesale-3.webp\" alt=\"\" class=\"wp-image-4308\" srcset=\"https:\/\/www.stanleypackage.com\/wp-content\/uploads\/2026\/01\/Biodegradable-Amenity-Package-Back-Seal-Sugarcane-Paper-Pouches-Wholesale-3.webp 750w, https:\/\/www.stanleypackage.com\/wp-content\/uploads\/2026\/01\/Biodegradable-Amenity-Package-Back-Seal-Sugarcane-Paper-Pouches-Wholesale-3-300x300.webp 300w, https:\/\/www.stanleypackage.com\/wp-content\/uploads\/2026\/01\/Biodegradable-Amenity-Package-Back-Seal-Sugarcane-Paper-Pouches-Wholesale-3-150x150.webp 150w, https:\/\/www.stanleypackage.com\/wp-content\/uploads\/2026\/01\/Biodegradable-Amenity-Package-Back-Seal-Sugarcane-Paper-Pouches-Wholesale-3-12x12.webp 12w, https:\/\/www.stanleypackage.com\/wp-content\/uploads\/2026\/01\/Biodegradable-Amenity-Package-Back-Seal-Sugarcane-Paper-Pouches-Wholesale-3-600x600.webp 600w, https:\/\/www.stanleypackage.com\/wp-content\/uploads\/2026\/01\/Biodegradable-Amenity-Package-Back-Seal-Sugarcane-Paper-Pouches-Wholesale-3-100x100.webp 100w\" sizes=\"(max-width: 750px) 100vw, 750px\" \/><\/figure>\n<\/div>\n<\/div>\n<\/div>\n<\/div>","protected":false},"excerpt":{"rendered":"<p>Willkommen im Gro\u00dfhandel benutzerdefinierte umweltfreundliche Beutel zu kaufen. Unsere OEM-Hotel Annehmlichkeiten Beutel verf\u00fcgen \u00fcber eine R\u00fcckenversiegelung Design, aus Zuckerrohr Papier und eine biologisch abbaubare Beschichtung, und unterst\u00fctzen umfassende Anpassung von Gr\u00f6\u00dfe und Grafik zu funktionalen Details.<\/p>\n<table style=\"border-collapse: collapse; width: 365.02pt;\" border=\"0\" width=\"365\" cellspacing=\"0\" cellpadding=\"0\">\n<tbody>\n<tr style=\"height: 16.00pt;\">\n<td class=\"et2\" style=\"height: 16.00pt; width: 97.50pt;\" width=\"97\" height=\"16\">Hersteller<\/td>\n<td class=\"et2\" style=\"width: 267.50pt;\" width=\"267\">Stanley<\/td>\n<\/tr>\n<tr style=\"height: 16.00pt;\">\n<td class=\"et2\" style=\"height: 16.00pt; width: 97.50pt;\" width=\"97\" height=\"16\">Arten von Beuteln<\/td>\n<td class=\"et3\">R\u00fcckenversiegelungstasche<span class=\"font1\">, <\/span><span class=\"font0\">Flachlegende Tasche<\/span><\/td>\n<\/tr>\n<tr style=\"height: 16.00pt;\">\n<td class=\"et2\" style=\"height: 16.00pt; width: 97.50pt;\" width=\"97\" height=\"16\">Material<\/td>\n<td class=\"et2\" style=\"width: 267.50pt;\" width=\"267\">80g Zuckerrohrpapier mit biologisch abbaubarer Beschichtung<\/td>\n<\/tr>\n<tr style=\"height: 16.00pt;\">\n<td class=\"et2\" style=\"height: 16.00pt; width: 97.50pt;\" width=\"97\" height=\"16\">Besonderes Merkmal<\/td>\n<td class=\"et2\" style=\"width: 267.50pt;\" width=\"267\">Risskerbe, untere F\u00fcllung<\/td>\n<\/tr>\n<tr style=\"height: 16.00pt;\">\n<td class=\"et2\" style=\"height: 16.00pt; width: 97.50pt;\" width=\"97\" height=\"16\">Handhabung der Oberfl\u00e4che<\/td>\n<td class=\"et2\" style=\"width: 267.50pt;\" width=\"267\">Tiefdruck<\/td>\n<\/tr>\n<tr style=\"height: 16.00pt;\">\n<td class=\"et2\" style=\"height: 16.00pt; width: 97.50pt;\" width=\"97\" height=\"16\">Farbe<\/td>\n<td class=\"et2\" style=\"width: 267.50pt;\" width=\"267\">Doppelseitiger Druck, bis zu 10 Farben<\/td>\n<\/tr>\n<tr style=\"height: 16.00pt;\">\n<td class=\"et2\" style=\"height: 16.00pt; width: 97.50pt;\" width=\"97\" height=\"16\">Verwendung<\/td>\n<td class=\"et2\" style=\"width: 267.50pt;\" width=\"267\">Hotel-Toilettenartikel<\/td>\n<\/tr>\n<tr style=\"height: 16.00pt;\">\n<td class=\"et2\" style=\"height: 16.00pt; width: 97.50pt;\" width=\"97\" height=\"16\">MOQ<\/td>\n<td class=\"et2\" style=\"width: 267.50pt;\" width=\"267\">50.000 St\u00fcck<\/td>\n<\/tr>\n<tr style=\"height: 16.00pt;\">\n<td class=\"et2\" style=\"height: 16.00pt; width: 97.50pt;\" width=\"97\" height=\"16\">Individuelle Bestellung<\/td>\n<td class=\"et2\" style=\"width: 267.50pt;\" width=\"267\">Akzeptieren Sie OEM &amp; ODM, unterst\u00fctzen Sie freie Probe<\/td>\n<\/tr>\n<\/tbody>\n<\/table>\n<p>&nbsp;<\/p>","protected":false},"featured_media":4307,"comment_status":"closed","ping_status":"closed","template":"","meta":{"_acf_changed":false},"product_brand":[],"product_cat":[59,31],"product_tag":[],"class_list":{"0":"post-4305","1":"product","2":"type-product","3":"status-publish","4":"has-post-thumbnail","6":"product_cat-pillow-pouch-manufacturer","7":"product_cat-lay-flat-pouch-manufacturer","8":"pa_material-biodegradable","9":"pa_non-food-packaging-hotel-supplies-packaging","11":"first","12":"instock","13":"shipping-taxable","14":"product-type-simple"},"acf":[],"_links":{"self":[{"href":"https:\/\/www.stanleypackage.com\/de\/wp-json\/wp\/v2\/product\/4305","targetHints":{"allow":["GET"]}}],"collection":[{"href":"https:\/\/www.stanleypackage.com\/de\/wp-json\/wp\/v2\/product"}],"about":[{"href":"https:\/\/www.stanleypackage.com\/de\/wp-json\/wp\/v2\/types\/product"}],"replies":[{"embeddable":true,"href":"https:\/\/www.stanleypackage.com\/de\/wp-json\/wp\/v2\/comments?post=4305"}],"wp:featuredmedia":[{"embeddable":true,"href":"https:\/\/www.stanleypackage.com\/de\/wp-json\/wp\/v2\/media\/4307"}],"wp:attachment":[{"href":"https:\/\/www.stanleypackage.com\/de\/wp-json\/wp\/v2\/media?parent=4305"}],"wp:term":[{"taxonomy":"product_brand","embeddable":true,"href":"https:\/\/www.stanleypackage.com\/de\/wp-json\/wp\/v2\/product_brand?post=4305"},{"taxonomy":"product_cat","embeddable":true,"href":"https:\/\/www.stanleypackage.com\/de\/wp-json\/wp\/v2\/product_cat?post=4305"},{"taxonomy":"product_tag","embeddable":true,"href":"https:\/\/www.stanleypackage.com\/de\/wp-json\/wp\/v2\/product_tag?post=4305"}],"curies":[{"name":"wp","href":"https:\/\/api.w.org\/{rel}","templated":true}]}}