{"id":4321,"date":"2026-01-20T06:52:30","date_gmt":"2026-01-20T06:52:30","guid":{"rendered":"https:\/\/www.stanleypackage.com\/?post_type=product&#038;p=4321"},"modified":"2026-01-20T06:52:38","modified_gmt":"2026-01-20T06:52:38","slug":"wholesale-stand-up-spout-pouches","status":"publish","type":"product","link":"https:\/\/www.stanleypackage.com\/de\/product\/wholesale-stand-up-spout-pouches\/","title":{"rendered":"Gro\u00dfhandel Stand Up Spout Beutel, Fl\u00fcssigkeit Beutel f\u00fcr Reisen"},"content":{"rendered":"<div class=\"wp-block-columns is-layout-flex wp-container-core-columns-is-layout-9d6595d7 wp-block-columns-is-layout-flex\">\n<div class=\"wp-block-column is-layout-flow wp-block-column-is-layout-flow\">\n<h2 class=\"wp-block-heading\">Eigenschaften von Gro\u00dfhandel Stand Up Spout Beutel<\/h2>\n\n\n\n<ul class=\"wp-block-list\">\n<li><strong>Dreischichtige Verbundstruktur, stabile Verpackung und nicht leicht zu brechen: <\/strong>Unsere Gro\u00dfhandels-Standbeutel bestehen aus PET12\/VMPET12\/PE85-Material, das auslaufsicher und quetschfest ist und sich f\u00fcr die langfristige Lagerung von fl\u00fcssigen Produkten eignet.<\/li>\n\n\n\n<li><strong>Saugd\u00fcsendesign, bequemer Zugang und kein Abfall:<\/strong> Das D\u00fcsendesign dieser benutzerdefinierten Shampoo-Fl\u00fcssigkeitsbeutel f\u00fcr die Reise ist bequem f\u00fcr die genaue Kontrolle der Dosierung, geeignet f\u00fcr den t\u00e4glichen Gebrauch und die Durchf\u00fchrung von.<\/li>\n\n\n\n<li><strong>Selbststehender Boden, einfach zu platzieren und auszustellen: <\/strong>Der Boden des Beutels kann sich aufrichten, die Wirkung der Regalauslage verbessern und das Markenimage st\u00e4rken.<\/li>\n\n\n\n<li><strong>Matte Oberfl\u00e4chentextur zur Verbesserung der Markenqualit\u00e4t der Verpackung: <\/strong>Unsere kundenspezifischen Shampoo-Fl\u00fcssigkeitsbeutel haben eine hochwertige, matte PET-Au\u00dfenschicht, die die Verpackung optisch weicher macht und sich besser anf\u00fchlt.<\/li>\n\n\n\n<li><strong>Unterst\u00fctzt kundenspezifisches Drucken und die Anpassung an kleine Formate: <\/strong>Unsere Gro\u00dfhandels-Standfu\u00dfbeutel k\u00f6nnen mit Mustern, Fassungsverm\u00f6gen und D\u00fcsenspezifikationen entsprechend den Anforderungen der Marke angepasst werden, um verschiedene Marktpositionen und Anwendungsszenarien zu erf\u00fcllen.<\/li>\n<\/ul>\n\n\n\n<div class=\"wp-block-columns is-layout-flex wp-container-core-columns-is-layout-9d6595d7 wp-block-columns-is-layout-flex\">\n<div class=\"wp-block-column is-layout-flow wp-block-column-is-layout-flow\">\n<figure class=\"wp-block-image size-full\"><img decoding=\"async\" width=\"750\" height=\"750\" src=\"https:\/\/www.stanleypackage.com\/wp-content\/uploads\/2026\/01\/Wholesale-Traveled-Spout-Packaging-Bag-Customized-Stand-Up-Pouches-for-Shampoo-2.webp\" alt=\"\" class=\"wp-image-4331\" srcset=\"https:\/\/www.stanleypackage.com\/wp-content\/uploads\/2026\/01\/Wholesale-Traveled-Spout-Packaging-Bag-Customized-Stand-Up-Pouches-for-Shampoo-2.webp 750w, https:\/\/www.stanleypackage.com\/wp-content\/uploads\/2026\/01\/Wholesale-Traveled-Spout-Packaging-Bag-Customized-Stand-Up-Pouches-for-Shampoo-2-300x300.webp 300w, https:\/\/www.stanleypackage.com\/wp-content\/uploads\/2026\/01\/Wholesale-Traveled-Spout-Packaging-Bag-Customized-Stand-Up-Pouches-for-Shampoo-2-150x150.webp 150w, https:\/\/www.stanleypackage.com\/wp-content\/uploads\/2026\/01\/Wholesale-Traveled-Spout-Packaging-Bag-Customized-Stand-Up-Pouches-for-Shampoo-2-12x12.webp 12w, https:\/\/www.stanleypackage.com\/wp-content\/uploads\/2026\/01\/Wholesale-Traveled-Spout-Packaging-Bag-Customized-Stand-Up-Pouches-for-Shampoo-2-600x600.webp 600w, https:\/\/www.stanleypackage.com\/wp-content\/uploads\/2026\/01\/Wholesale-Traveled-Spout-Packaging-Bag-Customized-Stand-Up-Pouches-for-Shampoo-2-100x100.webp 100w\" sizes=\"(max-width: 750px) 100vw, 750px\" \/><\/figure>\n<\/div>\n\n\n\n<div class=\"wp-block-column is-layout-flow wp-block-column-is-layout-flow\">\n<figure class=\"wp-block-image size-full\"><img decoding=\"async\" width=\"750\" height=\"750\" src=\"https:\/\/www.stanleypackage.com\/wp-content\/uploads\/2026\/01\/Wholesale-Traveled-Spout-Packaging-Bag-Customized-Stand-Up-Pouches-for-Shampoo-5.webp\" alt=\"\" class=\"wp-image-4332\" srcset=\"https:\/\/www.stanleypackage.com\/wp-content\/uploads\/2026\/01\/Wholesale-Traveled-Spout-Packaging-Bag-Customized-Stand-Up-Pouches-for-Shampoo-5.webp 750w, https:\/\/www.stanleypackage.com\/wp-content\/uploads\/2026\/01\/Wholesale-Traveled-Spout-Packaging-Bag-Customized-Stand-Up-Pouches-for-Shampoo-5-300x300.webp 300w, https:\/\/www.stanleypackage.com\/wp-content\/uploads\/2026\/01\/Wholesale-Traveled-Spout-Packaging-Bag-Customized-Stand-Up-Pouches-for-Shampoo-5-150x150.webp 150w, https:\/\/www.stanleypackage.com\/wp-content\/uploads\/2026\/01\/Wholesale-Traveled-Spout-Packaging-Bag-Customized-Stand-Up-Pouches-for-Shampoo-5-12x12.webp 12w, https:\/\/www.stanleypackage.com\/wp-content\/uploads\/2026\/01\/Wholesale-Traveled-Spout-Packaging-Bag-Customized-Stand-Up-Pouches-for-Shampoo-5-600x600.webp 600w, https:\/\/www.stanleypackage.com\/wp-content\/uploads\/2026\/01\/Wholesale-Traveled-Spout-Packaging-Bag-Customized-Stand-Up-Pouches-for-Shampoo-5-100x100.webp 100w\" sizes=\"(max-width: 750px) 100vw, 750px\" \/><\/figure>\n<\/div>\n<\/div>\n<\/div>\n<\/div>","protected":false},"excerpt":{"rendered":"<p>Willkommen zum Kauf Gro\u00dfhandel stehen bis Auslauf Beutel. Unsere kundenspezifischen Shampoo-Fl\u00fcssigkeitsbeutel f\u00fcr die Reise sind langlebig, gut versiegelt und haben einen selbststehenden Boden mit einer D\u00fcsenstruktur, die einfach zu verwenden und zu platzieren ist. Der Farbverlauf Design ist modisch und auff\u00e4llig.<\/p>\n<table style=\"border-collapse: collapse; width: 334.02pt;\" border=\"0\" width=\"334\" cellspacing=\"0\" cellpadding=\"0\">\n<tbody>\n<tr style=\"height: 16.00pt;\">\n<td class=\"et2\" style=\"height: 16.00pt; width: 97.50pt;\" width=\"97\" height=\"16\">Hersteller<\/td>\n<td class=\"et2\" style=\"width: 236.80pt;\" width=\"236\">Stanley<\/td>\n<\/tr>\n<tr style=\"height: 16.00pt;\">\n<td class=\"et2\" style=\"height: 16.00pt; width: 97.50pt;\" width=\"97\" height=\"16\">Arten von Beuteln<\/td>\n<td class=\"et3\">Ausgie\u00dfertasche, Stand Up Pouch<\/td>\n<\/tr>\n<tr style=\"height: 16.00pt;\">\n<td class=\"et2\" style=\"height: 16.00pt; width: 97.50pt;\" width=\"97\" height=\"16\">Material<\/td>\n<td class=\"et2\" style=\"width: 236.80pt;\" width=\"236\">PET12\/VMPET12\/PE85<\/td>\n<\/tr>\n<tr style=\"height: 16.00pt;\">\n<td class=\"et2\" style=\"height: 16.00pt; width: 97.50pt;\" width=\"97\" height=\"16\">Besonderes Merkmal<\/td>\n<td class=\"et2\" style=\"width: 236.80pt;\" width=\"236\">Ausguss, selbststehender Boden<\/td>\n<\/tr>\n<tr style=\"height: 16.00pt;\">\n<td class=\"et2\" style=\"height: 16.00pt; width: 97.50pt;\" width=\"97\" height=\"16\">Handhabung der Oberfl\u00e4che<\/td>\n<td class=\"et2\" style=\"width: 236.80pt;\" width=\"236\">Tiefdruck<\/td>\n<\/tr>\n<tr style=\"height: 16.00pt;\">\n<td class=\"et2\" style=\"height: 16.00pt; width: 97.50pt;\" width=\"97\" height=\"16\">Farbe<\/td>\n<td class=\"et2\" style=\"width: 236.80pt;\" width=\"236\">Bis zu 10 Farben<\/td>\n<\/tr>\n<tr style=\"height: 16.00pt;\">\n<td class=\"et2\" style=\"height: 16.00pt; width: 97.50pt;\" width=\"97\" height=\"16\">Verwendung<\/td>\n<td class=\"et3\">Shampoo, Duschgel, Waschmittel, Handseife, Creme<\/td>\n<\/tr>\n<tr style=\"height: 16.00pt;\">\n<td class=\"et2\" style=\"height: 16.00pt; width: 97.50pt;\" width=\"97\" height=\"16\">MOQ<\/td>\n<td class=\"et2\" style=\"width: 236.80pt;\" width=\"236\">50.000 St\u00fcck<\/td>\n<\/tr>\n<tr style=\"height: 16.00pt;\">\n<td class=\"et2\" style=\"height: 16.00pt; width: 97.50pt;\" width=\"97\" height=\"16\">Individuelle Bestellung<\/td>\n<td class=\"et2\" style=\"width: 236.80pt;\" width=\"236\">Akzeptieren Sie OEM &amp; ODM, unterst\u00fctzen Sie freie Probe<\/td>\n<\/tr>\n<\/tbody>\n<\/table>","protected":false},"featured_media":4333,"comment_status":"closed","ping_status":"closed","template":"","meta":{"_acf_changed":false},"product_brand":[],"product_cat":[32,30],"product_tag":[],"class_list":{"0":"post-4321","1":"product","2":"type-product","3":"status-publish","4":"has-post-thumbnail","6":"product_cat-spout-pouch-manufacturer","7":"product_cat-stand-up-pouch-manufacturer","8":"pa_non-food-packaging-soap-detergent-pouches","10":"first","11":"instock","12":"shipping-taxable","13":"product-type-simple"},"acf":[],"_links":{"self":[{"href":"https:\/\/www.stanleypackage.com\/de\/wp-json\/wp\/v2\/product\/4321","targetHints":{"allow":["GET"]}}],"collection":[{"href":"https:\/\/www.stanleypackage.com\/de\/wp-json\/wp\/v2\/product"}],"about":[{"href":"https:\/\/www.stanleypackage.com\/de\/wp-json\/wp\/v2\/types\/product"}],"replies":[{"embeddable":true,"href":"https:\/\/www.stanleypackage.com\/de\/wp-json\/wp\/v2\/comments?post=4321"}],"wp:featuredmedia":[{"embeddable":true,"href":"https:\/\/www.stanleypackage.com\/de\/wp-json\/wp\/v2\/media\/4333"}],"wp:attachment":[{"href":"https:\/\/www.stanleypackage.com\/de\/wp-json\/wp\/v2\/media?parent=4321"}],"wp:term":[{"taxonomy":"product_brand","embeddable":true,"href":"https:\/\/www.stanleypackage.com\/de\/wp-json\/wp\/v2\/product_brand?post=4321"},{"taxonomy":"product_cat","embeddable":true,"href":"https:\/\/www.stanleypackage.com\/de\/wp-json\/wp\/v2\/product_cat?post=4321"},{"taxonomy":"product_tag","embeddable":true,"href":"https:\/\/www.stanleypackage.com\/de\/wp-json\/wp\/v2\/product_tag?post=4321"}],"curies":[{"name":"wp","href":"https:\/\/api.w.org\/{rel}","templated":true}]}}