{"id":4350,"date":"2026-01-31T02:24:50","date_gmt":"2026-01-31T02:24:50","guid":{"rendered":"https:\/\/www.stanleypackage.com\/?post_type=product&#038;p=4350"},"modified":"2026-01-31T02:24:57","modified_gmt":"2026-01-31T02:24:57","slug":"stand-up-spout-pouch","status":"publish","type":"product","link":"https:\/\/www.stanleypackage.com\/de\/product\/stand-up-spout-pouch\/","title":{"rendered":"10mg Custom Stand Up Spout Pouch f\u00fcr Shampoo &amp; Conditioner"},"content":{"rendered":"<div class=\"wp-block-columns is-layout-flex wp-container-core-columns-is-layout-9d6595d7 wp-block-columns-is-layout-flex\">\n<div class=\"wp-block-column is-layout-flow wp-block-column-is-layout-flow\">\n<h2 class=\"wp-block-heading\">Eigenschaften von Custom Stand Up Spout Pouch<\/h2>\n\n\n\n<ul class=\"wp-block-list\">\n<li><strong>Pr\u00e4zises Kapazit\u00e4tsdesign: <\/strong>Unsere kundenspezifischen Standbodenbeutel sind f\u00fcr 10mg-Produkte optimiert, kompakt und tragbar, ideal f\u00fcr Reisen oder Probengr\u00f6\u00dfen und erf\u00fcllen die Anforderungen verschiedener Marktsegmente.<\/li>\n\n\n\n<li><strong>Hochwertiger Druckeffekt: <\/strong>Dieser OEM Shampoo-Beutel unterst\u00fctzt den 10-Farben-Tiefdruck, der komplexe Farbverl\u00e4ufe und feinen Text wiedergibt und die visuelle Attraktivit\u00e4t und Professionalit\u00e4t des Produkts erh\u00f6ht.<\/li>\n\n\n\n<li><strong>Benutzerfreundliches Erlebnis: <\/strong>Dieser ma\u00dfgefertigte Standbeutel verf\u00fcgt \u00fcber eine aufschraubbare T\u00fclle, die ein einh\u00e4ndiges \u00d6ffnen und Schlie\u00dfen erm\u00f6glicht. Das auslaufsichere Design gew\u00e4hrleistet ein sicheres Tragen, besonders geeignet f\u00fcr feuchte Umgebungen wie Badezimmer.<\/li>\n\n\n\n<li><strong>Robuste Materialgarantie: <\/strong>Unsere OEM-Shampoo-T\u00fcllenbeutel bestehen aus einer PET12\/VMPET12\/PE100-Verbundstruktur, die hervorragende Barriereeigenschaften und Durchsto\u00dffestigkeit bietet und die Wirkstoffe des Inhalts wirksam sch\u00fctzt.<\/li>\n\n\n\n<li><strong>Flexible Markenanpassung: <\/strong>Dieser Standbeutel kann in Form, Farbe und grafischem Layout individuell gestaltet werden, so dass Marken einzigartige Verpackungen schaffen k\u00f6nnen.<\/li>\n\n\n\n<li><strong>Umwelt- und Kostenbilanz:<\/strong> Der Shampoo-Beutel ist eine gro\u00dfartige Alternative zu herk\u00f6mmlichen Flaschen, da er den Plastikverbrauch senkt und durch sein geringes Gewicht die Transportkosten reduziert, w\u00e4hrend er gleichzeitig das hochwertige Aussehen herk\u00f6mmlicher Flaschenmaterialien beibeh\u00e4lt.<\/li>\n<\/ul>\n\n\n\n<div class=\"wp-block-columns is-layout-flex wp-container-core-columns-is-layout-9d6595d7 wp-block-columns-is-layout-flex\">\n<div class=\"wp-block-column is-layout-flow wp-block-column-is-layout-flow\">\n<figure class=\"wp-block-image size-full\"><img decoding=\"async\" width=\"750\" height=\"750\" src=\"https:\/\/www.stanleypackage.com\/wp-content\/uploads\/2026\/01\/Custom-Shampoo-Pouch-Wholesale-Standing-Packaging-Pouch-With-Spout-3.webp\" alt=\"\" class=\"wp-image-4351\" srcset=\"https:\/\/www.stanleypackage.com\/wp-content\/uploads\/2026\/01\/Custom-Shampoo-Pouch-Wholesale-Standing-Packaging-Pouch-With-Spout-3.webp 750w, https:\/\/www.stanleypackage.com\/wp-content\/uploads\/2026\/01\/Custom-Shampoo-Pouch-Wholesale-Standing-Packaging-Pouch-With-Spout-3-300x300.webp 300w, https:\/\/www.stanleypackage.com\/wp-content\/uploads\/2026\/01\/Custom-Shampoo-Pouch-Wholesale-Standing-Packaging-Pouch-With-Spout-3-150x150.webp 150w, https:\/\/www.stanleypackage.com\/wp-content\/uploads\/2026\/01\/Custom-Shampoo-Pouch-Wholesale-Standing-Packaging-Pouch-With-Spout-3-12x12.webp 12w, https:\/\/www.stanleypackage.com\/wp-content\/uploads\/2026\/01\/Custom-Shampoo-Pouch-Wholesale-Standing-Packaging-Pouch-With-Spout-3-600x600.webp 600w, https:\/\/www.stanleypackage.com\/wp-content\/uploads\/2026\/01\/Custom-Shampoo-Pouch-Wholesale-Standing-Packaging-Pouch-With-Spout-3-100x100.webp 100w\" sizes=\"(max-width: 750px) 100vw, 750px\" \/><\/figure>\n<\/div>\n\n\n\n<div class=\"wp-block-column is-layout-flow wp-block-column-is-layout-flow\">\n<figure class=\"wp-block-image size-full\"><img decoding=\"async\" width=\"750\" height=\"750\" src=\"https:\/\/www.stanleypackage.com\/wp-content\/uploads\/2026\/01\/Custom-Shampoo-Pouch-Wholesale-Standing-Packaging-Pouch-With-Spout-6.webp\" alt=\"\" class=\"wp-image-4352\" srcset=\"https:\/\/www.stanleypackage.com\/wp-content\/uploads\/2026\/01\/Custom-Shampoo-Pouch-Wholesale-Standing-Packaging-Pouch-With-Spout-6.webp 750w, https:\/\/www.stanleypackage.com\/wp-content\/uploads\/2026\/01\/Custom-Shampoo-Pouch-Wholesale-Standing-Packaging-Pouch-With-Spout-6-300x300.webp 300w, https:\/\/www.stanleypackage.com\/wp-content\/uploads\/2026\/01\/Custom-Shampoo-Pouch-Wholesale-Standing-Packaging-Pouch-With-Spout-6-150x150.webp 150w, https:\/\/www.stanleypackage.com\/wp-content\/uploads\/2026\/01\/Custom-Shampoo-Pouch-Wholesale-Standing-Packaging-Pouch-With-Spout-6-12x12.webp 12w, https:\/\/www.stanleypackage.com\/wp-content\/uploads\/2026\/01\/Custom-Shampoo-Pouch-Wholesale-Standing-Packaging-Pouch-With-Spout-6-600x600.webp 600w, https:\/\/www.stanleypackage.com\/wp-content\/uploads\/2026\/01\/Custom-Shampoo-Pouch-Wholesale-Standing-Packaging-Pouch-With-Spout-6-100x100.webp 100w\" sizes=\"(max-width: 750px) 100vw, 750px\" \/><\/figure>\n<\/div>\n<\/div>\n<\/div>\n<\/div>","protected":false},"excerpt":{"rendered":"<p>Willkommen bei kundenspezifischen Standbodenbeuteln. Dieser OEM Shampoo-Ausgussbeutel bietet hervorragende Barriereeigenschaften und Haltbarkeit, unterst\u00fctzt bis zu 10-Farben-Tiefdruck, perfekt geeignet f\u00fcr High-End-Markenanpassung Bed\u00fcrfnisse.<\/p>\n<table style=\"border-collapse: collapse; width: 334.02pt;\" border=\"0\" width=\"334\" cellspacing=\"0\" cellpadding=\"0\">\n<tbody>\n<tr style=\"height: 16.00pt;\">\n<td class=\"et2\" style=\"height: 16.00pt; width: 97.50pt;\" width=\"97\" height=\"16\">Hersteller<\/td>\n<td class=\"et2\" style=\"width: 236.80pt;\" width=\"236\">Stanley<\/td>\n<\/tr>\n<tr style=\"height: 16.00pt;\">\n<td class=\"et2\" style=\"height: 16.00pt; width: 97.50pt;\" width=\"97\" height=\"16\">Arten von Beuteln<\/td>\n<td class=\"et3\">Stand Up Pouch, Spout Pouch<\/td>\n<\/tr>\n<tr style=\"height: 16.00pt;\">\n<td class=\"et2\" style=\"height: 16.00pt; width: 97.50pt;\" width=\"97\" height=\"16\">Material<\/td>\n<td class=\"et2\" style=\"width: 236.80pt;\" width=\"236\">PET12\/VMPET12\/PE100<\/td>\n<\/tr>\n<tr style=\"height: 16.00pt;\">\n<td class=\"et2\" style=\"height: 16.00pt; width: 97.50pt;\" width=\"97\" height=\"16\">Besonderes Merkmal<\/td>\n<td class=\"et2\" style=\"width: 236.80pt;\" width=\"236\">Ausguss, Stehend unten,<\/td>\n<\/tr>\n<tr style=\"height: 16.00pt;\">\n<td class=\"et2\" style=\"height: 16.00pt; width: 97.50pt;\" width=\"97\" height=\"16\">Handhabung der Oberfl\u00e4che<\/td>\n<td class=\"et2\" style=\"width: 236.80pt;\" width=\"236\">Tiefdruck<\/td>\n<\/tr>\n<tr style=\"height: 16.00pt;\">\n<td class=\"et2\" style=\"height: 16.00pt; width: 97.50pt;\" width=\"97\" height=\"16\">Farbe<\/td>\n<td class=\"et2\" style=\"width: 236.80pt;\" width=\"236\">Bis zu 10 Farben<\/td>\n<\/tr>\n<tr style=\"height: 16.00pt;\">\n<td class=\"et2\" style=\"height: 16.00pt; width: 97.50pt;\" width=\"97\" height=\"16\">Verwendung<\/td>\n<td class=\"et3\">Shampoo, K\u00f6rperpflege, Conditioner<\/td>\n<\/tr>\n<tr style=\"height: 16.00pt;\">\n<td class=\"et2\" style=\"height: 16.00pt; width: 97.50pt;\" width=\"97\" height=\"16\">MOQ<\/td>\n<td class=\"et2\" style=\"width: 236.80pt;\" width=\"236\">50.000 St\u00fcck<\/td>\n<\/tr>\n<tr style=\"height: 16.00pt;\">\n<td class=\"et2\" style=\"height: 16.00pt; width: 97.50pt;\" width=\"97\" height=\"16\">Individuelle Bestellung<\/td>\n<td class=\"et2\" style=\"width: 236.80pt;\" width=\"236\">Akzeptieren Sie OEM &amp; ODM, unterst\u00fctzen Sie freie Probe<\/td>\n<\/tr>\n<\/tbody>\n<\/table>","protected":false},"featured_media":4353,"comment_status":"closed","ping_status":"closed","template":"","meta":{"_acf_changed":false},"product_brand":[],"product_cat":[30,32],"product_tag":[],"class_list":{"0":"post-4350","1":"product","2":"type-product","3":"status-publish","4":"has-post-thumbnail","6":"product_cat-stand-up-pouch-manufacturer","7":"product_cat-spout-pouch-manufacturer","8":"pa_non-food-packaging-soap-detergent-pouches","10":"first","11":"instock","12":"shipping-taxable","13":"product-type-simple"},"acf":[],"_links":{"self":[{"href":"https:\/\/www.stanleypackage.com\/de\/wp-json\/wp\/v2\/product\/4350","targetHints":{"allow":["GET"]}}],"collection":[{"href":"https:\/\/www.stanleypackage.com\/de\/wp-json\/wp\/v2\/product"}],"about":[{"href":"https:\/\/www.stanleypackage.com\/de\/wp-json\/wp\/v2\/types\/product"}],"replies":[{"embeddable":true,"href":"https:\/\/www.stanleypackage.com\/de\/wp-json\/wp\/v2\/comments?post=4350"}],"wp:featuredmedia":[{"embeddable":true,"href":"https:\/\/www.stanleypackage.com\/de\/wp-json\/wp\/v2\/media\/4353"}],"wp:attachment":[{"href":"https:\/\/www.stanleypackage.com\/de\/wp-json\/wp\/v2\/media?parent=4350"}],"wp:term":[{"taxonomy":"product_brand","embeddable":true,"href":"https:\/\/www.stanleypackage.com\/de\/wp-json\/wp\/v2\/product_brand?post=4350"},{"taxonomy":"product_cat","embeddable":true,"href":"https:\/\/www.stanleypackage.com\/de\/wp-json\/wp\/v2\/product_cat?post=4350"},{"taxonomy":"product_tag","embeddable":true,"href":"https:\/\/www.stanleypackage.com\/de\/wp-json\/wp\/v2\/product_tag?post=4350"}],"curies":[{"name":"wp","href":"https:\/\/api.w.org\/{rel}","templated":true}]}}