{"id":1339,"date":"2025-04-08T08:58:30","date_gmt":"2025-04-08T08:58:30","guid":{"rendered":"https:\/\/www.stanleypackage.com\/?post_type=product&#038;p=1339"},"modified":"2025-04-08T12:52:28","modified_gmt":"2025-04-08T12:52:28","slug":"custom-printed-flat-pouches","status":"publish","type":"product","link":"https:\/\/www.stanleypackage.com\/es\/product\/custom-printed-flat-pouches\/","title":{"rendered":"Bolsas planas con impresi\u00f3n personalizada, envasado de frutas secas con cierre posterior"},"content":{"rendered":"<div class=\"wp-block-columns is-layout-flex wp-container-core-columns-is-layout-9d6595d7 wp-block-columns-is-layout-flex\">\n<div class=\"wp-block-column is-layout-flow wp-block-column-is-layout-flow\">\n<h2 class=\"wp-block-heading\">Caracter\u00edsticas de las bolsas planas impresas a medida<\/h2>\n\n\n\n<ul class=\"wp-block-list\">\n<li><strong>Dise\u00f1o de cierre posterior para mantener los alimentos frescos: <\/strong>Estas bolsas planas con impresi\u00f3n personalizada est\u00e1n dise\u00f1adas para garantizar un cierre herm\u00e9tico que impida la entrada de aire, lo que ayuda a que los frutos secos se mantengan frescos durante m\u00e1s tiempo y conserven el sabor y la frescura originales de los alimentos.<\/li>\n\n\n\n<li><strong>Apertura de f\u00e1cil apertura para mayor comodidad: <\/strong>El dise\u00f1o de apertura f\u00e1cil de esta bolsa plana impresa personalizada para envasar frutos secos al por mayor proporciona a los consumidores una experiencia de uso m\u00e1s c\u00f3moda, conveniente para abrir y disfrutar de deliciosos alimentos.<\/li>\n\n\n\n<li><strong>Tira de sellado para un cierre seguro: <\/strong>Las tiras de sellado de alta calidad de estas bolsas planas con impresi\u00f3n personalizada proporcionan una seguridad adicional para mantener la boca de la bolsa bien cerrada, a prueba de humedad y ox\u00edgeno, y prolongar la vida \u00fatil de los alimentos.<\/li>\n\n\n\n<li><strong>Impresi\u00f3n a doble cara para reforzar la promoci\u00f3n de la marca: <\/strong>Nuestras bolsas para envasado de frutos secos al por mayor tambi\u00e9n ofrecen impresi\u00f3n a doble cara. Puede personalizar completamente el logotipo de la marca, la informaci\u00f3n del producto y los patrones creativos en la parte delantera y trasera para hacer que el envase del producto sea \u00fanico y mejorar la competitividad en el mercado.<\/li>\n\n\n\n<li><strong>Estanqueidad y fiabilidad, a prueba de ox\u00edgeno y humedad: <\/strong>Nuestras bolsas planas impresas a medida son fiables y herm\u00e9ticas, capaces de impedir con \u00e9xito que los elementos ambientales externos penetren en su interior e influyan en el sabor y la nutrici\u00f3n de las frutas deshidratadas.<\/li>\n\n\n\n<li><strong>Apertura por un solo lado, f\u00e1cil de manejar para los fabricantes: <\/strong>Esta bolsa de envasado de frutos secos al por mayor es extremadamente f\u00e1cil de usar para los fabricantes durante el envasado, sencilla de sellar y mejora la eficiencia de la producci\u00f3n.<\/li>\n<\/ul>\n\n\n\n<div class=\"wp-block-columns is-layout-flex wp-container-core-columns-is-layout-9d6595d7 wp-block-columns-is-layout-flex\">\n<div class=\"wp-block-column is-layout-flow wp-block-column-is-layout-flow\">\n<figure class=\"wp-block-image size-full\"><img decoding=\"async\" width=\"750\" height=\"750\" src=\"https:\/\/www.stanleypackage.com\/wp-content\/uploads\/2025\/04\/Custom-Printed-Flat-Pouches-Back-Seal-Dried-Fruit-Packaging-5.webp\" alt=\"Bolsas planas con impresi\u00f3n personalizada, envasado de fruta deshidratada con cierre posterior-5\" class=\"wp-image-1344\" srcset=\"https:\/\/www.stanleypackage.com\/wp-content\/uploads\/2025\/04\/Custom-Printed-Flat-Pouches-Back-Seal-Dried-Fruit-Packaging-5.webp 750w, https:\/\/www.stanleypackage.com\/wp-content\/uploads\/2025\/04\/Custom-Printed-Flat-Pouches-Back-Seal-Dried-Fruit-Packaging-5-300x300.webp 300w, https:\/\/www.stanleypackage.com\/wp-content\/uploads\/2025\/04\/Custom-Printed-Flat-Pouches-Back-Seal-Dried-Fruit-Packaging-5-150x150.webp 150w, https:\/\/www.stanleypackage.com\/wp-content\/uploads\/2025\/04\/Custom-Printed-Flat-Pouches-Back-Seal-Dried-Fruit-Packaging-5-600x600.webp 600w, https:\/\/www.stanleypackage.com\/wp-content\/uploads\/2025\/04\/Custom-Printed-Flat-Pouches-Back-Seal-Dried-Fruit-Packaging-5-100x100.webp 100w\" sizes=\"(max-width: 750px) 100vw, 750px\" \/><\/figure>\n<\/div>\n\n\n\n<div class=\"wp-block-column is-layout-flow wp-block-column-is-layout-flow\">\n<figure class=\"wp-block-image size-full\"><img decoding=\"async\" width=\"750\" height=\"750\" src=\"https:\/\/www.stanleypackage.com\/wp-content\/uploads\/2025\/04\/Custom-Printed-Flat-Pouches-Back-Seal-Dried-Fruit-Packaging-6.webp\" alt=\"Bolsas planas con impresi\u00f3n personalizada, envasado de frutas secas con contracierre-6\" class=\"wp-image-1345\" srcset=\"https:\/\/www.stanleypackage.com\/wp-content\/uploads\/2025\/04\/Custom-Printed-Flat-Pouches-Back-Seal-Dried-Fruit-Packaging-6.webp 750w, https:\/\/www.stanleypackage.com\/wp-content\/uploads\/2025\/04\/Custom-Printed-Flat-Pouches-Back-Seal-Dried-Fruit-Packaging-6-300x300.webp 300w, https:\/\/www.stanleypackage.com\/wp-content\/uploads\/2025\/04\/Custom-Printed-Flat-Pouches-Back-Seal-Dried-Fruit-Packaging-6-150x150.webp 150w, https:\/\/www.stanleypackage.com\/wp-content\/uploads\/2025\/04\/Custom-Printed-Flat-Pouches-Back-Seal-Dried-Fruit-Packaging-6-600x600.webp 600w, https:\/\/www.stanleypackage.com\/wp-content\/uploads\/2025\/04\/Custom-Printed-Flat-Pouches-Back-Seal-Dried-Fruit-Packaging-6-100x100.webp 100w\" sizes=\"(max-width: 750px) 100vw, 750px\" \/><\/figure>\n<\/div>\n<\/div>\n<\/div>\n<\/div>","protected":false},"excerpt":{"rendered":"<p>Bienvenido a las bolsas planas impresas personalizadas. Esta bolsa de envasado de frutos secos al por mayor tiene un dise\u00f1o de sellado posterior, apertura f\u00e1cil de rasgar y tira de sellado. Es conveniente para el patr\u00f3n de encargo, el color, y los detalles de la marca para modificar sus productos para requisitos particulares y para hacerlos m\u00e1s identificables en el mercado.<\/p>\n<table style=\"border-collapse: collapse; width: 365.02pt;\" border=\"0\" width=\"365\" cellspacing=\"0\" cellpadding=\"0\">\n<tbody>\n<tr style=\"height: 16.00pt;\">\n<td class=\"et2\" style=\"height: 16.00pt; width: 97.50pt;\" width=\"97\" height=\"16\">Fabricante<\/td>\n<td class=\"et2\" style=\"width: 267.50pt;\" width=\"267\">Stanley<\/td>\n<\/tr>\n<tr style=\"height: 16.00pt;\">\n<td class=\"et2\" style=\"height: 16.00pt; width: 97.50pt;\" width=\"97\" height=\"16\">Tipos de bolsas<\/td>\n<td class=\"et2\" style=\"width: 267.50pt;\" width=\"267\">Bolsa plana, bolsa con cierre posterior, bolsa con cierre trilateral<\/td>\n<\/tr>\n<tr style=\"height: 16.00pt;\">\n<td class=\"et2\" style=\"height: 16.00pt; width: 97.50pt;\" width=\"97\" height=\"16\">Material<\/td>\n<td class=\"et2\" style=\"width: 267.50pt;\" width=\"267\">PET12\/VMPET12\/PE55<\/td>\n<\/tr>\n<tr style=\"height: 16.00pt;\">\n<td class=\"et2\" style=\"height: 16.00pt; width: 97.50pt;\" width=\"97\" height=\"16\">Reportaje especial<\/td>\n<td class=\"et2\" style=\"width: 267.50pt;\" width=\"267\">Muesca de rasgado, tira de sellado<\/td>\n<\/tr>\n<tr style=\"height: 16.00pt;\">\n<td class=\"et2\" style=\"height: 16.00pt; width: 97.50pt;\" width=\"97\" height=\"16\">Manipulaci\u00f3n de superficies<\/td>\n<td class=\"et2\" style=\"width: 267.50pt;\" width=\"267\">Impresi\u00f3n en huecograbado<\/td>\n<\/tr>\n<tr style=\"height: 16.00pt;\">\n<td class=\"et2\" style=\"height: 16.00pt; width: 97.50pt;\" width=\"97\" height=\"16\">Color<\/td>\n<td class=\"et2\" style=\"width: 267.50pt;\" width=\"267\">Impresi\u00f3n a doble cara, hasta 10 colores<\/td>\n<\/tr>\n<tr style=\"height: 16.00pt;\">\n<td class=\"et2\" style=\"height: 16.00pt; width: 97.50pt;\" width=\"97\" height=\"16\">Utilizaci\u00f3n<\/td>\n<td class=\"et2\" style=\"width: 267.50pt;\" width=\"267\">Aperitivos, Condimentos<\/td>\n<\/tr>\n<tr style=\"height: 16.00pt;\">\n<td class=\"et2\" style=\"height: 16.00pt; width: 97.50pt;\" width=\"97\" height=\"16\">MOQ<\/td>\n<td class=\"et2\" style=\"width: 267.50pt;\" width=\"267\">50.000 unidades<\/td>\n<\/tr>\n<tr style=\"height: 16.00pt;\">\n<td class=\"et2\" style=\"height: 16.00pt; width: 97.50pt;\" width=\"97\" height=\"16\">Pedido a medida<\/td>\n<td class=\"et2\" style=\"width: 267.50pt;\" width=\"267\">Aceptamos OEM y ODM, Muestras gratuitas<\/td>\n<\/tr>\n<\/tbody>\n<\/table>","protected":false},"featured_media":1343,"comment_status":"closed","ping_status":"closed","template":"","meta":{"_acf_changed":false},"product_brand":[],"product_cat":[59,31,28],"product_tag":[],"class_list":{"0":"post-1339","1":"product","2":"type-product","3":"status-publish","4":"has-post-thumbnail","6":"product_cat-pillow-pouch-manufacturer","7":"product_cat-lay-flat-pouch-manufacturer","8":"product_cat-three-side-seal-pouch-manufacturer","9":"pa_food-packaging-snack-food-pouch","11":"first","12":"instock","13":"shipping-taxable","14":"product-type-simple"},"acf":[],"_links":{"self":[{"href":"https:\/\/www.stanleypackage.com\/es\/wp-json\/wp\/v2\/product\/1339","targetHints":{"allow":["GET"]}}],"collection":[{"href":"https:\/\/www.stanleypackage.com\/es\/wp-json\/wp\/v2\/product"}],"about":[{"href":"https:\/\/www.stanleypackage.com\/es\/wp-json\/wp\/v2\/types\/product"}],"replies":[{"embeddable":true,"href":"https:\/\/www.stanleypackage.com\/es\/wp-json\/wp\/v2\/comments?post=1339"}],"wp:featuredmedia":[{"embeddable":true,"href":"https:\/\/www.stanleypackage.com\/es\/wp-json\/wp\/v2\/media\/1343"}],"wp:attachment":[{"href":"https:\/\/www.stanleypackage.com\/es\/wp-json\/wp\/v2\/media?parent=1339"}],"wp:term":[{"taxonomy":"product_brand","embeddable":true,"href":"https:\/\/www.stanleypackage.com\/es\/wp-json\/wp\/v2\/product_brand?post=1339"},{"taxonomy":"product_cat","embeddable":true,"href":"https:\/\/www.stanleypackage.com\/es\/wp-json\/wp\/v2\/product_cat?post=1339"},{"taxonomy":"product_tag","embeddable":true,"href":"https:\/\/www.stanleypackage.com\/es\/wp-json\/wp\/v2\/product_tag?post=1339"}],"curies":[{"name":"wp","href":"https:\/\/api.w.org\/{rel}","templated":true}]}}