{"id":1440,"date":"2025-04-09T10:05:55","date_gmt":"2025-04-09T10:05:55","guid":{"rendered":"https:\/\/www.stanleypackage.com\/?post_type=product&#038;p=1440"},"modified":"2025-04-09T10:05:57","modified_gmt":"2025-04-09T10:05:57","slug":"spout-pouch-wholesale","status":"publish","type":"product","link":"https:\/\/www.stanleypackage.com\/es\/product\/spout-pouch-wholesale\/","title":{"rendered":"Funda de Jab\u00f3n L\u00edquido, Funda de Jab\u00f3n L\u00edquido, Funda de Jab\u00f3n L\u00edquido, Funda de Jab\u00f3n L\u00edquido"},"content":{"rendered":"<div class=\"wp-block-columns is-layout-flex wp-container-core-columns-is-layout-9d6595d7 wp-block-columns-is-layout-flex\">\n<div class=\"wp-block-column is-layout-flow wp-block-column-is-layout-flow\">\n<h2 class=\"wp-block-heading\">Caracter\u00edsticas de Custom Spout Pouch Wholesale<\/h2>\n\n\n\n<ul class=\"wp-block-list\">\n<li><strong>Dise\u00f1o de boquilla eficiente y c\u00f3modo: <\/strong>Esta bolsa lavamanos personalizada cuenta con una boquilla giratoria, que permite a los usuarios controlar el flujo de l\u00edquido con precisi\u00f3n y mejorar la experiencia de uso.<\/li>\n\n\n\n<li><strong>Dise\u00f1o de fondo autoportante: <\/strong>Esta bolsa de ca\u00f1o al por mayor tiene un fondo estable y buena autoportante, que es f\u00e1cil para el almacenamiento y la pantalla.<\/li>\n\n\n\n<li>Dise\u00f1o de llenado superior: Esta bolsa de lavado a mano personalizada adopta el llenado superior y el sellado lateral, lo que resulta ideal para la producci\u00f3n en masa.<\/li>\n\n\n\n<li><strong>Impresi\u00f3n personalizada a doble cara: <\/strong>La impresi\u00f3n personalizada a doble cara est\u00e1 disponible en nuestra venta al por mayor de bolsas con boquilla, y puede proporcionar soluciones de dise\u00f1o multifac\u00e9ticas de acuerdo con las necesidades de la marca, permitiendo a las marcas lograr una presentaci\u00f3n visual \u00fanica y mejorar la competitividad en el mercado.<\/li>\n\n\n\n<li><strong>Uso m\u00faltiple: <\/strong>Esta bolsa lavamanos personalizada tiene numerosas aplicaciones en diversos productos l\u00edquidos como jab\u00f3n de manos, detergente en polvo, gel de ducha, champ\u00fa, etc.<\/li>\n\n\n\n<li><strong>Material duradero: <\/strong>Esta bolsa con boquilla al por mayor utiliza material compuesto de tres capas PET12\/BOPA15\/MBPE115, que resiste mejor la intemperie y los desgarros. As\u00ed, la bolsa de embalaje es segura y fiable para el transporte y el almacenamiento.<\/li>\n<\/ul>\n\n\n\n<div class=\"wp-block-columns is-layout-flex wp-container-core-columns-is-layout-9d6595d7 wp-block-columns-is-layout-flex\">\n<div class=\"wp-block-column is-layout-flow wp-block-column-is-layout-flow\">\n<figure class=\"wp-block-image size-full\"><img decoding=\"async\" width=\"750\" height=\"750\" src=\"https:\/\/www.stanleypackage.com\/wp-content\/uploads\/2025\/04\/Hand-Wash-Spout-Pouch-Wholesale-Custom-Liquid-Soap-Pouch-3.webp\" alt=\"Bolsa de Jab\u00f3n L\u00edquido para Lavar Manos al por Mayor, Bolsa de Jab\u00f3n L\u00edquido a Medida-3\" class=\"wp-image-1443\" srcset=\"https:\/\/www.stanleypackage.com\/wp-content\/uploads\/2025\/04\/Hand-Wash-Spout-Pouch-Wholesale-Custom-Liquid-Soap-Pouch-3.webp 750w, https:\/\/www.stanleypackage.com\/wp-content\/uploads\/2025\/04\/Hand-Wash-Spout-Pouch-Wholesale-Custom-Liquid-Soap-Pouch-3-300x300.webp 300w, https:\/\/www.stanleypackage.com\/wp-content\/uploads\/2025\/04\/Hand-Wash-Spout-Pouch-Wholesale-Custom-Liquid-Soap-Pouch-3-150x150.webp 150w, https:\/\/www.stanleypackage.com\/wp-content\/uploads\/2025\/04\/Hand-Wash-Spout-Pouch-Wholesale-Custom-Liquid-Soap-Pouch-3-600x600.webp 600w, https:\/\/www.stanleypackage.com\/wp-content\/uploads\/2025\/04\/Hand-Wash-Spout-Pouch-Wholesale-Custom-Liquid-Soap-Pouch-3-100x100.webp 100w\" sizes=\"(max-width: 750px) 100vw, 750px\" \/><\/figure>\n<\/div>\n\n\n\n<div class=\"wp-block-column is-layout-flow wp-block-column-is-layout-flow\">\n<figure class=\"wp-block-image size-full\"><img decoding=\"async\" width=\"750\" height=\"750\" src=\"https:\/\/www.stanleypackage.com\/wp-content\/uploads\/2025\/04\/Hand-Wash-Spout-Pouch-Wholesale-Custom-Liquid-Soap-Pouch-2.webp\" alt=\"Bolsa de Jab\u00f3n L\u00edquido para Lavar Manos al por Mayor, Bolsa de Jab\u00f3n L\u00edquido a Medida-2\" class=\"wp-image-1442\" srcset=\"https:\/\/www.stanleypackage.com\/wp-content\/uploads\/2025\/04\/Hand-Wash-Spout-Pouch-Wholesale-Custom-Liquid-Soap-Pouch-2.webp 750w, https:\/\/www.stanleypackage.com\/wp-content\/uploads\/2025\/04\/Hand-Wash-Spout-Pouch-Wholesale-Custom-Liquid-Soap-Pouch-2-300x300.webp 300w, https:\/\/www.stanleypackage.com\/wp-content\/uploads\/2025\/04\/Hand-Wash-Spout-Pouch-Wholesale-Custom-Liquid-Soap-Pouch-2-150x150.webp 150w, https:\/\/www.stanleypackage.com\/wp-content\/uploads\/2025\/04\/Hand-Wash-Spout-Pouch-Wholesale-Custom-Liquid-Soap-Pouch-2-600x600.webp 600w, https:\/\/www.stanleypackage.com\/wp-content\/uploads\/2025\/04\/Hand-Wash-Spout-Pouch-Wholesale-Custom-Liquid-Soap-Pouch-2-100x100.webp 100w\" sizes=\"(max-width: 750px) 100vw, 750px\" \/><\/figure>\n<\/div>\n<\/div>\n<\/div>\n<\/div>","protected":false},"excerpt":{"rendered":"<p>Bienvenido a la bolsa lavamanos personalizada. Esta bolsa de ca\u00f1o al por mayor adopta material compuesto para hacer que la bolsa del paquete sea fuerte y duradera. Se puede aplicar a los art\u00edculos l\u00edquidos tales como jab\u00f3n de manos, detergente, gel de ducha, champ\u00fa, etc.<\/p>\n<table style=\"border-collapse: collapse; width: 365.02pt;\" border=\"0\" width=\"365\" cellspacing=\"0\" cellpadding=\"0\">\n<tbody>\n<tr style=\"height: 16.00pt;\">\n<td class=\"et2\" style=\"height: 16.00pt; width: 97.50pt;\" width=\"97\" height=\"16\">Fabricante<\/td>\n<td class=\"et2\" style=\"width: 267.50pt;\" width=\"267\">Stanley<\/td>\n<\/tr>\n<tr style=\"height: 16.00pt;\">\n<td class=\"et2\" style=\"height: 16.00pt; width: 97.50pt;\" width=\"97\" height=\"16\">Tipos de bolsas<\/td>\n<td class=\"et2\" style=\"width: 267.50pt;\" width=\"267\">Stand Up Pouch, Spot Pouch<\/td>\n<\/tr>\n<tr style=\"height: 16.00pt;\">\n<td class=\"et2\" style=\"height: 16.00pt; width: 97.50pt;\" width=\"97\" height=\"16\">Material<\/td>\n<td class=\"et2\" style=\"width: 267.50pt;\" width=\"267\">PET12\/BOPA15\/MBPE115<\/td>\n<\/tr>\n<tr style=\"height: 16.00pt;\">\n<td class=\"et2\" style=\"height: 16.00pt; width: 97.50pt;\" width=\"97\" height=\"16\">Reportaje especial<\/td>\n<td class=\"et2\" style=\"width: 267.50pt;\" width=\"267\">Boquilla, llenado superior<\/td>\n<\/tr>\n<tr style=\"height: 16.00pt;\">\n<td class=\"et2\" style=\"height: 16.00pt; width: 97.50pt;\" width=\"97\" height=\"16\">Manipulaci\u00f3n de superficies<\/td>\n<td class=\"et2\" style=\"width: 267.50pt;\" width=\"267\">Impresi\u00f3n en huecograbado<\/td>\n<\/tr>\n<tr style=\"height: 16.00pt;\">\n<td class=\"et2\" style=\"height: 16.00pt; width: 97.50pt;\" width=\"97\" height=\"16\">Color<\/td>\n<td class=\"et2\" style=\"width: 267.50pt;\" width=\"267\">Impresi\u00f3n a doble cara, hasta 10 colores<\/td>\n<\/tr>\n<tr style=\"height: 16.00pt;\">\n<td class=\"et2\" style=\"height: 16.00pt; width: 97.50pt;\" width=\"97\" height=\"16\">Utilizaci\u00f3n<\/td>\n<td class=\"et2\" style=\"width: 267.50pt;\" width=\"267\">Bolsa de Recambio de Champ\u00fa, Jab\u00f3n Corporal y Jab\u00f3n de Manos<\/td>\n<\/tr>\n<tr style=\"height: 16.00pt;\">\n<td class=\"et2\" style=\"height: 16.00pt; width: 97.50pt;\" width=\"97\" height=\"16\">MOQ<\/td>\n<td class=\"et2\" style=\"width: 267.50pt;\" width=\"267\">50.000 unidades<\/td>\n<\/tr>\n<tr style=\"height: 16.00pt;\">\n<td class=\"et2\" style=\"height: 16.00pt; width: 97.50pt;\" width=\"97\" height=\"16\">Pedido a medida<\/td>\n<td class=\"et2\" style=\"width: 267.50pt;\" width=\"267\">Aceptamos OEM y ODM, Muestras gratuitas<\/td>\n<\/tr>\n<\/tbody>\n<\/table>","protected":false},"featured_media":1444,"comment_status":"closed","ping_status":"closed","template":"","meta":{"_acf_changed":false},"product_brand":[],"product_cat":[32,30],"product_tag":[],"class_list":{"0":"post-1440","1":"product","2":"type-product","3":"status-publish","4":"has-post-thumbnail","6":"product_cat-spout-pouch-manufacturer","7":"product_cat-stand-up-pouch-manufacturer","8":"pa_non-food-packaging-soap-detergent-pouches","10":"first","11":"instock","12":"shipping-taxable","13":"product-type-simple"},"acf":[],"_links":{"self":[{"href":"https:\/\/www.stanleypackage.com\/es\/wp-json\/wp\/v2\/product\/1440","targetHints":{"allow":["GET"]}}],"collection":[{"href":"https:\/\/www.stanleypackage.com\/es\/wp-json\/wp\/v2\/product"}],"about":[{"href":"https:\/\/www.stanleypackage.com\/es\/wp-json\/wp\/v2\/types\/product"}],"replies":[{"embeddable":true,"href":"https:\/\/www.stanleypackage.com\/es\/wp-json\/wp\/v2\/comments?post=1440"}],"wp:featuredmedia":[{"embeddable":true,"href":"https:\/\/www.stanleypackage.com\/es\/wp-json\/wp\/v2\/media\/1444"}],"wp:attachment":[{"href":"https:\/\/www.stanleypackage.com\/es\/wp-json\/wp\/v2\/media?parent=1440"}],"wp:term":[{"taxonomy":"product_brand","embeddable":true,"href":"https:\/\/www.stanleypackage.com\/es\/wp-json\/wp\/v2\/product_brand?post=1440"},{"taxonomy":"product_cat","embeddable":true,"href":"https:\/\/www.stanleypackage.com\/es\/wp-json\/wp\/v2\/product_cat?post=1440"},{"taxonomy":"product_tag","embeddable":true,"href":"https:\/\/www.stanleypackage.com\/es\/wp-json\/wp\/v2\/product_tag?post=1440"}],"curies":[{"name":"wp","href":"https:\/\/api.w.org\/{rel}","templated":true}]}}