{"id":1447,"date":"2025-04-09T10:07:01","date_gmt":"2025-04-09T10:07:01","guid":{"rendered":"https:\/\/www.stanleypackage.com\/?post_type=product&#038;p=1447"},"modified":"2025-04-10T01:54:09","modified_gmt":"2025-04-10T01:54:09","slug":"custom-lay-flat-pouches","status":"publish","type":"product","link":"https:\/\/www.stanleypackage.com\/es\/product\/custom-lay-flat-pouches\/","title":{"rendered":"Fundas planas personalizadas, Funda para cordaje de b\u00e1dminton con cierre en 3 lados"},"content":{"rendered":"<div class=\"wp-block-columns is-layout-flex wp-container-core-columns-is-layout-9d6595d7 wp-block-columns-is-layout-flex\">\n<div class=\"wp-block-column is-layout-flow wp-block-column-is-layout-flow\">\n<h2 class=\"wp-block-heading\">Caracter\u00edsticas de las fundas planas personalizadas<\/h2>\n\n\n\n<ul class=\"wp-block-list\">\n<li><strong>Dise\u00f1o de sellado de tres lados, sellado fuerte: <\/strong>La estructura de sellado por tres lados de nuestras bolsas planas personalizadas hace que el envase quede bien ajustado, proporciona un sellado estable y protege eficazmente el contenido.<\/li>\n\n\n\n<li><strong>C\u00f3modo dise\u00f1o rasgable: <\/strong>Esta bolsa al por mayor con precinto en 3 lados tiene una muesca para rasgarla f\u00e1cilmente, lo que facilita su apertura a los consumidores.<\/li>\n\n\n\n<li><strong>Dise\u00f1o de orificio para colgar en supermercado: <\/strong>El exclusivo dise\u00f1o con orificios para colgar de nuestras bolsas planas personalizadas es id\u00f3neo para la exposici\u00f3n en supermercados y otros puntos de venta al por menor, lo que resulta c\u00f3modo para la exposici\u00f3n y la venta.<\/li>\n\n\n\n<li><strong>Dise\u00f1o de llenado inferior: <\/strong>El m\u00e9todo de llenado inferior de esta bolsa de sellado lateral al por mayor es adecuado para la producci\u00f3n en masa y mejora la eficiencia del envasado.<\/li>\n\n\n\n<li><strong>Impresi\u00f3n personalizada a doble cara:<\/strong> Nuestras bolsas planas personalizadas admiten la impresi\u00f3n a doble cara, lo que permite mostrar informaci\u00f3n sobre la marca y el producto en el anverso y el reverso para mejorar el efecto publicitario del envase.<\/li>\n\n\n\n<li><strong>Materiales compuestos de alta calidad: <\/strong>Estas bolsas selladas por 3 lados al por mayor adoptan materiales compuestos de alto rendimiento MOPP25\/1\/2VMPET12\/PE75, que tienen una buena resistencia a la humedad y a la oxidaci\u00f3n para garantizar la calidad y seguridad de los productos.<\/li>\n<\/ul>\n\n\n\n<div class=\"wp-block-columns is-layout-flex wp-container-core-columns-is-layout-9d6595d7 wp-block-columns-is-layout-flex\">\n<div class=\"wp-block-column is-layout-flow wp-block-column-is-layout-flow\">\n<figure class=\"wp-block-image size-full\"><img decoding=\"async\" width=\"750\" height=\"750\" src=\"https:\/\/www.stanleypackage.com\/wp-content\/uploads\/2025\/04\/Custom-Lay-flat-Pouches-Badminton-String-3-Side-Seal-Pouch-3.webp\" alt=\"Fundas planas personalizadas, Funda para 3 cuerdas de b\u00e1dminton con cierre lateral-3\" class=\"wp-image-1450\" srcset=\"https:\/\/www.stanleypackage.com\/wp-content\/uploads\/2025\/04\/Custom-Lay-flat-Pouches-Badminton-String-3-Side-Seal-Pouch-3.webp 750w, https:\/\/www.stanleypackage.com\/wp-content\/uploads\/2025\/04\/Custom-Lay-flat-Pouches-Badminton-String-3-Side-Seal-Pouch-3-300x300.webp 300w, https:\/\/www.stanleypackage.com\/wp-content\/uploads\/2025\/04\/Custom-Lay-flat-Pouches-Badminton-String-3-Side-Seal-Pouch-3-150x150.webp 150w, https:\/\/www.stanleypackage.com\/wp-content\/uploads\/2025\/04\/Custom-Lay-flat-Pouches-Badminton-String-3-Side-Seal-Pouch-3-600x600.webp 600w, https:\/\/www.stanleypackage.com\/wp-content\/uploads\/2025\/04\/Custom-Lay-flat-Pouches-Badminton-String-3-Side-Seal-Pouch-3-100x100.webp 100w\" sizes=\"(max-width: 750px) 100vw, 750px\" \/><\/figure>\n<\/div>\n\n\n\n<div class=\"wp-block-column is-layout-flow wp-block-column-is-layout-flow\">\n<figure class=\"wp-block-image size-full\"><img decoding=\"async\" width=\"750\" height=\"750\" src=\"https:\/\/www.stanleypackage.com\/wp-content\/uploads\/2025\/04\/Custom-Lay-flat-Pouches-Badminton-String-3-Side-Seal-Pouch-1.webp\" alt=\"Fundas planas personalizadas, Funda para cordaje de b\u00e1dminton con cierre lateral en 3 lados-1\" class=\"wp-image-1448\" srcset=\"https:\/\/www.stanleypackage.com\/wp-content\/uploads\/2025\/04\/Custom-Lay-flat-Pouches-Badminton-String-3-Side-Seal-Pouch-1.webp 750w, https:\/\/www.stanleypackage.com\/wp-content\/uploads\/2025\/04\/Custom-Lay-flat-Pouches-Badminton-String-3-Side-Seal-Pouch-1-300x300.webp 300w, https:\/\/www.stanleypackage.com\/wp-content\/uploads\/2025\/04\/Custom-Lay-flat-Pouches-Badminton-String-3-Side-Seal-Pouch-1-150x150.webp 150w, https:\/\/www.stanleypackage.com\/wp-content\/uploads\/2025\/04\/Custom-Lay-flat-Pouches-Badminton-String-3-Side-Seal-Pouch-1-600x600.webp 600w, https:\/\/www.stanleypackage.com\/wp-content\/uploads\/2025\/04\/Custom-Lay-flat-Pouches-Badminton-String-3-Side-Seal-Pouch-1-100x100.webp 100w\" sizes=\"(max-width: 750px) 100vw, 750px\" \/><\/figure>\n<\/div>\n<\/div>\n<\/div>\n<\/div>","protected":false},"excerpt":{"rendered":"<p>Bienvenido a las bolsas planas personalizadas. Esta bolsa de sellado trilateral al por mayor est\u00e1 especialmente dise\u00f1ada para productos de equipamiento deportivo, como cordajes de raquetas de b\u00e1dminton. Adopta funciones de sellado en tres lados, llenado inferior y orificio para colgar en el supermercado, lo que resulta pr\u00e1ctico para la exposici\u00f3n y la venta.<\/p>\n<table style=\"border-collapse: collapse; width: 365.02pt;\" border=\"0\" width=\"365\" cellspacing=\"0\" cellpadding=\"0\">\n<tbody>\n<tr style=\"height: 16.00pt;\">\n<td class=\"et2\" style=\"height: 16.00pt; width: 97.50pt;\" width=\"97\" height=\"16\">Fabricante<\/td>\n<td class=\"et2\" style=\"width: 267.50pt;\" width=\"267\">Stanley<\/td>\n<\/tr>\n<tr style=\"height: 16.00pt;\">\n<td class=\"et2\" style=\"height: 16.00pt; width: 97.50pt;\" width=\"97\" height=\"16\">Tipos de bolsas<\/td>\n<td class=\"et2\" style=\"width: 267.50pt;\" width=\"267\">Bolsa plana, bolsa con tres soldaduras laterales<\/td>\n<\/tr>\n<tr style=\"height: 16.00pt;\">\n<td class=\"et2\" style=\"height: 16.00pt; width: 97.50pt;\" width=\"97\" height=\"16\">Material<\/td>\n<td class=\"et2\" style=\"width: 267.50pt;\" width=\"267\">MOPP25\/1\/2VMPET12\/PE75<\/td>\n<\/tr>\n<tr style=\"height: 16.00pt;\">\n<td class=\"et2\" style=\"height: 16.00pt; width: 97.50pt;\" width=\"97\" height=\"16\">Reportaje especial<\/td>\n<td class=\"et2\" style=\"width: 267.50pt;\" width=\"267\">Muesca para rasgar, agujero para colgar, relleno inferior<\/td>\n<\/tr>\n<tr style=\"height: 16.00pt;\">\n<td class=\"et2\" style=\"height: 16.00pt; width: 97.50pt;\" width=\"97\" height=\"16\">Manipulaci\u00f3n de superficies<\/td>\n<td class=\"et2\" style=\"width: 267.50pt;\" width=\"267\">Impresi\u00f3n en huecograbado<\/td>\n<\/tr>\n<tr style=\"height: 16.00pt;\">\n<td class=\"et2\" style=\"height: 16.00pt; width: 97.50pt;\" width=\"97\" height=\"16\">Color<\/td>\n<td class=\"et2\" style=\"width: 267.50pt;\" width=\"267\">Impresi\u00f3n a doble cara, hasta 10 colores<\/td>\n<\/tr>\n<tr style=\"height: 16.00pt;\">\n<td class=\"et2\" style=\"height: 16.00pt; width: 97.50pt;\" width=\"97\" height=\"16\">Utilizaci\u00f3n<\/td>\n<td class=\"et2\" style=\"width: 267.50pt;\" width=\"267\">Accesorios para herramientas<\/td>\n<\/tr>\n<tr style=\"height: 16.00pt;\">\n<td class=\"et2\" style=\"height: 16.00pt; width: 97.50pt;\" width=\"97\" height=\"16\">MOQ<\/td>\n<td class=\"et2\" style=\"width: 267.50pt;\" width=\"267\">50.000 unidades<\/td>\n<\/tr>\n<tr style=\"height: 16.00pt;\">\n<td class=\"et2\" style=\"height: 16.00pt; width: 97.50pt;\" width=\"97\" height=\"16\">Pedido a medida<\/td>\n<td class=\"et2\" style=\"width: 267.50pt;\" width=\"267\">Aceptamos OEM y ODM, Muestras gratuitas<\/td>\n<\/tr>\n<\/tbody>\n<\/table>","protected":false},"featured_media":1449,"comment_status":"closed","ping_status":"closed","template":"","meta":{"_acf_changed":false},"product_brand":[],"product_cat":[31,28],"product_tag":[],"class_list":{"0":"post-1447","1":"product","2":"type-product","3":"status-publish","4":"has-post-thumbnail","6":"product_cat-lay-flat-pouch-manufacturer","7":"product_cat-three-side-seal-pouch-manufacturer","8":"pa_non-food-packaging-tool-accessories-pouch","10":"first","11":"instock","12":"shipping-taxable","13":"product-type-simple"},"acf":[],"_links":{"self":[{"href":"https:\/\/www.stanleypackage.com\/es\/wp-json\/wp\/v2\/product\/1447","targetHints":{"allow":["GET"]}}],"collection":[{"href":"https:\/\/www.stanleypackage.com\/es\/wp-json\/wp\/v2\/product"}],"about":[{"href":"https:\/\/www.stanleypackage.com\/es\/wp-json\/wp\/v2\/types\/product"}],"replies":[{"embeddable":true,"href":"https:\/\/www.stanleypackage.com\/es\/wp-json\/wp\/v2\/comments?post=1447"}],"wp:featuredmedia":[{"embeddable":true,"href":"https:\/\/www.stanleypackage.com\/es\/wp-json\/wp\/v2\/media\/1449"}],"wp:attachment":[{"href":"https:\/\/www.stanleypackage.com\/es\/wp-json\/wp\/v2\/media?parent=1447"}],"wp:term":[{"taxonomy":"product_brand","embeddable":true,"href":"https:\/\/www.stanleypackage.com\/es\/wp-json\/wp\/v2\/product_brand?post=1447"},{"taxonomy":"product_cat","embeddable":true,"href":"https:\/\/www.stanleypackage.com\/es\/wp-json\/wp\/v2\/product_cat?post=1447"},{"taxonomy":"product_tag","embeddable":true,"href":"https:\/\/www.stanleypackage.com\/es\/wp-json\/wp\/v2\/product_tag?post=1447"}],"curies":[{"name":"wp","href":"https:\/\/api.w.org\/{rel}","templated":true}]}}